{"id":8405,"date":"2020-11-22T14:57:18","date_gmt":"2020-11-22T14:57:18","guid":{"rendered":"https:\/\/t-golf.club\/?page_id=8405"},"modified":"2021-07-23T15:22:52","modified_gmt":"2021-07-23T15:22:52","slug":"dia-4-challenge-tour-grand-final","status":"publish","type":"page","link":"https:\/\/t-golf.club\/es\/dia-4-challenge-tour-grand-final\/","title":{"rendered":"D\u00eda 4 &#8211; Challenge Tour Grand Final"},"content":{"rendered":"","protected":false},"excerpt":{"rendered":"","protected":false},"author":1,"featured_media":4433,"parent":0,"menu_order":58,"comment_status":"closed","ping_status":"closed","template":"views\/flexible.blade.php","meta":{"_acf_changed":false,"footnotes":""},"class_list":["post-8405","page","type-page","status-publish","has-post-thumbnail","hentry"],"acf":{"size":"small","subtitle":"","link_back":{"title":"Challenge Tour 2020","url":"https:\/\/t-golf.club\/es\/challenge-tour-2020\/","target":""},"hero":{"size":"small","subtitle":"","link_back":{"title":"Challenge Tour 2020","url":"https:\/\/t-golf.club\/es\/challenge-tour-2020\/","target":""}},"content":[{"acf_fc_layout":"content","title":"CUARTO D\u00cdA: FINAL ROUND OF THE CHALLENGE TOUR GRAND FINAL 2020","text_large":"<p>Lieser gana la Gran Final y el doblete de la clasificaci\u00f3n<\/p>\n","text":"<p>Ondrej Lieser hizo historia al convertirse en el primer jugador checo en ganar la clasificaci\u00f3n del Road to Mallorca, ya que asegur\u00f3 su segundo t\u00edtulo en otras tantas salidas en la Gran Final del Challenge Tour.<\/p>\n<p>El jugador de 29 a\u00f1os jug\u00f3 una \u00faltima partida con tres bajo para acabar con 68 golpes y sumar as\u00ed el 11 bajo par que le hizo conseguir una emotiva victoria en T Golf &amp; Country Club. Su victoria le permiti\u00f3 escalar cinco puestos hasta la cima de la clasificaci\u00f3n del Road to Mallorca y convertirse en el primer n\u00famero uno del Challenge Tour que proviene de la Rep\u00fablica Checa.<\/p>\n<p>Consigui\u00f3 una estrecha victoria de un golpe en Mallorca, con el sueco Christofer Blomstrand, el alem\u00e1n Alexander Knappe y el espa\u00f1ol Santiago Tarrio terminando en un empate para el segundo lugar con diez bajo par en una jornada apretada en la que varios jugadores mantuvieron el liderazgo en varios puntos del d\u00eda.<\/p>\n<p>La victoria de Lieser es su segunda en otras tantas ediciones del Challenge Tour despu\u00e9s de ganar el Andaluc\u00eda Challenge de Espa\u00f1a la \u00faltima vez y despu\u00e9s de pasar una semana en casa para reflexionar antes de viajar a Mallorca, dedic\u00f3 esta victoria que ha cambiado su vida a su esposa, Michaela.<\/p>\n<p>\u00abEs muy emotivo para m\u00ed\u00bb, dijo. \u00abLos dos putts que emboqu\u00e9 en los hoyos 17 y el 18 fueron incre\u00edbles. En esas circunstancias, con esa cantidad de presi\u00f3n, ni siquiera s\u00e9 c\u00f3mo lo hice\u201d.<\/p>\n<p>\u00abYa habl\u00e9 con mi esposa, estaba llorando en ese momento. Hace cuatro a\u00f1os, cuando la conoc\u00ed, mi vida dio un giro. Estuve a punto de dejar de jugar, no iba a jugar m\u00e1s. Con ella y con las ni\u00f1as en casa, todo dio un giro. Ni siquiera es mi victoria, es mayormente su victoria. Ella me da la fuerza, especialmente mentalmente, para mantenerme firme\u201d.<\/p>\n<p>\u00abCuando decid\u00ed no jugar el segundo evento en C\u00e1diz, recib\u00ed mensajes preguntando por qu\u00e9 no jugaba. S\u00f3lo dije que necesitaba relajar un poco la cabeza porque la Gran Final era lo m\u00e1s importante para mi. Volv\u00ed a casa, pas\u00e9 un tiempo con la familia, vol\u00e9 hasta aqu\u00ed y mira d\u00f3nde estoy ahora\u00bb.<\/p>\n<p>El l\u00edder de la noche anterior, Knappe, tuvo la oportunidad de forzar un play-off en el \u00faltimo hoyo pero vio c\u00f3mo su putt para birdie se deslizaba justo al pasar el hoyo y tuvo que conformarse con una parte del segundo lugar, mientras que el gal\u00e9s David Boote, el dan\u00e9s Niklas Norgaard M\u00f8ller y el sueco Robin Petersson terminaron con un golpe m\u00e1s, ocupando el quinto lugar y empatando con nueve bajo par.<\/p>\n<p>El noruego Kristian Krogh Johannessen termin\u00f3 octavo en la Gran Final del Challenge Tour, con un total de ocho bajo par, mientras que el italiano Enrico Di Nitto termin\u00f3 noveno con siete bajo par. El ingl\u00e9s Harry Ellis y el sueco Oscar Lengden compartieron el d\u00e9cimo lugar con seis bajo par.<\/p>\n<p>El alem\u00e1n Marcel Schneider termin\u00f3 la temporada 2020 en segundo lugar en el ranking del Road to Mallorca, mientras que el ganador de la Andaluc\u00eda Challenge de C\u00e1diz, Pep Angles, termin\u00f3 tercero. El d\u00fao ingl\u00e9s Richard Mansell y Matt Ford quedaron cuarto y quinto, respectivamente, y los cinco jugadores recibir\u00e1n oportunidades de juego en eventos del Tour Europeo en 2021.<\/p>\n","link":"","cards":false,"image":4477,"sidebar":false,"background_color":"white"}]},"yoast_head":"<title>D\u00eda 4 - Challenge Tour Grand Final - T Golf<\/title>\n<meta name=\"robots\" content=\"index, follow, max-snippet:-1, max-image-preview:large, max-video-preview:-1\" \/>\n<link rel=\"canonical\" href=\"https:\/\/t-golf.club\/es\/dia-4-challenge-tour-grand-final\/\" \/>\n<meta property=\"og:locale\" content=\"es_ES\" \/>\n<meta property=\"og:type\" content=\"article\" \/>\n<meta property=\"og:title\" content=\"D\u00eda 4 - Challenge Tour Grand Final - T Golf\" \/>\n<meta property=\"og:url\" content=\"https:\/\/t-golf.club\/es\/dia-4-challenge-tour-grand-final\/\" \/>\n<meta property=\"og:site_name\" content=\"T Golf\" \/>\n<meta property=\"article:modified_time\" content=\"2021-07-23T15:22:52+00:00\" \/>\n<meta property=\"og:image\" content=\"https:\/\/t-golf.club\/wp-content\/uploads\/2020\/05\/1229690222.jpg\" \/>\n\t<meta property=\"og:image:width\" content=\"1200\" \/>\n\t<meta property=\"og:image:height\" content=\"800\" \/>\n\t<meta property=\"og:image:type\" content=\"image\/jpeg\" \/>\n<meta name=\"twitter:card\" content=\"summary_large_image\" \/>\n<script type=\"application\/ld+json\" class=\"yoast-schema-graph\">{\"@context\":\"https:\/\/schema.org\",\"@graph\":[{\"@type\":\"WebPage\",\"@id\":\"https:\/\/t-golf.club\/es\/dia-4-challenge-tour-grand-final\/\",\"url\":\"https:\/\/t-golf.club\/es\/dia-4-challenge-tour-grand-final\/\",\"name\":\"D\u00eda 4 - Challenge Tour Grand Final - T Golf\",\"isPartOf\":{\"@id\":\"https:\/\/t-golf.club\/es\/#website\"},\"primaryImageOfPage\":{\"@id\":\"https:\/\/t-golf.club\/es\/dia-4-challenge-tour-grand-final\/#primaryimage\"},\"image\":{\"@id\":\"https:\/\/t-golf.club\/es\/dia-4-challenge-tour-grand-final\/#primaryimage\"},\"thumbnailUrl\":\"https:\/\/t-golf.club\/wp-content\/uploads\/2020\/05\/1229690222.jpg\",\"datePublished\":\"2020-11-22T14:57:18+00:00\",\"dateModified\":\"2021-07-23T15:22:52+00:00\",\"breadcrumb\":{\"@id\":\"https:\/\/t-golf.club\/es\/dia-4-challenge-tour-grand-final\/#breadcrumb\"},\"inLanguage\":\"es\",\"potentialAction\":[{\"@type\":\"ReadAction\",\"target\":[\"https:\/\/t-golf.club\/es\/dia-4-challenge-tour-grand-final\/\"]}]},{\"@type\":\"ImageObject\",\"inLanguage\":\"es\",\"@id\":\"https:\/\/t-golf.club\/es\/dia-4-challenge-tour-grand-final\/#primaryimage\",\"url\":\"https:\/\/t-golf.club\/wp-content\/uploads\/2020\/05\/1229690222.jpg\",\"contentUrl\":\"https:\/\/t-golf.club\/wp-content\/uploads\/2020\/05\/1229690222.jpg\",\"width\":1200,\"height\":800},{\"@type\":\"BreadcrumbList\",\"@id\":\"https:\/\/t-golf.club\/es\/dia-4-challenge-tour-grand-final\/#breadcrumb\",\"itemListElement\":[{\"@type\":\"ListItem\",\"position\":1,\"name\":\"Home\",\"item\":\"https:\/\/t-golf.club\/es\/\"},{\"@type\":\"ListItem\",\"position\":2,\"name\":\"D\u00eda 4 &#8211; Challenge Tour Grand Final\"}]},{\"@type\":\"WebSite\",\"@id\":\"https:\/\/t-golf.club\/es\/#website\",\"url\":\"https:\/\/t-golf.club\/es\/\",\"name\":\"T Golf\",\"description\":\"\",\"inLanguage\":\"es\"}]}<\/script>","yoast_head_json":{"title":"D\u00eda 4 - Challenge Tour Grand Final - T Golf","robots":{"index":"index","follow":"follow","max-snippet":"max-snippet:-1","max-image-preview":"max-image-preview:large","max-video-preview":"max-video-preview:-1"},"canonical":"https:\/\/t-golf.club\/es\/dia-4-challenge-tour-grand-final\/","og_locale":"es_ES","og_type":"article","og_title":"D\u00eda 4 - Challenge Tour Grand Final - T Golf","og_url":"https:\/\/t-golf.club\/es\/dia-4-challenge-tour-grand-final\/","og_site_name":"T Golf","article_modified_time":"2021-07-23T15:22:52+00:00","og_image":[{"width":1200,"height":800,"url":"https:\/\/t-golf.club\/wp-content\/uploads\/2020\/05\/1229690222.jpg","type":"image\/jpeg"}],"twitter_card":"summary_large_image","schema":{"@context":"https:\/\/schema.org","@graph":[{"@type":"WebPage","@id":"https:\/\/t-golf.club\/es\/dia-4-challenge-tour-grand-final\/","url":"https:\/\/t-golf.club\/es\/dia-4-challenge-tour-grand-final\/","name":"D\u00eda 4 - Challenge Tour Grand Final - T Golf","isPartOf":{"@id":"https:\/\/t-golf.club\/es\/#website"},"primaryImageOfPage":{"@id":"https:\/\/t-golf.club\/es\/dia-4-challenge-tour-grand-final\/#primaryimage"},"image":{"@id":"https:\/\/t-golf.club\/es\/dia-4-challenge-tour-grand-final\/#primaryimage"},"thumbnailUrl":"https:\/\/t-golf.club\/wp-content\/uploads\/2020\/05\/1229690222.jpg","datePublished":"2020-11-22T14:57:18+00:00","dateModified":"2021-07-23T15:22:52+00:00","breadcrumb":{"@id":"https:\/\/t-golf.club\/es\/dia-4-challenge-tour-grand-final\/#breadcrumb"},"inLanguage":"es","potentialAction":[{"@type":"ReadAction","target":["https:\/\/t-golf.club\/es\/dia-4-challenge-tour-grand-final\/"]}]},{"@type":"ImageObject","inLanguage":"es","@id":"https:\/\/t-golf.club\/es\/dia-4-challenge-tour-grand-final\/#primaryimage","url":"https:\/\/t-golf.club\/wp-content\/uploads\/2020\/05\/1229690222.jpg","contentUrl":"https:\/\/t-golf.club\/wp-content\/uploads\/2020\/05\/1229690222.jpg","width":1200,"height":800},{"@type":"BreadcrumbList","@id":"https:\/\/t-golf.club\/es\/dia-4-challenge-tour-grand-final\/#breadcrumb","itemListElement":[{"@type":"ListItem","position":1,"name":"Home","item":"https:\/\/t-golf.club\/es\/"},{"@type":"ListItem","position":2,"name":"D\u00eda 4 &#8211; Challenge Tour Grand Final"}]},{"@type":"WebSite","@id":"https:\/\/t-golf.club\/es\/#website","url":"https:\/\/t-golf.club\/es\/","name":"T Golf","description":"","inLanguage":"es"}]}},"_links":{"self":[{"href":"https:\/\/t-golf.club\/es\/wp-json\/wp\/v2\/pages\/8405","targetHints":{"allow":["GET"]}}],"collection":[{"href":"https:\/\/t-golf.club\/es\/wp-json\/wp\/v2\/pages"}],"about":[{"href":"https:\/\/t-golf.club\/es\/wp-json\/wp\/v2\/types\/page"}],"author":[{"embeddable":true,"href":"https:\/\/t-golf.club\/es\/wp-json\/wp\/v2\/users\/1"}],"replies":[{"embeddable":true,"href":"https:\/\/t-golf.club\/es\/wp-json\/wp\/v2\/comments?post=8405"}],"version-history":[{"count":2,"href":"https:\/\/t-golf.club\/es\/wp-json\/wp\/v2\/pages\/8405\/revisions"}],"predecessor-version":[{"id":8407,"href":"https:\/\/t-golf.club\/es\/wp-json\/wp\/v2\/pages\/8405\/revisions\/8407"}],"wp:featuredmedia":[{"embeddable":true,"href":"https:\/\/t-golf.club\/es\/wp-json\/wp\/v2\/media\/4433"}],"wp:attachment":[{"href":"https:\/\/t-golf.club\/es\/wp-json\/wp\/v2\/media?parent=8405"}],"curies":[{"name":"wp","href":"https:\/\/api.w.org\/{rel}","templated":true}]}}