{"id":8402,"date":"2020-11-21T14:53:03","date_gmt":"2020-11-21T14:53:03","guid":{"rendered":"https:\/\/t-golf.club\/?page_id=8402"},"modified":"2021-07-30T15:17:42","modified_gmt":"2021-07-30T15:17:42","slug":"dia-3-challenge-tour-grand-final","status":"publish","type":"page","link":"https:\/\/t-golf.club\/es\/dia-3-challenge-tour-grand-final\/","title":{"rendered":"D\u00eda 3 &#8211; Challenge Tour Grand Final"},"content":{"rendered":"","protected":false},"excerpt":{"rendered":"","protected":false},"author":1,"featured_media":4424,"parent":0,"menu_order":61,"comment_status":"closed","ping_status":"closed","template":"views\/flexible.blade.php","meta":{"_acf_changed":false,"footnotes":""},"class_list":["post-8402","page","type-page","status-publish","has-post-thumbnail","hentry"],"acf":{"size":"small","subtitle":"","link_back":{"title":"Challenge Tour 2020","url":"https:\/\/t-golf.club\/es\/challenge-tour-2020\/","target":""},"hero":{"size":"small","subtitle":"","link_back":{"title":"Challenge Tour 2020","url":"https:\/\/t-golf.club\/es\/challenge-tour-2020\/","target":""}},"content":[{"acf_fc_layout":"content","title":"TERCER D\u00cdA DEL CHALLENGE TOUR 2020","text_large":"<p>Knappe mantiene el liderato en un d\u00eda dif\u00edcil en Mallorca<\/p>\n","text":"<p>Alexander Knappe luch\u00f3 por una vuelta de uno sobre par con 72 golpes en el tercer d\u00eda de la Gran Final del Challenge Tour y llevar\u00e1 una ventaja de un golpe a la \u00faltima vuelta en T Golf &amp; Country Club.<\/p>\n<p>Las condiciones de viento hicieron que la puntuaci\u00f3n fuera superior a la de los dos primeros d\u00edas, pero Knappe se mantuvo firme en su tarea y llegar\u00e1 a la \u00faltima vuelta con diez bajo par, con un golpe de ventaja sobre el dan\u00e9s Niklas Norgaard M\u00f8ller, que es segundo con nueve bajo par, mientras que el checo Ondrej Lieser comparte la tercera posici\u00f3n con los suecos Robin Petersson y Christofer Blomstrand con ocho bajo par.<\/p>\n<p>El jugador de 31 a\u00f1os podr\u00eda ganar la clasificaci\u00f3n Road to Mallorca si consigue la victoria ma\u00f1ana y se ha colocado en la primera posici\u00f3n para hacerlo, a pesar de no embocar tantos putts como le hubiera gustado.<\/p>\n<p>\u00abMe hubiera gustado tirar al menos al par, pero el viento se ha levantado y ha sido mucho m\u00e1s duro que ayer, as\u00ed que estoy bastante contento. Hoy no me ha ido muy bien; los putts no han entrado y ayer muchos, as\u00ed que se iguala. Las banderas estaban complicadas, siempre hab\u00eda que tirar contra el viento y eso lo hac\u00eda complicado. El viento lleg\u00f3 a ser de tres palos al final y no era f\u00e1cil jugar. S\u00f3lo tengo que seguir mi estrategia. Puedo jugar una buena vuelta ma\u00f1ana y s\u00f3lo busco que vaya un poco mejor que hoy, entonces estar\u00e9 en buena forma\u00bb.<\/p>\n<p>El dan\u00e9s M\u00f8ller realiz\u00f3 su tercera vuelta de la semana con menos de los 70 golpes para asegurarse el segundo puesto en solitario al llegar a la \u00faltima jornada, y est\u00e1 bien situado para buscar su primer t\u00edtulo del Challenge Tour.<\/p>\n<p>\u00abHoy ha sido un d\u00eda dif\u00edcil\u00bb, dijo M\u00f8ller. \u00abEl viento se ha levantado despu\u00e9s del quinto hoyo, as\u00ed que a partir de ah\u00ed ha sido bastante duro. Pas\u00f3 de ser un juego de birdie a un juego de par. Tuve que salvar algunos pares cruciales, tuve que hacer un tiro de cinco pies en el \u00faltimo para el par, as\u00ed que en general estoy bastante contento con mi d\u00eda\u00bb.<\/p>\n<p>\u00abHe jugado bien los \u00faltimos tres d\u00edas, as\u00ed que voy a intentar hacer lo mismo. No voy a entrar en el modo de ataque demasiado, sino que voy a tratar de jugar mi juego y tratar de hacer algunos putts y algunos birdies. No puedes protegerte de una muy buena vuelta ma\u00f1ana de alguien, as\u00ed que s\u00f3lo voy a intentar jugar lo mejor que pueda\u00bb.<\/p>\n<p>El noruego Kristian Krogh Johannessen ocupa la sexta posici\u00f3n con siete bajo par, mientras que el gal\u00e9s David Boote, el ingl\u00e9s Harry Ellis, los espa\u00f1oles Scott Fern\u00e1ndez y Santiago Tarrio y el sueco Bj\u00f6rn Hellgren comparten la s\u00e9ptima plaza con seis bajo par, a cuatro golpes del l\u00edder.<\/p>\n<p>La vuelta m\u00e1s baja del d\u00eda fue compartida por Petersson, su compatriota Anton Karlsson y Lieser, este \u00faltimo el \u00fanico jugador sin bogeys en el campo en el tercer d\u00eda, ya que el tr\u00edo registr\u00f3 vueltas de cinco bajo par de 66.<\/p>\n<p>La \u00faltima jornada en T Golf &amp; Country Club ser\u00e1 muy emocionante, con todo por decidir, y la acci\u00f3n comenzar\u00e1 a las 8:30 hora local. El l\u00edder Knappe, M\u00f8ller y Petersson formar\u00e1n el \u00faltimo grupo y comenzar\u00e1n a buscar el t\u00edtulo a las 11:05 horas.<\/p>\n","link":"","cards":false,"image":false,"sidebar":false,"background_color":"white"},{"acf_fc_layout":"video_gallery","title":"","video":[{"cover":7418,"video":"<iframe title=\"Robin Petersson - round three interview\" width=\"640\" height=\"360\" src=\"https:\/\/www.youtube.com\/embed\/WiFz9XLJr7Y?feature=oembed\" frameborder=\"0\" allow=\"accelerometer; autoplay; clipboard-write; encrypted-media; gyroscope; picture-in-picture; web-share\" referrerpolicy=\"strict-origin-when-cross-origin\" allowfullscreen><\/iframe>"},{"cover":7421,"video":"<iframe title=\"Niklas Norgaard Moller - round three interview\" width=\"640\" height=\"360\" src=\"https:\/\/www.youtube.com\/embed\/cMwG1uyA2ow?feature=oembed\" frameborder=\"0\" allow=\"accelerometer; autoplay; clipboard-write; encrypted-media; gyroscope; picture-in-picture; web-share\" referrerpolicy=\"strict-origin-when-cross-origin\" allowfullscreen><\/iframe>"},{"cover":7424,"video":"<iframe title=\"Ondrej Lieser - round three interview\" width=\"640\" height=\"360\" src=\"https:\/\/www.youtube.com\/embed\/fJDSDJ6x7lg?feature=oembed\" frameborder=\"0\" allow=\"accelerometer; autoplay; clipboard-write; encrypted-media; gyroscope; picture-in-picture; web-share\" referrerpolicy=\"strict-origin-when-cross-origin\" allowfullscreen><\/iframe>"},{"cover":7427,"video":"<iframe title=\"Alex Knappe - round three interview\" width=\"640\" height=\"360\" src=\"https:\/\/www.youtube.com\/embed\/MGtcsJEC7QI?feature=oembed\" frameborder=\"0\" allow=\"accelerometer; autoplay; clipboard-write; encrypted-media; gyroscope; picture-in-picture; web-share\" referrerpolicy=\"strict-origin-when-cross-origin\" allowfullscreen><\/iframe>"}],"background_color":"brown-100"}]},"yoast_head":"<title>D\u00eda 3 - Challenge Tour Grand Final - T Golf<\/title>\n<meta name=\"robots\" content=\"index, follow, max-snippet:-1, max-image-preview:large, max-video-preview:-1\" \/>\n<link rel=\"canonical\" href=\"https:\/\/t-golf.club\/es\/dia-3-challenge-tour-grand-final\/\" \/>\n<meta property=\"og:locale\" content=\"es_ES\" \/>\n<meta property=\"og:type\" content=\"article\" \/>\n<meta property=\"og:title\" content=\"D\u00eda 3 - Challenge Tour Grand Final - T Golf\" \/>\n<meta property=\"og:url\" content=\"https:\/\/t-golf.club\/es\/dia-3-challenge-tour-grand-final\/\" \/>\n<meta property=\"og:site_name\" content=\"T Golf\" \/>\n<meta property=\"article:modified_time\" content=\"2021-07-30T15:17:42+00:00\" \/>\n<meta property=\"og:image\" content=\"https:\/\/t-golf.club\/wp-content\/uploads\/2020\/05\/1229679030.jpg\" \/>\n\t<meta property=\"og:image:width\" content=\"1200\" \/>\n\t<meta property=\"og:image:height\" content=\"794\" \/>\n\t<meta property=\"og:image:type\" content=\"image\/jpeg\" \/>\n<meta name=\"twitter:card\" content=\"summary_large_image\" \/>\n<script type=\"application\/ld+json\" class=\"yoast-schema-graph\">{\"@context\":\"https:\\\/\\\/schema.org\",\"@graph\":[{\"@type\":\"WebPage\",\"@id\":\"https:\\\/\\\/t-golf.club\\\/es\\\/dia-3-challenge-tour-grand-final\\\/\",\"url\":\"https:\\\/\\\/t-golf.club\\\/es\\\/dia-3-challenge-tour-grand-final\\\/\",\"name\":\"D\u00eda 3 - Challenge Tour Grand Final - T Golf\",\"isPartOf\":{\"@id\":\"https:\\\/\\\/t-golf.club\\\/es\\\/#website\"},\"primaryImageOfPage\":{\"@id\":\"https:\\\/\\\/t-golf.club\\\/es\\\/dia-3-challenge-tour-grand-final\\\/#primaryimage\"},\"image\":{\"@id\":\"https:\\\/\\\/t-golf.club\\\/es\\\/dia-3-challenge-tour-grand-final\\\/#primaryimage\"},\"thumbnailUrl\":\"https:\\\/\\\/t-golf.club\\\/wp-content\\\/uploads\\\/2020\\\/05\\\/1229679030.jpg\",\"datePublished\":\"2020-11-21T14:53:03+00:00\",\"dateModified\":\"2021-07-30T15:17:42+00:00\",\"breadcrumb\":{\"@id\":\"https:\\\/\\\/t-golf.club\\\/es\\\/dia-3-challenge-tour-grand-final\\\/#breadcrumb\"},\"inLanguage\":\"es\",\"potentialAction\":[{\"@type\":\"ReadAction\",\"target\":[\"https:\\\/\\\/t-golf.club\\\/es\\\/dia-3-challenge-tour-grand-final\\\/\"]}]},{\"@type\":\"ImageObject\",\"inLanguage\":\"es\",\"@id\":\"https:\\\/\\\/t-golf.club\\\/es\\\/dia-3-challenge-tour-grand-final\\\/#primaryimage\",\"url\":\"https:\\\/\\\/t-golf.club\\\/wp-content\\\/uploads\\\/2020\\\/05\\\/1229679030.jpg\",\"contentUrl\":\"https:\\\/\\\/t-golf.club\\\/wp-content\\\/uploads\\\/2020\\\/05\\\/1229679030.jpg\",\"width\":1200,\"height\":794},{\"@type\":\"BreadcrumbList\",\"@id\":\"https:\\\/\\\/t-golf.club\\\/es\\\/dia-3-challenge-tour-grand-final\\\/#breadcrumb\",\"itemListElement\":[{\"@type\":\"ListItem\",\"position\":1,\"name\":\"Home\",\"item\":\"https:\\\/\\\/t-golf.club\\\/es\\\/\"},{\"@type\":\"ListItem\",\"position\":2,\"name\":\"D\u00eda 3 &#8211; Challenge Tour Grand Final\"}]},{\"@type\":\"WebSite\",\"@id\":\"https:\\\/\\\/t-golf.club\\\/es\\\/#website\",\"url\":\"https:\\\/\\\/t-golf.club\\\/es\\\/\",\"name\":\"T Golf\",\"description\":\"\",\"inLanguage\":\"es\"}]}<\/script>","yoast_head_json":{"title":"D\u00eda 3 - Challenge Tour Grand Final - T Golf","robots":{"index":"index","follow":"follow","max-snippet":"max-snippet:-1","max-image-preview":"max-image-preview:large","max-video-preview":"max-video-preview:-1"},"canonical":"https:\/\/t-golf.club\/es\/dia-3-challenge-tour-grand-final\/","og_locale":"es_ES","og_type":"article","og_title":"D\u00eda 3 - Challenge Tour Grand Final - T Golf","og_url":"https:\/\/t-golf.club\/es\/dia-3-challenge-tour-grand-final\/","og_site_name":"T Golf","article_modified_time":"2021-07-30T15:17:42+00:00","og_image":[{"width":1200,"height":794,"url":"https:\/\/t-golf.club\/wp-content\/uploads\/2020\/05\/1229679030.jpg","type":"image\/jpeg"}],"twitter_card":"summary_large_image","schema":{"@context":"https:\/\/schema.org","@graph":[{"@type":"WebPage","@id":"https:\/\/t-golf.club\/es\/dia-3-challenge-tour-grand-final\/","url":"https:\/\/t-golf.club\/es\/dia-3-challenge-tour-grand-final\/","name":"D\u00eda 3 - Challenge Tour Grand Final - T Golf","isPartOf":{"@id":"https:\/\/t-golf.club\/es\/#website"},"primaryImageOfPage":{"@id":"https:\/\/t-golf.club\/es\/dia-3-challenge-tour-grand-final\/#primaryimage"},"image":{"@id":"https:\/\/t-golf.club\/es\/dia-3-challenge-tour-grand-final\/#primaryimage"},"thumbnailUrl":"https:\/\/t-golf.club\/wp-content\/uploads\/2020\/05\/1229679030.jpg","datePublished":"2020-11-21T14:53:03+00:00","dateModified":"2021-07-30T15:17:42+00:00","breadcrumb":{"@id":"https:\/\/t-golf.club\/es\/dia-3-challenge-tour-grand-final\/#breadcrumb"},"inLanguage":"es","potentialAction":[{"@type":"ReadAction","target":["https:\/\/t-golf.club\/es\/dia-3-challenge-tour-grand-final\/"]}]},{"@type":"ImageObject","inLanguage":"es","@id":"https:\/\/t-golf.club\/es\/dia-3-challenge-tour-grand-final\/#primaryimage","url":"https:\/\/t-golf.club\/wp-content\/uploads\/2020\/05\/1229679030.jpg","contentUrl":"https:\/\/t-golf.club\/wp-content\/uploads\/2020\/05\/1229679030.jpg","width":1200,"height":794},{"@type":"BreadcrumbList","@id":"https:\/\/t-golf.club\/es\/dia-3-challenge-tour-grand-final\/#breadcrumb","itemListElement":[{"@type":"ListItem","position":1,"name":"Home","item":"https:\/\/t-golf.club\/es\/"},{"@type":"ListItem","position":2,"name":"D\u00eda 3 &#8211; Challenge Tour Grand Final"}]},{"@type":"WebSite","@id":"https:\/\/t-golf.club\/es\/#website","url":"https:\/\/t-golf.club\/es\/","name":"T Golf","description":"","inLanguage":"es"}]}},"_links":{"self":[{"href":"https:\/\/t-golf.club\/es\/wp-json\/wp\/v2\/pages\/8402","targetHints":{"allow":["GET"]}}],"collection":[{"href":"https:\/\/t-golf.club\/es\/wp-json\/wp\/v2\/pages"}],"about":[{"href":"https:\/\/t-golf.club\/es\/wp-json\/wp\/v2\/types\/page"}],"author":[{"embeddable":true,"href":"https:\/\/t-golf.club\/es\/wp-json\/wp\/v2\/users\/1"}],"replies":[{"embeddable":true,"href":"https:\/\/t-golf.club\/es\/wp-json\/wp\/v2\/comments?post=8402"}],"version-history":[{"count":3,"href":"https:\/\/t-golf.club\/es\/wp-json\/wp\/v2\/pages\/8402\/revisions"}],"predecessor-version":[{"id":8575,"href":"https:\/\/t-golf.club\/es\/wp-json\/wp\/v2\/pages\/8402\/revisions\/8575"}],"wp:featuredmedia":[{"embeddable":true,"href":"https:\/\/t-golf.club\/es\/wp-json\/wp\/v2\/media\/4424"}],"wp:attachment":[{"href":"https:\/\/t-golf.club\/es\/wp-json\/wp\/v2\/media?parent=8402"}],"curies":[{"name":"wp","href":"https:\/\/api.w.org\/{rel}","templated":true}]}}