{"id":8384,"date":"2021-07-23T06:35:15","date_gmt":"2021-07-23T06:35:15","guid":{"rendered":"https:\/\/t-golf.club\/?page_id=8384"},"modified":"2022-08-24T18:51:49","modified_gmt":"2022-08-24T18:51:49","slug":"challenge-tour-2020","status":"publish","type":"page","link":"https:\/\/t-golf.club\/es\/calvia\/challenge-tour-2020\/","title":{"rendered":"Challenge Tour 2020"},"content":{"rendered":"","protected":false},"excerpt":{"rendered":"","protected":false},"author":1,"featured_media":7232,"parent":1296,"menu_order":73,"comment_status":"closed","ping_status":"closed","template":"views\/flexible.blade.php","meta":{"_acf_changed":false,"footnotes":""},"class_list":["post-8384","page","type-page","status-publish","has-post-thumbnail","hentry"],"acf":{"size":"small","subtitle":"","link_back":{"title":"Challenge Tour","url":"https:\/\/t-golf.club\/es\/calvia\/challenge-tour\/","target":""},"hero":{"size":"small","subtitle":"","link_back":{"title":"Challenge Tour","url":"https:\/\/t-golf.club\/es\/calvia\/challenge-tour\/","target":""}},"content":[{"acf_fc_layout":"content","title":"Challenge Tour 2020","text_large":"<p>T Golf & Country Club volver\u00e1 a acoger la Gran Final del Challenge Tour cuando la final del Road to Mallorca vuelva a las Islas Baleares en 2021. <\/p>\n","text":"<p>El lugar, situado a 15 km de la capital de Palma, organiz\u00f3 con \u00e9xito la Gran Final de 2020 la semana pasada, ya que Ondrej Lieser se convirti\u00f3 en el primer golfista de la Rep\u00fablica Checa en ganar el evento y ser coronado como el n\u00famero uno de Road to Mallorca.<\/p>\n<p>La Gran Final del Challenge Tour 2021, que se juega con las monta\u00f1as de Tramuntana como tel\u00f3n de fondo, ser\u00e1 la \u00faltima parada de la temporada del Programa Internacional Road to Mallorca, en el que los 45 mejores jugadores competir\u00e1n por un puesto en el Tour Europeo para la temporada 2022<\/p>\n","link":"","cards":false,"image":false,"sidebar":[{"acf_fc_layout":"podium","podium":[{"image":4477,"name":"Ondrej Lieser","position":"Ganador"},{"image":7464,"name":"Alexander Knappe","position":"Segundo lugar"},{"image":7467,"name":"Niklas Norgaard Moller","position":"Tercer lugar"}]}],"background_color":"white"},{"acf_fc_layout":"quotes","title":"","quotes":[{"author":"Jamie Hodges, director del Challenge Tour","text":"<p>T Golf &amp; Country Club demostr\u00f3 ser un lugar fant\u00e1stico este a\u00f1o y por lo tanto hizo muy f\u00e1cil la decisi\u00f3n de regresar en 2021.<\/p>\n"}],"background_color":"brown-100"},{"acf_fc_layout":"content","title":"","text_large":"","text":"<p><strong>Jamie Hodges<\/strong>, director del Challenge Tour, dijo: \u00abT Golf &amp; Country Club demostr\u00f3 ser un lugar fant\u00e1stico este a\u00f1o y por lo tanto hizo muy f\u00e1cil la decisi\u00f3n de regresar en 2021\u201d.<br \/>\n\u00abEl campo de golf estaba en condiciones inmaculadas y recib\u00ed una incre\u00edble cantidad de comentarios positivos de los jugadores\u00bb.<br \/>\n\u00abDebo agradecer a Heiner Tamsen, el due\u00f1o del T Golf &amp; Country Club, Borja Ochoa, el Director General, y a todo el personal que nos cuid\u00f3 tan bien y en l\u00ednea con nuestros protocolos de Covid-19\u201d.<br \/>\n\u00abEsperamos con entusiasmo trabajar de nuevo con el equipo de T-Golf para repetir el \u00e9xito de este a\u00f1o y no podemos esperar para regresar y celebrar la Gran Final del Challenge Tour 2021\u00bb.<\/p>\n<p><strong>Borja Ochoa<\/strong>, Director General del T Golf &amp; Country Club, dijo: \u00abCon la Gran Final del Challenge Tour 2020 una vez disputada, puedo decir sin duda que acoger el evento no podr\u00eda haber sido m\u00e1s gratificante\u201d.<br \/>\n\u00abNuestro equipo ha disfrutado mucho del privilegio de trabajar junto al European Challenge Tour este a\u00f1o, que culmin\u00f3 con la coronaci\u00f3n de Ondrej Lieser como el n\u00famero uno del Road to Mallorca\u201d.<br \/>\n\u00abEstamos igualmente orgullosos de haber sido seleccionados como sede de la Gran Final del Challenge Tour para el 2021. Todo nuestro equipo est\u00e1 entusiasmado por trabajar de nuevo y contribuir al \u00e9xito del evento en el 2021.\u00bb<\/p>\n<p><strong>Bernardino Jaume<\/strong>, Presidente de la Federaci\u00f3n Balear de Golf, dijo: \u00abTuvimos el placer de acoger la Gran Final del Challenge Tour en la isla de Mallorca por segundo a\u00f1o consecutivo, y ahora que ha terminado, puedo decir sin duda que termin\u00f3 con gran \u00e9xito\u201d.<br \/>\n\u00abDesde que el Sr. Tamsen se hizo cargo del T Golf &amp; Country Club, el campo de golf ha recuperado su dise\u00f1o original y los jugadores han disfrutado de un fant\u00e1stico campo en excelentes condiciones\u201d.<br \/>\n\u00abQuiero agradecer a todos la ayuda y la buena voluntad que nos mostraron al acoger la Gran Final del Challenge Tour. Las administraciones locales son una parte decisiva de este evento y tanto el Gobierno Balear como el Consell de Mallorca han sido magn\u00edficos en ofrecer su apoyo\u201d.<br \/>\n\u00abEl European Challenge Tour, el personal del T Golf &amp; Country Club, y todos los voluntarios han trabajado unidos para llevar a cabo este evento y esperamos hacerlo de nuevo durante el pr\u00f3ximo a\u00f1o\u00bb.<\/p>\n","link":"","cards":false,"image":false,"sidebar":false,"background_color":"white"},{"acf_fc_layout":"content","title":"Historia","text_large":"","text":"","link":"","cards":[{"page":7660,"category":"Challenge Tour 2020","date":true},{"page":8399,"category":"Challenge Tour 2020","date":true},{"page":8402,"category":"Challenge Tour 2020","date":true},{"page":8405,"category":"Challenge Tour 2020","date":true}],"image":false,"sidebar":[{"acf_fc_layout":"twitter","twitter":"https:\/\/twitter.com\/Challenge_Tour"}],"background_color":"brown-100"},{"acf_fc_layout":"video_gallery","title":"Galeria de v\u00eddeos","video":[{"cover":7406,"video":"<iframe title=\"POST CHALLENGE TOUR GRAND FINAL\" width=\"640\" height=\"360\" src=\"https:\/\/www.youtube.com\/embed\/FM9u-neGJHU?feature=oembed\" frameborder=\"0\" allow=\"accelerometer; autoplay; clipboard-write; encrypted-media; gyroscope; picture-in-picture; web-share\" referrerpolicy=\"strict-origin-when-cross-origin\" allowfullscreen><\/iframe>"},{"cover":7409,"video":"<iframe title=\"Luna Sobr\u00f3n interview\" width=\"640\" height=\"360\" src=\"https:\/\/www.youtube.com\/embed\/SX1WbvmDBo0?feature=oembed\" frameborder=\"0\" allow=\"accelerometer; autoplay; clipboard-write; encrypted-media; gyroscope; picture-in-picture; web-share\" referrerpolicy=\"strict-origin-when-cross-origin\" allowfullscreen><\/iframe>"},{"cover":7412,"video":"<iframe title=\"Alfie Plant in round interview\" width=\"640\" height=\"360\" src=\"https:\/\/www.youtube.com\/embed\/HwfR0onREBY?feature=oembed\" frameborder=\"0\" allow=\"accelerometer; autoplay; clipboard-write; encrypted-media; gyroscope; picture-in-picture; web-share\" referrerpolicy=\"strict-origin-when-cross-origin\" allowfullscreen><\/iframe>"}],"background_color":"white"},{"acf_fc_layout":"ranking","title":"Los leaderes del Road to Mallorca 2020","text":"<p>Resultados tras la cuarta vuelta:<\/p>\n","ranking":[{"rank":"273","name":"O LIESER (CZE)","day_1":"70","day_2":"69","day_3":"66","day_4":"68"},{"rank":"274","name":"A KNAPPE (GER)","day_1":"68","day_2":"63","day_3":"72","day_4":"71"},{"rank":"","name":"C BLOMSTRAND (SWE)","day_1":"68","day_2":"68","day_3":"69","day_4":"69"},{"rank":"","name":"S TARRIO (ESP) ","day_1":"66","day_2":"70","day_3":"71","day_4":"67"},{"rank":"275","name":"N MOLLER (DEN) ","day_1":"67","day_2":"68","day_3":"69","day_4":"71"},{"rank":"276","name":"K JOHANNESSEN (NOR)","day_1":"71","day_2":"65","day_3":"70","day_4":"70"},{"rank":"277","name":"E DI NITTO (ITA)","day_1":"67","day_2":"68","day_3":"74","day_4":"68"},{"rank":"278","name":"H ELLIS (ENG)","day_1":"72","day_2":"67","day_3":"68","day_4":"71"},{"rank":"","name":"O LENGDEN (SWE)","day_1":"71","day_2":"66","day_3":"74","day_4":"67"},{"rank":"279","name":"J BRUN (FRA)","day_1":"73","day_2":"69","day_3":"70","day_4":"67"},{"rank":"","name":"H STUREHED (SWE)","day_1":"72","day_2":"71","day_3":"70","day_4":"66"},{"rank":"280","name":"B HELLGREN (SWE)","day_1":"66","day_2":"67","day_3":"74","day_4":"73"},{"rank":"","name":"M FORD (ENG)","day_1":"68","day_2":"67","day_3":"73","day_4":"72"},{"rank":"281","name":"A ZEMMER (ITA)","day_1":"69","day_2":"69","day_3":"70","day_4":"73"},{"rank":"","name":"A GARCIA-HEREDIA (ESP)","day_1":"69","day_2":"69","day_3":"71","day_4":"72"},{"rank":"","name":"C HOWIE (SCO)","day_1":"70","day_2":"71","day_3":"68","day_4":"72"},{"rank":"","name":"G KRISTJANSSON (ISL)","day_1":"72","day_2":"68","day_3":"70","day_4":"71"},{"rank":"","name":"A WILSON (ENG) ","day_1":"69","day_2":"73","day_3":"70","day_4":"69"},{"rank":"282","name":"J DANTORP (SWE) ","day_1":"69","day_2":"70","day_3":"79","day_4":"74"},{"rank":"","name":"R MANSELL (ENG) ","day_1":"66","day_2":"67","day_3":"77","day_4":"72"},{"rank":"","name":"M BALDWIN (ENG) ","day_1":"67","day_2":"72","day_3":"71","day_4":"72"},{"rank":"","name":"C PIGEM (ESP) ","day_1":"70","day_2":"70","day_3":"71","day_4":"71"},{"rank":"","name":"H LONG (GER) ","day_1":"71","day_2":"71","day_3":"70","day_4":"70"},{"rank":"","name":"N VON DELLINGSHAUSEN (GER)","day_1":"69","day_2":"72","day_3":"73","day_4":"68"},{"rank":"","name":"M SIMONSEN (DEN) ","day_1":"70","day_2":"72","day_3":"72","day_4":"68"},{"rank":"283","name":"S FERNANDEZ (ESP)","day_1":"70","day_2":"69","day_3":"68","day_4":"76"},{"rank":"","name":"S GREGORY (ENG)","day_1":"71","day_2":"67","day_3":"72","day_4":"73"},{"rank":"","name":"A KARLSSON (SWE)","day_1":"76","day_2":"71","day_3":"66","day_4":"70"},{"rank":"284","name":"T KOIVISTO (USA)","day_1":"67","day_2":"69","day_3":"74","day_4":"74"},{"rank":"","name":"J FAHRBRING (SWE)","day_1":"69","day_2":"71","day_3":"73","day_4":"71"},{"rank":"285","name":"P ANGLES (ESP)","day_1":"73","day_2":"70","day_3":"70","day_4":"71"},{"rank":"","name":"L NEMECZ (AUT)","day_1":"77","day_2":"70","day_3":"69","day_4":"69"},{"rank":"286","name":"C MIVIS (BEL)","day_1":"72","day_2":"72","day_3":"70","day_4":"72"},{"rank":"289","name":"O LINDELL (FIN)","day_1":"70","day_2":"72","day_3":"73","day_4":"74"},{"rank":"","name":"P ORIOL (ESP) ","day_1":"73","day_2":"69","day_3":"77","day_4":"70"},{"rank":"290","name":"D PERRIER (FRA)","day_1":"72","day_2":"73","day_3":"71","day_4":"74"},{"rank":"","name":"A PLANT (ENG)","day_1":"72","day_2":"73","day_3":"72","day_4":"73"},{"rank":"","name":"J THOMSON (ENG) ","day_1":"72","day_2":"76","day_3":"69","day_4":"73"},{"rank":"293","name":"R GOUVEIA (POR) ","day_1":"74","day_2":"76","day_3":"73","day_4":"70"},{"rank":"","name":"T CLEMENTS (ENG)","day_1":"76","day_2":"72","day_3":"68","day_4":"78"},{"rank":"","name":"J WRISDALE (ENG)","day_1":"73","day_2":"71","day_3":"73","day_4":"77"},{"rank":"298","name":"A JOHN (GER) ","day_1":"71","day_2":"75","day_3":"74","day_4":"78"}],"background_color":"brown-100"}],"wp_nav_image":false},"yoast_head":"<title>Challenge Tour 2020 - T Golf<\/title>\n<meta name=\"robots\" content=\"index, follow, max-snippet:-1, max-image-preview:large, max-video-preview:-1\" \/>\n<link rel=\"canonical\" href=\"https:\/\/t-golf.club\/es\/calvia\/challenge-tour-2020\/\" \/>\n<meta property=\"og:locale\" content=\"es_ES\" \/>\n<meta property=\"og:type\" content=\"article\" \/>\n<meta property=\"og:title\" content=\"Challenge Tour 2020 - T Golf\" \/>\n<meta property=\"og:url\" content=\"https:\/\/t-golf.club\/es\/calvia\/challenge-tour-2020\/\" \/>\n<meta property=\"og:site_name\" content=\"T Golf\" \/>\n<meta property=\"article:modified_time\" content=\"2022-08-24T18:51:49+00:00\" \/>\n<meta property=\"og:image\" content=\"https:\/\/t-golf.club\/wp-content\/uploads\/2021\/04\/HEADER-PETIT-CT-2020.jpg\" \/>\n\t<meta property=\"og:image:width\" content=\"1440\" \/>\n\t<meta property=\"og:image:height\" content=\"400\" \/>\n\t<meta property=\"og:image:type\" content=\"image\/jpeg\" \/>\n<meta name=\"twitter:card\" content=\"summary_large_image\" \/>\n<script type=\"application\/ld+json\" class=\"yoast-schema-graph\">{\"@context\":\"https:\\\/\\\/schema.org\",\"@graph\":[{\"@type\":\"WebPage\",\"@id\":\"https:\\\/\\\/t-golf.club\\\/es\\\/calvia\\\/challenge-tour-2020\\\/\",\"url\":\"https:\\\/\\\/t-golf.club\\\/es\\\/calvia\\\/challenge-tour-2020\\\/\",\"name\":\"Challenge Tour 2020 - T Golf\",\"isPartOf\":{\"@id\":\"https:\\\/\\\/t-golf.club\\\/es\\\/#website\"},\"primaryImageOfPage\":{\"@id\":\"https:\\\/\\\/t-golf.club\\\/es\\\/calvia\\\/challenge-tour-2020\\\/#primaryimage\"},\"image\":{\"@id\":\"https:\\\/\\\/t-golf.club\\\/es\\\/calvia\\\/challenge-tour-2020\\\/#primaryimage\"},\"thumbnailUrl\":\"https:\\\/\\\/t-golf.club\\\/wp-content\\\/uploads\\\/2021\\\/04\\\/HEADER-PETIT-CT-2020.jpg\",\"datePublished\":\"2021-07-23T06:35:15+00:00\",\"dateModified\":\"2022-08-24T18:51:49+00:00\",\"breadcrumb\":{\"@id\":\"https:\\\/\\\/t-golf.club\\\/es\\\/calvia\\\/challenge-tour-2020\\\/#breadcrumb\"},\"inLanguage\":\"es\",\"potentialAction\":[{\"@type\":\"ReadAction\",\"target\":[\"https:\\\/\\\/t-golf.club\\\/es\\\/calvia\\\/challenge-tour-2020\\\/\"]}]},{\"@type\":\"ImageObject\",\"inLanguage\":\"es\",\"@id\":\"https:\\\/\\\/t-golf.club\\\/es\\\/calvia\\\/challenge-tour-2020\\\/#primaryimage\",\"url\":\"https:\\\/\\\/t-golf.club\\\/wp-content\\\/uploads\\\/2021\\\/04\\\/HEADER-PETIT-CT-2020.jpg\",\"contentUrl\":\"https:\\\/\\\/t-golf.club\\\/wp-content\\\/uploads\\\/2021\\\/04\\\/HEADER-PETIT-CT-2020.jpg\",\"width\":1440,\"height\":400},{\"@type\":\"BreadcrumbList\",\"@id\":\"https:\\\/\\\/t-golf.club\\\/es\\\/calvia\\\/challenge-tour-2020\\\/#breadcrumb\",\"itemListElement\":[{\"@type\":\"ListItem\",\"position\":1,\"name\":\"Home\",\"item\":\"https:\\\/\\\/t-golf.club\\\/es\\\/\"},{\"@type\":\"ListItem\",\"position\":2,\"name\":\"Home Calvi\u00e0\",\"item\":\"https:\\\/\\\/t-golf.club\\\/es\\\/calvia\\\/\"},{\"@type\":\"ListItem\",\"position\":3,\"name\":\"Challenge Tour 2020\"}]},{\"@type\":\"WebSite\",\"@id\":\"https:\\\/\\\/t-golf.club\\\/es\\\/#website\",\"url\":\"https:\\\/\\\/t-golf.club\\\/es\\\/\",\"name\":\"T Golf\",\"description\":\"\",\"inLanguage\":\"es\"}]}<\/script>","yoast_head_json":{"title":"Challenge Tour 2020 - T Golf","robots":{"index":"index","follow":"follow","max-snippet":"max-snippet:-1","max-image-preview":"max-image-preview:large","max-video-preview":"max-video-preview:-1"},"canonical":"https:\/\/t-golf.club\/es\/calvia\/challenge-tour-2020\/","og_locale":"es_ES","og_type":"article","og_title":"Challenge Tour 2020 - T Golf","og_url":"https:\/\/t-golf.club\/es\/calvia\/challenge-tour-2020\/","og_site_name":"T Golf","article_modified_time":"2022-08-24T18:51:49+00:00","og_image":[{"width":1440,"height":400,"url":"https:\/\/t-golf.club\/wp-content\/uploads\/2021\/04\/HEADER-PETIT-CT-2020.jpg","type":"image\/jpeg"}],"twitter_card":"summary_large_image","schema":{"@context":"https:\/\/schema.org","@graph":[{"@type":"WebPage","@id":"https:\/\/t-golf.club\/es\/calvia\/challenge-tour-2020\/","url":"https:\/\/t-golf.club\/es\/calvia\/challenge-tour-2020\/","name":"Challenge Tour 2020 - T Golf","isPartOf":{"@id":"https:\/\/t-golf.club\/es\/#website"},"primaryImageOfPage":{"@id":"https:\/\/t-golf.club\/es\/calvia\/challenge-tour-2020\/#primaryimage"},"image":{"@id":"https:\/\/t-golf.club\/es\/calvia\/challenge-tour-2020\/#primaryimage"},"thumbnailUrl":"https:\/\/t-golf.club\/wp-content\/uploads\/2021\/04\/HEADER-PETIT-CT-2020.jpg","datePublished":"2021-07-23T06:35:15+00:00","dateModified":"2022-08-24T18:51:49+00:00","breadcrumb":{"@id":"https:\/\/t-golf.club\/es\/calvia\/challenge-tour-2020\/#breadcrumb"},"inLanguage":"es","potentialAction":[{"@type":"ReadAction","target":["https:\/\/t-golf.club\/es\/calvia\/challenge-tour-2020\/"]}]},{"@type":"ImageObject","inLanguage":"es","@id":"https:\/\/t-golf.club\/es\/calvia\/challenge-tour-2020\/#primaryimage","url":"https:\/\/t-golf.club\/wp-content\/uploads\/2021\/04\/HEADER-PETIT-CT-2020.jpg","contentUrl":"https:\/\/t-golf.club\/wp-content\/uploads\/2021\/04\/HEADER-PETIT-CT-2020.jpg","width":1440,"height":400},{"@type":"BreadcrumbList","@id":"https:\/\/t-golf.club\/es\/calvia\/challenge-tour-2020\/#breadcrumb","itemListElement":[{"@type":"ListItem","position":1,"name":"Home","item":"https:\/\/t-golf.club\/es\/"},{"@type":"ListItem","position":2,"name":"Home Calvi\u00e0","item":"https:\/\/t-golf.club\/es\/calvia\/"},{"@type":"ListItem","position":3,"name":"Challenge Tour 2020"}]},{"@type":"WebSite","@id":"https:\/\/t-golf.club\/es\/#website","url":"https:\/\/t-golf.club\/es\/","name":"T Golf","description":"","inLanguage":"es"}]}},"_links":{"self":[{"href":"https:\/\/t-golf.club\/es\/wp-json\/wp\/v2\/pages\/8384","targetHints":{"allow":["GET"]}}],"collection":[{"href":"https:\/\/t-golf.club\/es\/wp-json\/wp\/v2\/pages"}],"about":[{"href":"https:\/\/t-golf.club\/es\/wp-json\/wp\/v2\/types\/page"}],"author":[{"embeddable":true,"href":"https:\/\/t-golf.club\/es\/wp-json\/wp\/v2\/users\/1"}],"replies":[{"embeddable":true,"href":"https:\/\/t-golf.club\/es\/wp-json\/wp\/v2\/comments?post=8384"}],"version-history":[{"count":5,"href":"https:\/\/t-golf.club\/es\/wp-json\/wp\/v2\/pages\/8384\/revisions"}],"predecessor-version":[{"id":17214,"href":"https:\/\/t-golf.club\/es\/wp-json\/wp\/v2\/pages\/8384\/revisions\/17214"}],"up":[{"embeddable":true,"href":"https:\/\/t-golf.club\/es\/wp-json\/wp\/v2\/pages\/1296"}],"wp:featuredmedia":[{"embeddable":true,"href":"https:\/\/t-golf.club\/es\/wp-json\/wp\/v2\/media\/7232"}],"wp:attachment":[{"href":"https:\/\/t-golf.club\/es\/wp-json\/wp\/v2\/media?parent=8384"}],"curies":[{"name":"wp","href":"https:\/\/api.w.org\/{rel}","templated":true}]}}