{"id":8378,"date":"2021-07-23T06:25:55","date_gmt":"2021-07-23T06:25:55","guid":{"rendered":"https:\/\/t-golf.club\/?page_id=8378"},"modified":"2021-07-23T06:33:49","modified_gmt":"2021-07-23T06:33:49","slug":"que-es-el-challenge-tour","status":"publish","type":"page","link":"https:\/\/t-golf.club\/es\/que-es-el-challenge-tour\/","title":{"rendered":"\u00bfQu\u00e9 es el Challenge Tour?"},"content":{"rendered":"","protected":false},"excerpt":{"rendered":"","protected":false},"author":1,"featured_media":7238,"parent":0,"menu_order":76,"comment_status":"closed","ping_status":"closed","template":"views\/flexible.blade.php","meta":{"_acf_changed":false,"footnotes":""},"class_list":["post-8378","page","type-page","status-publish","has-post-thumbnail","hentry"],"acf":{"size":"small","subtitle":"La historia del Challenge Tour","link_back":{"title":"Challenge Tour","url":"https:\/\/t-golf.club\/es\/challenge-tour\/","target":""},"hero":{"size":"small","subtitle":"La historia del Challenge Tour","link_back":{"title":"Challenge Tour","url":"https:\/\/t-golf.club\/es\/challenge-tour\/","target":""}},"content":[{"acf_fc_layout":"content","title":"\u00bfQu\u00e9 es el Challenge Tour?","text_large":"<p>El European Challenge Tour se estableci\u00f3 por primera vez en 1989.<br \/>\nEl primer ganador de la clasificaci\u00f3n del Challenge Tour fue el ingl\u00e9s Neal Briggs.<\/p>\n","text":"<p>Desde esa primera temporada, muchos de los mejores jugadores de golf del mundo han competido en el que ahora se considera el mejor circuito de desarrollo de Europa: Thomas Bj\u00f8rn (1995), Justin Rose (1999), Ian Poulter (1999), Henrik Stenson (2000), Louis Oosthuizen (2003), Tommy Fleetwood (2011) y Brooks Koepka (2013), son todos ex jugadores del Challenge Tour.<\/p>\n<p>Los 20 mejores del Road to Mallorca al final de la temporada consiguen el ascenso al European Tour.<\/p>\n<p>El ganador del Road to Mallorca recibe una bandeja de plata (otorgada por primera vez en 2009), y la Tarjeta Categor\u00eda 13 del European Tour.<\/p>\n<p>El Road to Mallorca es una competici\u00f3n de una temporada que abarca 25 torneos en 15 pa\u00edses y que culmina en T Golf &#038; Country Club en Mallorca.<\/p>\n","link":"","cards":false,"image":false,"sidebar":[{"acf_fc_layout":"table","table":[{"title":"Primer a\u00f1o","text":"1989"},{"title":"Primer ganador","text":"Neal Briggs"},{"title":"Premio","text":"Silver Salver"},{"title":"Road to Mallorca Competition","text":"25 torneos en 15 pa\u00edses"}]}],"background_color":"brown-100"},{"acf_fc_layout":"content","title":"\u00bfQuien califica para jugar el European Tour?","text_large":"<p>Al final de cada temporada, los 20 mejores jugadores del Road to Mallorca consiguen el ascenso al European Tour.<\/p>\n","text":"<p>Los 45 jugadores que mejores resultados tienen al final del a\u00f1o, llegar\u00e1n a la \u00faltima prueba, la Gran Final del Challenge Tour, y los 20 que queden primeros del ranking tendr\u00e1n la pasar al European Tour.  Este \u00faltimo torneo ha sido escenario de muchos momentos dram\u00e1ticos a lo largo de los a\u00f1os.<\/p>\n<p>Si un jugador gana tres pruebas del Challenge Tour durante una temporada, se le concede el acceso directo al European Tour y queda totalmente exento para la temporada siguiente.<\/p>\n","link":"","cards":false,"image":false,"sidebar":false,"background_color":"white"},{"acf_fc_layout":"slider","title":"","images":[4418,4415,4424,4427,4430],"background_color":"brown-100"}]},"yoast_head":"<title>\u00bfQu\u00e9 es el Challenge Tour? - T Golf<\/title>\n<meta name=\"robots\" content=\"index, follow, max-snippet:-1, max-image-preview:large, max-video-preview:-1\" \/>\n<link rel=\"canonical\" href=\"https:\/\/t-golf.club\/es\/que-es-el-challenge-tour\/\" \/>\n<meta property=\"og:locale\" content=\"es_ES\" \/>\n<meta property=\"og:type\" content=\"article\" \/>\n<meta property=\"og:title\" content=\"\u00bfQu\u00e9 es el Challenge Tour? - T Golf\" \/>\n<meta property=\"og:url\" content=\"https:\/\/t-golf.club\/es\/que-es-el-challenge-tour\/\" \/>\n<meta property=\"og:site_name\" content=\"T Golf\" \/>\n<meta property=\"article:modified_time\" content=\"2021-07-23T06:33:49+00:00\" \/>\n<meta property=\"og:image\" content=\"https:\/\/t-golf.club\/wp-content\/uploads\/2021\/04\/HEADER-PETIT-CT.jpg\" \/>\n\t<meta property=\"og:image:width\" content=\"1440\" \/>\n\t<meta property=\"og:image:height\" content=\"400\" \/>\n\t<meta property=\"og:image:type\" content=\"image\/jpeg\" \/>\n<meta name=\"twitter:card\" content=\"summary_large_image\" \/>\n<script type=\"application\/ld+json\" class=\"yoast-schema-graph\">{\"@context\":\"https:\/\/schema.org\",\"@graph\":[{\"@type\":\"WebPage\",\"@id\":\"https:\/\/t-golf.club\/es\/que-es-el-challenge-tour\/\",\"url\":\"https:\/\/t-golf.club\/es\/que-es-el-challenge-tour\/\",\"name\":\"\u00bfQu\u00e9 es el Challenge Tour? - T Golf\",\"isPartOf\":{\"@id\":\"https:\/\/t-golf.club\/es\/#website\"},\"primaryImageOfPage\":{\"@id\":\"https:\/\/t-golf.club\/es\/que-es-el-challenge-tour\/#primaryimage\"},\"image\":{\"@id\":\"https:\/\/t-golf.club\/es\/que-es-el-challenge-tour\/#primaryimage\"},\"thumbnailUrl\":\"https:\/\/t-golf.club\/wp-content\/uploads\/2021\/04\/HEADER-PETIT-CT.jpg\",\"datePublished\":\"2021-07-23T06:25:55+00:00\",\"dateModified\":\"2021-07-23T06:33:49+00:00\",\"breadcrumb\":{\"@id\":\"https:\/\/t-golf.club\/es\/que-es-el-challenge-tour\/#breadcrumb\"},\"inLanguage\":\"es\",\"potentialAction\":[{\"@type\":\"ReadAction\",\"target\":[\"https:\/\/t-golf.club\/es\/que-es-el-challenge-tour\/\"]}]},{\"@type\":\"ImageObject\",\"inLanguage\":\"es\",\"@id\":\"https:\/\/t-golf.club\/es\/que-es-el-challenge-tour\/#primaryimage\",\"url\":\"https:\/\/t-golf.club\/wp-content\/uploads\/2021\/04\/HEADER-PETIT-CT.jpg\",\"contentUrl\":\"https:\/\/t-golf.club\/wp-content\/uploads\/2021\/04\/HEADER-PETIT-CT.jpg\",\"width\":1440,\"height\":400},{\"@type\":\"BreadcrumbList\",\"@id\":\"https:\/\/t-golf.club\/es\/que-es-el-challenge-tour\/#breadcrumb\",\"itemListElement\":[{\"@type\":\"ListItem\",\"position\":1,\"name\":\"Home\",\"item\":\"https:\/\/t-golf.club\/es\/\"},{\"@type\":\"ListItem\",\"position\":2,\"name\":\"\u00bfQu\u00e9 es el Challenge Tour?\"}]},{\"@type\":\"WebSite\",\"@id\":\"https:\/\/t-golf.club\/es\/#website\",\"url\":\"https:\/\/t-golf.club\/es\/\",\"name\":\"T Golf\",\"description\":\"\",\"inLanguage\":\"es\"}]}<\/script>","yoast_head_json":{"title":"\u00bfQu\u00e9 es el Challenge Tour? - T Golf","robots":{"index":"index","follow":"follow","max-snippet":"max-snippet:-1","max-image-preview":"max-image-preview:large","max-video-preview":"max-video-preview:-1"},"canonical":"https:\/\/t-golf.club\/es\/que-es-el-challenge-tour\/","og_locale":"es_ES","og_type":"article","og_title":"\u00bfQu\u00e9 es el Challenge Tour? - T Golf","og_url":"https:\/\/t-golf.club\/es\/que-es-el-challenge-tour\/","og_site_name":"T Golf","article_modified_time":"2021-07-23T06:33:49+00:00","og_image":[{"width":1440,"height":400,"url":"https:\/\/t-golf.club\/wp-content\/uploads\/2021\/04\/HEADER-PETIT-CT.jpg","type":"image\/jpeg"}],"twitter_card":"summary_large_image","schema":{"@context":"https:\/\/schema.org","@graph":[{"@type":"WebPage","@id":"https:\/\/t-golf.club\/es\/que-es-el-challenge-tour\/","url":"https:\/\/t-golf.club\/es\/que-es-el-challenge-tour\/","name":"\u00bfQu\u00e9 es el Challenge Tour? - T Golf","isPartOf":{"@id":"https:\/\/t-golf.club\/es\/#website"},"primaryImageOfPage":{"@id":"https:\/\/t-golf.club\/es\/que-es-el-challenge-tour\/#primaryimage"},"image":{"@id":"https:\/\/t-golf.club\/es\/que-es-el-challenge-tour\/#primaryimage"},"thumbnailUrl":"https:\/\/t-golf.club\/wp-content\/uploads\/2021\/04\/HEADER-PETIT-CT.jpg","datePublished":"2021-07-23T06:25:55+00:00","dateModified":"2021-07-23T06:33:49+00:00","breadcrumb":{"@id":"https:\/\/t-golf.club\/es\/que-es-el-challenge-tour\/#breadcrumb"},"inLanguage":"es","potentialAction":[{"@type":"ReadAction","target":["https:\/\/t-golf.club\/es\/que-es-el-challenge-tour\/"]}]},{"@type":"ImageObject","inLanguage":"es","@id":"https:\/\/t-golf.club\/es\/que-es-el-challenge-tour\/#primaryimage","url":"https:\/\/t-golf.club\/wp-content\/uploads\/2021\/04\/HEADER-PETIT-CT.jpg","contentUrl":"https:\/\/t-golf.club\/wp-content\/uploads\/2021\/04\/HEADER-PETIT-CT.jpg","width":1440,"height":400},{"@type":"BreadcrumbList","@id":"https:\/\/t-golf.club\/es\/que-es-el-challenge-tour\/#breadcrumb","itemListElement":[{"@type":"ListItem","position":1,"name":"Home","item":"https:\/\/t-golf.club\/es\/"},{"@type":"ListItem","position":2,"name":"\u00bfQu\u00e9 es el Challenge Tour?"}]},{"@type":"WebSite","@id":"https:\/\/t-golf.club\/es\/#website","url":"https:\/\/t-golf.club\/es\/","name":"T Golf","description":"","inLanguage":"es"}]}},"_links":{"self":[{"href":"https:\/\/t-golf.club\/es\/wp-json\/wp\/v2\/pages\/8378","targetHints":{"allow":["GET"]}}],"collection":[{"href":"https:\/\/t-golf.club\/es\/wp-json\/wp\/v2\/pages"}],"about":[{"href":"https:\/\/t-golf.club\/es\/wp-json\/wp\/v2\/types\/page"}],"author":[{"embeddable":true,"href":"https:\/\/t-golf.club\/es\/wp-json\/wp\/v2\/users\/1"}],"replies":[{"embeddable":true,"href":"https:\/\/t-golf.club\/es\/wp-json\/wp\/v2\/comments?post=8378"}],"version-history":[{"count":2,"href":"https:\/\/t-golf.club\/es\/wp-json\/wp\/v2\/pages\/8378\/revisions"}],"predecessor-version":[{"id":8382,"href":"https:\/\/t-golf.club\/es\/wp-json\/wp\/v2\/pages\/8378\/revisions\/8382"}],"wp:featuredmedia":[{"embeddable":true,"href":"https:\/\/t-golf.club\/es\/wp-json\/wp\/v2\/media\/7238"}],"wp:attachment":[{"href":"https:\/\/t-golf.club\/es\/wp-json\/wp\/v2\/media?parent=8378"}],"curies":[{"name":"wp","href":"https:\/\/api.w.org\/{rel}","templated":true}]}}