{"id":8364,"date":"2021-07-22T18:05:02","date_gmt":"2021-07-22T18:05:02","guid":{"rendered":"https:\/\/t-golf.club\/?page_id=8364"},"modified":"2022-08-24T18:44:11","modified_gmt":"2022-08-24T18:44:11","slug":"challenge-tour-pro-am-2021","status":"publish","type":"page","link":"https:\/\/t-golf.club\/es\/calvia\/challenge-tour-pro-am-2021\/","title":{"rendered":"Challenge Tour PRO-AM 2021"},"content":{"rendered":"","protected":false},"excerpt":{"rendered":"","protected":false},"author":1,"featured_media":8559,"parent":1296,"menu_order":52,"comment_status":"closed","ping_status":"closed","template":"views\/flexible.blade.php","meta":{"_acf_changed":false,"footnotes":""},"class_list":["post-8364","page","type-page","status-publish","has-post-thumbnail","hentry"],"acf":{"size":"small","subtitle":"","link_back":{"title":"Challenge Tour 2021","url":"https:\/\/t-golf.club\/es\/calvia\/challenge-tour-2021\/","target":""},"hero":{"size":"small","subtitle":"","link_back":{"title":"Challenge Tour 2021","url":"https:\/\/t-golf.club\/es\/calvia\/challenge-tour-2021\/","target":""}},"content":[{"acf_fc_layout":"content","title":"\u00bfQUIERE JUGAR EL PRO-AM? ","text_large":"<p>Tras el \u00e9xito del a\u00f1o pasado, regresa el Pro Am, que tendr\u00e1 lugar el miercoles 3 de noviembre.<\/p>\n","text":"<p>Una experiencia de golf verdaderamente \u00fanica: jugar junto a un golfista profesional de \u00e9lite del Challenge Tour en las hermosas colinas de T Golf &amp; Country Club.<\/p>\n<p><strong>Itinerario<\/strong><\/p>\n<ul>\n<li>Registro de jugadores y desayuno buffet<\/li>\n<li>Uso de las zonas de pr\u00e1cticas<\/li>\n<li>18 hoyos con uno de los 45 mejores jugadores profesionales del ECT<\/li>\n<li>Almuerzo y entrega de premios para el 1\u00ba, 2\u00ba y 3er clasificado, as\u00ed como otros premios especiales<\/li>\n<\/ul>\n","link":"","cards":false,"image":false,"sidebar":[{"acf_fc_layout":"table","table":[{"title":"Fecha","text":"Miercoles 3 de noviembre de 2021"},{"title":"Formato","text":"Un equipo de tres golfistas amateurs jugando junto a un profesional de \u00e9lite del European Challenge Tour."},{"title":"Precio","text":"500 euros por persona o 1.500 euros por equipo de 3 amateurs"}]},{"acf_fc_layout":"contact","text_intro":"Si desea inscribirse,  por favor contacte a:","image":7627,"title":"Alejandra Taronj\u00ed","text":"<p><a href=\"mailto:administration@t-golf.club\" target=\"_blank\" rel=\"noopener\">sales@t-golf.club<\/a><br \/>\n<a href=\"tel:+34971130148\" target=\"_blank\" rel=\"noopener\">+34 971 130 148<\/a><\/p>\n"}],"background_color":"brown-100"}],"wp_nav_image":false},"yoast_head":"<title>Challenge Tour PRO-AM 2021 - T Golf<\/title>\n<meta name=\"robots\" content=\"index, follow, max-snippet:-1, max-image-preview:large, max-video-preview:-1\" \/>\n<link rel=\"canonical\" href=\"https:\/\/t-golf.club\/es\/calvia\/challenge-tour-pro-am-2021\/\" \/>\n<meta property=\"og:locale\" content=\"es_ES\" \/>\n<meta property=\"og:type\" content=\"article\" \/>\n<meta property=\"og:title\" content=\"Challenge Tour PRO-AM 2021 - T Golf\" \/>\n<meta property=\"og:url\" content=\"https:\/\/t-golf.club\/es\/calvia\/challenge-tour-pro-am-2021\/\" \/>\n<meta property=\"og:site_name\" content=\"T Golf\" \/>\n<meta property=\"article:modified_time\" content=\"2022-08-24T18:44:11+00:00\" \/>\n<meta property=\"og:image\" content=\"https:\/\/t-golf.club\/wp-content\/uploads\/2021\/07\/Challenge-Tour-2021-Rolex-banner.png\" \/>\n\t<meta property=\"og:image:width\" content=\"1434\" \/>\n\t<meta property=\"og:image:height\" content=\"400\" \/>\n\t<meta property=\"og:image:type\" content=\"image\/png\" \/>\n<meta name=\"twitter:card\" content=\"summary_large_image\" \/>\n<script type=\"application\/ld+json\" class=\"yoast-schema-graph\">{\"@context\":\"https:\\\/\\\/schema.org\",\"@graph\":[{\"@type\":\"WebPage\",\"@id\":\"https:\\\/\\\/t-golf.club\\\/es\\\/calvia\\\/challenge-tour-pro-am-2021\\\/\",\"url\":\"https:\\\/\\\/t-golf.club\\\/es\\\/calvia\\\/challenge-tour-pro-am-2021\\\/\",\"name\":\"Challenge Tour PRO-AM 2021 - T Golf\",\"isPartOf\":{\"@id\":\"https:\\\/\\\/t-golf.club\\\/es\\\/#website\"},\"primaryImageOfPage\":{\"@id\":\"https:\\\/\\\/t-golf.club\\\/es\\\/calvia\\\/challenge-tour-pro-am-2021\\\/#primaryimage\"},\"image\":{\"@id\":\"https:\\\/\\\/t-golf.club\\\/es\\\/calvia\\\/challenge-tour-pro-am-2021\\\/#primaryimage\"},\"thumbnailUrl\":\"https:\\\/\\\/t-golf.club\\\/wp-content\\\/uploads\\\/2021\\\/07\\\/Challenge-Tour-2021-Rolex-banner.png\",\"datePublished\":\"2021-07-22T18:05:02+00:00\",\"dateModified\":\"2022-08-24T18:44:11+00:00\",\"breadcrumb\":{\"@id\":\"https:\\\/\\\/t-golf.club\\\/es\\\/calvia\\\/challenge-tour-pro-am-2021\\\/#breadcrumb\"},\"inLanguage\":\"es\",\"potentialAction\":[{\"@type\":\"ReadAction\",\"target\":[\"https:\\\/\\\/t-golf.club\\\/es\\\/calvia\\\/challenge-tour-pro-am-2021\\\/\"]}]},{\"@type\":\"ImageObject\",\"inLanguage\":\"es\",\"@id\":\"https:\\\/\\\/t-golf.club\\\/es\\\/calvia\\\/challenge-tour-pro-am-2021\\\/#primaryimage\",\"url\":\"https:\\\/\\\/t-golf.club\\\/wp-content\\\/uploads\\\/2021\\\/07\\\/Challenge-Tour-2021-Rolex-banner.png\",\"contentUrl\":\"https:\\\/\\\/t-golf.club\\\/wp-content\\\/uploads\\\/2021\\\/07\\\/Challenge-Tour-2021-Rolex-banner.png\",\"width\":1434,\"height\":400},{\"@type\":\"BreadcrumbList\",\"@id\":\"https:\\\/\\\/t-golf.club\\\/es\\\/calvia\\\/challenge-tour-pro-am-2021\\\/#breadcrumb\",\"itemListElement\":[{\"@type\":\"ListItem\",\"position\":1,\"name\":\"Home\",\"item\":\"https:\\\/\\\/t-golf.club\\\/es\\\/\"},{\"@type\":\"ListItem\",\"position\":2,\"name\":\"Home Calvi\u00e0\",\"item\":\"https:\\\/\\\/t-golf.club\\\/es\\\/calvia\\\/\"},{\"@type\":\"ListItem\",\"position\":3,\"name\":\"Challenge Tour PRO-AM 2021\"}]},{\"@type\":\"WebSite\",\"@id\":\"https:\\\/\\\/t-golf.club\\\/es\\\/#website\",\"url\":\"https:\\\/\\\/t-golf.club\\\/es\\\/\",\"name\":\"T Golf\",\"description\":\"\",\"inLanguage\":\"es\"}]}<\/script>","yoast_head_json":{"title":"Challenge Tour PRO-AM 2021 - T Golf","robots":{"index":"index","follow":"follow","max-snippet":"max-snippet:-1","max-image-preview":"max-image-preview:large","max-video-preview":"max-video-preview:-1"},"canonical":"https:\/\/t-golf.club\/es\/calvia\/challenge-tour-pro-am-2021\/","og_locale":"es_ES","og_type":"article","og_title":"Challenge Tour PRO-AM 2021 - T Golf","og_url":"https:\/\/t-golf.club\/es\/calvia\/challenge-tour-pro-am-2021\/","og_site_name":"T Golf","article_modified_time":"2022-08-24T18:44:11+00:00","og_image":[{"width":1434,"height":400,"url":"https:\/\/t-golf.club\/wp-content\/uploads\/2021\/07\/Challenge-Tour-2021-Rolex-banner.png","type":"image\/png"}],"twitter_card":"summary_large_image","schema":{"@context":"https:\/\/schema.org","@graph":[{"@type":"WebPage","@id":"https:\/\/t-golf.club\/es\/calvia\/challenge-tour-pro-am-2021\/","url":"https:\/\/t-golf.club\/es\/calvia\/challenge-tour-pro-am-2021\/","name":"Challenge Tour PRO-AM 2021 - T Golf","isPartOf":{"@id":"https:\/\/t-golf.club\/es\/#website"},"primaryImageOfPage":{"@id":"https:\/\/t-golf.club\/es\/calvia\/challenge-tour-pro-am-2021\/#primaryimage"},"image":{"@id":"https:\/\/t-golf.club\/es\/calvia\/challenge-tour-pro-am-2021\/#primaryimage"},"thumbnailUrl":"https:\/\/t-golf.club\/wp-content\/uploads\/2021\/07\/Challenge-Tour-2021-Rolex-banner.png","datePublished":"2021-07-22T18:05:02+00:00","dateModified":"2022-08-24T18:44:11+00:00","breadcrumb":{"@id":"https:\/\/t-golf.club\/es\/calvia\/challenge-tour-pro-am-2021\/#breadcrumb"},"inLanguage":"es","potentialAction":[{"@type":"ReadAction","target":["https:\/\/t-golf.club\/es\/calvia\/challenge-tour-pro-am-2021\/"]}]},{"@type":"ImageObject","inLanguage":"es","@id":"https:\/\/t-golf.club\/es\/calvia\/challenge-tour-pro-am-2021\/#primaryimage","url":"https:\/\/t-golf.club\/wp-content\/uploads\/2021\/07\/Challenge-Tour-2021-Rolex-banner.png","contentUrl":"https:\/\/t-golf.club\/wp-content\/uploads\/2021\/07\/Challenge-Tour-2021-Rolex-banner.png","width":1434,"height":400},{"@type":"BreadcrumbList","@id":"https:\/\/t-golf.club\/es\/calvia\/challenge-tour-pro-am-2021\/#breadcrumb","itemListElement":[{"@type":"ListItem","position":1,"name":"Home","item":"https:\/\/t-golf.club\/es\/"},{"@type":"ListItem","position":2,"name":"Home Calvi\u00e0","item":"https:\/\/t-golf.club\/es\/calvia\/"},{"@type":"ListItem","position":3,"name":"Challenge Tour PRO-AM 2021"}]},{"@type":"WebSite","@id":"https:\/\/t-golf.club\/es\/#website","url":"https:\/\/t-golf.club\/es\/","name":"T Golf","description":"","inLanguage":"es"}]}},"_links":{"self":[{"href":"https:\/\/t-golf.club\/es\/wp-json\/wp\/v2\/pages\/8364","targetHints":{"allow":["GET"]}}],"collection":[{"href":"https:\/\/t-golf.club\/es\/wp-json\/wp\/v2\/pages"}],"about":[{"href":"https:\/\/t-golf.club\/es\/wp-json\/wp\/v2\/types\/page"}],"author":[{"embeddable":true,"href":"https:\/\/t-golf.club\/es\/wp-json\/wp\/v2\/users\/1"}],"replies":[{"embeddable":true,"href":"https:\/\/t-golf.club\/es\/wp-json\/wp\/v2\/comments?post=8364"}],"version-history":[{"count":5,"href":"https:\/\/t-golf.club\/es\/wp-json\/wp\/v2\/pages\/8364\/revisions"}],"predecessor-version":[{"id":17208,"href":"https:\/\/t-golf.club\/es\/wp-json\/wp\/v2\/pages\/8364\/revisions\/17208"}],"up":[{"embeddable":true,"href":"https:\/\/t-golf.club\/es\/wp-json\/wp\/v2\/pages\/1296"}],"wp:featuredmedia":[{"embeddable":true,"href":"https:\/\/t-golf.club\/es\/wp-json\/wp\/v2\/media\/8559"}],"wp:attachment":[{"href":"https:\/\/t-golf.club\/es\/wp-json\/wp\/v2\/media?parent=8364"}],"curies":[{"name":"wp","href":"https:\/\/api.w.org\/{rel}","templated":true}]}}