{"id":8357,"date":"2021-07-22T17:47:34","date_gmt":"2021-07-22T17:47:34","guid":{"rendered":"https:\/\/t-golf.club\/?page_id=8357"},"modified":"2021-07-25T18:41:49","modified_gmt":"2021-07-25T18:41:49","slug":"quiere-ser-un-voluntario","status":"publish","type":"page","link":"https:\/\/t-golf.club\/es\/quiere-ser-un-voluntario\/","title":{"rendered":"\u00bfQuiere ser un voluntario?"},"content":{"rendered":"","protected":false},"excerpt":{"rendered":"","protected":false},"author":1,"featured_media":7235,"parent":0,"menu_order":43,"comment_status":"closed","ping_status":"closed","template":"views\/flexible.blade.php","meta":{"_acf_changed":false,"footnotes":""},"class_list":["post-8357","page","type-page","status-publish","has-post-thumbnail","hentry"],"acf":{"size":"small","subtitle":"","link_back":{"title":"Challenge Tour 2021","url":"https:\/\/t-golf.club\/es\/challenge-tour-2021\/","target":""},"hero":{"size":"small","subtitle":"","link_back":{"title":"Challenge Tour 2021","url":"https:\/\/t-golf.club\/es\/challenge-tour-2021\/","target":""}},"content":[{"acf_fc_layout":"content","title":"\u00bfQuiere ser un voluntario?","text_large":"<p>La final del Challenge Tour se aproxima y nos encantar\u00eda que formaran parte de \u00e9l. Como ya saben, hemos sido seleccionados para acoger de nuevo la Gran Final del Challenge Tour 2021, del 4 al 7 de noviembre 2021. Para asegurarnos de que todo funcione correctamente necesitaremos un grupo de voluntarios dedicados a ayudar. <\/p>\n","text":"<p>Las posiciones de voluntarios que se necesitan son:<\/p>\n<ul>\n<li><strong>Tablas de clasificaci\u00f3n:<\/strong> Habr\u00e1 5 o 6 tablas de clasificaci\u00f3n en el campo, que requieren 2 personas cada una. As\u00ed que un total de 10-12 personas, que ser\u00e1n responsables de mantener la clasificaci\u00f3n actualizada con los resultados del momento.<\/li>\n<li><strong>Marcadores<\/strong>: Un marcador acompa\u00f1ar\u00e1 a cada grupo, se necesita un total de 15. Estas personas actualizar\u00e1n un peque\u00f1o dispositivo manual (como un tel\u00e9fono) con las puntuaciones de los jugadores al finalizar cada hoyo. Esta informaci\u00f3n la recibe el equipo de puntuaci\u00f3n del Challenge y es la forma en la que se obtienen los resultados al momento en la p\u00e1gina web.<\/li>\n<li><strong>Seguidores de bolas<\/strong>: Estimamos alrededor de 6 personas, posicionadas alrededor del campo para ayudar a los jugadores a encontrar su bola, especialmente si hay alg\u00fan golpe a ciegas.<\/li>\n<li><strong>Corredores de televisi\u00f3n<\/strong>: Dos personas para ayudar al equipo de televisi\u00f3n.<\/li>\n<\/ul>\n","link":"","cards":false,"image":false,"sidebar":[{"acf_fc_layout":"contact","text_intro":"Si est\u00e1 interesado, por favor contacte a:","image":7627,"title":"Alejandra Taronj\u00ed","text":"<p><a href=\"mailto:sales@t-golf.club\">sales@t-golf.club<\/a><\/p>\n"}],"background_color":"brown-100"},{"acf_fc_layout":"slider","title":"","images":[7639,7642,7645,7648],"background_color":"brown-100"}]},"yoast_head":"<title>\u00bfQuiere ser un voluntario? - T Golf<\/title>\n<meta name=\"robots\" content=\"index, follow, max-snippet:-1, max-image-preview:large, max-video-preview:-1\" \/>\n<link rel=\"canonical\" href=\"https:\/\/t-golf.club\/es\/quiere-ser-un-voluntario\/\" \/>\n<meta property=\"og:locale\" content=\"es_ES\" \/>\n<meta property=\"og:type\" content=\"article\" \/>\n<meta property=\"og:title\" content=\"\u00bfQuiere ser un voluntario? - T Golf\" \/>\n<meta property=\"og:url\" content=\"https:\/\/t-golf.club\/es\/quiere-ser-un-voluntario\/\" \/>\n<meta property=\"og:site_name\" content=\"T Golf\" \/>\n<meta property=\"article:modified_time\" content=\"2021-07-25T18:41:49+00:00\" \/>\n<meta property=\"og:image\" content=\"https:\/\/t-golf.club\/wp-content\/uploads\/2021\/04\/HEADER-PETIT-CT-2021.jpg\" \/>\n\t<meta property=\"og:image:width\" content=\"1440\" \/>\n\t<meta property=\"og:image:height\" content=\"400\" \/>\n\t<meta property=\"og:image:type\" content=\"image\/jpeg\" \/>\n<meta name=\"twitter:card\" content=\"summary_large_image\" \/>\n<script type=\"application\/ld+json\" class=\"yoast-schema-graph\">{\"@context\":\"https:\\\/\\\/schema.org\",\"@graph\":[{\"@type\":\"WebPage\",\"@id\":\"https:\\\/\\\/t-golf.club\\\/es\\\/quiere-ser-un-voluntario\\\/\",\"url\":\"https:\\\/\\\/t-golf.club\\\/es\\\/quiere-ser-un-voluntario\\\/\",\"name\":\"\u00bfQuiere ser un voluntario? - T Golf\",\"isPartOf\":{\"@id\":\"https:\\\/\\\/t-golf.club\\\/es\\\/#website\"},\"primaryImageOfPage\":{\"@id\":\"https:\\\/\\\/t-golf.club\\\/es\\\/quiere-ser-un-voluntario\\\/#primaryimage\"},\"image\":{\"@id\":\"https:\\\/\\\/t-golf.club\\\/es\\\/quiere-ser-un-voluntario\\\/#primaryimage\"},\"thumbnailUrl\":\"https:\\\/\\\/t-golf.club\\\/wp-content\\\/uploads\\\/2021\\\/04\\\/HEADER-PETIT-CT-2021.jpg\",\"datePublished\":\"2021-07-22T17:47:34+00:00\",\"dateModified\":\"2021-07-25T18:41:49+00:00\",\"breadcrumb\":{\"@id\":\"https:\\\/\\\/t-golf.club\\\/es\\\/quiere-ser-un-voluntario\\\/#breadcrumb\"},\"inLanguage\":\"es\",\"potentialAction\":[{\"@type\":\"ReadAction\",\"target\":[\"https:\\\/\\\/t-golf.club\\\/es\\\/quiere-ser-un-voluntario\\\/\"]}]},{\"@type\":\"ImageObject\",\"inLanguage\":\"es\",\"@id\":\"https:\\\/\\\/t-golf.club\\\/es\\\/quiere-ser-un-voluntario\\\/#primaryimage\",\"url\":\"https:\\\/\\\/t-golf.club\\\/wp-content\\\/uploads\\\/2021\\\/04\\\/HEADER-PETIT-CT-2021.jpg\",\"contentUrl\":\"https:\\\/\\\/t-golf.club\\\/wp-content\\\/uploads\\\/2021\\\/04\\\/HEADER-PETIT-CT-2021.jpg\",\"width\":1440,\"height\":400},{\"@type\":\"BreadcrumbList\",\"@id\":\"https:\\\/\\\/t-golf.club\\\/es\\\/quiere-ser-un-voluntario\\\/#breadcrumb\",\"itemListElement\":[{\"@type\":\"ListItem\",\"position\":1,\"name\":\"Home\",\"item\":\"https:\\\/\\\/t-golf.club\\\/es\\\/\"},{\"@type\":\"ListItem\",\"position\":2,\"name\":\"\u00bfQuiere ser un voluntario?\"}]},{\"@type\":\"WebSite\",\"@id\":\"https:\\\/\\\/t-golf.club\\\/es\\\/#website\",\"url\":\"https:\\\/\\\/t-golf.club\\\/es\\\/\",\"name\":\"T Golf\",\"description\":\"\",\"inLanguage\":\"es\"}]}<\/script>","yoast_head_json":{"title":"\u00bfQuiere ser un voluntario? - T Golf","robots":{"index":"index","follow":"follow","max-snippet":"max-snippet:-1","max-image-preview":"max-image-preview:large","max-video-preview":"max-video-preview:-1"},"canonical":"https:\/\/t-golf.club\/es\/quiere-ser-un-voluntario\/","og_locale":"es_ES","og_type":"article","og_title":"\u00bfQuiere ser un voluntario? - T Golf","og_url":"https:\/\/t-golf.club\/es\/quiere-ser-un-voluntario\/","og_site_name":"T Golf","article_modified_time":"2021-07-25T18:41:49+00:00","og_image":[{"width":1440,"height":400,"url":"https:\/\/t-golf.club\/wp-content\/uploads\/2021\/04\/HEADER-PETIT-CT-2021.jpg","type":"image\/jpeg"}],"twitter_card":"summary_large_image","schema":{"@context":"https:\/\/schema.org","@graph":[{"@type":"WebPage","@id":"https:\/\/t-golf.club\/es\/quiere-ser-un-voluntario\/","url":"https:\/\/t-golf.club\/es\/quiere-ser-un-voluntario\/","name":"\u00bfQuiere ser un voluntario? - T Golf","isPartOf":{"@id":"https:\/\/t-golf.club\/es\/#website"},"primaryImageOfPage":{"@id":"https:\/\/t-golf.club\/es\/quiere-ser-un-voluntario\/#primaryimage"},"image":{"@id":"https:\/\/t-golf.club\/es\/quiere-ser-un-voluntario\/#primaryimage"},"thumbnailUrl":"https:\/\/t-golf.club\/wp-content\/uploads\/2021\/04\/HEADER-PETIT-CT-2021.jpg","datePublished":"2021-07-22T17:47:34+00:00","dateModified":"2021-07-25T18:41:49+00:00","breadcrumb":{"@id":"https:\/\/t-golf.club\/es\/quiere-ser-un-voluntario\/#breadcrumb"},"inLanguage":"es","potentialAction":[{"@type":"ReadAction","target":["https:\/\/t-golf.club\/es\/quiere-ser-un-voluntario\/"]}]},{"@type":"ImageObject","inLanguage":"es","@id":"https:\/\/t-golf.club\/es\/quiere-ser-un-voluntario\/#primaryimage","url":"https:\/\/t-golf.club\/wp-content\/uploads\/2021\/04\/HEADER-PETIT-CT-2021.jpg","contentUrl":"https:\/\/t-golf.club\/wp-content\/uploads\/2021\/04\/HEADER-PETIT-CT-2021.jpg","width":1440,"height":400},{"@type":"BreadcrumbList","@id":"https:\/\/t-golf.club\/es\/quiere-ser-un-voluntario\/#breadcrumb","itemListElement":[{"@type":"ListItem","position":1,"name":"Home","item":"https:\/\/t-golf.club\/es\/"},{"@type":"ListItem","position":2,"name":"\u00bfQuiere ser un voluntario?"}]},{"@type":"WebSite","@id":"https:\/\/t-golf.club\/es\/#website","url":"https:\/\/t-golf.club\/es\/","name":"T Golf","description":"","inLanguage":"es"}]}},"_links":{"self":[{"href":"https:\/\/t-golf.club\/es\/wp-json\/wp\/v2\/pages\/8357","targetHints":{"allow":["GET"]}}],"collection":[{"href":"https:\/\/t-golf.club\/es\/wp-json\/wp\/v2\/pages"}],"about":[{"href":"https:\/\/t-golf.club\/es\/wp-json\/wp\/v2\/types\/page"}],"author":[{"embeddable":true,"href":"https:\/\/t-golf.club\/es\/wp-json\/wp\/v2\/users\/1"}],"replies":[{"embeddable":true,"href":"https:\/\/t-golf.club\/es\/wp-json\/wp\/v2\/comments?post=8357"}],"version-history":[{"count":5,"href":"https:\/\/t-golf.club\/es\/wp-json\/wp\/v2\/pages\/8357\/revisions"}],"predecessor-version":[{"id":8498,"href":"https:\/\/t-golf.club\/es\/wp-json\/wp\/v2\/pages\/8357\/revisions\/8498"}],"wp:featuredmedia":[{"embeddable":true,"href":"https:\/\/t-golf.club\/es\/wp-json\/wp\/v2\/media\/7235"}],"wp:attachment":[{"href":"https:\/\/t-golf.club\/es\/wp-json\/wp\/v2\/media?parent=8357"}],"curies":[{"name":"wp","href":"https:\/\/api.w.org\/{rel}","templated":true}]}}