{"id":8353,"date":"2021-07-22T17:31:22","date_gmt":"2021-07-22T17:31:22","guid":{"rendered":"https:\/\/t-golf.club\/?page_id=8353"},"modified":"2021-09-28T12:10:47","modified_gmt":"2021-09-28T12:10:47","slug":"quiere-formar-parte-del-championship-village","status":"publish","type":"page","link":"https:\/\/t-golf.club\/es\/quiere-formar-parte-del-championship-village\/","title":{"rendered":"\u00bfQuiere formar parte del Championship Village?"},"content":{"rendered":"","protected":false},"excerpt":{"rendered":"","protected":false},"author":1,"featured_media":7235,"parent":0,"menu_order":46,"comment_status":"closed","ping_status":"closed","template":"views\/flexible.blade.php","meta":{"_acf_changed":false,"footnotes":""},"class_list":["post-8353","page","type-page","status-publish","has-post-thumbnail","hentry"],"acf":{"size":"small","subtitle":"","link_back":{"title":"Challenge Tour 2021","url":"https:\/\/t-golf.club\/es\/challenge-tour-2021\/","target":""},"hero":{"size":"small","subtitle":"","link_back":{"title":"Challenge Tour 2021","url":"https:\/\/t-golf.club\/es\/challenge-tour-2021\/","target":""}},"content":[{"acf_fc_layout":"content","title":"\u00bfQuiere formar parte del Championship Village?","text_large":"<p>El Championship Village ser\u00e1 la oportunidad para que las empresas expongan sus productos locales. <\/p>\n","text":"<p>Dispondr\u00edan de una jaima de <strong>3 metros x 3 metros<\/strong> situada alrededor de una carpa principal del torneo, de jueves a domingo, cuyo coste ser\u00eda 1.500 euros. Otra posibilidad es <strong>traerse su propio food truck<\/strong>, cuyo coste es de 500 euros.<\/p>\n","link":"","cards":false,"image":7631,"sidebar":[{"acf_fc_layout":"contact","text_intro":"Para reservar su puesto en el Village, env\u00ede un correo electr\u00f3nico a:","image":7627,"title":"Alejandra Taronj\u00ed","text":"<p><a href=\"mailto:sales@t-golf.club\">sales@t-golf.club<\/a><\/p>\n"}],"background_color":"white"}]},"yoast_head":"<title>\u00bfQuiere formar parte del Championship Village? - T Golf<\/title>\n<meta name=\"robots\" content=\"index, follow, max-snippet:-1, max-image-preview:large, max-video-preview:-1\" \/>\n<link rel=\"canonical\" href=\"https:\/\/t-golf.club\/es\/quiere-formar-parte-del-championship-village\/\" \/>\n<meta property=\"og:locale\" content=\"es_ES\" \/>\n<meta property=\"og:type\" content=\"article\" \/>\n<meta property=\"og:title\" content=\"\u00bfQuiere formar parte del Championship Village? - T Golf\" \/>\n<meta property=\"og:url\" content=\"https:\/\/t-golf.club\/es\/quiere-formar-parte-del-championship-village\/\" \/>\n<meta property=\"og:site_name\" content=\"T Golf\" \/>\n<meta property=\"article:modified_time\" content=\"2021-09-28T12:10:47+00:00\" \/>\n<meta property=\"og:image\" content=\"https:\/\/t-golf.club\/wp-content\/uploads\/2021\/04\/HEADER-PETIT-CT-2021.jpg\" \/>\n\t<meta property=\"og:image:width\" content=\"1440\" \/>\n\t<meta property=\"og:image:height\" content=\"400\" \/>\n\t<meta property=\"og:image:type\" content=\"image\/jpeg\" \/>\n<meta name=\"twitter:card\" content=\"summary_large_image\" \/>\n<script type=\"application\/ld+json\" class=\"yoast-schema-graph\">{\"@context\":\"https:\\\/\\\/schema.org\",\"@graph\":[{\"@type\":\"WebPage\",\"@id\":\"https:\\\/\\\/t-golf.club\\\/es\\\/quiere-formar-parte-del-championship-village\\\/\",\"url\":\"https:\\\/\\\/t-golf.club\\\/es\\\/quiere-formar-parte-del-championship-village\\\/\",\"name\":\"\u00bfQuiere formar parte del Championship Village? - T Golf\",\"isPartOf\":{\"@id\":\"https:\\\/\\\/t-golf.club\\\/es\\\/#website\"},\"primaryImageOfPage\":{\"@id\":\"https:\\\/\\\/t-golf.club\\\/es\\\/quiere-formar-parte-del-championship-village\\\/#primaryimage\"},\"image\":{\"@id\":\"https:\\\/\\\/t-golf.club\\\/es\\\/quiere-formar-parte-del-championship-village\\\/#primaryimage\"},\"thumbnailUrl\":\"https:\\\/\\\/t-golf.club\\\/wp-content\\\/uploads\\\/2021\\\/04\\\/HEADER-PETIT-CT-2021.jpg\",\"datePublished\":\"2021-07-22T17:31:22+00:00\",\"dateModified\":\"2021-09-28T12:10:47+00:00\",\"breadcrumb\":{\"@id\":\"https:\\\/\\\/t-golf.club\\\/es\\\/quiere-formar-parte-del-championship-village\\\/#breadcrumb\"},\"inLanguage\":\"es\",\"potentialAction\":[{\"@type\":\"ReadAction\",\"target\":[\"https:\\\/\\\/t-golf.club\\\/es\\\/quiere-formar-parte-del-championship-village\\\/\"]}]},{\"@type\":\"ImageObject\",\"inLanguage\":\"es\",\"@id\":\"https:\\\/\\\/t-golf.club\\\/es\\\/quiere-formar-parte-del-championship-village\\\/#primaryimage\",\"url\":\"https:\\\/\\\/t-golf.club\\\/wp-content\\\/uploads\\\/2021\\\/04\\\/HEADER-PETIT-CT-2021.jpg\",\"contentUrl\":\"https:\\\/\\\/t-golf.club\\\/wp-content\\\/uploads\\\/2021\\\/04\\\/HEADER-PETIT-CT-2021.jpg\",\"width\":1440,\"height\":400},{\"@type\":\"BreadcrumbList\",\"@id\":\"https:\\\/\\\/t-golf.club\\\/es\\\/quiere-formar-parte-del-championship-village\\\/#breadcrumb\",\"itemListElement\":[{\"@type\":\"ListItem\",\"position\":1,\"name\":\"Home\",\"item\":\"https:\\\/\\\/t-golf.club\\\/es\\\/\"},{\"@type\":\"ListItem\",\"position\":2,\"name\":\"\u00bfQuiere formar parte del Championship Village?\"}]},{\"@type\":\"WebSite\",\"@id\":\"https:\\\/\\\/t-golf.club\\\/es\\\/#website\",\"url\":\"https:\\\/\\\/t-golf.club\\\/es\\\/\",\"name\":\"T Golf\",\"description\":\"\",\"inLanguage\":\"es\"}]}<\/script>","yoast_head_json":{"title":"\u00bfQuiere formar parte del Championship Village? - T Golf","robots":{"index":"index","follow":"follow","max-snippet":"max-snippet:-1","max-image-preview":"max-image-preview:large","max-video-preview":"max-video-preview:-1"},"canonical":"https:\/\/t-golf.club\/es\/quiere-formar-parte-del-championship-village\/","og_locale":"es_ES","og_type":"article","og_title":"\u00bfQuiere formar parte del Championship Village? - T Golf","og_url":"https:\/\/t-golf.club\/es\/quiere-formar-parte-del-championship-village\/","og_site_name":"T Golf","article_modified_time":"2021-09-28T12:10:47+00:00","og_image":[{"width":1440,"height":400,"url":"https:\/\/t-golf.club\/wp-content\/uploads\/2021\/04\/HEADER-PETIT-CT-2021.jpg","type":"image\/jpeg"}],"twitter_card":"summary_large_image","schema":{"@context":"https:\/\/schema.org","@graph":[{"@type":"WebPage","@id":"https:\/\/t-golf.club\/es\/quiere-formar-parte-del-championship-village\/","url":"https:\/\/t-golf.club\/es\/quiere-formar-parte-del-championship-village\/","name":"\u00bfQuiere formar parte del Championship Village? - T Golf","isPartOf":{"@id":"https:\/\/t-golf.club\/es\/#website"},"primaryImageOfPage":{"@id":"https:\/\/t-golf.club\/es\/quiere-formar-parte-del-championship-village\/#primaryimage"},"image":{"@id":"https:\/\/t-golf.club\/es\/quiere-formar-parte-del-championship-village\/#primaryimage"},"thumbnailUrl":"https:\/\/t-golf.club\/wp-content\/uploads\/2021\/04\/HEADER-PETIT-CT-2021.jpg","datePublished":"2021-07-22T17:31:22+00:00","dateModified":"2021-09-28T12:10:47+00:00","breadcrumb":{"@id":"https:\/\/t-golf.club\/es\/quiere-formar-parte-del-championship-village\/#breadcrumb"},"inLanguage":"es","potentialAction":[{"@type":"ReadAction","target":["https:\/\/t-golf.club\/es\/quiere-formar-parte-del-championship-village\/"]}]},{"@type":"ImageObject","inLanguage":"es","@id":"https:\/\/t-golf.club\/es\/quiere-formar-parte-del-championship-village\/#primaryimage","url":"https:\/\/t-golf.club\/wp-content\/uploads\/2021\/04\/HEADER-PETIT-CT-2021.jpg","contentUrl":"https:\/\/t-golf.club\/wp-content\/uploads\/2021\/04\/HEADER-PETIT-CT-2021.jpg","width":1440,"height":400},{"@type":"BreadcrumbList","@id":"https:\/\/t-golf.club\/es\/quiere-formar-parte-del-championship-village\/#breadcrumb","itemListElement":[{"@type":"ListItem","position":1,"name":"Home","item":"https:\/\/t-golf.club\/es\/"},{"@type":"ListItem","position":2,"name":"\u00bfQuiere formar parte del Championship Village?"}]},{"@type":"WebSite","@id":"https:\/\/t-golf.club\/es\/#website","url":"https:\/\/t-golf.club\/es\/","name":"T Golf","description":"","inLanguage":"es"}]}},"_links":{"self":[{"href":"https:\/\/t-golf.club\/es\/wp-json\/wp\/v2\/pages\/8353","targetHints":{"allow":["GET"]}}],"collection":[{"href":"https:\/\/t-golf.club\/es\/wp-json\/wp\/v2\/pages"}],"about":[{"href":"https:\/\/t-golf.club\/es\/wp-json\/wp\/v2\/types\/page"}],"author":[{"embeddable":true,"href":"https:\/\/t-golf.club\/es\/wp-json\/wp\/v2\/users\/1"}],"replies":[{"embeddable":true,"href":"https:\/\/t-golf.club\/es\/wp-json\/wp\/v2\/comments?post=8353"}],"version-history":[{"count":3,"href":"https:\/\/t-golf.club\/es\/wp-json\/wp\/v2\/pages\/8353\/revisions"}],"predecessor-version":[{"id":9167,"href":"https:\/\/t-golf.club\/es\/wp-json\/wp\/v2\/pages\/8353\/revisions\/9167"}],"wp:featuredmedia":[{"embeddable":true,"href":"https:\/\/t-golf.club\/es\/wp-json\/wp\/v2\/media\/7235"}],"wp:attachment":[{"href":"https:\/\/t-golf.club\/es\/wp-json\/wp\/v2\/media?parent=8353"}],"curies":[{"name":"wp","href":"https:\/\/api.w.org\/{rel}","templated":true}]}}