{"id":8350,"date":"2021-07-22T17:08:31","date_gmt":"2021-07-22T17:08:31","guid":{"rendered":"https:\/\/t-golf.club\/?page_id=8350"},"modified":"2021-07-30T17:01:28","modified_gmt":"2021-07-30T17:01:28","slug":"quiere-ser-patrocinador-del-torneo","status":"publish","type":"page","link":"https:\/\/t-golf.club\/es\/quiere-ser-patrocinador-del-torneo\/","title":{"rendered":"\u00bfQuiere ser patrocinador del torneo?"},"content":{"rendered":"","protected":false},"excerpt":{"rendered":"","protected":false},"author":1,"featured_media":7235,"parent":0,"menu_order":49,"comment_status":"closed","ping_status":"closed","template":"views\/flexible.blade.php","meta":{"_acf_changed":false,"footnotes":""},"class_list":["post-8350","page","type-page","status-publish","has-post-thumbnail","hentry"],"acf":{"size":"small","subtitle":"","link_back":{"title":"Challenge Tour 2021","url":"https:\/\/t-golf.club\/es\/challenge-tour-2021\/","target":""},"hero":{"size":"small","subtitle":"","link_back":{"title":"Challenge Tour 2021","url":"https:\/\/t-golf.club\/es\/challenge-tour-2021\/","target":""}},"content":[{"acf_fc_layout":"content","title":"\u00bfQuiere ser patrocinador del torneo?","text_large":"<p>Hay varias oportunidades corporativas para que las empresas sean patrocinadoras del Torneo.<\/p>\n","text":"","link":"","cards":false,"image":false,"sidebar":[{"acf_fc_layout":"contact","text_intro":"Si est\u00e1 interesado, por favor env\u00ede un correo electr\u00f3nico a:","image":7627,"title":"Alejandra Taronj\u00ed","text":"<p><a href=\"mailto:sales@t-golf.club\">sales@t-golf.club<\/a><\/p>\n"}],"background_color":"brown-100"},{"acf_fc_layout":"content","title":"A) Patrocinador Premier","text_large":"","text":"<ul>\n<li>Patrocinador Premier del Challenge Tour Grand Final<\/li>\n<li>24 para almorzar en el VIP Hospitality de los patrocinadores del torneo * \u2013 una mesa de 6 cada d\u00eda del torneo<\/li>\n<li>30 minutos de clinic con un profesional de golf<\/li>\n<li>Categor\u00eda exclusive<\/li>\n<li>Uso del logotipo del torneo<\/li>\n<li>Logotipo en el photocall de la entrevista oficial<\/li>\n<li>5 equipos en el Pro-Am del torneo (15 jugadores)<\/li>\n<li>4 invitaciones a la cena oficial de bienvenida<\/li>\n<li>Logotipo en el photocall de la entrega de premios<\/li>\n<li>5 paneles de se\u00f1alizaci\u00f3n en el campo<\/li>\n<li>2 paneles de se\u00f1alizaci\u00f3n fuera del campo<\/li>\n<li>Logotipo en el tabl\u00f3n de anuncios del patrocinador<\/li>\n<li>Logotipo y enlace en challengetour.com<\/li>\n<li>Comunicado de prensa a trav\u00e9s de los canales del Challenge Tour<\/li>\n<li>Publicaci\u00f3n en las redes sociales a trav\u00e9s de las plataformas del Challenge Tour<\/li>\n<li>Unidad de exposici\u00f3n complementaria para promocionar los servicios de la empresa en el evento<\/li>\n<\/ul>\n<p>* Incluyendo cervezas y vinos complementarios. Oportunidad de tener invitados adicionales a cargo del patrocinador<\/p>\n","link":"","cards":false,"image":false,"sidebar":[{"acf_fc_layout":"table","table":[{"title":"Coste","text":"50.000 euros + IVA o el valor equivalente en intercambio"}]}],"background_color":"white"},{"acf_fc_layout":"content","title":"B) Patrocinador Oficial","text_large":"","text":"<ul>\n<li>Partner oficial del Challenge Tour Grand Final<\/li>\n<li>16 invitaciones para almorzar en el VIP Hospitality de los patrocinadores del torneo *<\/li>\n<li>Exclusividad en la categor\u00eda<\/li>\n<li>Uso del logotipo del torneo<\/li>\n<li>Logotipo en el photocall de la entrevista oficial<\/li>\n<li>3 equipos en el Pro-Am del torneo (9 jugadores)<\/li>\n<li>2 invitaciones a la cena oficial de bienvenida<\/li>\n<li>Logotipo en el photocall de la entrega de premios<\/li>\n<li>4 paneles de se\u00f1alizaci\u00f3n en el campo<\/li>\n<li>2 paneles de se\u00f1alizaci\u00f3n fuera del campo<\/li>\n<li>Logotipo en el tabl\u00f3n de anuncios del patrocinador<\/li>\n<li>Logotipo y enlace en challengetour.com<\/li>\n<li>Comunicado de prensa a trav\u00e9s de los canales del Challenge Tour<\/li>\n<li>1 publicaci\u00f3n en las redes sociales a trav\u00e9s de las plataformas del Challenge Tour<\/li>\n<li>Unidad de exposici\u00f3n complementaria para promocionar los servicios de la empresa en el evento<\/li>\n<\/ul>\n<p>* Incluyendo cervezas y vinos complementarios. Oportunidad de tener invitados adicionales a cargo del patrocinador<\/p>\n","link":"","cards":false,"image":false,"sidebar":[{"acf_fc_layout":"table","table":[{"title":"Coste","text":"30.000 euros + IVA o el valor equivalente en intercambio"}]}],"background_color":"brown-100"},{"acf_fc_layout":"content","title":"C) Sponsor oficial","text_large":"","text":"<ul>\n<li>4 invitaciones para el almuerzo en las instalaciones de hospitalidad de los patrocinadores en el lugar de celebraci\u00f3n*<\/li>\n<li>Exclusividad de categor\u00eda<\/li>\n<li>Uso del logotipo del torneo<\/li>\n<li>Logotipo en el photocall de la entrevista oficial<\/li>\n<li>1 equipo en el Pro-Am del torneo (3 jugadores)<\/li>\n<li>2 invitaciones a la cena oficial de bienvenida<\/li>\n<li>Logotipo en el photocall de la entrega de premios<\/li>\n<li>2 paneles de se\u00f1alizaci\u00f3n en el campo<\/li>\n<li>1 tablero de se\u00f1alizaci\u00f3n fuera del campo<\/li>\n<li>Logotipo en el tabl\u00f3n de anuncios del patrocinador<\/li>\n<li>Logotipo y enlace en challengetour.com<\/li>\n<li>Oportunidad de promocionar los servicios de la empresa en el evento**<\/li>\n<\/ul>\n<p>* Incluyendo cervezas y vinos. Oportunidad de tener invitados adicionales a cargo del patrocinador<br \/>\n** El patrocinador podr\u00e1 obtener una carpa a trav\u00e9s del proveedor oficial de carpas del Challenge Tour, a cargo del patrocinador<\/p>\n","link":"","cards":false,"image":false,"sidebar":[{"acf_fc_layout":"table","table":[{"title":"Coste","text":"10.000 euros + IVA o el valor equivalente en intercambio"}]}],"background_color":"white"},{"acf_fc_layout":"content","title":"D) Proveedor oficial","text_large":"","text":"<ul>\n<li>1 equipo en el Pro-Am del Torneo (3 jugadores)<\/li>\n<li>2 invitaciones a la cena oficial de bienvenida<\/li>\n<li>Logo en el photocall de la entrega de premios<\/li>\n<li>1 valla de publicidad en el campo<\/li>\n<li>Logo en el tabl\u00f3n de anuncios del patrocinador<\/li>\n<li>Logo y enlace en challengetour.com<\/li>\n<li>Oportunidad de promocionar los servicios de la empresa en el evento*<\/li>\n<li>Oportunidad de acoger a invitados en las instalaciones de hospitalidad de los patrocinadores en el lugar de celebraci\u00f3n**<\/li>\n<\/ul>\n<p>* El proveedor se encargar\u00e1 de adquirir la carpa a trav\u00e9s del proveedor oficial del Challenge Tour y ser\u00eda a cargo del proveedor.<br \/>\n** A cargo del Proveedor<\/p>\n","link":"","cards":false,"image":false,"sidebar":[{"acf_fc_layout":"table","table":[{"title":"Coste","text":"5.000 euros + IVA o el valor equivalente en intercambio"}]}],"background_color":"brown-100"},{"acf_fc_layout":"content","title":"E) Patr\u00f3n Oficial","text_large":"","text":"<ul>\n<li>1 valla de publicidad en el campo<\/li>\n<li>Logotipo en el tabl\u00f3n de patrocinadores<\/li>\n<li>Logotipo y enlace en challengetour.com<\/li>\n<li>Oportunidad de promocionar los servicios de la empresa en el evento*<\/li>\n<li>Oportunidad de acoger a invitados en las instalaciones de hospitalidad de los patrocinadores en el lugar de celebraci\u00f3n**<\/li>\n<\/ul>\n<p>* El patr\u00f3n se encargar\u00e1 de adquirir la carpa a trav\u00e9s del proveedor oficial del Challenge Tour y ser\u00eda a cargo del proveedor.<br \/>\n** A cargo del Proveedor<\/p>\n","link":"","cards":false,"image":false,"sidebar":[{"acf_fc_layout":"table","table":[{"title":"Coste","text":"3.000 euros + IVA o el valor equivalente en intercambio"}]}],"background_color":"white"}]},"yoast_head":"<title>\u00bfQuiere ser patrocinador del torneo? - T Golf<\/title>\n<meta name=\"robots\" content=\"index, follow, max-snippet:-1, max-image-preview:large, max-video-preview:-1\" \/>\n<link rel=\"canonical\" href=\"https:\/\/t-golf.club\/es\/quiere-ser-patrocinador-del-torneo\/\" \/>\n<meta property=\"og:locale\" content=\"es_ES\" \/>\n<meta property=\"og:type\" content=\"article\" \/>\n<meta property=\"og:title\" content=\"\u00bfQuiere ser patrocinador del torneo? - T Golf\" \/>\n<meta property=\"og:url\" content=\"https:\/\/t-golf.club\/es\/quiere-ser-patrocinador-del-torneo\/\" \/>\n<meta property=\"og:site_name\" content=\"T Golf\" \/>\n<meta property=\"article:modified_time\" content=\"2021-07-30T17:01:28+00:00\" \/>\n<meta property=\"og:image\" content=\"https:\/\/t-golf.club\/wp-content\/uploads\/2021\/04\/HEADER-PETIT-CT-2021.jpg\" \/>\n\t<meta property=\"og:image:width\" content=\"1440\" \/>\n\t<meta property=\"og:image:height\" content=\"400\" \/>\n\t<meta property=\"og:image:type\" content=\"image\/jpeg\" \/>\n<meta name=\"twitter:card\" content=\"summary_large_image\" \/>\n<script type=\"application\/ld+json\" class=\"yoast-schema-graph\">{\"@context\":\"https:\\\/\\\/schema.org\",\"@graph\":[{\"@type\":\"WebPage\",\"@id\":\"https:\\\/\\\/t-golf.club\\\/es\\\/quiere-ser-patrocinador-del-torneo\\\/\",\"url\":\"https:\\\/\\\/t-golf.club\\\/es\\\/quiere-ser-patrocinador-del-torneo\\\/\",\"name\":\"\u00bfQuiere ser patrocinador del torneo? - T Golf\",\"isPartOf\":{\"@id\":\"https:\\\/\\\/t-golf.club\\\/es\\\/#website\"},\"primaryImageOfPage\":{\"@id\":\"https:\\\/\\\/t-golf.club\\\/es\\\/quiere-ser-patrocinador-del-torneo\\\/#primaryimage\"},\"image\":{\"@id\":\"https:\\\/\\\/t-golf.club\\\/es\\\/quiere-ser-patrocinador-del-torneo\\\/#primaryimage\"},\"thumbnailUrl\":\"https:\\\/\\\/t-golf.club\\\/wp-content\\\/uploads\\\/2021\\\/04\\\/HEADER-PETIT-CT-2021.jpg\",\"datePublished\":\"2021-07-22T17:08:31+00:00\",\"dateModified\":\"2021-07-30T17:01:28+00:00\",\"breadcrumb\":{\"@id\":\"https:\\\/\\\/t-golf.club\\\/es\\\/quiere-ser-patrocinador-del-torneo\\\/#breadcrumb\"},\"inLanguage\":\"es\",\"potentialAction\":[{\"@type\":\"ReadAction\",\"target\":[\"https:\\\/\\\/t-golf.club\\\/es\\\/quiere-ser-patrocinador-del-torneo\\\/\"]}]},{\"@type\":\"ImageObject\",\"inLanguage\":\"es\",\"@id\":\"https:\\\/\\\/t-golf.club\\\/es\\\/quiere-ser-patrocinador-del-torneo\\\/#primaryimage\",\"url\":\"https:\\\/\\\/t-golf.club\\\/wp-content\\\/uploads\\\/2021\\\/04\\\/HEADER-PETIT-CT-2021.jpg\",\"contentUrl\":\"https:\\\/\\\/t-golf.club\\\/wp-content\\\/uploads\\\/2021\\\/04\\\/HEADER-PETIT-CT-2021.jpg\",\"width\":1440,\"height\":400},{\"@type\":\"BreadcrumbList\",\"@id\":\"https:\\\/\\\/t-golf.club\\\/es\\\/quiere-ser-patrocinador-del-torneo\\\/#breadcrumb\",\"itemListElement\":[{\"@type\":\"ListItem\",\"position\":1,\"name\":\"Home\",\"item\":\"https:\\\/\\\/t-golf.club\\\/es\\\/\"},{\"@type\":\"ListItem\",\"position\":2,\"name\":\"\u00bfQuiere ser patrocinador del torneo?\"}]},{\"@type\":\"WebSite\",\"@id\":\"https:\\\/\\\/t-golf.club\\\/es\\\/#website\",\"url\":\"https:\\\/\\\/t-golf.club\\\/es\\\/\",\"name\":\"T Golf\",\"description\":\"\",\"inLanguage\":\"es\"}]}<\/script>","yoast_head_json":{"title":"\u00bfQuiere ser patrocinador del torneo? - T Golf","robots":{"index":"index","follow":"follow","max-snippet":"max-snippet:-1","max-image-preview":"max-image-preview:large","max-video-preview":"max-video-preview:-1"},"canonical":"https:\/\/t-golf.club\/es\/quiere-ser-patrocinador-del-torneo\/","og_locale":"es_ES","og_type":"article","og_title":"\u00bfQuiere ser patrocinador del torneo? - T Golf","og_url":"https:\/\/t-golf.club\/es\/quiere-ser-patrocinador-del-torneo\/","og_site_name":"T Golf","article_modified_time":"2021-07-30T17:01:28+00:00","og_image":[{"width":1440,"height":400,"url":"https:\/\/t-golf.club\/wp-content\/uploads\/2021\/04\/HEADER-PETIT-CT-2021.jpg","type":"image\/jpeg"}],"twitter_card":"summary_large_image","schema":{"@context":"https:\/\/schema.org","@graph":[{"@type":"WebPage","@id":"https:\/\/t-golf.club\/es\/quiere-ser-patrocinador-del-torneo\/","url":"https:\/\/t-golf.club\/es\/quiere-ser-patrocinador-del-torneo\/","name":"\u00bfQuiere ser patrocinador del torneo? - T Golf","isPartOf":{"@id":"https:\/\/t-golf.club\/es\/#website"},"primaryImageOfPage":{"@id":"https:\/\/t-golf.club\/es\/quiere-ser-patrocinador-del-torneo\/#primaryimage"},"image":{"@id":"https:\/\/t-golf.club\/es\/quiere-ser-patrocinador-del-torneo\/#primaryimage"},"thumbnailUrl":"https:\/\/t-golf.club\/wp-content\/uploads\/2021\/04\/HEADER-PETIT-CT-2021.jpg","datePublished":"2021-07-22T17:08:31+00:00","dateModified":"2021-07-30T17:01:28+00:00","breadcrumb":{"@id":"https:\/\/t-golf.club\/es\/quiere-ser-patrocinador-del-torneo\/#breadcrumb"},"inLanguage":"es","potentialAction":[{"@type":"ReadAction","target":["https:\/\/t-golf.club\/es\/quiere-ser-patrocinador-del-torneo\/"]}]},{"@type":"ImageObject","inLanguage":"es","@id":"https:\/\/t-golf.club\/es\/quiere-ser-patrocinador-del-torneo\/#primaryimage","url":"https:\/\/t-golf.club\/wp-content\/uploads\/2021\/04\/HEADER-PETIT-CT-2021.jpg","contentUrl":"https:\/\/t-golf.club\/wp-content\/uploads\/2021\/04\/HEADER-PETIT-CT-2021.jpg","width":1440,"height":400},{"@type":"BreadcrumbList","@id":"https:\/\/t-golf.club\/es\/quiere-ser-patrocinador-del-torneo\/#breadcrumb","itemListElement":[{"@type":"ListItem","position":1,"name":"Home","item":"https:\/\/t-golf.club\/es\/"},{"@type":"ListItem","position":2,"name":"\u00bfQuiere ser patrocinador del torneo?"}]},{"@type":"WebSite","@id":"https:\/\/t-golf.club\/es\/#website","url":"https:\/\/t-golf.club\/es\/","name":"T Golf","description":"","inLanguage":"es"}]}},"_links":{"self":[{"href":"https:\/\/t-golf.club\/es\/wp-json\/wp\/v2\/pages\/8350","targetHints":{"allow":["GET"]}}],"collection":[{"href":"https:\/\/t-golf.club\/es\/wp-json\/wp\/v2\/pages"}],"about":[{"href":"https:\/\/t-golf.club\/es\/wp-json\/wp\/v2\/types\/page"}],"author":[{"embeddable":true,"href":"https:\/\/t-golf.club\/es\/wp-json\/wp\/v2\/users\/1"}],"replies":[{"embeddable":true,"href":"https:\/\/t-golf.club\/es\/wp-json\/wp\/v2\/comments?post=8350"}],"version-history":[{"count":5,"href":"https:\/\/t-golf.club\/es\/wp-json\/wp\/v2\/pages\/8350\/revisions"}],"predecessor-version":[{"id":8589,"href":"https:\/\/t-golf.club\/es\/wp-json\/wp\/v2\/pages\/8350\/revisions\/8589"}],"wp:featuredmedia":[{"embeddable":true,"href":"https:\/\/t-golf.club\/es\/wp-json\/wp\/v2\/media\/7235"}],"wp:attachment":[{"href":"https:\/\/t-golf.club\/es\/wp-json\/wp\/v2\/media?parent=8350"}],"curies":[{"name":"wp","href":"https:\/\/api.w.org\/{rel}","templated":true}]}}