{"id":8344,"date":"2021-07-22T16:55:16","date_gmt":"2021-07-22T16:55:16","guid":{"rendered":"https:\/\/t-golf.club\/?page_id=8344"},"modified":"2022-08-24T18:40:25","modified_gmt":"2022-08-24T18:40:25","slug":"challenge-tour-2021","status":"publish","type":"page","link":"https:\/\/t-golf.club\/es\/calvia\/challenge-tour-2021\/","title":{"rendered":"Challenge Tour 2021"},"content":{"rendered":"","protected":false},"excerpt":{"rendered":"","protected":false},"author":1,"featured_media":8559,"parent":1296,"menu_order":55,"comment_status":"closed","ping_status":"closed","template":"views\/flexible.blade.php","meta":{"_acf_changed":false,"footnotes":""},"class_list":["post-8344","page","type-page","status-publish","has-post-thumbnail","hentry"],"acf":{"size":"small","subtitle":"","link_back":{"title":"Challenge Tour","url":"https:\/\/t-golf.club\/es\/calvia\/challenge-tour\/","target":""},"hero":{"size":"small","subtitle":"","link_back":{"title":"Challenge Tour","url":"https:\/\/t-golf.club\/es\/calvia\/challenge-tour\/","target":""}},"content":[{"acf_fc_layout":"color_cards","title":"ENTRADAS","cards":[{"image":8566,"pre_title":"","title":"TICKETS","subtitle":"Obtener sus entradas gratuitas","link":{"title":"Obtener","url":"https:\/\/tickets.europeantour.com\/eut\/#\/e3d60912-955e-421c-95c6-29c193db1ae5\/shop\/custom-pack?fac=EUT&locale=es&skin=pgachallenge","target":"_blank"},"color":"blue-light-300"}],"background_color":"brown-100"},{"acf_fc_layout":"content","title":"Rolex y R&A unir\u00e1n sus fuerzas en la Gran Final del Challenge Tour","text_large":"<p>El Rolex Challenge Tour Grand Final apoyado por R&A, tendr\u00e1 lugar en T Golf & Country Club, Mallorca, del 4 al 7 de noviembre de 2021<\/p>\n","text":"<p>El European Challenge Tour ha anunciado hoy que Rolex, un dedicado patrocinador del Tour durante m\u00e1s de 30 a\u00f1os, se ha convertido en el patrocinador principal de la Gran Final del Challenge Tour, reafirmando su compromiso con la pr\u00f3xima generaci\u00f3n de futuras estrellas, mientras que The R&amp;A se convertir\u00e1 en el Patrocinador de Apoyo de la final de la temporada.<\/p>\n<p><strong>La Gran Final del Rolex Challenge Tour apoyada por The R&amp;A, que tendr\u00e1 lugar en T Golf &amp; Country Club, Mallorca, del 4 al 7 de noviembre de 2021, pondr\u00e1 fin a la clasificaci\u00f3n del Road to Mallorca 2021, con un aumento de la dotaci\u00f3n de premios de 420.000 a 450.000 euros. Los 20 mejores jugadores obtendr\u00e1n privilegios de juego en el European Tour para el a\u00f1o siguiente.<\/strong><\/p>\n<p>La afiliaci\u00f3n de Rolex con el Challenge Tour se remonta a m\u00e1s de 30 a\u00f1os y al asumir el patrocinio del t\u00edtulo de la Gran Final del Rolex Challenge Tour con el apoyo de la R&amp;A, Rolex refuerza su continuo apoyo a las futuras estrellas del deporte.<\/p>\n<p>Tras haber estado en el coraz\u00f3n del juego durante m\u00e1s de 50 a\u00f1os, Rolex proporciona apoyo tanto a los jugadores prometedores como a los de categor\u00eda mundial, a los principales Tours y organismos profesionales, as\u00ed como a los mejores eventos del calendario de golf.<\/p>\n<p>Las Series Rolex, la categor\u00eda premium de eventos del calendario internacional del European Tour con un fondo m\u00ednimo de premios de 8 millones de d\u00f3lares, se lanzaron en 2017 para coincidir con el 20\u00ba aniversario de la duradera asociaci\u00f3n de Rolex con el European Tour. Acompa\u00f1a a los talentos emergentes en toda su trayectoria, desde el amateur, pasando por el Challenge Tour, hasta competir contra los mejores del mundo.<\/p>\n<p>Rolex tambi\u00e9n se ha convertido recientemente en Socio Mundial de la Ryder Cup, la mayor competici\u00f3n por equipos del golf, y se alinea con la PGA de Am\u00e9rica como Cronometrador Oficial, un papel que ha disfrutado con el Equipo de Europa desde 1995.<\/p>\n<p>El Challenge Tour ha estado a la vanguardia de la difusi\u00f3n del golf en todo el mundo durante m\u00e1s de tres d\u00e9cadas, jugando en m\u00e1s de 50 pa\u00edses de todo el mundo.<\/p>\n<p>El compromiso a largo plazo de Rolex con el Challenge Tour comenz\u00f3 con el Trofeo Rolex, que ha formado parte del calendario del Challenge Tour desde la temporada inaugural en 1989, aunque el apoyo se concentrar\u00e1 ahora en la Gran Final, la prueba de final de temporada del Challenge Tour, y en el apoyo a un evento de sustituci\u00f3n en agosto de este a\u00f1o, como parte de su compromiso con la pr\u00f3xima generaci\u00f3n de estrellas.<\/p>\n","link":"","cards":false,"image":8566,"sidebar":false,"background_color":"white"},{"acf_fc_layout":"quotes","title":"","quotes":[{"author":"Jamie Hodges, Director del Challenge Tour","text":"<p>\u00abEstamos incre\u00edblemente agradecidos a Rolex por el apoyo que ha dado al Challenge Tour durante los \u00faltimos 30 a\u00f1os, han sido un verdadero patrocinador de nuestro Tour durante todo este tiempo y estamos muy emocionados de trabajar con ellos en este pr\u00f3ximo cap\u00edtulo\u00bb<\/p>\n"},{"author":"Jamie Hodges, Director del Challenge Tour","text":"<p>\u00abTanto Rolex como la R&amp;A han demostrado un incre\u00edble compromiso con el Challenge Tour durante la interrupci\u00f3n causada por la pandemia del COVID-19. La temporada pasada, Rolex reutiliz\u00f3 el fondo de premios destinado al Torneo Rolex cancelado, para beneficiar al calendario ampliado del Challenge Tour y a sus miembros, mientras que adem\u00e1s de su subvenci\u00f3n anual, The R&amp;A proporcion\u00f3 financiaci\u00f3n adicional a trav\u00e9s de su Fondo de Apoyo al COVID-19, un paquete de 7 millones de libras para ayudar al golf a hacer frente al impacto de la pandemia mundial. Estamos encantados de que ambos hayan reafirmado su valioso apoyo con el anuncio de hoy\u201d.<\/p>\n"},{"author":"Jamie Hodges, Director del Challenge Tour","text":"<p>\u00abLa Gran Final del Challenge Tour es la c\u00faspide de la temporada Road to Mallorca y el hecho de que Rolex se convierta en patrocinador principal del evento no hace m\u00e1s que aumentar su prestigio y perfil dentro del mundo del golf y destaca su dedicaci\u00f3n al Challenge Tour. Por su parte, la participaci\u00f3n de la R&amp;A como Supporting Partner contin\u00faa su compromiso con el desarrollo de las futuras generaciones en su viaje desde el juego amateur hasta el m\u00e1ximo nivel, as\u00ed como la promoci\u00f3n y progresi\u00f3n del deporte en las naciones emergentes de golf\u201d<\/p>\n"},{"author":"Phil Anderton, Director de Desarrollo de la R&A","text":"<p>Estamos comprometidos con el apoyo al European Challenge Tour y estamos orgullosos de extender este apoyo a la Gran Final y a la culminaci\u00f3n de la temporada Road to Mallorca. Se trata de una ocasi\u00f3n muy importante en el calendario de golf europeo y otro hito clave en el camino de los golfistas profesionales emergentes\u201d<\/p>\n"},{"author":"Phil Anderton, Director de Desarrollo de la R&A","text":"<p>\u00abNuestro objetivo es hacer todo lo posible para fortalecer los pelda\u00f1os de la escalera del golf, desde las bases hasta los amateurs de \u00e9lite y luego los circuitos profesionales. Queremos proporcionar las oportunidades para que los jugadores surjan, se desarrollen y florezcan en los niveles m\u00e1s altos del juego e inspiren a las generaciones futuras\u00bb.<\/p>\n"}],"background_color":"brown-100"},{"acf_fc_layout":"cta_tgolf_team","text":"\u00danete a T Golf para ser parte del equipo como...","cards":[{"text":"Patrocinador","link":{"title":"\u00bfQuiere ser patrocinador del torneo?","url":"https:\/\/t-golf.club\/es\/quiere-ser-patrocinador-del-torneo\/","target":""}},{"text":"Parte del Championship Village","link":{"title":"\u00bfQuiere formar parte del Championship Village?","url":"https:\/\/t-golf.club\/es\/quiere-formar-parte-del-championship-village\/","target":""}},{"text":"Voluntario","link":{"title":"\u00bfQuiere ser un voluntario?","url":"https:\/\/t-golf.club\/es\/quiere-ser-un-voluntario\/","target":""}}],"background":7276},{"acf_fc_layout":"color_cards","title":"Anuncio","cards":[{"image":5888,"pre_title":"\u00bfQUIERE JUGAR EL PRO-AM? ","title":"Challenge<br>PRO AM","subtitle":"Miercoles 3 de noviembre de 2021","link":{"title":"Challenge Tour PRO-AM 2021","url":"https:\/\/t-golf.club\/es\/challenge-tour-pro-am-2021\/","target":""},"color":"blue-light-100"}],"background_color":"white"},{"acf_fc_layout":"content","title":"ANUNCIO","text_large":"<p>T Golf & Country Club volver\u00e1 a acoger la Gran Final del Challenge Tour cuando la final del Road to Mallorca vuelva a las Islas Baleares en 2021.<\/p>\n","text":"<p>El lugar, situado a 15 km de la capital de Palma, organiz\u00f3 con \u00e9xito la Gran Final de 2020 la semana pasada, ya que Ondrej Lieser se convirti\u00f3 en el primer golfista de la Rep\u00fablica Checa en ganar el evento y ser coronado como el n\u00famero uno de Road to Mallorca.<\/p>\n<p>La Gran Final del Challenge Tour 2021, que se juega con las monta\u00f1as de Tramuntana como tel\u00f3n de fondo, ser\u00e1 la \u00faltima parada de la temporada del Programa Internacional Road to Mallorca, en el que los 45 mejores jugadores competir\u00e1n por un puesto en el Tour Europeo para la temporada 2022.<\/p>\n<p>Jamie Hodges, director del Challenge Tour, dijo: \u00abT Golf &amp; Country Club demostr\u00f3 ser un lugar fant\u00e1stico este a\u00f1o y por lo tanto hizo muy f\u00e1cil la decisi\u00f3n de regresar en 2021\u201d.<\/p>\n<p>\u00abEl campo de golf estaba en condiciones inmaculadas y recib\u00ed una incre\u00edble cantidad de comentarios positivos de los jugadores\u00bb.<\/p>\n<p>\u00abDebo agradecer a Heiner Tamsen, el due\u00f1o del T Golf &amp; Country Club, Borja Ochoa, el Director General, y a todo el personal que nos cuid\u00f3 tan bien y en l\u00ednea con nuestros protocolos de Covid-19\u201d.<\/p>\n<p>\u00abEsperamos con entusiasmo trabajar de nuevo con el equipo de T-Golf para repetir el \u00e9xito de este a\u00f1o y no podemos esperar para regresar y celebrar la Gran Final del Challenge Tour 2021\u00bb.<\/p>\n","link":"","cards":false,"image":7348,"sidebar":false,"background_color":"white"},{"acf_fc_layout":"quotes","title":"","quotes":[{"author":"Bernardino Jaume, Presidente de la Federaci\u00f3n Balear de Golf","text":"<p>Quiero agradecer a todos la ayuda y la buena voluntad que nos mostraron al acoger la Gran Final del Challenge Tour. Las administraciones locales son una parte decisiva de este evento y tanto el Gobierno Balear como el Consell de Mallorca han sido magn\u00edficos en ofrecer su apoyo.<\/p>\n"},{"author":"Bernardino Jaume, Presidente de la Federaci\u00f3n Balear de Golf","text":"<p>El European Challenge Tour, el personal del T Golf &amp; Country Club, y todos los voluntarios han trabajado unidos para llevar a cabo este evento y esperamos hacerlo de nuevo durante el pr\u00f3ximo a\u00f1o.<\/p>\n"}],"background_color":"white"}],"wp_nav_image":false},"yoast_head":"<title>Challenge Tour 2021 - T Golf<\/title>\n<meta name=\"robots\" content=\"index, follow, max-snippet:-1, max-image-preview:large, max-video-preview:-1\" \/>\n<link rel=\"canonical\" href=\"https:\/\/t-golf.club\/es\/calvia\/challenge-tour-2021\/\" \/>\n<meta property=\"og:locale\" content=\"es_ES\" \/>\n<meta property=\"og:type\" content=\"article\" \/>\n<meta property=\"og:title\" content=\"Challenge Tour 2021 - T Golf\" \/>\n<meta property=\"og:url\" content=\"https:\/\/t-golf.club\/es\/calvia\/challenge-tour-2021\/\" \/>\n<meta property=\"og:site_name\" content=\"T Golf\" \/>\n<meta property=\"article:modified_time\" content=\"2022-08-24T18:40:25+00:00\" \/>\n<meta property=\"og:image\" content=\"https:\/\/t-golf.club\/wp-content\/uploads\/2021\/07\/Challenge-Tour-2021-Rolex-banner.png\" \/>\n\t<meta property=\"og:image:width\" content=\"1434\" \/>\n\t<meta property=\"og:image:height\" content=\"400\" \/>\n\t<meta property=\"og:image:type\" content=\"image\/png\" \/>\n<meta name=\"twitter:card\" content=\"summary_large_image\" \/>\n<script type=\"application\/ld+json\" class=\"yoast-schema-graph\">{\"@context\":\"https:\\\/\\\/schema.org\",\"@graph\":[{\"@type\":\"WebPage\",\"@id\":\"https:\\\/\\\/t-golf.club\\\/es\\\/calvia\\\/challenge-tour-2021\\\/\",\"url\":\"https:\\\/\\\/t-golf.club\\\/es\\\/calvia\\\/challenge-tour-2021\\\/\",\"name\":\"Challenge Tour 2021 - T Golf\",\"isPartOf\":{\"@id\":\"https:\\\/\\\/t-golf.club\\\/es\\\/#website\"},\"primaryImageOfPage\":{\"@id\":\"https:\\\/\\\/t-golf.club\\\/es\\\/calvia\\\/challenge-tour-2021\\\/#primaryimage\"},\"image\":{\"@id\":\"https:\\\/\\\/t-golf.club\\\/es\\\/calvia\\\/challenge-tour-2021\\\/#primaryimage\"},\"thumbnailUrl\":\"https:\\\/\\\/t-golf.club\\\/wp-content\\\/uploads\\\/2021\\\/07\\\/Challenge-Tour-2021-Rolex-banner.png\",\"datePublished\":\"2021-07-22T16:55:16+00:00\",\"dateModified\":\"2022-08-24T18:40:25+00:00\",\"breadcrumb\":{\"@id\":\"https:\\\/\\\/t-golf.club\\\/es\\\/calvia\\\/challenge-tour-2021\\\/#breadcrumb\"},\"inLanguage\":\"es\",\"potentialAction\":[{\"@type\":\"ReadAction\",\"target\":[\"https:\\\/\\\/t-golf.club\\\/es\\\/calvia\\\/challenge-tour-2021\\\/\"]}]},{\"@type\":\"ImageObject\",\"inLanguage\":\"es\",\"@id\":\"https:\\\/\\\/t-golf.club\\\/es\\\/calvia\\\/challenge-tour-2021\\\/#primaryimage\",\"url\":\"https:\\\/\\\/t-golf.club\\\/wp-content\\\/uploads\\\/2021\\\/07\\\/Challenge-Tour-2021-Rolex-banner.png\",\"contentUrl\":\"https:\\\/\\\/t-golf.club\\\/wp-content\\\/uploads\\\/2021\\\/07\\\/Challenge-Tour-2021-Rolex-banner.png\",\"width\":1434,\"height\":400},{\"@type\":\"BreadcrumbList\",\"@id\":\"https:\\\/\\\/t-golf.club\\\/es\\\/calvia\\\/challenge-tour-2021\\\/#breadcrumb\",\"itemListElement\":[{\"@type\":\"ListItem\",\"position\":1,\"name\":\"Home\",\"item\":\"https:\\\/\\\/t-golf.club\\\/es\\\/\"},{\"@type\":\"ListItem\",\"position\":2,\"name\":\"Home Calvi\u00e0\",\"item\":\"https:\\\/\\\/t-golf.club\\\/es\\\/calvia\\\/\"},{\"@type\":\"ListItem\",\"position\":3,\"name\":\"Challenge Tour 2021\"}]},{\"@type\":\"WebSite\",\"@id\":\"https:\\\/\\\/t-golf.club\\\/es\\\/#website\",\"url\":\"https:\\\/\\\/t-golf.club\\\/es\\\/\",\"name\":\"T Golf\",\"description\":\"\",\"inLanguage\":\"es\"}]}<\/script>","yoast_head_json":{"title":"Challenge Tour 2021 - T Golf","robots":{"index":"index","follow":"follow","max-snippet":"max-snippet:-1","max-image-preview":"max-image-preview:large","max-video-preview":"max-video-preview:-1"},"canonical":"https:\/\/t-golf.club\/es\/calvia\/challenge-tour-2021\/","og_locale":"es_ES","og_type":"article","og_title":"Challenge Tour 2021 - T Golf","og_url":"https:\/\/t-golf.club\/es\/calvia\/challenge-tour-2021\/","og_site_name":"T Golf","article_modified_time":"2022-08-24T18:40:25+00:00","og_image":[{"width":1434,"height":400,"url":"https:\/\/t-golf.club\/wp-content\/uploads\/2021\/07\/Challenge-Tour-2021-Rolex-banner.png","type":"image\/png"}],"twitter_card":"summary_large_image","schema":{"@context":"https:\/\/schema.org","@graph":[{"@type":"WebPage","@id":"https:\/\/t-golf.club\/es\/calvia\/challenge-tour-2021\/","url":"https:\/\/t-golf.club\/es\/calvia\/challenge-tour-2021\/","name":"Challenge Tour 2021 - T Golf","isPartOf":{"@id":"https:\/\/t-golf.club\/es\/#website"},"primaryImageOfPage":{"@id":"https:\/\/t-golf.club\/es\/calvia\/challenge-tour-2021\/#primaryimage"},"image":{"@id":"https:\/\/t-golf.club\/es\/calvia\/challenge-tour-2021\/#primaryimage"},"thumbnailUrl":"https:\/\/t-golf.club\/wp-content\/uploads\/2021\/07\/Challenge-Tour-2021-Rolex-banner.png","datePublished":"2021-07-22T16:55:16+00:00","dateModified":"2022-08-24T18:40:25+00:00","breadcrumb":{"@id":"https:\/\/t-golf.club\/es\/calvia\/challenge-tour-2021\/#breadcrumb"},"inLanguage":"es","potentialAction":[{"@type":"ReadAction","target":["https:\/\/t-golf.club\/es\/calvia\/challenge-tour-2021\/"]}]},{"@type":"ImageObject","inLanguage":"es","@id":"https:\/\/t-golf.club\/es\/calvia\/challenge-tour-2021\/#primaryimage","url":"https:\/\/t-golf.club\/wp-content\/uploads\/2021\/07\/Challenge-Tour-2021-Rolex-banner.png","contentUrl":"https:\/\/t-golf.club\/wp-content\/uploads\/2021\/07\/Challenge-Tour-2021-Rolex-banner.png","width":1434,"height":400},{"@type":"BreadcrumbList","@id":"https:\/\/t-golf.club\/es\/calvia\/challenge-tour-2021\/#breadcrumb","itemListElement":[{"@type":"ListItem","position":1,"name":"Home","item":"https:\/\/t-golf.club\/es\/"},{"@type":"ListItem","position":2,"name":"Home Calvi\u00e0","item":"https:\/\/t-golf.club\/es\/calvia\/"},{"@type":"ListItem","position":3,"name":"Challenge Tour 2021"}]},{"@type":"WebSite","@id":"https:\/\/t-golf.club\/es\/#website","url":"https:\/\/t-golf.club\/es\/","name":"T Golf","description":"","inLanguage":"es"}]}},"_links":{"self":[{"href":"https:\/\/t-golf.club\/es\/wp-json\/wp\/v2\/pages\/8344","targetHints":{"allow":["GET"]}}],"collection":[{"href":"https:\/\/t-golf.club\/es\/wp-json\/wp\/v2\/pages"}],"about":[{"href":"https:\/\/t-golf.club\/es\/wp-json\/wp\/v2\/types\/page"}],"author":[{"embeddable":true,"href":"https:\/\/t-golf.club\/es\/wp-json\/wp\/v2\/users\/1"}],"replies":[{"embeddable":true,"href":"https:\/\/t-golf.club\/es\/wp-json\/wp\/v2\/comments?post=8344"}],"version-history":[{"count":5,"href":"https:\/\/t-golf.club\/es\/wp-json\/wp\/v2\/pages\/8344\/revisions"}],"predecessor-version":[{"id":17203,"href":"https:\/\/t-golf.club\/es\/wp-json\/wp\/v2\/pages\/8344\/revisions\/17203"}],"up":[{"embeddable":true,"href":"https:\/\/t-golf.club\/es\/wp-json\/wp\/v2\/pages\/1296"}],"wp:featuredmedia":[{"embeddable":true,"href":"https:\/\/t-golf.club\/es\/wp-json\/wp\/v2\/media\/8559"}],"wp:attachment":[{"href":"https:\/\/t-golf.club\/es\/wp-json\/wp\/v2\/media?parent=8344"}],"curies":[{"name":"wp","href":"https:\/\/api.w.org\/{rel}","templated":true}]}}