{"id":7660,"date":"2020-11-19T07:43:43","date_gmt":"2020-11-19T07:43:43","guid":{"rendered":"https:\/\/t-golf.club\/challenge-tour-2020-day-1\/"},"modified":"2021-07-30T15:16:18","modified_gmt":"2021-07-30T15:16:18","slug":"dia-1-challenge-tour-grand-final","status":"publish","type":"page","link":"https:\/\/t-golf.club\/es\/dia-1-challenge-tour-grand-final\/","title":{"rendered":"D\u00eda 1 &#8211; Challenge Tour Grand Final"},"content":{"rendered":"","protected":false},"excerpt":{"rendered":"","protected":false},"author":1,"featured_media":4430,"parent":0,"menu_order":67,"comment_status":"closed","ping_status":"closed","template":"views\/flexible.blade.php","meta":{"_acf_changed":false,"footnotes":""},"class_list":["post-7660","page","type-page","status-publish","has-post-thumbnail","hentry"],"acf":{"size":"small","subtitle":"","link_back":{"title":"Challenge Tour 2020","url":"https:\/\/t-golf.club\/es\/challenge-tour-2020\/","target":""},"hero":{"size":"small","subtitle":"","link_back":{"title":"Challenge Tour 2020","url":"https:\/\/t-golf.club\/es\/challenge-tour-2020\/","target":""}},"content":[{"acf_fc_layout":"content","title":"1ER D\u00cdA DEL CHALLENGE TOUR 2020","text_large":"<p>Mansell conf\u00eda en sus instintos para reclamar el liderato de la Gran Final<\/p>\n","text":"<p>Richard Mansell se adjudic\u00f3 una parte del liderazgo en la primera vuelta de la Gran Final del Challenge Tour tras realizar un cinco bajo par y un total de 66 golpes, a pesar de no haber jugado ning\u00fan d\u00eda de entreno en el T Golf &amp; Country Club.<br \/>\nEl ingl\u00e9s no lleg\u00f3 a Mallorca hasta la v\u00edspera del torneo por estar aislado tras dar positivo en un test de Covid-19, pero no mostr\u00f3 signos de oxidaci\u00f3n y se uni\u00f3 al sueco Bjorn Hellgren y al espa\u00f1ol Santiago Tarrio en lo m\u00e1s alto de la tabla.<\/p>\n<p>Mansell, que actualmente es tercero en la clasificaci\u00f3n Road to Mallorca, admiti\u00f3 que no pod\u00eda esperar un resultado mejor despu\u00e9s de jugar el campo por primera vez.<br \/>\n\u00abS\u00f3lo trat\u00e9 de controlar la bola. S\u00f3lo trat\u00e9 de mantenerla por debajo del hoyo todo el d\u00eda. Tuve un calentamiento horrible. Le dec\u00eda a un par de chicos que nunca hab\u00eda estado tan nervioso en el primer tee. No cre\u00eda que fuera a mantenerme en el campo de golf, pero pegu\u00e9 un gran drive, hice un birdie en el primero, un birdie en el segundo y pens\u00e9 &#8216;oh, espera&#8217;. Todav\u00eda me quedan tres d\u00edas. Hasta esta semana no he podido hacer nada en el exterior, pero lo que s\u00ed he hecho es intentar aprenderme el campo todo lo que he podido en la habitaci\u00f3n del hotel en la que estaba y confiar en que fuera suficiente.\u201d<\/p>\n<p>\u201cHe jugado suficientes partidas de golf como para dejarme llevar por mi habilidad golf\u00edstica en lugar de intentar forzarla. He disfrutado jugando y ha sido fant\u00e1stico tener a mi caddie de vuelta y salir de la habitaci\u00f3n del hotel\u00bb.<\/p>\n<p>\u201cEl campo de T Golf &amp; Country Club est\u00e1 firme despu\u00e9s de un per\u00edodo de clima c\u00e1lido y con las altas temperaturas que se esperan para el resto de la semana\u201d. Mansell augura que los greenes se vuelvan m\u00e1s duros y r\u00e1pidos a medida que avance la semana. \u201cHoy he estado en el \u00faltimo grupo y he tenido un par de putts hacia el final que se me han escapado un poco m\u00e1s\u201d.<\/p>\n<p>\u00abEstaba junto al green cuando Marcel [Schneider] peg\u00f3 un golpe y lo o\u00ed aterrizar y fue como si cayera sobre hormig\u00f3n. Creo que se van a ir horneando m\u00e1s a medida que avanza la semana, lo que hace hincapi\u00e9 en tener un buen control de la bola, que suele ser mi juego.\u00bb<\/p>\n<p>Mansell, Hellgren, que hizo dos eagles en su vuelta de 66 bajo par, y Tarrio lideran con un golpe de ventaja, mientras que el ingl\u00e9s Matt Baldwin, el italiano Enrico Di Nitto, el estadounidense Tyler Koivisto y el dan\u00e9s Niklas Norgaard M\u00f8ller est\u00e1n empatados en la cuarta posici\u00f3n con cuatro bajo par.<br \/>\nEl n\u00famero cuatro del Road to Mallorca, Matt Ford, el sueco Christofer Blomstrand y el alem\u00e1n Alexander Knappe est\u00e1n un golpe m\u00e1s atr\u00e1s, empatados en el octavo puesto con tres bajo par.<br \/>\nLa segunda vuelta de la Gran Final del Challenge Tour comenzar\u00e1 el viernes 20 de noviembre a las 8.30, hora local, y el tr\u00edo que lidera jugar\u00e1 en el grupo final a las 11:05 horas.<\/p>\n","link":"","cards":false,"image":7653,"sidebar":false,"background_color":"white"},{"acf_fc_layout":"video_gallery","title":"Galeria de v\u00eddeos","video":[{"cover":7396,"video":"<iframe title=\"FRIDAY 1ST DAY OF THE CHALLENGE GRAND FINALE AT T-CLUB\" width=\"640\" height=\"360\" src=\"https:\/\/www.youtube.com\/embed\/oet2PvM0W8c?feature=oembed\" frameborder=\"0\" allow=\"accelerometer; autoplay; clipboard-write; encrypted-media; gyroscope; picture-in-picture; web-share\" referrerpolicy=\"strict-origin-when-cross-origin\" allowfullscreen><\/iframe>"},{"cover":7402,"video":"<iframe title=\"Richard Mansell Interview - day 1\" width=\"640\" height=\"360\" src=\"https:\/\/www.youtube.com\/embed\/wJ0qyC76KbQ?feature=oembed\" frameborder=\"0\" allow=\"accelerometer; autoplay; clipboard-write; encrypted-media; gyroscope; picture-in-picture; web-share\" referrerpolicy=\"strict-origin-when-cross-origin\" allowfullscreen><\/iframe>"},{"cover":7399,"video":"<div class=\"relative mb-6\"><div class=\"js-player\"><iframe title=\"Challenge Tour Grand Finale at T Golf &amp; Country Club Mallorca   DAY 1\" width=\"640\" height=\"360\" src=\"https:\/\/www.youtube.com\/embed\/ADTqp5qsC5M?start=715&feature=oembed\" frameborder=\"0\" allow=\"accelerometer; autoplay; clipboard-write; encrypted-media; gyroscope; picture-in-picture; web-share\" referrerpolicy=\"strict-origin-when-cross-origin\" allowfullscreen><\/iframe><\/div><\/div>"},{"cover":7431,"video":"<iframe title=\"Niklas Norgaard Moller interview\" width=\"640\" height=\"360\" src=\"https:\/\/www.youtube.com\/embed\/SkibheRl1Ns?feature=oembed\" frameborder=\"0\" allow=\"accelerometer; autoplay; clipboard-write; encrypted-media; gyroscope; picture-in-picture; web-share\" referrerpolicy=\"strict-origin-when-cross-origin\" allowfullscreen><\/iframe>"},{"cover":7434,"video":"<iframe title=\"Santiago Tarrio interview\" width=\"640\" height=\"360\" src=\"https:\/\/www.youtube.com\/embed\/MzYTmnMEE_k?feature=oembed\" frameborder=\"0\" allow=\"accelerometer; autoplay; clipboard-write; encrypted-media; gyroscope; picture-in-picture; web-share\" referrerpolicy=\"strict-origin-when-cross-origin\" allowfullscreen><\/iframe>"},{"cover":7448,"video":"<iframe title=\"Enrico Di Nitto interview\" width=\"640\" height=\"360\" src=\"https:\/\/www.youtube.com\/embed\/JcHxT4SQwO4?feature=oembed\" frameborder=\"0\" allow=\"accelerometer; autoplay; clipboard-write; encrypted-media; gyroscope; picture-in-picture; web-share\" referrerpolicy=\"strict-origin-when-cross-origin\" allowfullscreen><\/iframe>"},{"cover":7451,"video":"<iframe title=\"David Boote interview\" width=\"640\" height=\"360\" src=\"https:\/\/www.youtube.com\/embed\/4T8nCgyAwWM?feature=oembed\" frameborder=\"0\" allow=\"accelerometer; autoplay; clipboard-write; encrypted-media; gyroscope; picture-in-picture; web-share\" referrerpolicy=\"strict-origin-when-cross-origin\" allowfullscreen><\/iframe>"},{"cover":7454,"video":"<iframe title=\"Bjorn Hellgren Interview\" width=\"640\" height=\"360\" src=\"https:\/\/www.youtube.com\/embed\/1zvSFL5DMT0?feature=oembed\" frameborder=\"0\" allow=\"accelerometer; autoplay; clipboard-write; encrypted-media; gyroscope; picture-in-picture; web-share\" referrerpolicy=\"strict-origin-when-cross-origin\" allowfullscreen><\/iframe>"}],"background_color":"brown-100"}]},"yoast_head":"<title>D\u00eda 1 - Challenge Tour Grand Final - T Golf<\/title>\n<meta name=\"robots\" content=\"index, follow, max-snippet:-1, max-image-preview:large, max-video-preview:-1\" \/>\n<link rel=\"canonical\" href=\"https:\/\/t-golf.club\/es\/dia-1-challenge-tour-grand-final\/\" \/>\n<meta property=\"og:locale\" content=\"es_ES\" \/>\n<meta property=\"og:type\" content=\"article\" \/>\n<meta property=\"og:title\" content=\"D\u00eda 1 - Challenge Tour Grand Final - T Golf\" \/>\n<meta property=\"og:url\" content=\"https:\/\/t-golf.club\/es\/dia-1-challenge-tour-grand-final\/\" \/>\n<meta property=\"og:site_name\" content=\"T Golf\" \/>\n<meta property=\"article:modified_time\" content=\"2021-07-30T15:16:18+00:00\" \/>\n<meta property=\"og:image\" content=\"https:\/\/t-golf.club\/wp-content\/uploads\/2020\/05\/1229681709.jpg\" \/>\n\t<meta property=\"og:image:width\" content=\"1200\" \/>\n\t<meta property=\"og:image:height\" content=\"800\" \/>\n\t<meta property=\"og:image:type\" content=\"image\/jpeg\" \/>\n<meta name=\"twitter:card\" content=\"summary_large_image\" \/>\n<script type=\"application\/ld+json\" class=\"yoast-schema-graph\">{\"@context\":\"https:\\\/\\\/schema.org\",\"@graph\":[{\"@type\":\"WebPage\",\"@id\":\"https:\\\/\\\/t-golf.club\\\/es\\\/dia-1-challenge-tour-grand-final\\\/\",\"url\":\"https:\\\/\\\/t-golf.club\\\/es\\\/dia-1-challenge-tour-grand-final\\\/\",\"name\":\"D\u00eda 1 - Challenge Tour Grand Final - T Golf\",\"isPartOf\":{\"@id\":\"https:\\\/\\\/t-golf.club\\\/es\\\/#website\"},\"primaryImageOfPage\":{\"@id\":\"https:\\\/\\\/t-golf.club\\\/es\\\/dia-1-challenge-tour-grand-final\\\/#primaryimage\"},\"image\":{\"@id\":\"https:\\\/\\\/t-golf.club\\\/es\\\/dia-1-challenge-tour-grand-final\\\/#primaryimage\"},\"thumbnailUrl\":\"https:\\\/\\\/t-golf.club\\\/wp-content\\\/uploads\\\/2020\\\/05\\\/1229681709.jpg\",\"datePublished\":\"2020-11-19T07:43:43+00:00\",\"dateModified\":\"2021-07-30T15:16:18+00:00\",\"breadcrumb\":{\"@id\":\"https:\\\/\\\/t-golf.club\\\/es\\\/dia-1-challenge-tour-grand-final\\\/#breadcrumb\"},\"inLanguage\":\"es\",\"potentialAction\":[{\"@type\":\"ReadAction\",\"target\":[\"https:\\\/\\\/t-golf.club\\\/es\\\/dia-1-challenge-tour-grand-final\\\/\"]}]},{\"@type\":\"ImageObject\",\"inLanguage\":\"es\",\"@id\":\"https:\\\/\\\/t-golf.club\\\/es\\\/dia-1-challenge-tour-grand-final\\\/#primaryimage\",\"url\":\"https:\\\/\\\/t-golf.club\\\/wp-content\\\/uploads\\\/2020\\\/05\\\/1229681709.jpg\",\"contentUrl\":\"https:\\\/\\\/t-golf.club\\\/wp-content\\\/uploads\\\/2020\\\/05\\\/1229681709.jpg\",\"width\":1200,\"height\":800},{\"@type\":\"BreadcrumbList\",\"@id\":\"https:\\\/\\\/t-golf.club\\\/es\\\/dia-1-challenge-tour-grand-final\\\/#breadcrumb\",\"itemListElement\":[{\"@type\":\"ListItem\",\"position\":1,\"name\":\"Home\",\"item\":\"https:\\\/\\\/t-golf.club\\\/es\\\/\"},{\"@type\":\"ListItem\",\"position\":2,\"name\":\"D\u00eda 1 &#8211; Challenge Tour Grand Final\"}]},{\"@type\":\"WebSite\",\"@id\":\"https:\\\/\\\/t-golf.club\\\/es\\\/#website\",\"url\":\"https:\\\/\\\/t-golf.club\\\/es\\\/\",\"name\":\"T Golf\",\"description\":\"\",\"inLanguage\":\"es\"}]}<\/script>","yoast_head_json":{"title":"D\u00eda 1 - Challenge Tour Grand Final - T Golf","robots":{"index":"index","follow":"follow","max-snippet":"max-snippet:-1","max-image-preview":"max-image-preview:large","max-video-preview":"max-video-preview:-1"},"canonical":"https:\/\/t-golf.club\/es\/dia-1-challenge-tour-grand-final\/","og_locale":"es_ES","og_type":"article","og_title":"D\u00eda 1 - Challenge Tour Grand Final - T Golf","og_url":"https:\/\/t-golf.club\/es\/dia-1-challenge-tour-grand-final\/","og_site_name":"T Golf","article_modified_time":"2021-07-30T15:16:18+00:00","og_image":[{"width":1200,"height":800,"url":"https:\/\/t-golf.club\/wp-content\/uploads\/2020\/05\/1229681709.jpg","type":"image\/jpeg"}],"twitter_card":"summary_large_image","schema":{"@context":"https:\/\/schema.org","@graph":[{"@type":"WebPage","@id":"https:\/\/t-golf.club\/es\/dia-1-challenge-tour-grand-final\/","url":"https:\/\/t-golf.club\/es\/dia-1-challenge-tour-grand-final\/","name":"D\u00eda 1 - Challenge Tour Grand Final - T Golf","isPartOf":{"@id":"https:\/\/t-golf.club\/es\/#website"},"primaryImageOfPage":{"@id":"https:\/\/t-golf.club\/es\/dia-1-challenge-tour-grand-final\/#primaryimage"},"image":{"@id":"https:\/\/t-golf.club\/es\/dia-1-challenge-tour-grand-final\/#primaryimage"},"thumbnailUrl":"https:\/\/t-golf.club\/wp-content\/uploads\/2020\/05\/1229681709.jpg","datePublished":"2020-11-19T07:43:43+00:00","dateModified":"2021-07-30T15:16:18+00:00","breadcrumb":{"@id":"https:\/\/t-golf.club\/es\/dia-1-challenge-tour-grand-final\/#breadcrumb"},"inLanguage":"es","potentialAction":[{"@type":"ReadAction","target":["https:\/\/t-golf.club\/es\/dia-1-challenge-tour-grand-final\/"]}]},{"@type":"ImageObject","inLanguage":"es","@id":"https:\/\/t-golf.club\/es\/dia-1-challenge-tour-grand-final\/#primaryimage","url":"https:\/\/t-golf.club\/wp-content\/uploads\/2020\/05\/1229681709.jpg","contentUrl":"https:\/\/t-golf.club\/wp-content\/uploads\/2020\/05\/1229681709.jpg","width":1200,"height":800},{"@type":"BreadcrumbList","@id":"https:\/\/t-golf.club\/es\/dia-1-challenge-tour-grand-final\/#breadcrumb","itemListElement":[{"@type":"ListItem","position":1,"name":"Home","item":"https:\/\/t-golf.club\/es\/"},{"@type":"ListItem","position":2,"name":"D\u00eda 1 &#8211; Challenge Tour Grand Final"}]},{"@type":"WebSite","@id":"https:\/\/t-golf.club\/es\/#website","url":"https:\/\/t-golf.club\/es\/","name":"T Golf","description":"","inLanguage":"es"}]}},"_links":{"self":[{"href":"https:\/\/t-golf.club\/es\/wp-json\/wp\/v2\/pages\/7660","targetHints":{"allow":["GET"]}}],"collection":[{"href":"https:\/\/t-golf.club\/es\/wp-json\/wp\/v2\/pages"}],"about":[{"href":"https:\/\/t-golf.club\/es\/wp-json\/wp\/v2\/types\/page"}],"author":[{"embeddable":true,"href":"https:\/\/t-golf.club\/es\/wp-json\/wp\/v2\/users\/1"}],"replies":[{"embeddable":true,"href":"https:\/\/t-golf.club\/es\/wp-json\/wp\/v2\/comments?post=7660"}],"version-history":[{"count":4,"href":"https:\/\/t-golf.club\/es\/wp-json\/wp\/v2\/pages\/7660\/revisions"}],"predecessor-version":[{"id":8573,"href":"https:\/\/t-golf.club\/es\/wp-json\/wp\/v2\/pages\/7660\/revisions\/8573"}],"wp:featuredmedia":[{"embeddable":true,"href":"https:\/\/t-golf.club\/es\/wp-json\/wp\/v2\/media\/4430"}],"wp:attachment":[{"href":"https:\/\/t-golf.club\/es\/wp-json\/wp\/v2\/media?parent=7660"}],"curies":[{"name":"wp","href":"https:\/\/api.w.org\/{rel}","templated":true}]}}