{"id":7132,"date":"2021-04-27T18:28:21","date_gmt":"2021-04-27T18:28:21","guid":{"rendered":"https:\/\/t-golf.club\/?page_id=7132"},"modified":"2022-08-26T09:30:32","modified_gmt":"2022-08-26T09:30:32","slug":"t-senderismo","status":"publish","type":"page","link":"https:\/\/t-golf.club\/es\/t-senderismo\/","title":{"rendered":"T Senderismo"},"content":{"rendered":"","protected":false},"excerpt":{"rendered":"","protected":false},"author":1,"featured_media":6975,"parent":0,"menu_order":85,"comment_status":"closed","ping_status":"closed","template":"views\/flexible-member.blade.php","meta":{"_acf_changed":false,"footnotes":""},"class_list":["post-7132","page","type-page","status-publish","has-post-thumbnail","hentry"],"acf":{"size":"large","subtitle":"Programa especial para socios vitalicios","link_back":"","hero":{"size":"large","subtitle":"Programa especial para socios vitalicios","link_back":""},"content":[{"acf_fc_layout":"content","title":"T Senderismo con Xisca Tugores","text_large":"<p>La dram\u00e1tica Sierra de la Tramuntana, Patrimonio de la Humanidad de la UNESCO, ocupa casi un tercio de Mallorca. El T Golf & Country Club es el punto de partida de los paseos por los amplios bosques de pinos, olivos nudosos y robles de piedra de color verde plateado, as\u00ed como para descansar en los pueblos de monta\u00f1a que a\u00fan permanecen inalterados. <\/p>\n","text":"<p>Tras el \u00e9xito de la improvisada visita a S\u00f3ller y Fornalutx de Xisca Tugores con algunos de nuestros socios, y tras la petici\u00f3n un\u00e1nime de los participantes, hemos decidido crear un programa para mostrar a nuestros Socios Vitalicios diferentes zonas de Mallorca. La idea es cambiar los zapatos de golf por las botas de monta\u00f1a y disfrutar de nuestro para\u00edso mallorqu\u00edn.<\/p>\n<p><strong>Programa<br \/>\n<\/strong>Nuestro programa estar\u00e1 dirigido por Xisca Tugores. Las excursiones durar\u00e1n un d\u00eda completo e incluir\u00e1n un almuerzo de picnic y transporte (dependiendo del n\u00famero de participantes y excursi\u00f3n). Se har\u00e1n bonitas fotos y se compartir\u00e1n en nuestra p\u00e1gina web en el Rinc\u00f3n de Noticias de los Socios.<\/p>\n","link":"","cards":false,"image":false,"sidebar":[{"acf_fc_layout":"contact","text_intro":"Para m\u00e1s informaci\u00f3n contactar:","image":631,"title":"Xisca Tugores","text":"<p><a href=\"mailto:administration@t-golf.club\">administration@t-golf.club<\/a><br \/>\n<a href=\"tel:+34971130148\">+34 971 130 148<\/a><\/p>\n"},{"acf_fc_layout":"table","table":[{"title":"Fechas previstas","text":""},{"title":"24 de enero de 2022","text":"Por el valle de Tossals Verds"},{"title":"28 de febrero de 2022","text":"De un valle encantador a una antigua fortaleza de los moros, Oriente a Castell d'Alar\u00f3 y Almendros en Flor"},{"title":"21 de marzo 2022","text":"Paseo hasta una pintoresca bah\u00eda al alim\u00f3n de la Serra de Llevant, Es Cal\u00f3"},{"title":"25 de abril 2022","text":"Las ruinas del Monasterio Trapista"},{"title":"23 de mayo 2022","text":"El Cabo de la Victoria junto a Alcudia"},{"title":"27 de junio 2022","text":"De un pueblo de cuento a una cala encantadora. Ruta de los pintores en Deia"}]}],"background_color":"white"},{"acf_fc_layout":"post_intro","title":"Pr\u00f3xima excursi\u00f3n","posts":"","background_color":"brown-100"},{"acf_fc_layout":"posts_naked","title":"Excursiones futuras","linkable":false,"posts":"","background_color":"white"},{"acf_fc_layout":"posts_cards","title":"Excursiones pasadas","posts":[7144,7149,7145,7151,7153,7152],"background_color":"white"},{"acf_fc_layout":"slider","title":"","images":[9863,9860,9857,9851,7033,7028,7025,7022,7019,7012,7044,6975],"background_color":"white"}],"wp_nav_image":false},"yoast_head":"<title>T Senderismo - T Golf<\/title>\n<meta name=\"robots\" content=\"index, follow, max-snippet:-1, max-image-preview:large, max-video-preview:-1\" \/>\n<link rel=\"canonical\" href=\"https:\/\/t-golf.club\/es\/t-senderismo\/\" \/>\n<meta property=\"og:locale\" content=\"es_ES\" \/>\n<meta property=\"og:type\" content=\"article\" \/>\n<meta property=\"og:title\" content=\"T Senderismo - T Golf\" \/>\n<meta property=\"og:url\" content=\"https:\/\/t-golf.club\/es\/t-senderismo\/\" \/>\n<meta property=\"og:site_name\" content=\"T Golf\" \/>\n<meta property=\"article:modified_time\" content=\"2022-08-26T09:30:32+00:00\" \/>\n<meta property=\"og:image\" content=\"https:\/\/t-golf.club\/wp-content\/uploads\/2021\/04\/Banyalbufar.jpg\" \/>\n\t<meta property=\"og:image:width\" content=\"1920\" \/>\n\t<meta property=\"og:image:height\" content=\"1280\" \/>\n\t<meta property=\"og:image:type\" content=\"image\/jpeg\" \/>\n<meta name=\"twitter:card\" content=\"summary_large_image\" \/>\n<script type=\"application\/ld+json\" class=\"yoast-schema-graph\">{\"@context\":\"https:\\\/\\\/schema.org\",\"@graph\":[{\"@type\":\"WebPage\",\"@id\":\"https:\\\/\\\/t-golf.club\\\/es\\\/t-senderismo\\\/\",\"url\":\"https:\\\/\\\/t-golf.club\\\/es\\\/t-senderismo\\\/\",\"name\":\"T Senderismo - T Golf\",\"isPartOf\":{\"@id\":\"https:\\\/\\\/t-golf.club\\\/es\\\/#website\"},\"primaryImageOfPage\":{\"@id\":\"https:\\\/\\\/t-golf.club\\\/es\\\/t-senderismo\\\/#primaryimage\"},\"image\":{\"@id\":\"https:\\\/\\\/t-golf.club\\\/es\\\/t-senderismo\\\/#primaryimage\"},\"thumbnailUrl\":\"https:\\\/\\\/t-golf.club\\\/wp-content\\\/uploads\\\/2021\\\/04\\\/Banyalbufar.jpg\",\"datePublished\":\"2021-04-27T18:28:21+00:00\",\"dateModified\":\"2022-08-26T09:30:32+00:00\",\"breadcrumb\":{\"@id\":\"https:\\\/\\\/t-golf.club\\\/es\\\/t-senderismo\\\/#breadcrumb\"},\"inLanguage\":\"es\",\"potentialAction\":[{\"@type\":\"ReadAction\",\"target\":[\"https:\\\/\\\/t-golf.club\\\/es\\\/t-senderismo\\\/\"]}]},{\"@type\":\"ImageObject\",\"inLanguage\":\"es\",\"@id\":\"https:\\\/\\\/t-golf.club\\\/es\\\/t-senderismo\\\/#primaryimage\",\"url\":\"https:\\\/\\\/t-golf.club\\\/wp-content\\\/uploads\\\/2021\\\/04\\\/Banyalbufar.jpg\",\"contentUrl\":\"https:\\\/\\\/t-golf.club\\\/wp-content\\\/uploads\\\/2021\\\/04\\\/Banyalbufar.jpg\",\"width\":1920,\"height\":1280},{\"@type\":\"BreadcrumbList\",\"@id\":\"https:\\\/\\\/t-golf.club\\\/es\\\/t-senderismo\\\/#breadcrumb\",\"itemListElement\":[{\"@type\":\"ListItem\",\"position\":1,\"name\":\"Home\",\"item\":\"https:\\\/\\\/t-golf.club\\\/es\\\/\"},{\"@type\":\"ListItem\",\"position\":2,\"name\":\"T Senderismo\"}]},{\"@type\":\"WebSite\",\"@id\":\"https:\\\/\\\/t-golf.club\\\/es\\\/#website\",\"url\":\"https:\\\/\\\/t-golf.club\\\/es\\\/\",\"name\":\"T Golf\",\"description\":\"\",\"inLanguage\":\"es\"}]}<\/script>","yoast_head_json":{"title":"T Senderismo - T Golf","robots":{"index":"index","follow":"follow","max-snippet":"max-snippet:-1","max-image-preview":"max-image-preview:large","max-video-preview":"max-video-preview:-1"},"canonical":"https:\/\/t-golf.club\/es\/t-senderismo\/","og_locale":"es_ES","og_type":"article","og_title":"T Senderismo - T Golf","og_url":"https:\/\/t-golf.club\/es\/t-senderismo\/","og_site_name":"T Golf","article_modified_time":"2022-08-26T09:30:32+00:00","og_image":[{"width":1920,"height":1280,"url":"https:\/\/t-golf.club\/wp-content\/uploads\/2021\/04\/Banyalbufar.jpg","type":"image\/jpeg"}],"twitter_card":"summary_large_image","schema":{"@context":"https:\/\/schema.org","@graph":[{"@type":"WebPage","@id":"https:\/\/t-golf.club\/es\/t-senderismo\/","url":"https:\/\/t-golf.club\/es\/t-senderismo\/","name":"T Senderismo - T Golf","isPartOf":{"@id":"https:\/\/t-golf.club\/es\/#website"},"primaryImageOfPage":{"@id":"https:\/\/t-golf.club\/es\/t-senderismo\/#primaryimage"},"image":{"@id":"https:\/\/t-golf.club\/es\/t-senderismo\/#primaryimage"},"thumbnailUrl":"https:\/\/t-golf.club\/wp-content\/uploads\/2021\/04\/Banyalbufar.jpg","datePublished":"2021-04-27T18:28:21+00:00","dateModified":"2022-08-26T09:30:32+00:00","breadcrumb":{"@id":"https:\/\/t-golf.club\/es\/t-senderismo\/#breadcrumb"},"inLanguage":"es","potentialAction":[{"@type":"ReadAction","target":["https:\/\/t-golf.club\/es\/t-senderismo\/"]}]},{"@type":"ImageObject","inLanguage":"es","@id":"https:\/\/t-golf.club\/es\/t-senderismo\/#primaryimage","url":"https:\/\/t-golf.club\/wp-content\/uploads\/2021\/04\/Banyalbufar.jpg","contentUrl":"https:\/\/t-golf.club\/wp-content\/uploads\/2021\/04\/Banyalbufar.jpg","width":1920,"height":1280},{"@type":"BreadcrumbList","@id":"https:\/\/t-golf.club\/es\/t-senderismo\/#breadcrumb","itemListElement":[{"@type":"ListItem","position":1,"name":"Home","item":"https:\/\/t-golf.club\/es\/"},{"@type":"ListItem","position":2,"name":"T Senderismo"}]},{"@type":"WebSite","@id":"https:\/\/t-golf.club\/es\/#website","url":"https:\/\/t-golf.club\/es\/","name":"T Golf","description":"","inLanguage":"es"}]}},"_links":{"self":[{"href":"https:\/\/t-golf.club\/es\/wp-json\/wp\/v2\/pages\/7132","targetHints":{"allow":["GET"]}}],"collection":[{"href":"https:\/\/t-golf.club\/es\/wp-json\/wp\/v2\/pages"}],"about":[{"href":"https:\/\/t-golf.club\/es\/wp-json\/wp\/v2\/types\/page"}],"author":[{"embeddable":true,"href":"https:\/\/t-golf.club\/es\/wp-json\/wp\/v2\/users\/1"}],"replies":[{"embeddable":true,"href":"https:\/\/t-golf.club\/es\/wp-json\/wp\/v2\/comments?post=7132"}],"version-history":[{"count":5,"href":"https:\/\/t-golf.club\/es\/wp-json\/wp\/v2\/pages\/7132\/revisions"}],"predecessor-version":[{"id":17554,"href":"https:\/\/t-golf.club\/es\/wp-json\/wp\/v2\/pages\/7132\/revisions\/17554"}],"wp:featuredmedia":[{"embeddable":true,"href":"https:\/\/t-golf.club\/es\/wp-json\/wp\/v2\/media\/6975"}],"wp:attachment":[{"href":"https:\/\/t-golf.club\/es\/wp-json\/wp\/v2\/media?parent=7132"}],"curies":[{"name":"wp","href":"https:\/\/api.w.org\/{rel}","templated":true}]}}