{"id":7118,"date":"2021-04-27T16:01:54","date_gmt":"2021-04-27T16:01:54","guid":{"rendered":"https:\/\/t-golf.club\/?page_id=7118"},"modified":"2025-12-27T14:26:38","modified_gmt":"2025-12-27T14:26:38","slug":"todos-los-torneos","status":"publish","type":"page","link":"https:\/\/t-golf.club\/es\/calvia\/todos-los-torneos\/","title":{"rendered":"Torneos &#8211; T Golf Calvia"},"content":{"rendered":"","protected":false},"excerpt":{"rendered":"","protected":false},"author":1,"featured_media":1221,"parent":1296,"menu_order":81,"comment_status":"closed","ping_status":"closed","template":"views\/tournament.blade.php","meta":{"_acf_changed":false,"footnotes":""},"class_list":["post-7118","page","type-page","status-publish","has-post-thumbnail","hentry"],"acf":{"size":"large","subtitle":"Ponga sus habilidades a prueba y disfrute de la experiencia","link_back":"","hero":{"size":"large","subtitle":"Ponga sus habilidades a prueba y disfrute de la experiencia","link_back":""},"content":[{"acf_fc_layout":"content","title":"","text_large":"<p>El campo est\u00e1 en perfectas condiciones y los greenes est\u00e1n impecables para disfrutar de torneos desafiantes. Encuentre aqu\u00ed la lista de torneos deT Golf Calvia que se llevar\u00e1n a cabo en el 2022.<\/p>\n","text":"","link":"","cards":false,"image":false,"sidebar":[{"acf_fc_layout":"contact","text_intro":"Para inscribirse a un torneo, por favor contacte con:","image":631,"title":"Xisca Tugores","text":"<p><a href=\"mailto:administration@t-golf.club\" target=\"_blank\" rel=\"noopener\">administration@t-golf.club<\/a><br \/>\n<a href=\"tel:+34971130148\" target=\"_blank\" rel=\"noopener\">+34 971 130 148<\/a><\/p>\n"}],"background_color":"brown-100"},{"acf_fc_layout":"current_tournaments","title":"Torneos 2022","background_color":"white"}],"wp_nav_image":false,"tournament_title":"Torneos - Calvia","tournament_subtitle":"Ponga sus habilidades a prueba y disfrute de la experiencia","tournament_image":false,"tournament_content":"<p>El campo est\u00e1 en perfectas condiciones y los greens est\u00e1n inmaculados para disfrutar de torneos desafiantes. Aqu\u00ed encontrar\u00e1 la lista de los Torneos 2026 en T Golf Calvia.<\/p>\n","tournament_contact_image":11268,"tournament_contact_name":"Xisca Tugores","tournament_contact_text":"<p>Para inscribirse en un torneo, p\u00f3ngase en contacto con:<\/p>\n<p><a href=\"mailto:administration@t-golf.club\" target=\"_blank\" rel=\"noopener\">administration@t-golf.club<\/a><br \/>\n<a href=\"tel:+34971130148\" target=\"_blank\" rel=\"noopener\">+34 971 130 148<\/a><\/p>\n","tournament_current_title":"Pr\u00f3ximo torneo","tournament_current":""},"yoast_head":"<title>Torneos - T Golf Calvia - T Golf<\/title>\n<meta name=\"robots\" content=\"index, follow, max-snippet:-1, max-image-preview:large, max-video-preview:-1\" \/>\n<link rel=\"canonical\" href=\"https:\/\/t-golf.club\/es\/calvia\/todos-los-torneos\/\" \/>\n<meta property=\"og:locale\" content=\"es_ES\" \/>\n<meta property=\"og:type\" content=\"article\" \/>\n<meta property=\"og:title\" content=\"Torneos - T Golf Calvia - T Golf\" \/>\n<meta property=\"og:url\" content=\"https:\/\/t-golf.club\/es\/calvia\/todos-los-torneos\/\" \/>\n<meta property=\"og:site_name\" content=\"T Golf\" \/>\n<meta property=\"article:modified_time\" content=\"2025-12-27T14:26:38+00:00\" \/>\n<meta property=\"og:image\" content=\"https:\/\/t-golf.club\/wp-content\/uploads\/2020\/06\/T-Golf_Events-4-2.jpg\" \/>\n\t<meta property=\"og:image:width\" content=\"1280\" \/>\n\t<meta property=\"og:image:height\" content=\"853\" \/>\n\t<meta property=\"og:image:type\" content=\"image\/jpeg\" \/>\n<meta name=\"twitter:card\" content=\"summary_large_image\" \/>\n<meta name=\"twitter:label1\" content=\"Tiempo de lectura\" \/>\n\t<meta name=\"twitter:data1\" content=\"1 minuto\" \/>\n<script type=\"application\/ld+json\" class=\"yoast-schema-graph\">{\"@context\":\"https:\\\/\\\/schema.org\",\"@graph\":[{\"@type\":\"WebPage\",\"@id\":\"https:\\\/\\\/t-golf.club\\\/es\\\/calvia\\\/todos-los-torneos\\\/\",\"url\":\"https:\\\/\\\/t-golf.club\\\/es\\\/calvia\\\/todos-los-torneos\\\/\",\"name\":\"Torneos - T Golf Calvia - T Golf\",\"isPartOf\":{\"@id\":\"https:\\\/\\\/t-golf.club\\\/es\\\/#website\"},\"primaryImageOfPage\":{\"@id\":\"https:\\\/\\\/t-golf.club\\\/es\\\/calvia\\\/todos-los-torneos\\\/#primaryimage\"},\"image\":{\"@id\":\"https:\\\/\\\/t-golf.club\\\/es\\\/calvia\\\/todos-los-torneos\\\/#primaryimage\"},\"thumbnailUrl\":\"https:\\\/\\\/t-golf.club\\\/wp-content\\\/uploads\\\/2020\\\/06\\\/T-Golf_Events-4-2.jpg\",\"datePublished\":\"2021-04-27T16:01:54+00:00\",\"dateModified\":\"2025-12-27T14:26:38+00:00\",\"breadcrumb\":{\"@id\":\"https:\\\/\\\/t-golf.club\\\/es\\\/calvia\\\/todos-los-torneos\\\/#breadcrumb\"},\"inLanguage\":\"es\",\"potentialAction\":[{\"@type\":\"ReadAction\",\"target\":[\"https:\\\/\\\/t-golf.club\\\/es\\\/calvia\\\/todos-los-torneos\\\/\"]}]},{\"@type\":\"ImageObject\",\"inLanguage\":\"es\",\"@id\":\"https:\\\/\\\/t-golf.club\\\/es\\\/calvia\\\/todos-los-torneos\\\/#primaryimage\",\"url\":\"https:\\\/\\\/t-golf.club\\\/wp-content\\\/uploads\\\/2020\\\/06\\\/T-Golf_Events-4-2.jpg\",\"contentUrl\":\"https:\\\/\\\/t-golf.club\\\/wp-content\\\/uploads\\\/2020\\\/06\\\/T-Golf_Events-4-2.jpg\",\"width\":1280,\"height\":853},{\"@type\":\"BreadcrumbList\",\"@id\":\"https:\\\/\\\/t-golf.club\\\/es\\\/calvia\\\/todos-los-torneos\\\/#breadcrumb\",\"itemListElement\":[{\"@type\":\"ListItem\",\"position\":1,\"name\":\"Home\",\"item\":\"https:\\\/\\\/t-golf.club\\\/es\\\/\"},{\"@type\":\"ListItem\",\"position\":2,\"name\":\"Home Calvi\u00e0\",\"item\":\"https:\\\/\\\/t-golf.club\\\/es\\\/calvia\\\/\"},{\"@type\":\"ListItem\",\"position\":3,\"name\":\"Torneos &#8211; T Golf Calvia\"}]},{\"@type\":\"WebSite\",\"@id\":\"https:\\\/\\\/t-golf.club\\\/es\\\/#website\",\"url\":\"https:\\\/\\\/t-golf.club\\\/es\\\/\",\"name\":\"T Golf\",\"description\":\"\",\"inLanguage\":\"es\"}]}<\/script>","yoast_head_json":{"title":"Torneos - T Golf Calvia - T Golf","robots":{"index":"index","follow":"follow","max-snippet":"max-snippet:-1","max-image-preview":"max-image-preview:large","max-video-preview":"max-video-preview:-1"},"canonical":"https:\/\/t-golf.club\/es\/calvia\/todos-los-torneos\/","og_locale":"es_ES","og_type":"article","og_title":"Torneos - T Golf Calvia - T Golf","og_url":"https:\/\/t-golf.club\/es\/calvia\/todos-los-torneos\/","og_site_name":"T Golf","article_modified_time":"2025-12-27T14:26:38+00:00","og_image":[{"width":1280,"height":853,"url":"https:\/\/t-golf.club\/wp-content\/uploads\/2020\/06\/T-Golf_Events-4-2.jpg","type":"image\/jpeg"}],"twitter_card":"summary_large_image","twitter_misc":{"Tiempo de lectura":"1 minuto"},"schema":{"@context":"https:\/\/schema.org","@graph":[{"@type":"WebPage","@id":"https:\/\/t-golf.club\/es\/calvia\/todos-los-torneos\/","url":"https:\/\/t-golf.club\/es\/calvia\/todos-los-torneos\/","name":"Torneos - T Golf Calvia - T Golf","isPartOf":{"@id":"https:\/\/t-golf.club\/es\/#website"},"primaryImageOfPage":{"@id":"https:\/\/t-golf.club\/es\/calvia\/todos-los-torneos\/#primaryimage"},"image":{"@id":"https:\/\/t-golf.club\/es\/calvia\/todos-los-torneos\/#primaryimage"},"thumbnailUrl":"https:\/\/t-golf.club\/wp-content\/uploads\/2020\/06\/T-Golf_Events-4-2.jpg","datePublished":"2021-04-27T16:01:54+00:00","dateModified":"2025-12-27T14:26:38+00:00","breadcrumb":{"@id":"https:\/\/t-golf.club\/es\/calvia\/todos-los-torneos\/#breadcrumb"},"inLanguage":"es","potentialAction":[{"@type":"ReadAction","target":["https:\/\/t-golf.club\/es\/calvia\/todos-los-torneos\/"]}]},{"@type":"ImageObject","inLanguage":"es","@id":"https:\/\/t-golf.club\/es\/calvia\/todos-los-torneos\/#primaryimage","url":"https:\/\/t-golf.club\/wp-content\/uploads\/2020\/06\/T-Golf_Events-4-2.jpg","contentUrl":"https:\/\/t-golf.club\/wp-content\/uploads\/2020\/06\/T-Golf_Events-4-2.jpg","width":1280,"height":853},{"@type":"BreadcrumbList","@id":"https:\/\/t-golf.club\/es\/calvia\/todos-los-torneos\/#breadcrumb","itemListElement":[{"@type":"ListItem","position":1,"name":"Home","item":"https:\/\/t-golf.club\/es\/"},{"@type":"ListItem","position":2,"name":"Home Calvi\u00e0","item":"https:\/\/t-golf.club\/es\/calvia\/"},{"@type":"ListItem","position":3,"name":"Torneos &#8211; T Golf Calvia"}]},{"@type":"WebSite","@id":"https:\/\/t-golf.club\/es\/#website","url":"https:\/\/t-golf.club\/es\/","name":"T Golf","description":"","inLanguage":"es"}]}},"_links":{"self":[{"href":"https:\/\/t-golf.club\/es\/wp-json\/wp\/v2\/pages\/7118","targetHints":{"allow":["GET"]}}],"collection":[{"href":"https:\/\/t-golf.club\/es\/wp-json\/wp\/v2\/pages"}],"about":[{"href":"https:\/\/t-golf.club\/es\/wp-json\/wp\/v2\/types\/page"}],"author":[{"embeddable":true,"href":"https:\/\/t-golf.club\/es\/wp-json\/wp\/v2\/users\/1"}],"replies":[{"embeddable":true,"href":"https:\/\/t-golf.club\/es\/wp-json\/wp\/v2\/comments?post=7118"}],"version-history":[{"count":5,"href":"https:\/\/t-golf.club\/es\/wp-json\/wp\/v2\/pages\/7118\/revisions"}],"predecessor-version":[{"id":65312,"href":"https:\/\/t-golf.club\/es\/wp-json\/wp\/v2\/pages\/7118\/revisions\/65312"}],"up":[{"embeddable":true,"href":"https:\/\/t-golf.club\/es\/wp-json\/wp\/v2\/pages\/1296"}],"wp:featuredmedia":[{"embeddable":true,"href":"https:\/\/t-golf.club\/es\/wp-json\/wp\/v2\/media\/1221"}],"wp:attachment":[{"href":"https:\/\/t-golf.club\/es\/wp-json\/wp\/v2\/media?parent=7118"}],"curies":[{"name":"wp","href":"https:\/\/api.w.org\/{rel}","templated":true}]}}