{"id":6108,"date":"2021-02-25T20:43:33","date_gmt":"2021-02-25T20:43:33","guid":{"rendered":"https:\/\/t-golf.club\/?page_id=6108"},"modified":"2026-04-01T12:57:48","modified_gmt":"2026-04-01T12:57:48","slug":"t-foundation","status":"publish","type":"page","link":"https:\/\/t-golf.club\/es\/t-foundation\/","title":{"rendered":"T Foundation"},"content":{"rendered":"","protected":false},"excerpt":{"rendered":"","protected":false},"author":1,"featured_media":6142,"parent":0,"menu_order":102,"comment_status":"closed","ping_status":"closed","template":"views\/foundation.blade.php","meta":{"_acf_changed":false,"footnotes":""},"class_list":["post-6108","page","type-page","status-publish","has-post-thumbnail","hentry"],"acf":{"subtitle":"Protegiendo nuestra fauna","title":"","text":"<p>En T Club creemos en el adagio de que a quien mucho se le da, mucho se le exige. Es una noble llamada a la acci\u00f3n.<\/p>\n<p>La T Foundation concentrar\u00e1 sus esfuerzos para cubrir el cuidado de los animales locales.<\/p>\n<p>Para financiar la fundaci\u00f3n, T Club donar\u00e1 un euro por cada green fee vendido. Adem\u00e1s, organizaremos un mercado navide\u00f1o ben\u00e9fico para recaudar m\u00e1s fondos. Como puede que ya sepan, T Yoga imparte sus clases sin \u00e1nimo de lucro y todas las donaciones de los alumnos se destinan a la T Foundation.<\/p>\n","quote":false,"pages":[{"title":"Cuidado de los Animales Locales","text":"<p>Nuestra misi\u00f3n de ayudar y proteger a los animales en Mallorca comenz\u00f3 con nuestros 5 burros. Desde entonces, muchos otros animales han sido rescatados.<\/p>\n","image":5995,"link":{"title":"Cuidado de los Animales Locales","url":"https:\/\/t-golf.club\/es\/t-foundation\/cuidado-de-los-animales-locales\/","target":""}}],"help_title":"Ay\u00fadenos","help_text":"<div><span lang=\"ES\">Ustedes como personas individuales pueden unirse a nosotros en este objetivo filantr\u00f3pico. Si quieren hacer una donaci\u00f3n para unirse a la causa, pueden hacerlo en esta cuenta<\/span><\/div>\n","donate_text":"<p><strong>La Caixa<br \/>\n<\/strong><\/p>\n<p><strong>IBAN<\/strong><br \/>\nES38 2100 8612 9402 0019 7450<\/p>\n<p><strong>SWIFT<br \/>\n<\/strong>CAIXESBBXXX<\/p>\n<p>Por favor especifique en la transferencia: <strong>\u00abCuidado de los Animales Locales\u00bb<\/strong><\/p>\n","cta_image_3":false,"cta_title":"","cta_text":"","cta_link":"","cta_bg":false,"donation":[{"title":"Animales Locales","total":"\u20ac 208.660","donors":"256","image":6877}],"cta_image_1":false,"cta_image_2":false,"wp_nav_image":false},"yoast_head":"<title>T Foundation - T Golf<\/title>\n<meta name=\"robots\" content=\"index, follow, max-snippet:-1, max-image-preview:large, max-video-preview:-1\" \/>\n<link rel=\"canonical\" href=\"https:\/\/t-golf.club\/es\/t-foundation\/\" \/>\n<meta property=\"og:locale\" content=\"es_ES\" \/>\n<meta property=\"og:type\" content=\"article\" \/>\n<meta property=\"og:title\" content=\"T Foundation - T Golf\" \/>\n<meta property=\"og:url\" content=\"https:\/\/t-golf.club\/es\/t-foundation\/\" \/>\n<meta property=\"og:site_name\" content=\"T Golf\" \/>\n<meta property=\"article:modified_time\" content=\"2026-04-01T12:57:48+00:00\" \/>\n<meta property=\"og:image\" content=\"https:\/\/t-golf.club\/wp-content\/uploads\/2021\/02\/Patos-lago-hoyo-9-1.jpg\" \/>\n\t<meta property=\"og:image:width\" content=\"1280\" \/>\n\t<meta property=\"og:image:height\" content=\"768\" \/>\n\t<meta property=\"og:image:type\" content=\"image\/jpeg\" \/>\n<meta name=\"twitter:card\" content=\"summary_large_image\" \/>\n<meta name=\"twitter:label1\" content=\"Tiempo de lectura\" \/>\n\t<meta name=\"twitter:data1\" content=\"2 minutos\" \/>\n<script type=\"application\/ld+json\" class=\"yoast-schema-graph\">{\"@context\":\"https:\\\/\\\/schema.org\",\"@graph\":[{\"@type\":\"WebPage\",\"@id\":\"https:\\\/\\\/t-golf.club\\\/es\\\/t-foundation\\\/\",\"url\":\"https:\\\/\\\/t-golf.club\\\/es\\\/t-foundation\\\/\",\"name\":\"T Foundation - T Golf\",\"isPartOf\":{\"@id\":\"https:\\\/\\\/t-golf.club\\\/es\\\/#website\"},\"primaryImageOfPage\":{\"@id\":\"https:\\\/\\\/t-golf.club\\\/es\\\/t-foundation\\\/#primaryimage\"},\"image\":{\"@id\":\"https:\\\/\\\/t-golf.club\\\/es\\\/t-foundation\\\/#primaryimage\"},\"thumbnailUrl\":\"https:\\\/\\\/t-golf.club\\\/wp-content\\\/uploads\\\/2021\\\/02\\\/Patos-lago-hoyo-9-1.jpg\",\"datePublished\":\"2021-02-25T20:43:33+00:00\",\"dateModified\":\"2026-04-01T12:57:48+00:00\",\"breadcrumb\":{\"@id\":\"https:\\\/\\\/t-golf.club\\\/es\\\/t-foundation\\\/#breadcrumb\"},\"inLanguage\":\"es\",\"potentialAction\":[{\"@type\":\"ReadAction\",\"target\":[\"https:\\\/\\\/t-golf.club\\\/es\\\/t-foundation\\\/\"]}]},{\"@type\":\"ImageObject\",\"inLanguage\":\"es\",\"@id\":\"https:\\\/\\\/t-golf.club\\\/es\\\/t-foundation\\\/#primaryimage\",\"url\":\"https:\\\/\\\/t-golf.club\\\/wp-content\\\/uploads\\\/2021\\\/02\\\/Patos-lago-hoyo-9-1.jpg\",\"contentUrl\":\"https:\\\/\\\/t-golf.club\\\/wp-content\\\/uploads\\\/2021\\\/02\\\/Patos-lago-hoyo-9-1.jpg\",\"width\":1280,\"height\":768},{\"@type\":\"BreadcrumbList\",\"@id\":\"https:\\\/\\\/t-golf.club\\\/es\\\/t-foundation\\\/#breadcrumb\",\"itemListElement\":[{\"@type\":\"ListItem\",\"position\":1,\"name\":\"Home\",\"item\":\"https:\\\/\\\/t-golf.club\\\/es\\\/\"},{\"@type\":\"ListItem\",\"position\":2,\"name\":\"T Foundation\"}]},{\"@type\":\"WebSite\",\"@id\":\"https:\\\/\\\/t-golf.club\\\/es\\\/#website\",\"url\":\"https:\\\/\\\/t-golf.club\\\/es\\\/\",\"name\":\"T Golf\",\"description\":\"\",\"inLanguage\":\"es\"}]}<\/script>","yoast_head_json":{"title":"T Foundation - T Golf","robots":{"index":"index","follow":"follow","max-snippet":"max-snippet:-1","max-image-preview":"max-image-preview:large","max-video-preview":"max-video-preview:-1"},"canonical":"https:\/\/t-golf.club\/es\/t-foundation\/","og_locale":"es_ES","og_type":"article","og_title":"T Foundation - T Golf","og_url":"https:\/\/t-golf.club\/es\/t-foundation\/","og_site_name":"T Golf","article_modified_time":"2026-04-01T12:57:48+00:00","og_image":[{"width":1280,"height":768,"url":"https:\/\/t-golf.club\/wp-content\/uploads\/2021\/02\/Patos-lago-hoyo-9-1.jpg","type":"image\/jpeg"}],"twitter_card":"summary_large_image","twitter_misc":{"Tiempo de lectura":"2 minutos"},"schema":{"@context":"https:\/\/schema.org","@graph":[{"@type":"WebPage","@id":"https:\/\/t-golf.club\/es\/t-foundation\/","url":"https:\/\/t-golf.club\/es\/t-foundation\/","name":"T Foundation - T Golf","isPartOf":{"@id":"https:\/\/t-golf.club\/es\/#website"},"primaryImageOfPage":{"@id":"https:\/\/t-golf.club\/es\/t-foundation\/#primaryimage"},"image":{"@id":"https:\/\/t-golf.club\/es\/t-foundation\/#primaryimage"},"thumbnailUrl":"https:\/\/t-golf.club\/wp-content\/uploads\/2021\/02\/Patos-lago-hoyo-9-1.jpg","datePublished":"2021-02-25T20:43:33+00:00","dateModified":"2026-04-01T12:57:48+00:00","breadcrumb":{"@id":"https:\/\/t-golf.club\/es\/t-foundation\/#breadcrumb"},"inLanguage":"es","potentialAction":[{"@type":"ReadAction","target":["https:\/\/t-golf.club\/es\/t-foundation\/"]}]},{"@type":"ImageObject","inLanguage":"es","@id":"https:\/\/t-golf.club\/es\/t-foundation\/#primaryimage","url":"https:\/\/t-golf.club\/wp-content\/uploads\/2021\/02\/Patos-lago-hoyo-9-1.jpg","contentUrl":"https:\/\/t-golf.club\/wp-content\/uploads\/2021\/02\/Patos-lago-hoyo-9-1.jpg","width":1280,"height":768},{"@type":"BreadcrumbList","@id":"https:\/\/t-golf.club\/es\/t-foundation\/#breadcrumb","itemListElement":[{"@type":"ListItem","position":1,"name":"Home","item":"https:\/\/t-golf.club\/es\/"},{"@type":"ListItem","position":2,"name":"T Foundation"}]},{"@type":"WebSite","@id":"https:\/\/t-golf.club\/es\/#website","url":"https:\/\/t-golf.club\/es\/","name":"T Golf","description":"","inLanguage":"es"}]}},"_links":{"self":[{"href":"https:\/\/t-golf.club\/es\/wp-json\/wp\/v2\/pages\/6108","targetHints":{"allow":["GET"]}}],"collection":[{"href":"https:\/\/t-golf.club\/es\/wp-json\/wp\/v2\/pages"}],"about":[{"href":"https:\/\/t-golf.club\/es\/wp-json\/wp\/v2\/types\/page"}],"author":[{"embeddable":true,"href":"https:\/\/t-golf.club\/es\/wp-json\/wp\/v2\/users\/1"}],"replies":[{"embeddable":true,"href":"https:\/\/t-golf.club\/es\/wp-json\/wp\/v2\/comments?post=6108"}],"version-history":[{"count":6,"href":"https:\/\/t-golf.club\/es\/wp-json\/wp\/v2\/pages\/6108\/revisions"}],"predecessor-version":[{"id":69661,"href":"https:\/\/t-golf.club\/es\/wp-json\/wp\/v2\/pages\/6108\/revisions\/69661"}],"wp:featuredmedia":[{"embeddable":true,"href":"https:\/\/t-golf.club\/es\/wp-json\/wp\/v2\/media\/6142"}],"wp:attachment":[{"href":"https:\/\/t-golf.club\/es\/wp-json\/wp\/v2\/media?parent=6108"}],"curies":[{"name":"wp","href":"https:\/\/api.w.org\/{rel}","templated":true}]}}