{"id":58079,"date":"2025-05-23T09:52:00","date_gmt":"2025-05-23T09:52:00","guid":{"rendered":"https:\/\/t-golf.club\/?page_id=58079"},"modified":"2025-05-23T09:52:00","modified_gmt":"2025-05-23T09:52:00","slug":"alianza-lionsgate-capital","status":"publish","type":"page","link":"https:\/\/t-golf.club\/es\/alianzas\/alianza-lionsgate-capital\/","title":{"rendered":"Alianza Lionsgate Capital"},"content":{"rendered":"","protected":false},"excerpt":{"rendered":"","protected":false},"author":268,"featured_media":58069,"parent":7201,"menu_order":39,"comment_status":"closed","ping_status":"closed","template":"views\/flexible-member.blade.php","meta":{"_acf_changed":false,"footnotes":""},"class_list":["post-58079","page","type-page","status-publish","has-post-thumbnail","hentry"],"acf":{"size":"large","subtitle":"","link_back":"","hero":{"size":"large","subtitle":"","link_back":""},"content":[{"acf_fc_layout":"content","title":"","text_large":"","text":"<p>Lionsgate Capital es la firma l\u00edder en corretaje hipotecario en Espa\u00f1a, especializada principalmente en la obtenci\u00f3n de financiamiento para transacciones inmobiliarias en las Islas Baleares, Marbella, Madrid y Barcelona. Fue fundada por nuestro presidente, el empresario estadounidense en serie Drew Aaron, y Juanita Casanas, quien anteriormente fue directora de uno de los bancos m\u00e1s grandes de Espa\u00f1a.<\/p>\n<p>Lionsgate est\u00e1 compuesto por un equipo de profesionales experimentados en consultor\u00eda hipotecaria con una destacada experiencia en la industria bancaria espa\u00f1ola, que entienden que cada cliente es diferente y hacen todo lo posible para que cada cliente maximice sus ahorros obteniendo siempre la mejor hipoteca o soluci\u00f3n financiera posible para su transacci\u00f3n particular.<\/p>\n<p>Para mas informaci\u00f3n contacte a <strong>Tanja Pohlmann<\/strong> (<strong>+34 664 25 89 08<\/strong> o\u00a0<strong><a href=\"mailto:Tanja@lionsgatecapital.com\">Tanja@lionsgatecapital.com<\/a>).\u00a0<\/strong><\/p>\n","link":{"title":"Pagina oficial","url":"https:\/\/lionsgatecapital.com\/es","target":""},"cards":false,"image":58069,"sidebar":false,"background_color":"white"},{"acf_fc_layout":"slider","title":"","images":[58066,58069,58072,58075],"background_color":"white"}],"wp_nav_image":false},"yoast_head":"<title>Alianza Lionsgate Capital - T Golf<\/title>\n<meta name=\"robots\" content=\"index, follow, max-snippet:-1, max-image-preview:large, max-video-preview:-1\" \/>\n<link rel=\"canonical\" href=\"https:\/\/t-golf.club\/es\/alianzas\/alianza-lionsgate-capital\/\" \/>\n<meta property=\"og:locale\" content=\"es_ES\" \/>\n<meta property=\"og:type\" content=\"article\" \/>\n<meta property=\"og:title\" content=\"Alianza Lionsgate Capital - T Golf\" \/>\n<meta property=\"og:url\" content=\"https:\/\/t-golf.club\/es\/alianzas\/alianza-lionsgate-capital\/\" \/>\n<meta property=\"og:site_name\" content=\"T Golf\" \/>\n<meta property=\"og:image\" content=\"https:\/\/t-golf.club\/wp-content\/uploads\/2025\/05\/a17893187572e4a3ce3a1.jpg\" \/>\n\t<meta property=\"og:image:width\" content=\"1620\" \/>\n\t<meta property=\"og:image:height\" content=\"1080\" \/>\n\t<meta property=\"og:image:type\" content=\"image\/jpeg\" \/>\n<meta name=\"twitter:card\" content=\"summary_large_image\" \/>\n<meta name=\"twitter:label1\" content=\"Tiempo de lectura\" \/>\n\t<meta name=\"twitter:data1\" content=\"1 minuto\" \/>\n<script type=\"application\/ld+json\" class=\"yoast-schema-graph\">{\"@context\":\"https:\\\/\\\/schema.org\",\"@graph\":[{\"@type\":\"WebPage\",\"@id\":\"https:\\\/\\\/t-golf.club\\\/es\\\/alianzas\\\/alianza-lionsgate-capital\\\/\",\"url\":\"https:\\\/\\\/t-golf.club\\\/es\\\/alianzas\\\/alianza-lionsgate-capital\\\/\",\"name\":\"Alianza Lionsgate Capital - T Golf\",\"isPartOf\":{\"@id\":\"https:\\\/\\\/t-golf.club\\\/es\\\/#website\"},\"primaryImageOfPage\":{\"@id\":\"https:\\\/\\\/t-golf.club\\\/es\\\/alianzas\\\/alianza-lionsgate-capital\\\/#primaryimage\"},\"image\":{\"@id\":\"https:\\\/\\\/t-golf.club\\\/es\\\/alianzas\\\/alianza-lionsgate-capital\\\/#primaryimage\"},\"thumbnailUrl\":\"https:\\\/\\\/t-golf.club\\\/wp-content\\\/uploads\\\/2025\\\/05\\\/a17893187572e4a3ce3a1.jpg\",\"datePublished\":\"2025-05-23T09:52:00+00:00\",\"breadcrumb\":{\"@id\":\"https:\\\/\\\/t-golf.club\\\/es\\\/alianzas\\\/alianza-lionsgate-capital\\\/#breadcrumb\"},\"inLanguage\":\"es\",\"potentialAction\":[{\"@type\":\"ReadAction\",\"target\":[\"https:\\\/\\\/t-golf.club\\\/es\\\/alianzas\\\/alianza-lionsgate-capital\\\/\"]}]},{\"@type\":\"ImageObject\",\"inLanguage\":\"es\",\"@id\":\"https:\\\/\\\/t-golf.club\\\/es\\\/alianzas\\\/alianza-lionsgate-capital\\\/#primaryimage\",\"url\":\"https:\\\/\\\/t-golf.club\\\/wp-content\\\/uploads\\\/2025\\\/05\\\/a17893187572e4a3ce3a1.jpg\",\"contentUrl\":\"https:\\\/\\\/t-golf.club\\\/wp-content\\\/uploads\\\/2025\\\/05\\\/a17893187572e4a3ce3a1.jpg\",\"width\":1620,\"height\":1080},{\"@type\":\"BreadcrumbList\",\"@id\":\"https:\\\/\\\/t-golf.club\\\/es\\\/alianzas\\\/alianza-lionsgate-capital\\\/#breadcrumb\",\"itemListElement\":[{\"@type\":\"ListItem\",\"position\":1,\"name\":\"Home\",\"item\":\"https:\\\/\\\/t-golf.club\\\/es\\\/\"},{\"@type\":\"ListItem\",\"position\":2,\"name\":\"Alianzas\",\"item\":\"https:\\\/\\\/t-golf.club\\\/es\\\/alianzas\\\/\"},{\"@type\":\"ListItem\",\"position\":3,\"name\":\"Alianza Lionsgate Capital\"}]},{\"@type\":\"WebSite\",\"@id\":\"https:\\\/\\\/t-golf.club\\\/es\\\/#website\",\"url\":\"https:\\\/\\\/t-golf.club\\\/es\\\/\",\"name\":\"T Golf\",\"description\":\"\",\"inLanguage\":\"es\"}]}<\/script>","yoast_head_json":{"title":"Alianza Lionsgate Capital - T Golf","robots":{"index":"index","follow":"follow","max-snippet":"max-snippet:-1","max-image-preview":"max-image-preview:large","max-video-preview":"max-video-preview:-1"},"canonical":"https:\/\/t-golf.club\/es\/alianzas\/alianza-lionsgate-capital\/","og_locale":"es_ES","og_type":"article","og_title":"Alianza Lionsgate Capital - T Golf","og_url":"https:\/\/t-golf.club\/es\/alianzas\/alianza-lionsgate-capital\/","og_site_name":"T Golf","og_image":[{"width":1620,"height":1080,"url":"https:\/\/t-golf.club\/wp-content\/uploads\/2025\/05\/a17893187572e4a3ce3a1.jpg","type":"image\/jpeg"}],"twitter_card":"summary_large_image","twitter_misc":{"Tiempo de lectura":"1 minuto"},"schema":{"@context":"https:\/\/schema.org","@graph":[{"@type":"WebPage","@id":"https:\/\/t-golf.club\/es\/alianzas\/alianza-lionsgate-capital\/","url":"https:\/\/t-golf.club\/es\/alianzas\/alianza-lionsgate-capital\/","name":"Alianza Lionsgate Capital - T Golf","isPartOf":{"@id":"https:\/\/t-golf.club\/es\/#website"},"primaryImageOfPage":{"@id":"https:\/\/t-golf.club\/es\/alianzas\/alianza-lionsgate-capital\/#primaryimage"},"image":{"@id":"https:\/\/t-golf.club\/es\/alianzas\/alianza-lionsgate-capital\/#primaryimage"},"thumbnailUrl":"https:\/\/t-golf.club\/wp-content\/uploads\/2025\/05\/a17893187572e4a3ce3a1.jpg","datePublished":"2025-05-23T09:52:00+00:00","breadcrumb":{"@id":"https:\/\/t-golf.club\/es\/alianzas\/alianza-lionsgate-capital\/#breadcrumb"},"inLanguage":"es","potentialAction":[{"@type":"ReadAction","target":["https:\/\/t-golf.club\/es\/alianzas\/alianza-lionsgate-capital\/"]}]},{"@type":"ImageObject","inLanguage":"es","@id":"https:\/\/t-golf.club\/es\/alianzas\/alianza-lionsgate-capital\/#primaryimage","url":"https:\/\/t-golf.club\/wp-content\/uploads\/2025\/05\/a17893187572e4a3ce3a1.jpg","contentUrl":"https:\/\/t-golf.club\/wp-content\/uploads\/2025\/05\/a17893187572e4a3ce3a1.jpg","width":1620,"height":1080},{"@type":"BreadcrumbList","@id":"https:\/\/t-golf.club\/es\/alianzas\/alianza-lionsgate-capital\/#breadcrumb","itemListElement":[{"@type":"ListItem","position":1,"name":"Home","item":"https:\/\/t-golf.club\/es\/"},{"@type":"ListItem","position":2,"name":"Alianzas","item":"https:\/\/t-golf.club\/es\/alianzas\/"},{"@type":"ListItem","position":3,"name":"Alianza Lionsgate Capital"}]},{"@type":"WebSite","@id":"https:\/\/t-golf.club\/es\/#website","url":"https:\/\/t-golf.club\/es\/","name":"T Golf","description":"","inLanguage":"es"}]}},"_links":{"self":[{"href":"https:\/\/t-golf.club\/es\/wp-json\/wp\/v2\/pages\/58079","targetHints":{"allow":["GET"]}}],"collection":[{"href":"https:\/\/t-golf.club\/es\/wp-json\/wp\/v2\/pages"}],"about":[{"href":"https:\/\/t-golf.club\/es\/wp-json\/wp\/v2\/types\/page"}],"author":[{"embeddable":true,"href":"https:\/\/t-golf.club\/es\/wp-json\/wp\/v2\/users\/268"}],"replies":[{"embeddable":true,"href":"https:\/\/t-golf.club\/es\/wp-json\/wp\/v2\/comments?post=58079"}],"version-history":[{"count":1,"href":"https:\/\/t-golf.club\/es\/wp-json\/wp\/v2\/pages\/58079\/revisions"}],"predecessor-version":[{"id":58084,"href":"https:\/\/t-golf.club\/es\/wp-json\/wp\/v2\/pages\/58079\/revisions\/58084"}],"up":[{"embeddable":true,"href":"https:\/\/t-golf.club\/es\/wp-json\/wp\/v2\/pages\/7201"}],"wp:featuredmedia":[{"embeddable":true,"href":"https:\/\/t-golf.club\/es\/wp-json\/wp\/v2\/media\/58069"}],"wp:attachment":[{"href":"https:\/\/t-golf.club\/es\/wp-json\/wp\/v2\/media?parent=58079"}],"curies":[{"name":"wp","href":"https:\/\/api.w.org\/{rel}","templated":true}]}}