{"id":58059,"date":"2025-05-23T08:18:52","date_gmt":"2025-05-23T08:18:52","guid":{"rendered":"https:\/\/t-golf.club\/?page_id=58059"},"modified":"2025-05-23T08:18:52","modified_gmt":"2025-05-23T08:18:52","slug":"alianza-gallery-red","status":"publish","type":"page","link":"https:\/\/t-golf.club\/es\/alianzas\/alianza-gallery-red\/","title":{"rendered":"Alianza Gallery Red"},"content":{"rendered":"","protected":false},"excerpt":{"rendered":"","protected":false},"author":268,"featured_media":58018,"parent":7201,"menu_order":39,"comment_status":"closed","ping_status":"closed","template":"views\/flexible-member.blade.php","meta":{"_acf_changed":false,"footnotes":""},"class_list":["post-58059","page","type-page","status-publish","has-post-thumbnail","hentry"],"acf":{"size":"large","subtitle":"","link_back":"","hero":{"size":"large","subtitle":"","link_back":""},"content":[{"acf_fc_layout":"content","title":"","text_large":"","text":"<p>Gallery RED es una galer\u00eda de arte contempor\u00e1neo l\u00edder a nivel mundial, con sede en Palma de Mallorca. Cuenta con 10 espacios de exhibici\u00f3n en toda Espa\u00f1a, adem\u00e1s de showrooms privados exclusivos en ubicaciones privilegiadas, incluyendo los aeropuertos privados de Mallorca e Ibiza.<\/p>\n<p>La sede principal de la galer\u00eda est\u00e1 ubicada en el centro de la ciudad de Mallorca, en la Plaza Frederic Chopin, donde Gallery RED Square se ha convertido en la galer\u00eda de m\u00e1s r\u00e1pido crecimiento en Espa\u00f1a y en un punto focal de la vibrante escena art\u00edstica de las Islas Baleares.<\/p>\n<p>En 2025, Gallery RED se expandi\u00f3 internacionalmente abriendo su primera galer\u00eda en Par\u00eds. Este espacio, actualmente solo con cita previa, exhibe tanto artistas emergentes como consolidados y se encuentra en el 8\u00ba arrondissement, el coraz\u00f3n de la capital europea del arte.<\/p>\n<p>Gallery RED presenta obras de reconocidos artistas contempor\u00e1neos como Andy Warhol, Basquiat, Gerhard Richter, Yayoi Kusama y Jeff Koons, junto a talentos emergentes como Rub\u00e9n Mart\u00edn de Lucas, Adam Taylor, Iv\u00e1n Monta\u00f1a, Lidia Masllorens, Andrea Torres y muchos m\u00e1s.<\/p>\n<p>Como destino de lujo para amantes del arte, Gallery RED contin\u00faa desempe\u00f1ando un papel destacado en el mundo del arte en constante evoluci\u00f3n.<\/p>\n<p>Para mas informaci\u00f3n contacte a <strong>Ieva Navikait\u00e9 (+34 670 38 58 01 o\u00a0<\/strong><strong><a href=\"mailto:Ieva@galleryred.com\">Ieva@galleryred.com<\/a>).\u00a0<\/strong><\/p>\n","link":{"title":"Pagina oficial","url":"https:\/\/www.galleryred.com\/","target":""},"cards":false,"image":58018,"sidebar":false,"background_color":"white"},{"acf_fc_layout":"slider","title":"","images":[58015,58018,58021],"background_color":"white"}],"wp_nav_image":false},"yoast_head":"<title>Alianza Gallery Red - T Golf<\/title>\n<meta name=\"robots\" content=\"index, follow, max-snippet:-1, max-image-preview:large, max-video-preview:-1\" \/>\n<link rel=\"canonical\" href=\"https:\/\/t-golf.club\/es\/alianzas\/alianza-gallery-red\/\" \/>\n<meta property=\"og:locale\" content=\"es_ES\" \/>\n<meta property=\"og:type\" content=\"article\" \/>\n<meta property=\"og:title\" content=\"Alianza Gallery Red - T Golf\" \/>\n<meta property=\"og:url\" content=\"https:\/\/t-golf.club\/es\/alianzas\/alianza-gallery-red\/\" \/>\n<meta property=\"og:site_name\" content=\"T Golf\" \/>\n<meta property=\"og:image\" content=\"https:\/\/t-golf.club\/wp-content\/uploads\/2025\/05\/DSC07306.jpg\" \/>\n\t<meta property=\"og:image:width\" content=\"800\" \/>\n\t<meta property=\"og:image:height\" content=\"875\" \/>\n\t<meta property=\"og:image:type\" content=\"image\/jpeg\" \/>\n<meta name=\"twitter:card\" content=\"summary_large_image\" \/>\n<meta name=\"twitter:label1\" content=\"Tiempo de lectura\" \/>\n\t<meta name=\"twitter:data1\" content=\"2 minutos\" \/>\n<script type=\"application\/ld+json\" class=\"yoast-schema-graph\">{\"@context\":\"https:\\\/\\\/schema.org\",\"@graph\":[{\"@type\":\"WebPage\",\"@id\":\"https:\\\/\\\/t-golf.club\\\/es\\\/alianzas\\\/alianza-gallery-red\\\/\",\"url\":\"https:\\\/\\\/t-golf.club\\\/es\\\/alianzas\\\/alianza-gallery-red\\\/\",\"name\":\"Alianza Gallery Red - T Golf\",\"isPartOf\":{\"@id\":\"https:\\\/\\\/t-golf.club\\\/es\\\/#website\"},\"primaryImageOfPage\":{\"@id\":\"https:\\\/\\\/t-golf.club\\\/es\\\/alianzas\\\/alianza-gallery-red\\\/#primaryimage\"},\"image\":{\"@id\":\"https:\\\/\\\/t-golf.club\\\/es\\\/alianzas\\\/alianza-gallery-red\\\/#primaryimage\"},\"thumbnailUrl\":\"https:\\\/\\\/t-golf.club\\\/wp-content\\\/uploads\\\/2025\\\/05\\\/DSC07306.jpg\",\"datePublished\":\"2025-05-23T08:18:52+00:00\",\"breadcrumb\":{\"@id\":\"https:\\\/\\\/t-golf.club\\\/es\\\/alianzas\\\/alianza-gallery-red\\\/#breadcrumb\"},\"inLanguage\":\"es\",\"potentialAction\":[{\"@type\":\"ReadAction\",\"target\":[\"https:\\\/\\\/t-golf.club\\\/es\\\/alianzas\\\/alianza-gallery-red\\\/\"]}]},{\"@type\":\"ImageObject\",\"inLanguage\":\"es\",\"@id\":\"https:\\\/\\\/t-golf.club\\\/es\\\/alianzas\\\/alianza-gallery-red\\\/#primaryimage\",\"url\":\"https:\\\/\\\/t-golf.club\\\/wp-content\\\/uploads\\\/2025\\\/05\\\/DSC07306.jpg\",\"contentUrl\":\"https:\\\/\\\/t-golf.club\\\/wp-content\\\/uploads\\\/2025\\\/05\\\/DSC07306.jpg\",\"width\":800,\"height\":875},{\"@type\":\"BreadcrumbList\",\"@id\":\"https:\\\/\\\/t-golf.club\\\/es\\\/alianzas\\\/alianza-gallery-red\\\/#breadcrumb\",\"itemListElement\":[{\"@type\":\"ListItem\",\"position\":1,\"name\":\"Home\",\"item\":\"https:\\\/\\\/t-golf.club\\\/es\\\/\"},{\"@type\":\"ListItem\",\"position\":2,\"name\":\"Alianzas\",\"item\":\"https:\\\/\\\/t-golf.club\\\/es\\\/alianzas\\\/\"},{\"@type\":\"ListItem\",\"position\":3,\"name\":\"Alianza Gallery Red\"}]},{\"@type\":\"WebSite\",\"@id\":\"https:\\\/\\\/t-golf.club\\\/es\\\/#website\",\"url\":\"https:\\\/\\\/t-golf.club\\\/es\\\/\",\"name\":\"T Golf\",\"description\":\"\",\"inLanguage\":\"es\"}]}<\/script>","yoast_head_json":{"title":"Alianza Gallery Red - T Golf","robots":{"index":"index","follow":"follow","max-snippet":"max-snippet:-1","max-image-preview":"max-image-preview:large","max-video-preview":"max-video-preview:-1"},"canonical":"https:\/\/t-golf.club\/es\/alianzas\/alianza-gallery-red\/","og_locale":"es_ES","og_type":"article","og_title":"Alianza Gallery Red - T Golf","og_url":"https:\/\/t-golf.club\/es\/alianzas\/alianza-gallery-red\/","og_site_name":"T Golf","og_image":[{"width":800,"height":875,"url":"https:\/\/t-golf.club\/wp-content\/uploads\/2025\/05\/DSC07306.jpg","type":"image\/jpeg"}],"twitter_card":"summary_large_image","twitter_misc":{"Tiempo de lectura":"2 minutos"},"schema":{"@context":"https:\/\/schema.org","@graph":[{"@type":"WebPage","@id":"https:\/\/t-golf.club\/es\/alianzas\/alianza-gallery-red\/","url":"https:\/\/t-golf.club\/es\/alianzas\/alianza-gallery-red\/","name":"Alianza Gallery Red - T Golf","isPartOf":{"@id":"https:\/\/t-golf.club\/es\/#website"},"primaryImageOfPage":{"@id":"https:\/\/t-golf.club\/es\/alianzas\/alianza-gallery-red\/#primaryimage"},"image":{"@id":"https:\/\/t-golf.club\/es\/alianzas\/alianza-gallery-red\/#primaryimage"},"thumbnailUrl":"https:\/\/t-golf.club\/wp-content\/uploads\/2025\/05\/DSC07306.jpg","datePublished":"2025-05-23T08:18:52+00:00","breadcrumb":{"@id":"https:\/\/t-golf.club\/es\/alianzas\/alianza-gallery-red\/#breadcrumb"},"inLanguage":"es","potentialAction":[{"@type":"ReadAction","target":["https:\/\/t-golf.club\/es\/alianzas\/alianza-gallery-red\/"]}]},{"@type":"ImageObject","inLanguage":"es","@id":"https:\/\/t-golf.club\/es\/alianzas\/alianza-gallery-red\/#primaryimage","url":"https:\/\/t-golf.club\/wp-content\/uploads\/2025\/05\/DSC07306.jpg","contentUrl":"https:\/\/t-golf.club\/wp-content\/uploads\/2025\/05\/DSC07306.jpg","width":800,"height":875},{"@type":"BreadcrumbList","@id":"https:\/\/t-golf.club\/es\/alianzas\/alianza-gallery-red\/#breadcrumb","itemListElement":[{"@type":"ListItem","position":1,"name":"Home","item":"https:\/\/t-golf.club\/es\/"},{"@type":"ListItem","position":2,"name":"Alianzas","item":"https:\/\/t-golf.club\/es\/alianzas\/"},{"@type":"ListItem","position":3,"name":"Alianza Gallery Red"}]},{"@type":"WebSite","@id":"https:\/\/t-golf.club\/es\/#website","url":"https:\/\/t-golf.club\/es\/","name":"T Golf","description":"","inLanguage":"es"}]}},"_links":{"self":[{"href":"https:\/\/t-golf.club\/es\/wp-json\/wp\/v2\/pages\/58059","targetHints":{"allow":["GET"]}}],"collection":[{"href":"https:\/\/t-golf.club\/es\/wp-json\/wp\/v2\/pages"}],"about":[{"href":"https:\/\/t-golf.club\/es\/wp-json\/wp\/v2\/types\/page"}],"author":[{"embeddable":true,"href":"https:\/\/t-golf.club\/es\/wp-json\/wp\/v2\/users\/268"}],"replies":[{"embeddable":true,"href":"https:\/\/t-golf.club\/es\/wp-json\/wp\/v2\/comments?post=58059"}],"version-history":[{"count":1,"href":"https:\/\/t-golf.club\/es\/wp-json\/wp\/v2\/pages\/58059\/revisions"}],"predecessor-version":[{"id":58060,"href":"https:\/\/t-golf.club\/es\/wp-json\/wp\/v2\/pages\/58059\/revisions\/58060"}],"up":[{"embeddable":true,"href":"https:\/\/t-golf.club\/es\/wp-json\/wp\/v2\/pages\/7201"}],"wp:featuredmedia":[{"embeddable":true,"href":"https:\/\/t-golf.club\/es\/wp-json\/wp\/v2\/media\/58018"}],"wp:attachment":[{"href":"https:\/\/t-golf.club\/es\/wp-json\/wp\/v2\/media?parent=58059"}],"curies":[{"name":"wp","href":"https:\/\/api.w.org\/{rel}","templated":true}]}}