{"id":37721,"date":"2024-03-20T14:49:18","date_gmt":"2024-03-20T14:49:18","guid":{"rendered":"https:\/\/t-golf.club\/members-contact\/"},"modified":"2024-03-20T15:38:15","modified_gmt":"2024-03-20T15:38:15","slug":"members-contact","status":"publish","type":"page","link":"https:\/\/t-golf.club\/es\/members-contact\/","title":{"rendered":"Member&#8217;s Contact"},"content":{"rendered":"","protected":false},"excerpt":{"rendered":"","protected":false},"author":275,"featured_media":12888,"parent":0,"menu_order":0,"comment_status":"closed","ping_status":"closed","template":"views\/flexible-member.blade.php","meta":{"_acf_changed":false,"footnotes":""},"class_list":["post-37721","page","type-page","status-publish","has-post-thumbnail","hentry"],"acf":{"size":"small","subtitle":"","link_back":"","hero":{"size":"small","subtitle":"","link_back":""},"content":[{"acf_fc_layout":"content","title":"Estimados socios del T Club,","text_large":"","text":"<p>Mi nombre es <strong>Elena Schmidkunz<\/strong> y es un honor ser su persona de contacto. En mi calidad de <strong>Gestora de Relaciones con los Socios<\/strong>, mi trabajo y mi pasi\u00f3n es velar por su bienestar y sus preocupaciones.<\/p>\n<p>Si necesita ayuda con las reservas o simplemente un o\u00eddo comprensivo, estoy aqu\u00ed para ayudarle. Mi objetivo es asegurarme de que su experiencia en T Club no s\u00f3lo sea excepcional, sino tambi\u00e9n memorable.<\/p>\n<p>Buscamos constantemente formas de mejorar su experiencia como socio. Sus sugerencias, comentarios o ideas son importantes para que el Club sea a\u00fan m\u00e1s atractivo. No duden en compartirlas conmigo.<\/p>\n<p>Mi puerta est\u00e1 siempre abierta, as\u00ed que intentar\u00e9 ayudarle en cualquier situaci\u00f3n. Juntos crearemos recuerdos inolvidables y fortaleceremos el esp\u00edritu de comunidad en T Club. Estoy deseando conocerles a todos en persona y acompa\u00f1arle en este apasionante viaje como socios de nuestro club.<\/p>\n<p>Un saludo cordial<\/p>\n<p>Elena Schmidkunz<\/p>\n","link":"","cards":false,"image":37707,"sidebar":[{"acf_fc_layout":"contact","text_intro":"","image":false,"title":"Elena Schmidkunz","text":"<p><big><a href=\"mailto:members@t-golf.club\" target=\"_blank\" rel=\"noopener\">members@t-golf.club<\/a><br \/>\n<a href=\"tel:+34971130148\" target=\"_blank\" rel=\"noopener\">+34 971 130 148<\/a><\/big><\/p>\n"}],"background_color":"white"}],"wp_nav_image":false},"yoast_head":"<title>Member&#039;s Contact - T Golf<\/title>\n<meta name=\"robots\" content=\"index, follow, max-snippet:-1, max-image-preview:large, max-video-preview:-1\" \/>\n<link rel=\"canonical\" href=\"https:\/\/t-golf.club\/es\/members-contact\/\" \/>\n<meta property=\"og:locale\" content=\"es_ES\" \/>\n<meta property=\"og:type\" content=\"article\" \/>\n<meta property=\"og:title\" content=\"Member&#039;s Contact - T Golf\" \/>\n<meta property=\"og:url\" content=\"https:\/\/t-golf.club\/es\/members-contact\/\" \/>\n<meta property=\"og:site_name\" content=\"T Golf\" \/>\n<meta property=\"article:modified_time\" content=\"2024-03-20T15:38:15+00:00\" \/>\n<meta property=\"og:image\" content=\"https:\/\/t-golf.club\/wp-content\/uploads\/2022\/05\/TGolf-8th-Hole-with-bridge-scaled.jpg\" \/>\n\t<meta property=\"og:image:width\" content=\"2560\" \/>\n\t<meta property=\"og:image:height\" content=\"1920\" \/>\n\t<meta property=\"og:image:type\" content=\"image\/jpeg\" \/>\n<meta name=\"twitter:card\" content=\"summary_large_image\" \/>\n<meta name=\"twitter:label1\" content=\"Tiempo de lectura\" \/>\n\t<meta name=\"twitter:data1\" content=\"2 minutos\" \/>\n<script type=\"application\/ld+json\" class=\"yoast-schema-graph\">{\"@context\":\"https:\\\/\\\/schema.org\",\"@graph\":[{\"@type\":\"WebPage\",\"@id\":\"https:\\\/\\\/t-golf.club\\\/es\\\/members-contact\\\/\",\"url\":\"https:\\\/\\\/t-golf.club\\\/es\\\/members-contact\\\/\",\"name\":\"Member's Contact - T Golf\",\"isPartOf\":{\"@id\":\"https:\\\/\\\/t-golf.club\\\/es\\\/#website\"},\"primaryImageOfPage\":{\"@id\":\"https:\\\/\\\/t-golf.club\\\/es\\\/members-contact\\\/#primaryimage\"},\"image\":{\"@id\":\"https:\\\/\\\/t-golf.club\\\/es\\\/members-contact\\\/#primaryimage\"},\"thumbnailUrl\":\"https:\\\/\\\/t-golf.club\\\/wp-content\\\/uploads\\\/2022\\\/05\\\/TGolf-8th-Hole-with-bridge-scaled.jpg\",\"datePublished\":\"2024-03-20T14:49:18+00:00\",\"dateModified\":\"2024-03-20T15:38:15+00:00\",\"breadcrumb\":{\"@id\":\"https:\\\/\\\/t-golf.club\\\/es\\\/members-contact\\\/#breadcrumb\"},\"inLanguage\":\"es\",\"potentialAction\":[{\"@type\":\"ReadAction\",\"target\":[\"https:\\\/\\\/t-golf.club\\\/es\\\/members-contact\\\/\"]}]},{\"@type\":\"ImageObject\",\"inLanguage\":\"es\",\"@id\":\"https:\\\/\\\/t-golf.club\\\/es\\\/members-contact\\\/#primaryimage\",\"url\":\"https:\\\/\\\/t-golf.club\\\/wp-content\\\/uploads\\\/2022\\\/05\\\/TGolf-8th-Hole-with-bridge-scaled.jpg\",\"contentUrl\":\"https:\\\/\\\/t-golf.club\\\/wp-content\\\/uploads\\\/2022\\\/05\\\/TGolf-8th-Hole-with-bridge-scaled.jpg\",\"width\":2560,\"height\":1920},{\"@type\":\"BreadcrumbList\",\"@id\":\"https:\\\/\\\/t-golf.club\\\/es\\\/members-contact\\\/#breadcrumb\",\"itemListElement\":[{\"@type\":\"ListItem\",\"position\":1,\"name\":\"Home\",\"item\":\"https:\\\/\\\/t-golf.club\\\/es\\\/\"},{\"@type\":\"ListItem\",\"position\":2,\"name\":\"Member&#8217;s Contact\"}]},{\"@type\":\"WebSite\",\"@id\":\"https:\\\/\\\/t-golf.club\\\/es\\\/#website\",\"url\":\"https:\\\/\\\/t-golf.club\\\/es\\\/\",\"name\":\"T Golf\",\"description\":\"\",\"inLanguage\":\"es\"}]}<\/script>","yoast_head_json":{"title":"Member's Contact - T Golf","robots":{"index":"index","follow":"follow","max-snippet":"max-snippet:-1","max-image-preview":"max-image-preview:large","max-video-preview":"max-video-preview:-1"},"canonical":"https:\/\/t-golf.club\/es\/members-contact\/","og_locale":"es_ES","og_type":"article","og_title":"Member's Contact - T Golf","og_url":"https:\/\/t-golf.club\/es\/members-contact\/","og_site_name":"T Golf","article_modified_time":"2024-03-20T15:38:15+00:00","og_image":[{"width":2560,"height":1920,"url":"https:\/\/t-golf.club\/wp-content\/uploads\/2022\/05\/TGolf-8th-Hole-with-bridge-scaled.jpg","type":"image\/jpeg"}],"twitter_card":"summary_large_image","twitter_misc":{"Tiempo de lectura":"2 minutos"},"schema":{"@context":"https:\/\/schema.org","@graph":[{"@type":"WebPage","@id":"https:\/\/t-golf.club\/es\/members-contact\/","url":"https:\/\/t-golf.club\/es\/members-contact\/","name":"Member's Contact - T Golf","isPartOf":{"@id":"https:\/\/t-golf.club\/es\/#website"},"primaryImageOfPage":{"@id":"https:\/\/t-golf.club\/es\/members-contact\/#primaryimage"},"image":{"@id":"https:\/\/t-golf.club\/es\/members-contact\/#primaryimage"},"thumbnailUrl":"https:\/\/t-golf.club\/wp-content\/uploads\/2022\/05\/TGolf-8th-Hole-with-bridge-scaled.jpg","datePublished":"2024-03-20T14:49:18+00:00","dateModified":"2024-03-20T15:38:15+00:00","breadcrumb":{"@id":"https:\/\/t-golf.club\/es\/members-contact\/#breadcrumb"},"inLanguage":"es","potentialAction":[{"@type":"ReadAction","target":["https:\/\/t-golf.club\/es\/members-contact\/"]}]},{"@type":"ImageObject","inLanguage":"es","@id":"https:\/\/t-golf.club\/es\/members-contact\/#primaryimage","url":"https:\/\/t-golf.club\/wp-content\/uploads\/2022\/05\/TGolf-8th-Hole-with-bridge-scaled.jpg","contentUrl":"https:\/\/t-golf.club\/wp-content\/uploads\/2022\/05\/TGolf-8th-Hole-with-bridge-scaled.jpg","width":2560,"height":1920},{"@type":"BreadcrumbList","@id":"https:\/\/t-golf.club\/es\/members-contact\/#breadcrumb","itemListElement":[{"@type":"ListItem","position":1,"name":"Home","item":"https:\/\/t-golf.club\/es\/"},{"@type":"ListItem","position":2,"name":"Member&#8217;s Contact"}]},{"@type":"WebSite","@id":"https:\/\/t-golf.club\/es\/#website","url":"https:\/\/t-golf.club\/es\/","name":"T Golf","description":"","inLanguage":"es"}]}},"_links":{"self":[{"href":"https:\/\/t-golf.club\/es\/wp-json\/wp\/v2\/pages\/37721","targetHints":{"allow":["GET"]}}],"collection":[{"href":"https:\/\/t-golf.club\/es\/wp-json\/wp\/v2\/pages"}],"about":[{"href":"https:\/\/t-golf.club\/es\/wp-json\/wp\/v2\/types\/page"}],"author":[{"embeddable":true,"href":"https:\/\/t-golf.club\/es\/wp-json\/wp\/v2\/users\/275"}],"replies":[{"embeddable":true,"href":"https:\/\/t-golf.club\/es\/wp-json\/wp\/v2\/comments?post=37721"}],"version-history":[{"count":1,"href":"https:\/\/t-golf.club\/es\/wp-json\/wp\/v2\/pages\/37721\/revisions"}],"predecessor-version":[{"id":37723,"href":"https:\/\/t-golf.club\/es\/wp-json\/wp\/v2\/pages\/37721\/revisions\/37723"}],"wp:featuredmedia":[{"embeddable":true,"href":"https:\/\/t-golf.club\/es\/wp-json\/wp\/v2\/media\/12888"}],"wp:attachment":[{"href":"https:\/\/t-golf.club\/es\/wp-json\/wp\/v2\/media?parent=37721"}],"curies":[{"name":"wp","href":"https:\/\/api.w.org\/{rel}","templated":true}]}}