{"id":3667,"date":"2020-09-21T12:26:37","date_gmt":"2020-09-21T12:26:37","guid":{"rendered":"https:\/\/t-golf.club\/?page_id=3667"},"modified":"2020-10-15T15:04:39","modified_gmt":"2020-10-15T15:04:39","slug":"sorteo-residentes-octubre","status":"publish","type":"page","link":"https:\/\/t-golf.club\/es\/sorteo-residentes-octubre\/","title":{"rendered":"Sorteo residentes Octubre"},"content":{"rendered":"","protected":false},"excerpt":{"rendered":"","protected":false},"author":1,"featured_media":3665,"parent":0,"menu_order":110,"comment_status":"closed","ping_status":"closed","template":"views\/newsletter.blade.php","meta":{"_acf_changed":false,"footnotes":""},"class_list":["post-3667","page","type-page","status-publish","has-post-thumbnail","hentry"],"acf":{"title":"\u00bfEs usted residente balear? Si lo es, reg\u00edstrese aqu\u00ed para recibir nuestras ofertas locales y participe en nuestro sorteo mensual de un Greenfee en octubre.","text":"Para participar en nuestro sorteo mensual de un green fee de 18 hoyos en octubre, el golfista debe rellenar los siguientes datos:","legal_text":"<p><strong>Tratamiento de sus Datos personales para participar en el Sorteo: <\/strong><\/p>\n<p>De conformidad con lo dispuesto en el Reglamento general de Protecci\u00f3n de Datos RGPD UE 679\/2016 y la Ley Org\u00e1nica 3\/2018 de 5 de Diciembre, de Protecci\u00f3n de Datos Personales y Garant\u00eda de los Derechos Digitales, se le facilita la siguiente\u00a0 informaci\u00f3n\u00a0 del tratamiento de sus datos de car\u00e1cter personal<\/p>\n<p><strong>Responsable<\/strong><strong>:<\/strong> T GOLF &amp; COUNTRY CLUB PONIENTE, S.A.U., CIF: A07044050, \u00a0Dir. Postal: CTRA CALA FIGUERA S\/N, 07181, CALVIA, Tel\u00e9fono: 971130148, Correo electr\u00f3nico: info@t-golf.club.<\/p>\n<p><strong>FINALIDAD:<\/strong> En T GOLF &amp; COUNTRY CLUB PONIENTE, S.A.U. tratamos la informaci\u00f3n que nos facilita con el fin de que usted pueda participar en nuestros sorteos. No se tomar\u00e1n decisiones automatizadas en base a dicho perfil. Los datos personales proporcionados se conservar\u00e1n mientras sean \u00fatiles para la finalidad indicada, y, en todo caso, durante los plazos legales y para el tiempo necesario para atender a posibles responsabilidades nacidas del tratamiento<\/p>\n<p><strong>LEGITIMACI\u00d3N<\/strong>: El tratamiento de sus datos de car\u00e1cter personal est\u00e1 basado en su consentimiento para tratar sus datos de car\u00e1cter personal con uno o varios fines espec\u00edficos de conformidad con lo dispuesto en el RGPD UE 679\/2016 (ART. 6.1. A) y la Ley Org\u00e1nica 3\/2018 de 5 de Diciembre, (LOPDPGDD). Resulta de aplicaci\u00f3n la Ley de Servicios de Sociedad de la Informaci\u00f3n 34\/2002, art\u00edculos 20 y 21, para el env\u00edo de ofertas comerciales mediante telecomunicaciones. La oferta prospectiva de productos y servicios est\u00e1 basada en el consentimiento que se le solicita sin que en ning\u00fan caso la retirada de este consentimiento condicione su participaci\u00f3n en el concurso. Existe la obligaci\u00f3n de facilitar los datos de car\u00e1cter personal y en caso contrario no puede participar en el concurso. Existe obligaci\u00f3n de facilitar el consentimiento para poder efectuar ofertas prospectivas y enviarle informaci\u00f3n comercial.<\/p>\n<p><strong>DESTINATARIOS:<\/strong> Su imagen o datos de car\u00e1cter personal pueden ser cedidos a la entidad FACEBOOK INC., que actuar\u00e1 como encargado de tratamiento y de que sus datos de car\u00e1cter personal pueden ser almacenados en FACEBOOK INC, con domicilio a efectos de notificaci\u00f3n en FACEBOOK, INC. 1601 Willow Road Menlo Park, CA 94025, Estados Unidos\u00a0 de conformidad con el acuerdo EU\/US PRIVACY SHIELD,\u00a0 para gestionar la publicaci\u00f3n de los datos del ganador y su imagen en el Perfil de Facebook de\u00a0 T GOLF &amp; COUNTRY CLUB PONIENTE, S.A.U. No se toman decisiones de adecuaci\u00f3n, garant\u00edas, normas corporativas vinculantes o situaciones espec\u00edficas aplicables.<\/p>\n<p><strong>DERECHOS<\/strong>: Las personas interesadas tienen derecho a obtener el acceso a sus datos personales, as\u00ed como a solicitar la rectificaci\u00f3n de los datos inexactos o, en su caso, solicitar su supresi\u00f3n cuando, entre otros motivos, los datos que ya no sean necesarios para los fines que fueron recogidos. En determinadas circunstancias, los interesados pueden solicitar la limitaci\u00f3n del tratamiento de sus datos, en cuyo caso \u00fanicamente los conservaremos para el ejercicio o defensa de reclamaciones. Asimismo, y por motivos relacionados con su situaci\u00f3n particular, los interesados pueden oponerse al tratamiento de sus datos en cuyo caso su informaci\u00f3n personal dejar\u00e1 de tratarse, para aquellas finalidades respecto de las que haya manifestado su oposici\u00f3n. Cuando sea t\u00e9cnicamente posible, el interesado puede solicitar la portabilidad de sus datos a otro Responsable del Tratamiento. Para ejercitar estos derechos, de conformidad con la legislaci\u00f3n vigente, los interesados pueden dirigirse por correo postal, adjuntando copia de un documento acreditativo de su identidad (DNI), a la Direcci\u00f3n de\u00a0\u00a0 T GOLF &amp; COUNTRY CLUB PONIENTE, S.A.U, en CTRA CALA FIGUERA S\/N, 07181, CALVIA o al email info@t-golf.club. Usted tiene derecho a presentar una Reclamaci\u00f3n ante la Autoridad de Control: Agencia Espa\u00f1ola de Protecci\u00f3n Datos (www.agpd.es). Procedencia de los Datos de Car\u00e1cter Personal: el propio interesado. <strong>Procedencia<\/strong>: el propio interesado.<\/p>\n","list":"fea928ca3e","tag":"october-residents"},"yoast_head":"<title>Sorteo residentes Octubre - T Golf<\/title>\n<meta name=\"robots\" content=\"index, follow, max-snippet:-1, max-image-preview:large, max-video-preview:-1\" \/>\n<link rel=\"canonical\" href=\"https:\/\/t-golf.club\/es\/sorteo-residentes-octubre\/\" \/>\n<meta property=\"og:locale\" content=\"es_ES\" \/>\n<meta property=\"og:type\" content=\"article\" \/>\n<meta property=\"og:title\" content=\"Sorteo residentes Octubre - T Golf\" \/>\n<meta property=\"og:url\" content=\"https:\/\/t-golf.club\/es\/sorteo-residentes-octubre\/\" \/>\n<meta property=\"og:site_name\" content=\"T Golf\" \/>\n<meta property=\"article:modified_time\" content=\"2020-10-15T15:04:39+00:00\" \/>\n<meta property=\"og:image\" content=\"https:\/\/t-golf.club\/wp-content\/uploads\/2020\/09\/HEADER-IMG-landing-sorteo.jpg\" \/>\n\t<meta property=\"og:image:width\" content=\"1440\" \/>\n\t<meta property=\"og:image:height\" content=\"690\" \/>\n\t<meta property=\"og:image:type\" content=\"image\/jpeg\" \/>\n<meta name=\"twitter:card\" content=\"summary_large_image\" \/>\n<script type=\"application\/ld+json\" class=\"yoast-schema-graph\">{\"@context\":\"https:\\\/\\\/schema.org\",\"@graph\":[{\"@type\":\"WebPage\",\"@id\":\"https:\\\/\\\/t-golf.club\\\/es\\\/sorteo-residentes-octubre\\\/\",\"url\":\"https:\\\/\\\/t-golf.club\\\/es\\\/sorteo-residentes-octubre\\\/\",\"name\":\"Sorteo residentes Octubre - T Golf\",\"isPartOf\":{\"@id\":\"https:\\\/\\\/t-golf.club\\\/es\\\/#website\"},\"primaryImageOfPage\":{\"@id\":\"https:\\\/\\\/t-golf.club\\\/es\\\/sorteo-residentes-octubre\\\/#primaryimage\"},\"image\":{\"@id\":\"https:\\\/\\\/t-golf.club\\\/es\\\/sorteo-residentes-octubre\\\/#primaryimage\"},\"thumbnailUrl\":\"https:\\\/\\\/t-golf.club\\\/wp-content\\\/uploads\\\/2020\\\/09\\\/HEADER-IMG-landing-sorteo.jpg\",\"datePublished\":\"2020-09-21T12:26:37+00:00\",\"dateModified\":\"2020-10-15T15:04:39+00:00\",\"breadcrumb\":{\"@id\":\"https:\\\/\\\/t-golf.club\\\/es\\\/sorteo-residentes-octubre\\\/#breadcrumb\"},\"inLanguage\":\"es\",\"potentialAction\":[{\"@type\":\"ReadAction\",\"target\":[\"https:\\\/\\\/t-golf.club\\\/es\\\/sorteo-residentes-octubre\\\/\"]}]},{\"@type\":\"ImageObject\",\"inLanguage\":\"es\",\"@id\":\"https:\\\/\\\/t-golf.club\\\/es\\\/sorteo-residentes-octubre\\\/#primaryimage\",\"url\":\"https:\\\/\\\/t-golf.club\\\/wp-content\\\/uploads\\\/2020\\\/09\\\/HEADER-IMG-landing-sorteo.jpg\",\"contentUrl\":\"https:\\\/\\\/t-golf.club\\\/wp-content\\\/uploads\\\/2020\\\/09\\\/HEADER-IMG-landing-sorteo.jpg\",\"width\":1440,\"height\":690},{\"@type\":\"BreadcrumbList\",\"@id\":\"https:\\\/\\\/t-golf.club\\\/es\\\/sorteo-residentes-octubre\\\/#breadcrumb\",\"itemListElement\":[{\"@type\":\"ListItem\",\"position\":1,\"name\":\"Home\",\"item\":\"https:\\\/\\\/t-golf.club\\\/es\\\/\"},{\"@type\":\"ListItem\",\"position\":2,\"name\":\"Sorteo residentes Octubre\"}]},{\"@type\":\"WebSite\",\"@id\":\"https:\\\/\\\/t-golf.club\\\/es\\\/#website\",\"url\":\"https:\\\/\\\/t-golf.club\\\/es\\\/\",\"name\":\"T Golf\",\"description\":\"\",\"inLanguage\":\"es\"}]}<\/script>","yoast_head_json":{"title":"Sorteo residentes Octubre - T Golf","robots":{"index":"index","follow":"follow","max-snippet":"max-snippet:-1","max-image-preview":"max-image-preview:large","max-video-preview":"max-video-preview:-1"},"canonical":"https:\/\/t-golf.club\/es\/sorteo-residentes-octubre\/","og_locale":"es_ES","og_type":"article","og_title":"Sorteo residentes Octubre - T Golf","og_url":"https:\/\/t-golf.club\/es\/sorteo-residentes-octubre\/","og_site_name":"T Golf","article_modified_time":"2020-10-15T15:04:39+00:00","og_image":[{"width":1440,"height":690,"url":"https:\/\/t-golf.club\/wp-content\/uploads\/2020\/09\/HEADER-IMG-landing-sorteo.jpg","type":"image\/jpeg"}],"twitter_card":"summary_large_image","schema":{"@context":"https:\/\/schema.org","@graph":[{"@type":"WebPage","@id":"https:\/\/t-golf.club\/es\/sorteo-residentes-octubre\/","url":"https:\/\/t-golf.club\/es\/sorteo-residentes-octubre\/","name":"Sorteo residentes Octubre - T Golf","isPartOf":{"@id":"https:\/\/t-golf.club\/es\/#website"},"primaryImageOfPage":{"@id":"https:\/\/t-golf.club\/es\/sorteo-residentes-octubre\/#primaryimage"},"image":{"@id":"https:\/\/t-golf.club\/es\/sorteo-residentes-octubre\/#primaryimage"},"thumbnailUrl":"https:\/\/t-golf.club\/wp-content\/uploads\/2020\/09\/HEADER-IMG-landing-sorteo.jpg","datePublished":"2020-09-21T12:26:37+00:00","dateModified":"2020-10-15T15:04:39+00:00","breadcrumb":{"@id":"https:\/\/t-golf.club\/es\/sorteo-residentes-octubre\/#breadcrumb"},"inLanguage":"es","potentialAction":[{"@type":"ReadAction","target":["https:\/\/t-golf.club\/es\/sorteo-residentes-octubre\/"]}]},{"@type":"ImageObject","inLanguage":"es","@id":"https:\/\/t-golf.club\/es\/sorteo-residentes-octubre\/#primaryimage","url":"https:\/\/t-golf.club\/wp-content\/uploads\/2020\/09\/HEADER-IMG-landing-sorteo.jpg","contentUrl":"https:\/\/t-golf.club\/wp-content\/uploads\/2020\/09\/HEADER-IMG-landing-sorteo.jpg","width":1440,"height":690},{"@type":"BreadcrumbList","@id":"https:\/\/t-golf.club\/es\/sorteo-residentes-octubre\/#breadcrumb","itemListElement":[{"@type":"ListItem","position":1,"name":"Home","item":"https:\/\/t-golf.club\/es\/"},{"@type":"ListItem","position":2,"name":"Sorteo residentes Octubre"}]},{"@type":"WebSite","@id":"https:\/\/t-golf.club\/es\/#website","url":"https:\/\/t-golf.club\/es\/","name":"T Golf","description":"","inLanguage":"es"}]}},"_links":{"self":[{"href":"https:\/\/t-golf.club\/es\/wp-json\/wp\/v2\/pages\/3667","targetHints":{"allow":["GET"]}}],"collection":[{"href":"https:\/\/t-golf.club\/es\/wp-json\/wp\/v2\/pages"}],"about":[{"href":"https:\/\/t-golf.club\/es\/wp-json\/wp\/v2\/types\/page"}],"author":[{"embeddable":true,"href":"https:\/\/t-golf.club\/es\/wp-json\/wp\/v2\/users\/1"}],"replies":[{"embeddable":true,"href":"https:\/\/t-golf.club\/es\/wp-json\/wp\/v2\/comments?post=3667"}],"version-history":[{"count":5,"href":"https:\/\/t-golf.club\/es\/wp-json\/wp\/v2\/pages\/3667\/revisions"}],"predecessor-version":[{"id":4032,"href":"https:\/\/t-golf.club\/es\/wp-json\/wp\/v2\/pages\/3667\/revisions\/4032"}],"wp:featuredmedia":[{"embeddable":true,"href":"https:\/\/t-golf.club\/es\/wp-json\/wp\/v2\/media\/3665"}],"wp:attachment":[{"href":"https:\/\/t-golf.club\/es\/wp-json\/wp\/v2\/media?parent=3667"}],"curies":[{"name":"wp","href":"https:\/\/api.w.org\/{rel}","templated":true}]}}