{"id":35038,"date":"2024-01-25T12:46:54","date_gmt":"2024-01-25T12:46:54","guid":{"rendered":"https:\/\/t-golf.club\/?page_id=35038"},"modified":"2024-01-25T12:46:54","modified_gmt":"2024-01-25T12:46:54","slug":"alianza-augenclinic-mallorca","status":"publish","type":"page","link":"https:\/\/t-golf.club\/es\/alianzas\/alianza-augenclinic-mallorca\/","title":{"rendered":"Alianza Augenclinic Mallorca"},"content":{"rendered":"","protected":false},"excerpt":{"rendered":"","protected":false},"author":268,"featured_media":35028,"parent":7201,"menu_order":38,"comment_status":"closed","ping_status":"closed","template":"views\/flexible-member.blade.php","meta":{"_acf_changed":false,"footnotes":""},"class_list":["post-35038","page","type-page","status-publish","has-post-thumbnail","hentry"],"acf":{"size":"large","subtitle":"","link_back":"","hero":{"size":"large","subtitle":"","link_back":""},"content":[{"acf_fc_layout":"content","title":"","text_large":"","text":"<p>El equipo de la cl\u00ednica oftalmol\u00f3gica alemana \u201cAugenclinic\u201d en torno al Dr. Beckers lleva m\u00e1s de 10 a\u00f1os ofreciendo soluciones quir\u00fargicas para la visi\u00f3n defectuosa y cirug\u00eda pl\u00e1stica de p\u00e1rpados. Con muchos miles de casos operados, el Dr. Beckers es el cirujano oftalmol\u00f3gico alem\u00e1n l\u00edder en Baleares. En 2023, el equipo se ampli\u00f3 con el Dr. Gehlhaar y el experimentado cirujano de retina Dr. Basauri. El Dr. Beckers es ponente habitual en congresos y cursos.\u00a0 El departamento propio de estudios cl\u00ednicos independientes hace que los resultados obtenidos sean transparentes y est\u00e9n bajo un control de calidad constante.<\/p>\n<p>Las principales comunidades cl\u00ednicas de Mallorca conf\u00edan y cooperan exclusivamente con \u201cAugenclinic\u201d Mallorca, que siempre est\u00e1 a disposici\u00f3n del paciente en sus 3 centros de Palma, Santa Ponsa y Porto Pi.<\/p>\n","link":{"title":"Pagina oficial","url":"https:\/\/www.deutsche-augen-klinik.de\/es\/","target":""},"cards":false,"image":35028,"sidebar":false,"background_color":"white"}],"wp_nav_image":false},"yoast_head":"<title>Alianza Augenclinic Mallorca - T Golf<\/title>\n<meta name=\"robots\" content=\"index, follow, max-snippet:-1, max-image-preview:large, max-video-preview:-1\" \/>\n<link rel=\"canonical\" href=\"https:\/\/t-golf.club\/es\/alianzas\/alianza-augenclinic-mallorca\/\" \/>\n<meta property=\"og:locale\" content=\"es_ES\" \/>\n<meta property=\"og:type\" content=\"article\" \/>\n<meta property=\"og:title\" content=\"Alianza Augenclinic Mallorca - T Golf\" \/>\n<meta property=\"og:url\" content=\"https:\/\/t-golf.club\/es\/alianzas\/alianza-augenclinic-mallorca\/\" \/>\n<meta property=\"og:site_name\" content=\"T Golf\" \/>\n<meta property=\"og:image\" content=\"https:\/\/t-golf.club\/wp-content\/uploads\/2024\/01\/Foto-logo-Augenclinic.jpg\" \/>\n\t<meta property=\"og:image:width\" content=\"833\" \/>\n\t<meta property=\"og:image:height\" content=\"468\" \/>\n\t<meta property=\"og:image:type\" content=\"image\/jpeg\" \/>\n<meta name=\"twitter:card\" content=\"summary_large_image\" \/>\n<script type=\"application\/ld+json\" class=\"yoast-schema-graph\">{\"@context\":\"https:\\\/\\\/schema.org\",\"@graph\":[{\"@type\":\"WebPage\",\"@id\":\"https:\\\/\\\/t-golf.club\\\/es\\\/alianzas\\\/alianza-augenclinic-mallorca\\\/\",\"url\":\"https:\\\/\\\/t-golf.club\\\/es\\\/alianzas\\\/alianza-augenclinic-mallorca\\\/\",\"name\":\"Alianza Augenclinic Mallorca - T Golf\",\"isPartOf\":{\"@id\":\"https:\\\/\\\/t-golf.club\\\/es\\\/#website\"},\"primaryImageOfPage\":{\"@id\":\"https:\\\/\\\/t-golf.club\\\/es\\\/alianzas\\\/alianza-augenclinic-mallorca\\\/#primaryimage\"},\"image\":{\"@id\":\"https:\\\/\\\/t-golf.club\\\/es\\\/alianzas\\\/alianza-augenclinic-mallorca\\\/#primaryimage\"},\"thumbnailUrl\":\"https:\\\/\\\/t-golf.club\\\/wp-content\\\/uploads\\\/2024\\\/01\\\/Foto-logo-Augenclinic.jpg\",\"datePublished\":\"2024-01-25T12:46:54+00:00\",\"breadcrumb\":{\"@id\":\"https:\\\/\\\/t-golf.club\\\/es\\\/alianzas\\\/alianza-augenclinic-mallorca\\\/#breadcrumb\"},\"inLanguage\":\"es\",\"potentialAction\":[{\"@type\":\"ReadAction\",\"target\":[\"https:\\\/\\\/t-golf.club\\\/es\\\/alianzas\\\/alianza-augenclinic-mallorca\\\/\"]}]},{\"@type\":\"ImageObject\",\"inLanguage\":\"es\",\"@id\":\"https:\\\/\\\/t-golf.club\\\/es\\\/alianzas\\\/alianza-augenclinic-mallorca\\\/#primaryimage\",\"url\":\"https:\\\/\\\/t-golf.club\\\/wp-content\\\/uploads\\\/2024\\\/01\\\/Foto-logo-Augenclinic.jpg\",\"contentUrl\":\"https:\\\/\\\/t-golf.club\\\/wp-content\\\/uploads\\\/2024\\\/01\\\/Foto-logo-Augenclinic.jpg\",\"width\":833,\"height\":468},{\"@type\":\"BreadcrumbList\",\"@id\":\"https:\\\/\\\/t-golf.club\\\/es\\\/alianzas\\\/alianza-augenclinic-mallorca\\\/#breadcrumb\",\"itemListElement\":[{\"@type\":\"ListItem\",\"position\":1,\"name\":\"Home\",\"item\":\"https:\\\/\\\/t-golf.club\\\/es\\\/\"},{\"@type\":\"ListItem\",\"position\":2,\"name\":\"Alianzas\",\"item\":\"https:\\\/\\\/t-golf.club\\\/es\\\/alianzas\\\/\"},{\"@type\":\"ListItem\",\"position\":3,\"name\":\"Alianza Augenclinic Mallorca\"}]},{\"@type\":\"WebSite\",\"@id\":\"https:\\\/\\\/t-golf.club\\\/es\\\/#website\",\"url\":\"https:\\\/\\\/t-golf.club\\\/es\\\/\",\"name\":\"T Golf\",\"description\":\"\",\"inLanguage\":\"es\"}]}<\/script>","yoast_head_json":{"title":"Alianza Augenclinic Mallorca - T Golf","robots":{"index":"index","follow":"follow","max-snippet":"max-snippet:-1","max-image-preview":"max-image-preview:large","max-video-preview":"max-video-preview:-1"},"canonical":"https:\/\/t-golf.club\/es\/alianzas\/alianza-augenclinic-mallorca\/","og_locale":"es_ES","og_type":"article","og_title":"Alianza Augenclinic Mallorca - T Golf","og_url":"https:\/\/t-golf.club\/es\/alianzas\/alianza-augenclinic-mallorca\/","og_site_name":"T Golf","og_image":[{"width":833,"height":468,"url":"https:\/\/t-golf.club\/wp-content\/uploads\/2024\/01\/Foto-logo-Augenclinic.jpg","type":"image\/jpeg"}],"twitter_card":"summary_large_image","schema":{"@context":"https:\/\/schema.org","@graph":[{"@type":"WebPage","@id":"https:\/\/t-golf.club\/es\/alianzas\/alianza-augenclinic-mallorca\/","url":"https:\/\/t-golf.club\/es\/alianzas\/alianza-augenclinic-mallorca\/","name":"Alianza Augenclinic Mallorca - T Golf","isPartOf":{"@id":"https:\/\/t-golf.club\/es\/#website"},"primaryImageOfPage":{"@id":"https:\/\/t-golf.club\/es\/alianzas\/alianza-augenclinic-mallorca\/#primaryimage"},"image":{"@id":"https:\/\/t-golf.club\/es\/alianzas\/alianza-augenclinic-mallorca\/#primaryimage"},"thumbnailUrl":"https:\/\/t-golf.club\/wp-content\/uploads\/2024\/01\/Foto-logo-Augenclinic.jpg","datePublished":"2024-01-25T12:46:54+00:00","breadcrumb":{"@id":"https:\/\/t-golf.club\/es\/alianzas\/alianza-augenclinic-mallorca\/#breadcrumb"},"inLanguage":"es","potentialAction":[{"@type":"ReadAction","target":["https:\/\/t-golf.club\/es\/alianzas\/alianza-augenclinic-mallorca\/"]}]},{"@type":"ImageObject","inLanguage":"es","@id":"https:\/\/t-golf.club\/es\/alianzas\/alianza-augenclinic-mallorca\/#primaryimage","url":"https:\/\/t-golf.club\/wp-content\/uploads\/2024\/01\/Foto-logo-Augenclinic.jpg","contentUrl":"https:\/\/t-golf.club\/wp-content\/uploads\/2024\/01\/Foto-logo-Augenclinic.jpg","width":833,"height":468},{"@type":"BreadcrumbList","@id":"https:\/\/t-golf.club\/es\/alianzas\/alianza-augenclinic-mallorca\/#breadcrumb","itemListElement":[{"@type":"ListItem","position":1,"name":"Home","item":"https:\/\/t-golf.club\/es\/"},{"@type":"ListItem","position":2,"name":"Alianzas","item":"https:\/\/t-golf.club\/es\/alianzas\/"},{"@type":"ListItem","position":3,"name":"Alianza Augenclinic Mallorca"}]},{"@type":"WebSite","@id":"https:\/\/t-golf.club\/es\/#website","url":"https:\/\/t-golf.club\/es\/","name":"T Golf","description":"","inLanguage":"es"}]}},"_links":{"self":[{"href":"https:\/\/t-golf.club\/es\/wp-json\/wp\/v2\/pages\/35038","targetHints":{"allow":["GET"]}}],"collection":[{"href":"https:\/\/t-golf.club\/es\/wp-json\/wp\/v2\/pages"}],"about":[{"href":"https:\/\/t-golf.club\/es\/wp-json\/wp\/v2\/types\/page"}],"author":[{"embeddable":true,"href":"https:\/\/t-golf.club\/es\/wp-json\/wp\/v2\/users\/268"}],"replies":[{"embeddable":true,"href":"https:\/\/t-golf.club\/es\/wp-json\/wp\/v2\/comments?post=35038"}],"version-history":[{"count":1,"href":"https:\/\/t-golf.club\/es\/wp-json\/wp\/v2\/pages\/35038\/revisions"}],"predecessor-version":[{"id":35039,"href":"https:\/\/t-golf.club\/es\/wp-json\/wp\/v2\/pages\/35038\/revisions\/35039"}],"up":[{"embeddable":true,"href":"https:\/\/t-golf.club\/es\/wp-json\/wp\/v2\/pages\/7201"}],"wp:featuredmedia":[{"embeddable":true,"href":"https:\/\/t-golf.club\/es\/wp-json\/wp\/v2\/media\/35028"}],"wp:attachment":[{"href":"https:\/\/t-golf.club\/es\/wp-json\/wp\/v2\/media?parent=35038"}],"curies":[{"name":"wp","href":"https:\/\/api.w.org\/{rel}","templated":true}]}}