{"id":32967,"date":"2023-12-07T15:49:39","date_gmt":"2023-12-07T15:49:39","guid":{"rendered":"https:\/\/t-golf.club\/t-events\/"},"modified":"2026-04-10T11:18:18","modified_gmt":"2026-04-10T11:18:18","slug":"t-eventos","status":"publish","type":"page","link":"https:\/\/t-golf.club\/es\/t-eventos\/","title":{"rendered":"T Eventos"},"content":{"rendered":"","protected":false},"excerpt":{"rendered":"","protected":false},"author":275,"featured_media":17512,"parent":0,"menu_order":0,"comment_status":"closed","ping_status":"closed","template":"views\/flexible-member.blade.php","meta":{"_acf_changed":false,"footnotes":""},"class_list":["post-32967","page","type-page","status-publish","has-post-thumbnail","hentry"],"acf":{"size":"large","subtitle":"Aproveche al m\u00e1ximo el estilo de vida de T Golf","link_back":"","hero":{"size":"large","subtitle":"Aproveche al m\u00e1ximo el estilo de vida de T Golf","link_back":""},"content":[{"acf_fc_layout":"content","title":"Conectando a golfistas m\u00e1s all\u00e1 del green","text_large":"<p>\u00a1Bienvenido al centro de encuentro en T Golf! Nuestro centro de eventos, donde el esp\u00edritu del golf se encuentra con la alegr\u00eda de construir conexiones duraderas. \u00danase a nosotros para disfrutar de una emocionante variedad de eventos sociales y encuentros dise\u00f1ados para mejorar su experiencia de golf tanto en el campo como fuera de \u00e9l.<\/p>\n","text":"<p>Nuestros encuentros sociales brindan el entorno perfecto para relajarse, compartir historias de golf y hacer nuevos amigos. Ya sea un golfista experimentado o un reci\u00e9n llegado, estos eventos ofrecen un ambiente relajado para que todos se conecten y celebren la pasi\u00f3n compartida por el juego.<\/p>\n<p>Marque en su calendario, consulte regularmente nuestra p\u00e1gina de T Events y mant\u00e9ngase atento a las actualizaciones y detalles de inscripci\u00f3n. Su participaci\u00f3n activa es clave para hacer que estos eventos sean realmente especiales, as\u00ed que no se pierda la oportunidad de ser parte del latido social de T Golf.<\/p>\n","link":"","cards":false,"image":false,"sidebar":[{"acf_fc_layout":"contact","text_intro":"Para m\u00e1s informaci\u00f3n contactar:","image":7627,"title":"Alejandra Taronj\u00ed","text":"<p><a href=\"mailto:ataronji@t-golf.club\" target=\"_blank\" rel=\"noopener\">ataronji@t-golf.club<\/a><\/p>\n"},{"acf_fc_layout":"table","table":[{"title":"Pr\u00f3ximos eventos","text":""},{"title":"2 de mayo 2026","text":"Brunch de Primavera en T-elicious Calvia"},{"title":"9 de mayo 2026","text":"Final, cena y entrega de premios: Match Play T Club 2026 en T Golf Calvia"},{"title":"24 de mayo 2026","text":"Brunch de Pentecost\u00e9s en T-elicious Calvia"},{"title":"27 de junio 2026","text":"Torneo de Verano & Fiesta de Blanco en T Golf Calvia"},{"title":"6 de diciembre 2026","text":"Torneo San Nicol\u00e1s en T Golf Calvia"},{"title":"31 de diciembre 2026","text":"Celebraci\u00f3n de Nochevieja 2026 en T-elicious Calvia"}]}],"background_color":"white"},{"acf_fc_layout":"posts_cards","title":"Pr\u00f3ximos eventos","posts":[65686,65689],"background_color":"brown-100"},{"acf_fc_layout":"posts_cards","title":"Eventos pasados","posts":[66062,66886,65679],"background_color":"white"}],"wp_nav_image":false},"yoast_head":"<title>T Eventos - T Golf<\/title>\n<meta name=\"robots\" content=\"index, follow, max-snippet:-1, max-image-preview:large, max-video-preview:-1\" \/>\n<link rel=\"canonical\" href=\"https:\/\/t-golf.club\/es\/t-eventos\/\" \/>\n<meta property=\"og:locale\" content=\"es_ES\" \/>\n<meta property=\"og:type\" content=\"article\" \/>\n<meta property=\"og:title\" content=\"T Eventos - T Golf\" \/>\n<meta property=\"og:url\" content=\"https:\/\/t-golf.club\/es\/t-eventos\/\" \/>\n<meta property=\"og:site_name\" content=\"T Golf\" \/>\n<meta property=\"article:modified_time\" content=\"2026-04-10T11:18:18+00:00\" \/>\n<meta property=\"og:image\" content=\"https:\/\/t-golf.club\/wp-content\/uploads\/2022\/08\/Evento-Gofus-casa-club-con-gente-de-noche.jpg\" \/>\n\t<meta property=\"og:image:width\" content=\"1024\" \/>\n\t<meta property=\"og:image:height\" content=\"683\" \/>\n\t<meta property=\"og:image:type\" content=\"image\/jpeg\" \/>\n<meta name=\"twitter:card\" content=\"summary_large_image\" \/>\n<meta name=\"twitter:label1\" content=\"Tiempo de lectura\" \/>\n\t<meta name=\"twitter:data1\" content=\"2 minutos\" \/>\n<script type=\"application\/ld+json\" class=\"yoast-schema-graph\">{\"@context\":\"https:\\\/\\\/schema.org\",\"@graph\":[{\"@type\":\"WebPage\",\"@id\":\"https:\\\/\\\/t-golf.club\\\/es\\\/t-eventos\\\/\",\"url\":\"https:\\\/\\\/t-golf.club\\\/es\\\/t-eventos\\\/\",\"name\":\"T Eventos - T Golf\",\"isPartOf\":{\"@id\":\"https:\\\/\\\/t-golf.club\\\/es\\\/#website\"},\"primaryImageOfPage\":{\"@id\":\"https:\\\/\\\/t-golf.club\\\/es\\\/t-eventos\\\/#primaryimage\"},\"image\":{\"@id\":\"https:\\\/\\\/t-golf.club\\\/es\\\/t-eventos\\\/#primaryimage\"},\"thumbnailUrl\":\"https:\\\/\\\/t-golf.club\\\/wp-content\\\/uploads\\\/2022\\\/08\\\/Evento-Gofus-casa-club-con-gente-de-noche.jpg\",\"datePublished\":\"2023-12-07T15:49:39+00:00\",\"dateModified\":\"2026-04-10T11:18:18+00:00\",\"breadcrumb\":{\"@id\":\"https:\\\/\\\/t-golf.club\\\/es\\\/t-eventos\\\/#breadcrumb\"},\"inLanguage\":\"es\",\"potentialAction\":[{\"@type\":\"ReadAction\",\"target\":[\"https:\\\/\\\/t-golf.club\\\/es\\\/t-eventos\\\/\"]}]},{\"@type\":\"ImageObject\",\"inLanguage\":\"es\",\"@id\":\"https:\\\/\\\/t-golf.club\\\/es\\\/t-eventos\\\/#primaryimage\",\"url\":\"https:\\\/\\\/t-golf.club\\\/wp-content\\\/uploads\\\/2022\\\/08\\\/Evento-Gofus-casa-club-con-gente-de-noche.jpg\",\"contentUrl\":\"https:\\\/\\\/t-golf.club\\\/wp-content\\\/uploads\\\/2022\\\/08\\\/Evento-Gofus-casa-club-con-gente-de-noche.jpg\",\"width\":1024,\"height\":683},{\"@type\":\"BreadcrumbList\",\"@id\":\"https:\\\/\\\/t-golf.club\\\/es\\\/t-eventos\\\/#breadcrumb\",\"itemListElement\":[{\"@type\":\"ListItem\",\"position\":1,\"name\":\"Home\",\"item\":\"https:\\\/\\\/t-golf.club\\\/es\\\/\"},{\"@type\":\"ListItem\",\"position\":2,\"name\":\"T Eventos\"}]},{\"@type\":\"WebSite\",\"@id\":\"https:\\\/\\\/t-golf.club\\\/es\\\/#website\",\"url\":\"https:\\\/\\\/t-golf.club\\\/es\\\/\",\"name\":\"T Golf\",\"description\":\"\",\"inLanguage\":\"es\"}]}<\/script>","yoast_head_json":{"title":"T Eventos - T Golf","robots":{"index":"index","follow":"follow","max-snippet":"max-snippet:-1","max-image-preview":"max-image-preview:large","max-video-preview":"max-video-preview:-1"},"canonical":"https:\/\/t-golf.club\/es\/t-eventos\/","og_locale":"es_ES","og_type":"article","og_title":"T Eventos - T Golf","og_url":"https:\/\/t-golf.club\/es\/t-eventos\/","og_site_name":"T Golf","article_modified_time":"2026-04-10T11:18:18+00:00","og_image":[{"width":1024,"height":683,"url":"https:\/\/t-golf.club\/wp-content\/uploads\/2022\/08\/Evento-Gofus-casa-club-con-gente-de-noche.jpg","type":"image\/jpeg"}],"twitter_card":"summary_large_image","twitter_misc":{"Tiempo de lectura":"2 minutos"},"schema":{"@context":"https:\/\/schema.org","@graph":[{"@type":"WebPage","@id":"https:\/\/t-golf.club\/es\/t-eventos\/","url":"https:\/\/t-golf.club\/es\/t-eventos\/","name":"T Eventos - T Golf","isPartOf":{"@id":"https:\/\/t-golf.club\/es\/#website"},"primaryImageOfPage":{"@id":"https:\/\/t-golf.club\/es\/t-eventos\/#primaryimage"},"image":{"@id":"https:\/\/t-golf.club\/es\/t-eventos\/#primaryimage"},"thumbnailUrl":"https:\/\/t-golf.club\/wp-content\/uploads\/2022\/08\/Evento-Gofus-casa-club-con-gente-de-noche.jpg","datePublished":"2023-12-07T15:49:39+00:00","dateModified":"2026-04-10T11:18:18+00:00","breadcrumb":{"@id":"https:\/\/t-golf.club\/es\/t-eventos\/#breadcrumb"},"inLanguage":"es","potentialAction":[{"@type":"ReadAction","target":["https:\/\/t-golf.club\/es\/t-eventos\/"]}]},{"@type":"ImageObject","inLanguage":"es","@id":"https:\/\/t-golf.club\/es\/t-eventos\/#primaryimage","url":"https:\/\/t-golf.club\/wp-content\/uploads\/2022\/08\/Evento-Gofus-casa-club-con-gente-de-noche.jpg","contentUrl":"https:\/\/t-golf.club\/wp-content\/uploads\/2022\/08\/Evento-Gofus-casa-club-con-gente-de-noche.jpg","width":1024,"height":683},{"@type":"BreadcrumbList","@id":"https:\/\/t-golf.club\/es\/t-eventos\/#breadcrumb","itemListElement":[{"@type":"ListItem","position":1,"name":"Home","item":"https:\/\/t-golf.club\/es\/"},{"@type":"ListItem","position":2,"name":"T Eventos"}]},{"@type":"WebSite","@id":"https:\/\/t-golf.club\/es\/#website","url":"https:\/\/t-golf.club\/es\/","name":"T Golf","description":"","inLanguage":"es"}]}},"_links":{"self":[{"href":"https:\/\/t-golf.club\/es\/wp-json\/wp\/v2\/pages\/32967","targetHints":{"allow":["GET"]}}],"collection":[{"href":"https:\/\/t-golf.club\/es\/wp-json\/wp\/v2\/pages"}],"about":[{"href":"https:\/\/t-golf.club\/es\/wp-json\/wp\/v2\/types\/page"}],"author":[{"embeddable":true,"href":"https:\/\/t-golf.club\/es\/wp-json\/wp\/v2\/users\/275"}],"replies":[{"embeddable":true,"href":"https:\/\/t-golf.club\/es\/wp-json\/wp\/v2\/comments?post=32967"}],"version-history":[{"count":7,"href":"https:\/\/t-golf.club\/es\/wp-json\/wp\/v2\/pages\/32967\/revisions"}],"predecessor-version":[{"id":69845,"href":"https:\/\/t-golf.club\/es\/wp-json\/wp\/v2\/pages\/32967\/revisions\/69845"}],"wp:featuredmedia":[{"embeddable":true,"href":"https:\/\/t-golf.club\/es\/wp-json\/wp\/v2\/media\/17512"}],"wp:attachment":[{"href":"https:\/\/t-golf.club\/es\/wp-json\/wp\/v2\/media?parent=32967"}],"curies":[{"name":"wp","href":"https:\/\/api.w.org\/{rel}","templated":true}]}}