{"id":18319,"date":"2022-09-01T13:30:06","date_gmt":"2022-09-01T13:30:06","guid":{"rendered":"https:\/\/t-golf.club\/?page_id=18319"},"modified":"2022-09-02T12:10:25","modified_gmt":"2022-09-02T12:10:25","slug":"gastronomia","status":"publish","type":"page","link":"https:\/\/t-golf.club\/es\/gastronomia\/","title":{"rendered":"Gastronom\u00eda"},"content":{"rendered":"","protected":false},"excerpt":{"rendered":"","protected":false},"author":1,"featured_media":17418,"parent":0,"menu_order":175,"comment_status":"closed","ping_status":"closed","template":"views\/gastronomy.blade.php","meta":{"_acf_changed":false,"footnotes":""},"class_list":["post-18319","page","type-page","status-publish","has-post-thumbnail","hentry"],"acf":{"subtitle":"Sum\u00e9rjase en la cocina creativa mediterr\u00e1nea","content":"<p>Como parte de la experiencia de T Club, nos complace presentarle nuestra marca gastron\u00f3mica T-elicious con sus restaurantes ubicados en un entorno \u00fanico, un servicio profesional amable y una rica gastronom\u00eda. Experimente la moderna cocina mediterr\u00e1nea basada en productos frescos, org\u00e1nicos y de la granja a la mesa en un entorno \u00fanico.<\/p>\n<p>Para disfrutar de los mejores sabores con un twist internacional y de Mallorca, visite un restaurante T-elicious en <u><a href=\"https:\/\/t-golf.club\/es\/calvia\/gastronomia\/\">T Golf Calvia<\/a><\/u> o <u><a href=\"https:\/\/t-golf.club\/es\/palma\/gastronomia\/\">T Golf Palma<\/a><\/u>.<\/p>\n","quote":"Un fest\u00edn para los sentidos","gallery":[{"ID":17403,"id":17403,"title":"20220125_115802-01","filename":"20220125_115802-01.jpg","filesize":189126,"url":"https:\/\/t-golf.club\/wp-content\/uploads\/2022\/08\/20220125_115802-01.jpg","link":"https:\/\/t-golf.club\/es\/calvia\/gastronomia\/20220125_115802-01-2\/","alt":"","author":"239","description":"","caption":"","name":"20220125_115802-01-2","status":"inherit","uploaded_to":1281,"date":"2022-08-25 13:36:36","modified":"2022-08-25 13:36:36","menu_order":0,"mime_type":"image\/jpeg","type":"image","subtype":"jpeg","icon":"https:\/\/t-golf.club\/wp-includes\/images\/media\/default.png","width":700,"height":933,"sizes":{"thumbnail":"https:\/\/t-golf.club\/wp-content\/uploads\/2022\/08\/20220125_115802-01-100x100.jpg","thumbnail-width":100,"thumbnail-height":100,"medium":"https:\/\/t-golf.club\/wp-content\/uploads\/2022\/08\/20220125_115802-01.jpg","medium-width":700,"medium-height":933,"medium_large":"https:\/\/t-golf.club\/wp-content\/uploads\/2022\/08\/20220125_115802-01.jpg","medium_large-width":700,"medium_large-height":933,"large":"https:\/\/t-golf.club\/wp-content\/uploads\/2022\/08\/20220125_115802-01.jpg","large-width":700,"large-height":933,"1536x1536":"https:\/\/t-golf.club\/wp-content\/uploads\/2022\/08\/20220125_115802-01.jpg","1536x1536-width":700,"1536x1536-height":933,"2048x2048":"https:\/\/t-golf.club\/wp-content\/uploads\/2022\/08\/20220125_115802-01.jpg","2048x2048-width":700,"2048x2048-height":933}},{"ID":953,"id":953,"title":"T-Golf-Gastronomy_8","filename":"T-Golf-Gastronomy_8.jpg","filesize":339446,"url":"https:\/\/t-golf.club\/wp-content\/uploads\/2020\/06\/T-Golf-Gastronomy_8.jpg","link":"https:\/\/t-golf.club\/es\/calvia\/gastronomia\/t-golf-gastronomy_8-2\/","alt":"","author":"1","description":"","caption":"","name":"t-golf-gastronomy_8-2","status":"inherit","uploaded_to":1281,"date":"2020-06-04 15:12:26","modified":"2020-06-08 21:36:44","menu_order":0,"mime_type":"image\/jpeg","type":"image","subtype":"jpeg","icon":"https:\/\/t-golf.club\/wp-includes\/images\/media\/default.png","width":1280,"height":857,"sizes":{"thumbnail":"https:\/\/t-golf.club\/wp-content\/uploads\/2020\/06\/T-Golf-Gastronomy_8-100x100.jpg","thumbnail-width":100,"thumbnail-height":100,"medium":"https:\/\/t-golf.club\/wp-content\/uploads\/2020\/06\/T-Golf-Gastronomy_8-1024x686.jpg","medium-width":1024,"medium-height":686,"medium_large":"https:\/\/t-golf.club\/wp-content\/uploads\/2020\/06\/T-Golf-Gastronomy_8-768x514.jpg","medium_large-width":768,"medium_large-height":514,"large":"https:\/\/t-golf.club\/wp-content\/uploads\/2020\/06\/T-Golf-Gastronomy_8.jpg","large-width":1280,"large-height":857,"1536x1536":"https:\/\/t-golf.club\/wp-content\/uploads\/2020\/06\/T-Golf-Gastronomy_8.jpg","1536x1536-width":1280,"1536x1536-height":857,"2048x2048":"https:\/\/t-golf.club\/wp-content\/uploads\/2020\/06\/T-Golf-Gastronomy_8.jpg","2048x2048-width":1280,"2048x2048-height":857}},{"ID":17418,"id":17418,"title":"OLYMPUS DIGITAL CAMERA","filename":"P1250088.jpg","filesize":146301,"url":"https:\/\/t-golf.club\/wp-content\/uploads\/2022\/08\/P1250088.jpg","link":"https:\/\/t-golf.club\/es\/calvia\/gastronomia\/olympus-digital-camera-45-2\/","alt":"","author":"239","description":"","caption":"OLYMPUS DIGITAL CAMERA","name":"olympus-digital-camera-45-2","status":"inherit","uploaded_to":1281,"date":"2022-08-25 13:43:15","modified":"2022-08-25 13:43:15","menu_order":0,"mime_type":"image\/jpeg","type":"image","subtype":"jpeg","icon":"https:\/\/t-golf.club\/wp-includes\/images\/media\/default.png","width":700,"height":525,"sizes":{"thumbnail":"https:\/\/t-golf.club\/wp-content\/uploads\/2022\/08\/P1250088-100x100.jpg","thumbnail-width":100,"thumbnail-height":100,"medium":"https:\/\/t-golf.club\/wp-content\/uploads\/2022\/08\/P1250088.jpg","medium-width":700,"medium-height":525,"medium_large":"https:\/\/t-golf.club\/wp-content\/uploads\/2022\/08\/P1250088.jpg","medium_large-width":700,"medium_large-height":525,"large":"https:\/\/t-golf.club\/wp-content\/uploads\/2022\/08\/P1250088.jpg","large-width":700,"large-height":525,"1536x1536":"https:\/\/t-golf.club\/wp-content\/uploads\/2022\/08\/P1250088.jpg","1536x1536-width":700,"1536x1536-height":525,"2048x2048":"https:\/\/t-golf.club\/wp-content\/uploads\/2022\/08\/P1250088.jpg","2048x2048-width":700,"2048x2048-height":525}},{"ID":957,"id":957,"title":"T-Golf-Gastronomy","filename":"T-Golf-Gastronomy.jpg","filesize":605004,"url":"https:\/\/t-golf.club\/wp-content\/uploads\/2020\/06\/T-Golf-Gastronomy.jpg","link":"https:\/\/t-golf.club\/es\/calvia\/gastronomia\/t-golf-gastronomy-2\/","alt":"","author":"1","description":"","caption":"","name":"t-golf-gastronomy-2","status":"inherit","uploaded_to":1281,"date":"2020-06-04 15:12:29","modified":"2022-08-23 10:19:48","menu_order":0,"mime_type":"image\/jpeg","type":"image","subtype":"jpeg","icon":"https:\/\/t-golf.club\/wp-includes\/images\/media\/default.png","width":2048,"height":1365,"sizes":{"thumbnail":"https:\/\/t-golf.club\/wp-content\/uploads\/2020\/06\/T-Golf-Gastronomy-100x100.jpg","thumbnail-width":100,"thumbnail-height":100,"medium":"https:\/\/t-golf.club\/wp-content\/uploads\/2020\/06\/T-Golf-Gastronomy-1024x683.jpg","medium-width":1024,"medium-height":683,"medium_large":"https:\/\/t-golf.club\/wp-content\/uploads\/2020\/06\/T-Golf-Gastronomy-768x512.jpg","medium_large-width":768,"medium_large-height":512,"large":"https:\/\/t-golf.club\/wp-content\/uploads\/2020\/06\/T-Golf-Gastronomy-2000x1333.jpg","large-width":2000,"large-height":1333,"1536x1536":"https:\/\/t-golf.club\/wp-content\/uploads\/2020\/06\/T-Golf-Gastronomy-1536x1024.jpg","1536x1536-width":1536,"1536x1536-height":1024,"2048x2048":"https:\/\/t-golf.club\/wp-content\/uploads\/2020\/06\/T-Golf-Gastronomy.jpg","2048x2048-width":2048,"2048x2048-height":1365}},{"ID":955,"id":955,"title":"T-Golf-Gastronomy_9","filename":"T-Golf-Gastronomy_9.jpg","filesize":532296,"url":"https:\/\/t-golf.club\/wp-content\/uploads\/2020\/06\/T-Golf-Gastronomy_9.jpg","link":"https:\/\/t-golf.club\/es\/calvia\/gastronomia\/t-golf-gastronomy_9-2\/","alt":"","author":"1","description":"","caption":"","name":"t-golf-gastronomy_9-2","status":"inherit","uploaded_to":1281,"date":"2020-06-04 15:12:28","modified":"2022-08-23 10:46:48","menu_order":0,"mime_type":"image\/jpeg","type":"image","subtype":"jpeg","icon":"https:\/\/t-golf.club\/wp-includes\/images\/media\/default.png","width":1280,"height":960,"sizes":{"thumbnail":"https:\/\/t-golf.club\/wp-content\/uploads\/2020\/06\/T-Golf-Gastronomy_9-100x100.jpg","thumbnail-width":100,"thumbnail-height":100,"medium":"https:\/\/t-golf.club\/wp-content\/uploads\/2020\/06\/T-Golf-Gastronomy_9-1024x768.jpg","medium-width":1024,"medium-height":768,"medium_large":"https:\/\/t-golf.club\/wp-content\/uploads\/2020\/06\/T-Golf-Gastronomy_9-768x576.jpg","medium_large-width":768,"medium_large-height":576,"large":"https:\/\/t-golf.club\/wp-content\/uploads\/2020\/06\/T-Golf-Gastronomy_9.jpg","large-width":1280,"large-height":960,"1536x1536":"https:\/\/t-golf.club\/wp-content\/uploads\/2020\/06\/T-Golf-Gastronomy_9.jpg","1536x1536-width":1280,"1536x1536-height":960,"2048x2048":"https:\/\/t-golf.club\/wp-content\/uploads\/2020\/06\/T-Golf-Gastronomy_9.jpg","2048x2048-width":1280,"2048x2048-height":960}},{"ID":941,"id":941,"title":"T-Golf-Gastronomy_2","filename":"T-Golf-Gastronomy_2.jpg","filesize":733020,"url":"https:\/\/t-golf.club\/wp-content\/uploads\/2020\/06\/T-Golf-Gastronomy_2.jpg","link":"https:\/\/t-golf.club\/es\/calvia\/gastronomia\/t-golf-gastronomy_2-2\/","alt":"","author":"1","description":"","caption":"","name":"t-golf-gastronomy_2-2","status":"inherit","uploaded_to":1281,"date":"2020-06-04 15:12:14","modified":"2020-06-04 15:12:14","menu_order":0,"mime_type":"image\/jpeg","type":"image","subtype":"jpeg","icon":"https:\/\/t-golf.club\/wp-includes\/images\/media\/default.png","width":2048,"height":1365,"sizes":{"thumbnail":"https:\/\/t-golf.club\/wp-content\/uploads\/2020\/06\/T-Golf-Gastronomy_2-100x100.jpg","thumbnail-width":100,"thumbnail-height":100,"medium":"https:\/\/t-golf.club\/wp-content\/uploads\/2020\/06\/T-Golf-Gastronomy_2-1024x683.jpg","medium-width":1024,"medium-height":683,"medium_large":"https:\/\/t-golf.club\/wp-content\/uploads\/2020\/06\/T-Golf-Gastronomy_2-768x512.jpg","medium_large-width":768,"medium_large-height":512,"large":"https:\/\/t-golf.club\/wp-content\/uploads\/2020\/06\/T-Golf-Gastronomy_2-2000x1333.jpg","large-width":2000,"large-height":1333,"1536x1536":"https:\/\/t-golf.club\/wp-content\/uploads\/2020\/06\/T-Golf-Gastronomy_2-1536x1024.jpg","1536x1536-width":1536,"1536x1536-height":1024,"2048x2048":"https:\/\/t-golf.club\/wp-content\/uploads\/2020\/06\/T-Golf-Gastronomy_2.jpg","2048x2048-width":2048,"2048x2048-height":1365}},{"ID":945,"id":945,"title":"T-Golf-Gastronomy_4","filename":"T-Golf-Gastronomy_4.jpg","filesize":350635,"url":"https:\/\/t-golf.club\/wp-content\/uploads\/2020\/06\/T-Golf-Gastronomy_4.jpg","link":"https:\/\/t-golf.club\/es\/calvia\/gastronomia\/t-golf-gastronomy_4-2\/","alt":"","author":"1","description":"","caption":"","name":"t-golf-gastronomy_4-2","status":"inherit","uploaded_to":1281,"date":"2020-06-04 15:12:18","modified":"2020-06-04 15:12:18","menu_order":0,"mime_type":"image\/jpeg","type":"image","subtype":"jpeg","icon":"https:\/\/t-golf.club\/wp-includes\/images\/media\/default.png","width":1280,"height":857,"sizes":{"thumbnail":"https:\/\/t-golf.club\/wp-content\/uploads\/2020\/06\/T-Golf-Gastronomy_4-100x100.jpg","thumbnail-width":100,"thumbnail-height":100,"medium":"https:\/\/t-golf.club\/wp-content\/uploads\/2020\/06\/T-Golf-Gastronomy_4-1024x686.jpg","medium-width":1024,"medium-height":686,"medium_large":"https:\/\/t-golf.club\/wp-content\/uploads\/2020\/06\/T-Golf-Gastronomy_4-768x514.jpg","medium_large-width":768,"medium_large-height":514,"large":"https:\/\/t-golf.club\/wp-content\/uploads\/2020\/06\/T-Golf-Gastronomy_4.jpg","large-width":1280,"large-height":857,"1536x1536":"https:\/\/t-golf.club\/wp-content\/uploads\/2020\/06\/T-Golf-Gastronomy_4.jpg","1536x1536-width":1280,"1536x1536-height":857,"2048x2048":"https:\/\/t-golf.club\/wp-content\/uploads\/2020\/06\/T-Golf-Gastronomy_4.jpg","2048x2048-width":1280,"2048x2048-height":857}},{"ID":939,"id":939,"title":"T-Golf-Gastronomy_1","filename":"T-Golf-Gastronomy_1.jpg","filesize":517574,"url":"https:\/\/t-golf.club\/wp-content\/uploads\/2020\/06\/T-Golf-Gastronomy_1.jpg","link":"https:\/\/t-golf.club\/es\/calvia\/gastronomia\/t-golf-gastronomy_1-2\/","alt":"","author":"1","description":"","caption":"","name":"t-golf-gastronomy_1-2","status":"inherit","uploaded_to":1281,"date":"2020-06-04 15:12:11","modified":"2020-06-07 22:06:46","menu_order":0,"mime_type":"image\/jpeg","type":"image","subtype":"jpeg","icon":"https:\/\/t-golf.club\/wp-includes\/images\/media\/default.png","width":2048,"height":1367,"sizes":{"thumbnail":"https:\/\/t-golf.club\/wp-content\/uploads\/2020\/06\/T-Golf-Gastronomy_1-100x100.jpg","thumbnail-width":100,"thumbnail-height":100,"medium":"https:\/\/t-golf.club\/wp-content\/uploads\/2020\/06\/T-Golf-Gastronomy_1-1024x684.jpg","medium-width":1024,"medium-height":684,"medium_large":"https:\/\/t-golf.club\/wp-content\/uploads\/2020\/06\/T-Golf-Gastronomy_1-768x513.jpg","medium_large-width":768,"medium_large-height":513,"large":"https:\/\/t-golf.club\/wp-content\/uploads\/2020\/06\/T-Golf-Gastronomy_1-2000x1335.jpg","large-width":2000,"large-height":1335,"1536x1536":"https:\/\/t-golf.club\/wp-content\/uploads\/2020\/06\/T-Golf-Gastronomy_1-1536x1025.jpg","1536x1536-width":1536,"1536x1536-height":1025,"2048x2048":"https:\/\/t-golf.club\/wp-content\/uploads\/2020\/06\/T-Golf-Gastronomy_1.jpg","2048x2048-width":2048,"2048x2048-height":1367}},{"ID":943,"id":943,"title":"T-Golf-Gastronomy_3","filename":"T-Golf-Gastronomy_3.jpg","filesize":662232,"url":"https:\/\/t-golf.club\/wp-content\/uploads\/2020\/06\/T-Golf-Gastronomy_3.jpg","link":"https:\/\/t-golf.club\/es\/calvia\/gastronomia\/t-golf-gastronomy_3-2\/","alt":"","author":"1","description":"","caption":"","name":"t-golf-gastronomy_3-2","status":"inherit","uploaded_to":1281,"date":"2020-06-04 15:12:16","modified":"2020-06-04 15:12:16","menu_order":0,"mime_type":"image\/jpeg","type":"image","subtype":"jpeg","icon":"https:\/\/t-golf.club\/wp-includes\/images\/media\/default.png","width":2048,"height":1367,"sizes":{"thumbnail":"https:\/\/t-golf.club\/wp-content\/uploads\/2020\/06\/T-Golf-Gastronomy_3-100x100.jpg","thumbnail-width":100,"thumbnail-height":100,"medium":"https:\/\/t-golf.club\/wp-content\/uploads\/2020\/06\/T-Golf-Gastronomy_3-1024x684.jpg","medium-width":1024,"medium-height":684,"medium_large":"https:\/\/t-golf.club\/wp-content\/uploads\/2020\/06\/T-Golf-Gastronomy_3-768x513.jpg","medium_large-width":768,"medium_large-height":513,"large":"https:\/\/t-golf.club\/wp-content\/uploads\/2020\/06\/T-Golf-Gastronomy_3-2000x1335.jpg","large-width":2000,"large-height":1335,"1536x1536":"https:\/\/t-golf.club\/wp-content\/uploads\/2020\/06\/T-Golf-Gastronomy_3-1536x1025.jpg","1536x1536-width":1536,"1536x1536-height":1025,"2048x2048":"https:\/\/t-golf.club\/wp-content\/uploads\/2020\/06\/T-Golf-Gastronomy_3.jpg","2048x2048-width":2048,"2048x2048-height":1367}},{"ID":947,"id":947,"title":"T-Golf-Gastronomy_5","filename":"T-Golf-Gastronomy_5.jpg","filesize":687965,"url":"https:\/\/t-golf.club\/wp-content\/uploads\/2020\/06\/T-Golf-Gastronomy_5.jpg","link":"https:\/\/t-golf.club\/es\/calvia\/gastronomia\/t-golf-gastronomy_5-2\/","alt":"","author":"1","description":"","caption":"","name":"t-golf-gastronomy_5-2","status":"inherit","uploaded_to":1281,"date":"2020-06-04 15:12:19","modified":"2020-06-04 15:12:19","menu_order":0,"mime_type":"image\/jpeg","type":"image","subtype":"jpeg","icon":"https:\/\/t-golf.club\/wp-includes\/images\/media\/default.png","width":1280,"height":857,"sizes":{"thumbnail":"https:\/\/t-golf.club\/wp-content\/uploads\/2020\/06\/T-Golf-Gastronomy_5-100x100.jpg","thumbnail-width":100,"thumbnail-height":100,"medium":"https:\/\/t-golf.club\/wp-content\/uploads\/2020\/06\/T-Golf-Gastronomy_5-1024x686.jpg","medium-width":1024,"medium-height":686,"medium_large":"https:\/\/t-golf.club\/wp-content\/uploads\/2020\/06\/T-Golf-Gastronomy_5-768x514.jpg","medium_large-width":768,"medium_large-height":514,"large":"https:\/\/t-golf.club\/wp-content\/uploads\/2020\/06\/T-Golf-Gastronomy_5.jpg","large-width":1280,"large-height":857,"1536x1536":"https:\/\/t-golf.club\/wp-content\/uploads\/2020\/06\/T-Golf-Gastronomy_5.jpg","1536x1536-width":1280,"1536x1536-height":857,"2048x2048":"https:\/\/t-golf.club\/wp-content\/uploads\/2020\/06\/T-Golf-Gastronomy_5.jpg","2048x2048-width":1280,"2048x2048-height":857}},{"ID":949,"id":949,"title":"T-Golf-Gastronomy_6","filename":"T-Golf-Gastronomy_6.jpg","filesize":581322,"url":"https:\/\/t-golf.club\/wp-content\/uploads\/2020\/06\/T-Golf-Gastronomy_6.jpg","link":"https:\/\/t-golf.club\/es\/calvia\/gastronomia\/t-golf-gastronomy_6-2\/","alt":"","author":"1","description":"","caption":"","name":"t-golf-gastronomy_6-2","status":"inherit","uploaded_to":1281,"date":"2020-06-04 15:12:20","modified":"2020-06-04 15:12:20","menu_order":0,"mime_type":"image\/jpeg","type":"image","subtype":"jpeg","icon":"https:\/\/t-golf.club\/wp-includes\/images\/media\/default.png","width":1280,"height":831,"sizes":{"thumbnail":"https:\/\/t-golf.club\/wp-content\/uploads\/2020\/06\/T-Golf-Gastronomy_6-100x100.jpg","thumbnail-width":100,"thumbnail-height":100,"medium":"https:\/\/t-golf.club\/wp-content\/uploads\/2020\/06\/T-Golf-Gastronomy_6-1024x665.jpg","medium-width":1024,"medium-height":665,"medium_large":"https:\/\/t-golf.club\/wp-content\/uploads\/2020\/06\/T-Golf-Gastronomy_6-768x499.jpg","medium_large-width":768,"medium_large-height":499,"large":"https:\/\/t-golf.club\/wp-content\/uploads\/2020\/06\/T-Golf-Gastronomy_6.jpg","large-width":1280,"large-height":831,"1536x1536":"https:\/\/t-golf.club\/wp-content\/uploads\/2020\/06\/T-Golf-Gastronomy_6.jpg","1536x1536-width":1280,"1536x1536-height":831,"2048x2048":"https:\/\/t-golf.club\/wp-content\/uploads\/2020\/06\/T-Golf-Gastronomy_6.jpg","2048x2048-width":1280,"2048x2048-height":831}},{"ID":951,"id":951,"title":"T-Golf-Gastronomy_7","filename":"T-Golf-Gastronomy_7.jpg","filesize":2029475,"url":"https:\/\/t-golf.club\/wp-content\/uploads\/2020\/06\/T-Golf-Gastronomy_7.jpg","link":"https:\/\/t-golf.club\/es\/calvia\/gastronomia\/t-golf-gastronomy_7-2\/","alt":"","author":"1","description":"","caption":"","name":"t-golf-gastronomy_7-2","status":"inherit","uploaded_to":1281,"date":"2020-06-04 15:12:21","modified":"2020-06-04 15:12:21","menu_order":0,"mime_type":"image\/jpeg","type":"image","subtype":"jpeg","icon":"https:\/\/t-golf.club\/wp-includes\/images\/media\/default.png","width":2560,"height":1714,"sizes":{"thumbnail":"https:\/\/t-golf.club\/wp-content\/uploads\/2020\/06\/T-Golf-Gastronomy_7-100x100.jpg","thumbnail-width":100,"thumbnail-height":100,"medium":"https:\/\/t-golf.club\/wp-content\/uploads\/2020\/06\/T-Golf-Gastronomy_7-1024x685.jpg","medium-width":1024,"medium-height":685,"medium_large":"https:\/\/t-golf.club\/wp-content\/uploads\/2020\/06\/T-Golf-Gastronomy_7-768x514.jpg","medium_large-width":768,"medium_large-height":514,"large":"https:\/\/t-golf.club\/wp-content\/uploads\/2020\/06\/T-Golf-Gastronomy_7-2000x1339.jpg","large-width":2000,"large-height":1339,"1536x1536":"https:\/\/t-golf.club\/wp-content\/uploads\/2020\/06\/T-Golf-Gastronomy_7-1536x1028.jpg","1536x1536-width":1536,"1536x1536-height":1028,"2048x2048":"https:\/\/t-golf.club\/wp-content\/uploads\/2020\/06\/T-Golf-Gastronomy_7-2048x1371.jpg","2048x2048-width":2048,"2048x2048-height":1371}}],"wp_nav_image":false,"gastronomy":false},"yoast_head":"<title>Gastronom\u00eda - T Golf<\/title>\n<meta name=\"robots\" content=\"index, follow, max-snippet:-1, max-image-preview:large, max-video-preview:-1\" \/>\n<link rel=\"canonical\" href=\"https:\/\/t-golf.club\/es\/gastronomia\/\" \/>\n<meta property=\"og:locale\" content=\"es_ES\" \/>\n<meta property=\"og:type\" content=\"article\" \/>\n<meta property=\"og:title\" content=\"Gastronom\u00eda - T Golf\" \/>\n<meta property=\"og:url\" content=\"https:\/\/t-golf.club\/es\/gastronomia\/\" \/>\n<meta property=\"og:site_name\" content=\"T Golf\" \/>\n<meta property=\"article:modified_time\" content=\"2022-09-02T12:10:25+00:00\" \/>\n<meta property=\"og:image\" content=\"https:\/\/t-golf.club\/wp-content\/uploads\/2022\/08\/P1250088.jpg\" \/>\n\t<meta property=\"og:image:width\" content=\"700\" \/>\n\t<meta property=\"og:image:height\" content=\"525\" \/>\n\t<meta property=\"og:image:type\" content=\"image\/jpeg\" \/>\n<meta name=\"twitter:card\" content=\"summary_large_image\" \/>\n<script type=\"application\/ld+json\" class=\"yoast-schema-graph\">{\"@context\":\"https:\\\/\\\/schema.org\",\"@graph\":[{\"@type\":\"WebPage\",\"@id\":\"https:\\\/\\\/t-golf.club\\\/es\\\/gastronomia\\\/\",\"url\":\"https:\\\/\\\/t-golf.club\\\/es\\\/gastronomia\\\/\",\"name\":\"Gastronom\u00eda - T Golf\",\"isPartOf\":{\"@id\":\"https:\\\/\\\/t-golf.club\\\/es\\\/#website\"},\"primaryImageOfPage\":{\"@id\":\"https:\\\/\\\/t-golf.club\\\/es\\\/gastronomia\\\/#primaryimage\"},\"image\":{\"@id\":\"https:\\\/\\\/t-golf.club\\\/es\\\/gastronomia\\\/#primaryimage\"},\"thumbnailUrl\":\"https:\\\/\\\/t-golf.club\\\/wp-content\\\/uploads\\\/2022\\\/08\\\/P1250088.jpg\",\"datePublished\":\"2022-09-01T13:30:06+00:00\",\"dateModified\":\"2022-09-02T12:10:25+00:00\",\"breadcrumb\":{\"@id\":\"https:\\\/\\\/t-golf.club\\\/es\\\/gastronomia\\\/#breadcrumb\"},\"inLanguage\":\"es\",\"potentialAction\":[{\"@type\":\"ReadAction\",\"target\":[\"https:\\\/\\\/t-golf.club\\\/es\\\/gastronomia\\\/\"]}]},{\"@type\":\"ImageObject\",\"inLanguage\":\"es\",\"@id\":\"https:\\\/\\\/t-golf.club\\\/es\\\/gastronomia\\\/#primaryimage\",\"url\":\"https:\\\/\\\/t-golf.club\\\/wp-content\\\/uploads\\\/2022\\\/08\\\/P1250088.jpg\",\"contentUrl\":\"https:\\\/\\\/t-golf.club\\\/wp-content\\\/uploads\\\/2022\\\/08\\\/P1250088.jpg\",\"width\":700,\"height\":525,\"caption\":\"OLYMPUS DIGITAL CAMERA\"},{\"@type\":\"BreadcrumbList\",\"@id\":\"https:\\\/\\\/t-golf.club\\\/es\\\/gastronomia\\\/#breadcrumb\",\"itemListElement\":[{\"@type\":\"ListItem\",\"position\":1,\"name\":\"Home\",\"item\":\"https:\\\/\\\/t-golf.club\\\/es\\\/\"},{\"@type\":\"ListItem\",\"position\":2,\"name\":\"Gastronom\u00eda\"}]},{\"@type\":\"WebSite\",\"@id\":\"https:\\\/\\\/t-golf.club\\\/es\\\/#website\",\"url\":\"https:\\\/\\\/t-golf.club\\\/es\\\/\",\"name\":\"T Golf\",\"description\":\"\",\"inLanguage\":\"es\"}]}<\/script>","yoast_head_json":{"title":"Gastronom\u00eda - T Golf","robots":{"index":"index","follow":"follow","max-snippet":"max-snippet:-1","max-image-preview":"max-image-preview:large","max-video-preview":"max-video-preview:-1"},"canonical":"https:\/\/t-golf.club\/es\/gastronomia\/","og_locale":"es_ES","og_type":"article","og_title":"Gastronom\u00eda - T Golf","og_url":"https:\/\/t-golf.club\/es\/gastronomia\/","og_site_name":"T Golf","article_modified_time":"2022-09-02T12:10:25+00:00","og_image":[{"width":700,"height":525,"url":"https:\/\/t-golf.club\/wp-content\/uploads\/2022\/08\/P1250088.jpg","type":"image\/jpeg"}],"twitter_card":"summary_large_image","schema":{"@context":"https:\/\/schema.org","@graph":[{"@type":"WebPage","@id":"https:\/\/t-golf.club\/es\/gastronomia\/","url":"https:\/\/t-golf.club\/es\/gastronomia\/","name":"Gastronom\u00eda - T Golf","isPartOf":{"@id":"https:\/\/t-golf.club\/es\/#website"},"primaryImageOfPage":{"@id":"https:\/\/t-golf.club\/es\/gastronomia\/#primaryimage"},"image":{"@id":"https:\/\/t-golf.club\/es\/gastronomia\/#primaryimage"},"thumbnailUrl":"https:\/\/t-golf.club\/wp-content\/uploads\/2022\/08\/P1250088.jpg","datePublished":"2022-09-01T13:30:06+00:00","dateModified":"2022-09-02T12:10:25+00:00","breadcrumb":{"@id":"https:\/\/t-golf.club\/es\/gastronomia\/#breadcrumb"},"inLanguage":"es","potentialAction":[{"@type":"ReadAction","target":["https:\/\/t-golf.club\/es\/gastronomia\/"]}]},{"@type":"ImageObject","inLanguage":"es","@id":"https:\/\/t-golf.club\/es\/gastronomia\/#primaryimage","url":"https:\/\/t-golf.club\/wp-content\/uploads\/2022\/08\/P1250088.jpg","contentUrl":"https:\/\/t-golf.club\/wp-content\/uploads\/2022\/08\/P1250088.jpg","width":700,"height":525,"caption":"OLYMPUS DIGITAL CAMERA"},{"@type":"BreadcrumbList","@id":"https:\/\/t-golf.club\/es\/gastronomia\/#breadcrumb","itemListElement":[{"@type":"ListItem","position":1,"name":"Home","item":"https:\/\/t-golf.club\/es\/"},{"@type":"ListItem","position":2,"name":"Gastronom\u00eda"}]},{"@type":"WebSite","@id":"https:\/\/t-golf.club\/es\/#website","url":"https:\/\/t-golf.club\/es\/","name":"T Golf","description":"","inLanguage":"es"}]}},"_links":{"self":[{"href":"https:\/\/t-golf.club\/es\/wp-json\/wp\/v2\/pages\/18319","targetHints":{"allow":["GET"]}}],"collection":[{"href":"https:\/\/t-golf.club\/es\/wp-json\/wp\/v2\/pages"}],"about":[{"href":"https:\/\/t-golf.club\/es\/wp-json\/wp\/v2\/types\/page"}],"author":[{"embeddable":true,"href":"https:\/\/t-golf.club\/es\/wp-json\/wp\/v2\/users\/1"}],"replies":[{"embeddable":true,"href":"https:\/\/t-golf.club\/es\/wp-json\/wp\/v2\/comments?post=18319"}],"version-history":[{"count":2,"href":"https:\/\/t-golf.club\/es\/wp-json\/wp\/v2\/pages\/18319\/revisions"}],"predecessor-version":[{"id":18416,"href":"https:\/\/t-golf.club\/es\/wp-json\/wp\/v2\/pages\/18319\/revisions\/18416"}],"wp:featuredmedia":[{"embeddable":true,"href":"https:\/\/t-golf.club\/es\/wp-json\/wp\/v2\/media\/17418"}],"wp:attachment":[{"href":"https:\/\/t-golf.club\/es\/wp-json\/wp\/v2\/media?parent=18319"}],"curies":[{"name":"wp","href":"https:\/\/api.w.org\/{rel}","templated":true}]}}