{"id":17293,"date":"2022-08-25T10:33:31","date_gmt":"2022-08-25T10:33:31","guid":{"rendered":"https:\/\/t-golf.club\/?page_id=17293"},"modified":"2025-08-24T08:50:05","modified_gmt":"2025-08-24T08:50:05","slug":"ofertas-palma","status":"publish","type":"page","link":"https:\/\/t-golf.club\/es\/palma\/ofertas-palma\/","title":{"rendered":"Ofertas &#8211; T Golf Palma"},"content":{"rendered":"","protected":false},"excerpt":{"rendered":"","protected":false},"author":275,"featured_media":0,"parent":16939,"menu_order":13,"comment_status":"closed","ping_status":"closed","template":"views\/offers.blade.php","meta":{"_acf_changed":false,"footnotes":""},"class_list":["post-17293","page","type-page","status-publish","hentry"],"acf":{"wp_nav_image":false,"offers_title":"Ofertas - T Golf Palma ","offers_subtitle":"El mejor golf viene con las mejores ofertas","offers_image":17889,"offers_content":"<p><strong>Se requiere HCP oficial &#8211; Damas 34 y Hombres 28.<\/strong><br \/>\n<strong>Los perros (con correa) est\u00e1n permitidos en el campo de golf y en la terraza de la casa club.<br \/>\n<\/strong><br \/>\n<strong>Ofrecemos tarifas din\u00e1micas de Greenfee.<br \/>\n<\/strong><br \/>\n<em>Pol\u00edtica de cancelaci\u00f3n en l\u00ednea:<\/em><\/p>\n<p>Cancelaci\u00f3n entre 0 y 7 d\u00edas antes de su tee time: se cargar\u00e1 el 100% de la reserva. Cancelaci\u00f3n con m\u00e1s de 8 d\u00edas de antelaci\u00f3n a su tee time: se reembolsar\u00e1 el 100% de la reserva, excepto una tasa de administraci\u00f3n de 3,50 euros por persona.<\/p>\n","offers_text_link":"Para m\u00e1s informaci\u00f3n, p\u00f3ngase en contacto con nosotros","offers_link":{"title":"Contacto","url":"https:\/\/t-golf.club\/es\/palma\/contacto\/","target":""}},"yoast_head":"<title>Ofertas - T Golf Palma - T Golf<\/title>\n<meta name=\"robots\" content=\"index, follow, max-snippet:-1, max-image-preview:large, max-video-preview:-1\" \/>\n<link rel=\"canonical\" href=\"https:\/\/t-golf.club\/es\/palma\/ofertas-palma\/\" \/>\n<meta property=\"og:locale\" content=\"es_ES\" \/>\n<meta property=\"og:type\" content=\"article\" \/>\n<meta property=\"og:title\" content=\"Ofertas - T Golf Palma - T Golf\" \/>\n<meta property=\"og:url\" content=\"https:\/\/t-golf.club\/es\/palma\/ofertas-palma\/\" \/>\n<meta property=\"og:site_name\" content=\"T Golf\" \/>\n<meta property=\"article:modified_time\" content=\"2025-08-24T08:50:05+00:00\" \/>\n<meta name=\"twitter:card\" content=\"summary_large_image\" \/>\n<meta name=\"twitter:label1\" content=\"Tiempo de lectura\" \/>\n\t<meta name=\"twitter:data1\" content=\"1 minuto\" \/>\n<script type=\"application\/ld+json\" class=\"yoast-schema-graph\">{\"@context\":\"https:\\\/\\\/schema.org\",\"@graph\":[{\"@type\":\"WebPage\",\"@id\":\"https:\\\/\\\/t-golf.club\\\/es\\\/palma\\\/ofertas-palma\\\/\",\"url\":\"https:\\\/\\\/t-golf.club\\\/es\\\/palma\\\/ofertas-palma\\\/\",\"name\":\"Ofertas - T Golf Palma - T Golf\",\"isPartOf\":{\"@id\":\"https:\\\/\\\/t-golf.club\\\/es\\\/#website\"},\"datePublished\":\"2022-08-25T10:33:31+00:00\",\"dateModified\":\"2025-08-24T08:50:05+00:00\",\"breadcrumb\":{\"@id\":\"https:\\\/\\\/t-golf.club\\\/es\\\/palma\\\/ofertas-palma\\\/#breadcrumb\"},\"inLanguage\":\"es\",\"potentialAction\":[{\"@type\":\"ReadAction\",\"target\":[\"https:\\\/\\\/t-golf.club\\\/es\\\/palma\\\/ofertas-palma\\\/\"]}]},{\"@type\":\"BreadcrumbList\",\"@id\":\"https:\\\/\\\/t-golf.club\\\/es\\\/palma\\\/ofertas-palma\\\/#breadcrumb\",\"itemListElement\":[{\"@type\":\"ListItem\",\"position\":1,\"name\":\"Home\",\"item\":\"https:\\\/\\\/t-golf.club\\\/es\\\/\"},{\"@type\":\"ListItem\",\"position\":2,\"name\":\"Home T Golf Palma\",\"item\":\"https:\\\/\\\/t-golf.club\\\/es\\\/palma\\\/\"},{\"@type\":\"ListItem\",\"position\":3,\"name\":\"Ofertas &#8211; T Golf Palma\"}]},{\"@type\":\"WebSite\",\"@id\":\"https:\\\/\\\/t-golf.club\\\/es\\\/#website\",\"url\":\"https:\\\/\\\/t-golf.club\\\/es\\\/\",\"name\":\"T Golf\",\"description\":\"\",\"inLanguage\":\"es\"}]}<\/script>","yoast_head_json":{"title":"Ofertas - T Golf Palma - T Golf","robots":{"index":"index","follow":"follow","max-snippet":"max-snippet:-1","max-image-preview":"max-image-preview:large","max-video-preview":"max-video-preview:-1"},"canonical":"https:\/\/t-golf.club\/es\/palma\/ofertas-palma\/","og_locale":"es_ES","og_type":"article","og_title":"Ofertas - T Golf Palma - T Golf","og_url":"https:\/\/t-golf.club\/es\/palma\/ofertas-palma\/","og_site_name":"T Golf","article_modified_time":"2025-08-24T08:50:05+00:00","twitter_card":"summary_large_image","twitter_misc":{"Tiempo de lectura":"1 minuto"},"schema":{"@context":"https:\/\/schema.org","@graph":[{"@type":"WebPage","@id":"https:\/\/t-golf.club\/es\/palma\/ofertas-palma\/","url":"https:\/\/t-golf.club\/es\/palma\/ofertas-palma\/","name":"Ofertas - T Golf Palma - T Golf","isPartOf":{"@id":"https:\/\/t-golf.club\/es\/#website"},"datePublished":"2022-08-25T10:33:31+00:00","dateModified":"2025-08-24T08:50:05+00:00","breadcrumb":{"@id":"https:\/\/t-golf.club\/es\/palma\/ofertas-palma\/#breadcrumb"},"inLanguage":"es","potentialAction":[{"@type":"ReadAction","target":["https:\/\/t-golf.club\/es\/palma\/ofertas-palma\/"]}]},{"@type":"BreadcrumbList","@id":"https:\/\/t-golf.club\/es\/palma\/ofertas-palma\/#breadcrumb","itemListElement":[{"@type":"ListItem","position":1,"name":"Home","item":"https:\/\/t-golf.club\/es\/"},{"@type":"ListItem","position":2,"name":"Home T Golf Palma","item":"https:\/\/t-golf.club\/es\/palma\/"},{"@type":"ListItem","position":3,"name":"Ofertas &#8211; T Golf Palma"}]},{"@type":"WebSite","@id":"https:\/\/t-golf.club\/es\/#website","url":"https:\/\/t-golf.club\/es\/","name":"T Golf","description":"","inLanguage":"es"}]}},"_links":{"self":[{"href":"https:\/\/t-golf.club\/es\/wp-json\/wp\/v2\/pages\/17293","targetHints":{"allow":["GET"]}}],"collection":[{"href":"https:\/\/t-golf.club\/es\/wp-json\/wp\/v2\/pages"}],"about":[{"href":"https:\/\/t-golf.club\/es\/wp-json\/wp\/v2\/types\/page"}],"author":[{"embeddable":true,"href":"https:\/\/t-golf.club\/es\/wp-json\/wp\/v2\/users\/275"}],"replies":[{"embeddable":true,"href":"https:\/\/t-golf.club\/es\/wp-json\/wp\/v2\/comments?post=17293"}],"version-history":[{"count":5,"href":"https:\/\/t-golf.club\/es\/wp-json\/wp\/v2\/pages\/17293\/revisions"}],"predecessor-version":[{"id":61610,"href":"https:\/\/t-golf.club\/es\/wp-json\/wp\/v2\/pages\/17293\/revisions\/61610"}],"up":[{"embeddable":true,"href":"https:\/\/t-golf.club\/es\/wp-json\/wp\/v2\/pages\/16939"}],"wp:attachment":[{"href":"https:\/\/t-golf.club\/es\/wp-json\/wp\/v2\/media?parent=17293"}],"curies":[{"name":"wp","href":"https:\/\/api.w.org\/{rel}","templated":true}]}}