{"id":17192,"date":"2022-08-24T14:22:02","date_gmt":"2022-08-24T14:22:02","guid":{"rendered":"https:\/\/t-golf.club\/?page_id=17192"},"modified":"2025-01-20T07:39:22","modified_gmt":"2025-01-20T07:39:22","slug":"ofertas-calvia","status":"publish","type":"page","link":"https:\/\/t-golf.club\/es\/calvia\/ofertas-calvia\/","title":{"rendered":"Ofertas &#8211; T Golf Calvia"},"content":{"rendered":"","protected":false},"excerpt":{"rendered":"","protected":false},"author":275,"featured_media":1042,"parent":1296,"menu_order":16,"comment_status":"closed","ping_status":"closed","template":"views\/offers.blade.php","meta":{"_acf_changed":false,"footnotes":""},"class_list":["post-17192","page","type-page","status-publish","has-post-thumbnail","hentry"],"acf":{"wp_nav_image":false,"offers_title":"Ofertas - Calvia","offers_subtitle":"El mejor golf viene con las mejores ofertas","offers_image":17610,"offers_content":"<p><strong>Se requiere HCP oficial &#8211; Damas 34 y Hombres 28.<\/strong><br \/>\n<strong>Los perros (con correa) est\u00e1n permitidos en el campo de golf y en la terraza de la casa club.<br \/>\n<\/strong><br \/>\n<strong>Ofrecemos tarifas din\u00e1micas de Greenfee.<br \/>\n<\/strong><br \/>\n<em>Pol\u00edtica de cancelaci\u00f3n en l\u00ednea:<\/em><\/p>\n<p>Cancelaci\u00f3n entre 0 y 7 d\u00edas antes de su tee time: se cargar\u00e1 el 100% de la reserva. Cancelaci\u00f3n con m\u00e1s de 8 d\u00edas de antelaci\u00f3n a su tee time: se reembolsar\u00e1 el 100% de la reserva, excepto una tasa de administraci\u00f3n de 3,50 euros por persona.<\/p>\n","offers_text_link":"Para m\u00e1s informaci\u00f3n, p\u00f3ngase en contacto con nosotros","offers_link":{"title":"Contacto","url":"https:\/\/t-golf.club\/es\/calvia\/contacto\/","target":""}},"yoast_head":"<title>Ofertas - T Golf Calvia - T Golf<\/title>\n<meta name=\"robots\" content=\"index, follow, max-snippet:-1, max-image-preview:large, max-video-preview:-1\" \/>\n<link rel=\"canonical\" href=\"https:\/\/t-golf.club\/es\/calvia\/ofertas-calvia\/\" \/>\n<meta property=\"og:locale\" content=\"es_ES\" \/>\n<meta property=\"og:type\" content=\"article\" \/>\n<meta property=\"og:title\" content=\"Ofertas - T Golf Calvia - T Golf\" \/>\n<meta property=\"og:url\" content=\"https:\/\/t-golf.club\/es\/calvia\/ofertas-calvia\/\" \/>\n<meta property=\"og:site_name\" content=\"T Golf\" \/>\n<meta property=\"article:modified_time\" content=\"2025-01-20T07:39:22+00:00\" \/>\n<meta property=\"og:image\" content=\"https:\/\/t-golf.club\/wp-content\/uploads\/2020\/06\/Rentals.jpg\" \/>\n\t<meta property=\"og:image:width\" content=\"1280\" \/>\n\t<meta property=\"og:image:height\" content=\"960\" \/>\n\t<meta property=\"og:image:type\" content=\"image\/jpeg\" \/>\n<meta name=\"twitter:card\" content=\"summary_large_image\" \/>\n<meta name=\"twitter:label1\" content=\"Tiempo de lectura\" \/>\n\t<meta name=\"twitter:data1\" content=\"1 minuto\" \/>\n<script type=\"application\/ld+json\" class=\"yoast-schema-graph\">{\"@context\":\"https:\\\/\\\/schema.org\",\"@graph\":[{\"@type\":\"WebPage\",\"@id\":\"https:\\\/\\\/t-golf.club\\\/es\\\/calvia\\\/ofertas-calvia\\\/\",\"url\":\"https:\\\/\\\/t-golf.club\\\/es\\\/calvia\\\/ofertas-calvia\\\/\",\"name\":\"Ofertas - T Golf Calvia - T Golf\",\"isPartOf\":{\"@id\":\"https:\\\/\\\/t-golf.club\\\/es\\\/#website\"},\"primaryImageOfPage\":{\"@id\":\"https:\\\/\\\/t-golf.club\\\/es\\\/calvia\\\/ofertas-calvia\\\/#primaryimage\"},\"image\":{\"@id\":\"https:\\\/\\\/t-golf.club\\\/es\\\/calvia\\\/ofertas-calvia\\\/#primaryimage\"},\"thumbnailUrl\":\"https:\\\/\\\/t-golf.club\\\/wp-content\\\/uploads\\\/2020\\\/06\\\/Rentals.jpg\",\"datePublished\":\"2022-08-24T14:22:02+00:00\",\"dateModified\":\"2025-01-20T07:39:22+00:00\",\"breadcrumb\":{\"@id\":\"https:\\\/\\\/t-golf.club\\\/es\\\/calvia\\\/ofertas-calvia\\\/#breadcrumb\"},\"inLanguage\":\"es\",\"potentialAction\":[{\"@type\":\"ReadAction\",\"target\":[\"https:\\\/\\\/t-golf.club\\\/es\\\/calvia\\\/ofertas-calvia\\\/\"]}]},{\"@type\":\"ImageObject\",\"inLanguage\":\"es\",\"@id\":\"https:\\\/\\\/t-golf.club\\\/es\\\/calvia\\\/ofertas-calvia\\\/#primaryimage\",\"url\":\"https:\\\/\\\/t-golf.club\\\/wp-content\\\/uploads\\\/2020\\\/06\\\/Rentals.jpg\",\"contentUrl\":\"https:\\\/\\\/t-golf.club\\\/wp-content\\\/uploads\\\/2020\\\/06\\\/Rentals.jpg\",\"width\":1280,\"height\":960},{\"@type\":\"BreadcrumbList\",\"@id\":\"https:\\\/\\\/t-golf.club\\\/es\\\/calvia\\\/ofertas-calvia\\\/#breadcrumb\",\"itemListElement\":[{\"@type\":\"ListItem\",\"position\":1,\"name\":\"Home\",\"item\":\"https:\\\/\\\/t-golf.club\\\/es\\\/\"},{\"@type\":\"ListItem\",\"position\":2,\"name\":\"Home Calvi\u00e0\",\"item\":\"https:\\\/\\\/t-golf.club\\\/es\\\/calvia\\\/\"},{\"@type\":\"ListItem\",\"position\":3,\"name\":\"Ofertas &#8211; T Golf Calvia\"}]},{\"@type\":\"WebSite\",\"@id\":\"https:\\\/\\\/t-golf.club\\\/es\\\/#website\",\"url\":\"https:\\\/\\\/t-golf.club\\\/es\\\/\",\"name\":\"T Golf\",\"description\":\"\",\"inLanguage\":\"es\"}]}<\/script>","yoast_head_json":{"title":"Ofertas - T Golf Calvia - T Golf","robots":{"index":"index","follow":"follow","max-snippet":"max-snippet:-1","max-image-preview":"max-image-preview:large","max-video-preview":"max-video-preview:-1"},"canonical":"https:\/\/t-golf.club\/es\/calvia\/ofertas-calvia\/","og_locale":"es_ES","og_type":"article","og_title":"Ofertas - T Golf Calvia - T Golf","og_url":"https:\/\/t-golf.club\/es\/calvia\/ofertas-calvia\/","og_site_name":"T Golf","article_modified_time":"2025-01-20T07:39:22+00:00","og_image":[{"width":1280,"height":960,"url":"https:\/\/t-golf.club\/wp-content\/uploads\/2020\/06\/Rentals.jpg","type":"image\/jpeg"}],"twitter_card":"summary_large_image","twitter_misc":{"Tiempo de lectura":"1 minuto"},"schema":{"@context":"https:\/\/schema.org","@graph":[{"@type":"WebPage","@id":"https:\/\/t-golf.club\/es\/calvia\/ofertas-calvia\/","url":"https:\/\/t-golf.club\/es\/calvia\/ofertas-calvia\/","name":"Ofertas - T Golf Calvia - T Golf","isPartOf":{"@id":"https:\/\/t-golf.club\/es\/#website"},"primaryImageOfPage":{"@id":"https:\/\/t-golf.club\/es\/calvia\/ofertas-calvia\/#primaryimage"},"image":{"@id":"https:\/\/t-golf.club\/es\/calvia\/ofertas-calvia\/#primaryimage"},"thumbnailUrl":"https:\/\/t-golf.club\/wp-content\/uploads\/2020\/06\/Rentals.jpg","datePublished":"2022-08-24T14:22:02+00:00","dateModified":"2025-01-20T07:39:22+00:00","breadcrumb":{"@id":"https:\/\/t-golf.club\/es\/calvia\/ofertas-calvia\/#breadcrumb"},"inLanguage":"es","potentialAction":[{"@type":"ReadAction","target":["https:\/\/t-golf.club\/es\/calvia\/ofertas-calvia\/"]}]},{"@type":"ImageObject","inLanguage":"es","@id":"https:\/\/t-golf.club\/es\/calvia\/ofertas-calvia\/#primaryimage","url":"https:\/\/t-golf.club\/wp-content\/uploads\/2020\/06\/Rentals.jpg","contentUrl":"https:\/\/t-golf.club\/wp-content\/uploads\/2020\/06\/Rentals.jpg","width":1280,"height":960},{"@type":"BreadcrumbList","@id":"https:\/\/t-golf.club\/es\/calvia\/ofertas-calvia\/#breadcrumb","itemListElement":[{"@type":"ListItem","position":1,"name":"Home","item":"https:\/\/t-golf.club\/es\/"},{"@type":"ListItem","position":2,"name":"Home Calvi\u00e0","item":"https:\/\/t-golf.club\/es\/calvia\/"},{"@type":"ListItem","position":3,"name":"Ofertas &#8211; T Golf Calvia"}]},{"@type":"WebSite","@id":"https:\/\/t-golf.club\/es\/#website","url":"https:\/\/t-golf.club\/es\/","name":"T Golf","description":"","inLanguage":"es"}]}},"_links":{"self":[{"href":"https:\/\/t-golf.club\/es\/wp-json\/wp\/v2\/pages\/17192","targetHints":{"allow":["GET"]}}],"collection":[{"href":"https:\/\/t-golf.club\/es\/wp-json\/wp\/v2\/pages"}],"about":[{"href":"https:\/\/t-golf.club\/es\/wp-json\/wp\/v2\/types\/page"}],"author":[{"embeddable":true,"href":"https:\/\/t-golf.club\/es\/wp-json\/wp\/v2\/users\/275"}],"replies":[{"embeddable":true,"href":"https:\/\/t-golf.club\/es\/wp-json\/wp\/v2\/comments?post=17192"}],"version-history":[{"count":5,"href":"https:\/\/t-golf.club\/es\/wp-json\/wp\/v2\/pages\/17192\/revisions"}],"predecessor-version":[{"id":54459,"href":"https:\/\/t-golf.club\/es\/wp-json\/wp\/v2\/pages\/17192\/revisions\/54459"}],"up":[{"embeddable":true,"href":"https:\/\/t-golf.club\/es\/wp-json\/wp\/v2\/pages\/1296"}],"wp:featuredmedia":[{"embeddable":true,"href":"https:\/\/t-golf.club\/es\/wp-json\/wp\/v2\/media\/1042"}],"wp:attachment":[{"href":"https:\/\/t-golf.club\/es\/wp-json\/wp\/v2\/media?parent=17192"}],"curies":[{"name":"wp","href":"https:\/\/api.w.org\/{rel}","templated":true}]}}