{"id":17067,"date":"2022-08-24T07:10:53","date_gmt":"2022-08-24T07:10:53","guid":{"rendered":"https:\/\/t-golf.club\/?page_id=17067"},"modified":"2025-02-09T13:58:58","modified_gmt":"2025-02-09T13:58:58","slug":"hoyos-calvia","status":"publish","type":"page","link":"https:\/\/t-golf.club\/es\/calvia\/hoyos-calvia\/","title":{"rendered":"Hoyos &#8211; T Golf Calvia"},"content":{"rendered":"","protected":false},"excerpt":{"rendered":"","protected":false},"author":275,"featured_media":0,"parent":1296,"menu_order":10,"comment_status":"closed","ping_status":"closed","template":"views\/holes.blade.php","meta":{"_acf_changed":false,"footnotes":""},"class_list":["post-17067","page","type-page","status-publish","hentry"],"acf":{"holes_title":"Hoyo a hoyo - Calvia","holes_subtitle":"Los greenes m\u00e1s grandes de la isla","holes_image":388,"holes_link_back":{"title":"Home Calvi\u00e0","url":"https:\/\/t-golf.club\/es\/calvia\/","target":""},"holes_content":"<p><strong>\u00abEl hoyo 14 es uno de los mejores Par 4 que he jugado en mi vida. Este hoyo es uno de los m\u00e1s destacados del dise\u00f1ador John Harris. Las sensaciones que el jugador siente en el tee de salida, sus seducciones y peligros, la perfecta colocaci\u00f3n de sus bunkers, el lago estrat\u00e9gicamente situado, el molino de viento, su fuera de l\u00edmites y el dise\u00f1o del green lo hacen \u00fanico. No importa cu\u00e1ntas veces juegue este hoyo, siempre encontrar\u00e1 algo diferente. Para m\u00ed, como arquitecto de campos de golf, ha servido de lecci\u00f3n\u00bb (Pepe Gancedo).<\/strong><\/p>\n","holes_quote":"T Golf Calvia<br \/>\r\n<br \/>\r\nBlanca 6450 m<br \/>\r\nAmarilla 6080 m<br \/>\r\nAzul 5620 m<br \/>\r\nRoja 5195 m","holes_video":"<iframe title=\"T-Golf Club Mallorca: Welcome!\" width=\"640\" height=\"360\" src=\"https:\/\/www.youtube.com\/embed\/fE4uIaDM5s0?feature=oembed\" frameborder=\"0\" allow=\"accelerometer; autoplay; clipboard-write; encrypted-media; gyroscope; picture-in-picture; web-share\" referrerpolicy=\"strict-origin-when-cross-origin\" allowfullscreen><\/iframe>","holes_cta":{"ID":1143,"post_author":"1","post_date":"2020-06-07 10:52:45","post_date_gmt":"2020-06-07 10:52:45","post_content":"","post_title":"Visite nuestros 18 hoyos","post_excerpt":"","post_status":"publish","comment_status":"closed","ping_status":"closed","post_password":"","post_name":"visita-nuestros-18-hoyos","to_ping":"","pinged":"","post_modified":"2020-07-21 14:21:06","post_modified_gmt":"2020-07-21 14:21:06","post_content_filtered":"","post_parent":0,"guid":"http:\/\/t-golf.club\/?post_type=cta&#038;p=1143","menu_order":18,"post_type":"cta","post_mime_type":"","comment_count":"0","filter":"raw"},"wp_nav_image":false},"yoast_head":"<title>Hoyos - T Golf Calvia - T Golf<\/title>\n<meta name=\"robots\" content=\"index, follow, max-snippet:-1, max-image-preview:large, max-video-preview:-1\" \/>\n<link rel=\"canonical\" href=\"https:\/\/t-golf.club\/es\/calvia\/hoyos-calvia\/\" \/>\n<meta property=\"og:locale\" content=\"es_ES\" \/>\n<meta property=\"og:type\" content=\"article\" \/>\n<meta property=\"og:title\" content=\"Hoyos - T Golf Calvia - T Golf\" \/>\n<meta property=\"og:url\" content=\"https:\/\/t-golf.club\/es\/calvia\/hoyos-calvia\/\" \/>\n<meta property=\"og:site_name\" content=\"T Golf\" \/>\n<meta property=\"article:modified_time\" content=\"2025-02-09T13:58:58+00:00\" \/>\n<meta name=\"twitter:card\" content=\"summary_large_image\" \/>\n<meta name=\"twitter:label1\" content=\"Tiempo de lectura\" \/>\n\t<meta name=\"twitter:data1\" content=\"1 minuto\" \/>\n<script type=\"application\/ld+json\" class=\"yoast-schema-graph\">{\"@context\":\"https:\/\/schema.org\",\"@graph\":[{\"@type\":\"WebPage\",\"@id\":\"https:\/\/t-golf.club\/es\/calvia\/hoyos-calvia\/\",\"url\":\"https:\/\/t-golf.club\/es\/calvia\/hoyos-calvia\/\",\"name\":\"Hoyos - T Golf Calvia - T Golf\",\"isPartOf\":{\"@id\":\"https:\/\/t-golf.club\/es\/#website\"},\"datePublished\":\"2022-08-24T07:10:53+00:00\",\"dateModified\":\"2025-02-09T13:58:58+00:00\",\"breadcrumb\":{\"@id\":\"https:\/\/t-golf.club\/es\/calvia\/hoyos-calvia\/#breadcrumb\"},\"inLanguage\":\"es\",\"potentialAction\":[{\"@type\":\"ReadAction\",\"target\":[\"https:\/\/t-golf.club\/es\/calvia\/hoyos-calvia\/\"]}]},{\"@type\":\"BreadcrumbList\",\"@id\":\"https:\/\/t-golf.club\/es\/calvia\/hoyos-calvia\/#breadcrumb\",\"itemListElement\":[{\"@type\":\"ListItem\",\"position\":1,\"name\":\"Home\",\"item\":\"https:\/\/t-golf.club\/es\/\"},{\"@type\":\"ListItem\",\"position\":2,\"name\":\"Home Calvi\u00e0\",\"item\":\"https:\/\/t-golf.club\/es\/calvia\/\"},{\"@type\":\"ListItem\",\"position\":3,\"name\":\"Hoyos &#8211; T Golf Calvia\"}]},{\"@type\":\"WebSite\",\"@id\":\"https:\/\/t-golf.club\/es\/#website\",\"url\":\"https:\/\/t-golf.club\/es\/\",\"name\":\"T Golf\",\"description\":\"\",\"inLanguage\":\"es\"}]}<\/script>","yoast_head_json":{"title":"Hoyos - T Golf Calvia - T Golf","robots":{"index":"index","follow":"follow","max-snippet":"max-snippet:-1","max-image-preview":"max-image-preview:large","max-video-preview":"max-video-preview:-1"},"canonical":"https:\/\/t-golf.club\/es\/calvia\/hoyos-calvia\/","og_locale":"es_ES","og_type":"article","og_title":"Hoyos - T Golf Calvia - T Golf","og_url":"https:\/\/t-golf.club\/es\/calvia\/hoyos-calvia\/","og_site_name":"T Golf","article_modified_time":"2025-02-09T13:58:58+00:00","twitter_card":"summary_large_image","twitter_misc":{"Tiempo de lectura":"1 minuto"},"schema":{"@context":"https:\/\/schema.org","@graph":[{"@type":"WebPage","@id":"https:\/\/t-golf.club\/es\/calvia\/hoyos-calvia\/","url":"https:\/\/t-golf.club\/es\/calvia\/hoyos-calvia\/","name":"Hoyos - T Golf Calvia - T Golf","isPartOf":{"@id":"https:\/\/t-golf.club\/es\/#website"},"datePublished":"2022-08-24T07:10:53+00:00","dateModified":"2025-02-09T13:58:58+00:00","breadcrumb":{"@id":"https:\/\/t-golf.club\/es\/calvia\/hoyos-calvia\/#breadcrumb"},"inLanguage":"es","potentialAction":[{"@type":"ReadAction","target":["https:\/\/t-golf.club\/es\/calvia\/hoyos-calvia\/"]}]},{"@type":"BreadcrumbList","@id":"https:\/\/t-golf.club\/es\/calvia\/hoyos-calvia\/#breadcrumb","itemListElement":[{"@type":"ListItem","position":1,"name":"Home","item":"https:\/\/t-golf.club\/es\/"},{"@type":"ListItem","position":2,"name":"Home Calvi\u00e0","item":"https:\/\/t-golf.club\/es\/calvia\/"},{"@type":"ListItem","position":3,"name":"Hoyos &#8211; T Golf Calvia"}]},{"@type":"WebSite","@id":"https:\/\/t-golf.club\/es\/#website","url":"https:\/\/t-golf.club\/es\/","name":"T Golf","description":"","inLanguage":"es"}]}},"_links":{"self":[{"href":"https:\/\/t-golf.club\/es\/wp-json\/wp\/v2\/pages\/17067","targetHints":{"allow":["GET"]}}],"collection":[{"href":"https:\/\/t-golf.club\/es\/wp-json\/wp\/v2\/pages"}],"about":[{"href":"https:\/\/t-golf.club\/es\/wp-json\/wp\/v2\/types\/page"}],"author":[{"embeddable":true,"href":"https:\/\/t-golf.club\/es\/wp-json\/wp\/v2\/users\/275"}],"replies":[{"embeddable":true,"href":"https:\/\/t-golf.club\/es\/wp-json\/wp\/v2\/comments?post=17067"}],"version-history":[{"count":5,"href":"https:\/\/t-golf.club\/es\/wp-json\/wp\/v2\/pages\/17067\/revisions"}],"predecessor-version":[{"id":54866,"href":"https:\/\/t-golf.club\/es\/wp-json\/wp\/v2\/pages\/17067\/revisions\/54866"}],"up":[{"embeddable":true,"href":"https:\/\/t-golf.club\/es\/wp-json\/wp\/v2\/pages\/1296"}],"wp:attachment":[{"href":"https:\/\/t-golf.club\/es\/wp-json\/wp\/v2\/media?parent=17067"}],"curies":[{"name":"wp","href":"https:\/\/api.w.org\/{rel}","templated":true}]}}