{"id":17015,"date":"2022-08-24T07:09:50","date_gmt":"2022-08-24T07:09:50","guid":{"rendered":"https:\/\/t-golf.club\/?page_id=17015"},"modified":"2025-08-24T09:33:49","modified_gmt":"2025-08-24T09:33:49","slug":"casa-club","status":"publish","type":"page","link":"https:\/\/t-golf.club\/es\/palma\/casa-club\/","title":{"rendered":"Casa Club &#8211; T Golf Palma"},"content":{"rendered":"","protected":false},"excerpt":{"rendered":"","protected":false},"author":275,"featured_media":18297,"parent":16939,"menu_order":164,"comment_status":"closed","ping_status":"closed","template":"views\/casa-club.blade.php","meta":{"_acf_changed":false,"footnotes":""},"class_list":["post-17015","page","type-page","status-publish","has-post-thumbnail","hentry"],"acf":{"subtitle":"La discreta elegancia y el moderno encanto mallorqu\u00edn de nuestra reci\u00e9n renovada casa club","content":"<p><strong>La Casa Club del T GOLF PALMA est\u00e1 situada en una zona privilegiada de la finca, ofreciendo fant\u00e1sticas vistas a los hoyos 16, 17 y 18.<\/strong><\/p>\n<p>En la casa club estamos actualizando las instalaciones para adecuarlas a los est\u00e1ndares de T Club y hacerlas m\u00e1s confortables para el golfista. El nuevo dise\u00f1o a\u00f1ade funcionalidad a las instalaciones existentes para ofrecer una fant\u00e1stica experiencia durante todo el d\u00eda de un extraordinario campo de golf, servicio y una excelente experiencia culinaria.<\/p>\n","members_gallery":[{"ID":52392,"id":52392,"title":"DSC_0118_low web","filename":"DSC_0118_low-web.jpg","filesize":107483,"url":"https:\/\/t-golf.club\/wp-content\/uploads\/2024\/11\/DSC_0118_low-web.jpg","link":"https:\/\/t-golf.club\/es\/palma\/casa-club\/dsc_0118_low-web-2\/","alt":"","author":"268","description":"","caption":"","name":"dsc_0118_low-web-2","status":"inherit","uploaded_to":17015,"date":"2024-11-07 09:23:31","modified":"2024-11-07 09:23:31","menu_order":0,"mime_type":"image\/jpeg","type":"image","subtype":"jpeg","icon":"https:\/\/t-golf.club\/wp-includes\/images\/media\/default.png","width":700,"height":466,"sizes":{"thumbnail":"https:\/\/t-golf.club\/wp-content\/uploads\/2024\/11\/DSC_0118_low-web-100x100.jpg","thumbnail-width":100,"thumbnail-height":100,"medium":"https:\/\/t-golf.club\/wp-content\/uploads\/2024\/11\/DSC_0118_low-web.jpg","medium-width":700,"medium-height":466,"medium_large":"https:\/\/t-golf.club\/wp-content\/uploads\/2024\/11\/DSC_0118_low-web.jpg","medium_large-width":700,"medium_large-height":466,"large":"https:\/\/t-golf.club\/wp-content\/uploads\/2024\/11\/DSC_0118_low-web.jpg","large-width":700,"large-height":466,"1536x1536":"https:\/\/t-golf.club\/wp-content\/uploads\/2024\/11\/DSC_0118_low-web.jpg","1536x1536-width":700,"1536x1536-height":466,"2048x2048":"https:\/\/t-golf.club\/wp-content\/uploads\/2024\/11\/DSC_0118_low-web.jpg","2048x2048-width":700,"2048x2048-height":466}},{"ID":52377,"id":52377,"title":"DSC_0086_low web","filename":"DSC_0086_low-web.jpg","filesize":86863,"url":"https:\/\/t-golf.club\/wp-content\/uploads\/2024\/11\/DSC_0086_low-web.jpg","link":"https:\/\/t-golf.club\/es\/palma\/casa-club\/dsc_0086_low-web-2\/","alt":"","author":"268","description":"","caption":"","name":"dsc_0086_low-web-2","status":"inherit","uploaded_to":17015,"date":"2024-11-07 09:23:01","modified":"2024-11-07 09:23:37","menu_order":0,"mime_type":"image\/jpeg","type":"image","subtype":"jpeg","icon":"https:\/\/t-golf.club\/wp-includes\/images\/media\/default.png","width":700,"height":1050,"sizes":{"thumbnail":"https:\/\/t-golf.club\/wp-content\/uploads\/2024\/11\/DSC_0086_low-web-100x100.jpg","thumbnail-width":100,"thumbnail-height":100,"medium":"https:\/\/t-golf.club\/wp-content\/uploads\/2024\/11\/DSC_0086_low-web-683x1024.jpg","medium-width":683,"medium-height":1024,"medium_large":"https:\/\/t-golf.club\/wp-content\/uploads\/2024\/11\/DSC_0086_low-web.jpg","medium_large-width":700,"medium_large-height":1050,"large":"https:\/\/t-golf.club\/wp-content\/uploads\/2024\/11\/DSC_0086_low-web.jpg","large-width":700,"large-height":1050,"1536x1536":"https:\/\/t-golf.club\/wp-content\/uploads\/2024\/11\/DSC_0086_low-web.jpg","1536x1536-width":700,"1536x1536-height":1050,"2048x2048":"https:\/\/t-golf.club\/wp-content\/uploads\/2024\/11\/DSC_0086_low-web.jpg","2048x2048-width":700,"2048x2048-height":1050}},{"ID":52380,"id":52380,"title":"DSC_0091_low web","filename":"DSC_0091_low-web.jpg","filesize":136554,"url":"https:\/\/t-golf.club\/wp-content\/uploads\/2024\/11\/DSC_0091_low-web.jpg","link":"https:\/\/t-golf.club\/es\/palma\/casa-club\/dsc_0091_low-web-2\/","alt":"","author":"268","description":"","caption":"","name":"dsc_0091_low-web-2","status":"inherit","uploaded_to":17015,"date":"2024-11-07 09:23:07","modified":"2024-11-07 09:23:07","menu_order":0,"mime_type":"image\/jpeg","type":"image","subtype":"jpeg","icon":"https:\/\/t-golf.club\/wp-includes\/images\/media\/default.png","width":700,"height":977,"sizes":{"thumbnail":"https:\/\/t-golf.club\/wp-content\/uploads\/2024\/11\/DSC_0091_low-web-100x100.jpg","thumbnail-width":100,"thumbnail-height":100,"medium":"https:\/\/t-golf.club\/wp-content\/uploads\/2024\/11\/DSC_0091_low-web.jpg","medium-width":700,"medium-height":977,"medium_large":"https:\/\/t-golf.club\/wp-content\/uploads\/2024\/11\/DSC_0091_low-web.jpg","medium_large-width":700,"medium_large-height":977,"large":"https:\/\/t-golf.club\/wp-content\/uploads\/2024\/11\/DSC_0091_low-web.jpg","large-width":700,"large-height":977,"1536x1536":"https:\/\/t-golf.club\/wp-content\/uploads\/2024\/11\/DSC_0091_low-web.jpg","1536x1536-width":700,"1536x1536-height":977,"2048x2048":"https:\/\/t-golf.club\/wp-content\/uploads\/2024\/11\/DSC_0091_low-web.jpg","2048x2048-width":700,"2048x2048-height":977}},{"ID":52383,"id":52383,"title":"DSC_0101_low web","filename":"DSC_0101_low-web.jpg","filesize":125836,"url":"https:\/\/t-golf.club\/wp-content\/uploads\/2024\/11\/DSC_0101_low-web.jpg","link":"https:\/\/t-golf.club\/es\/palma\/casa-club\/dsc_0101_low-web-2\/","alt":"","author":"268","description":"","caption":"","name":"dsc_0101_low-web-2","status":"inherit","uploaded_to":17015,"date":"2024-11-07 09:23:12","modified":"2024-11-07 09:23:12","menu_order":0,"mime_type":"image\/jpeg","type":"image","subtype":"jpeg","icon":"https:\/\/t-golf.club\/wp-includes\/images\/media\/default.png","width":700,"height":466,"sizes":{"thumbnail":"https:\/\/t-golf.club\/wp-content\/uploads\/2024\/11\/DSC_0101_low-web-100x100.jpg","thumbnail-width":100,"thumbnail-height":100,"medium":"https:\/\/t-golf.club\/wp-content\/uploads\/2024\/11\/DSC_0101_low-web.jpg","medium-width":700,"medium-height":466,"medium_large":"https:\/\/t-golf.club\/wp-content\/uploads\/2024\/11\/DSC_0101_low-web.jpg","medium_large-width":700,"medium_large-height":466,"large":"https:\/\/t-golf.club\/wp-content\/uploads\/2024\/11\/DSC_0101_low-web.jpg","large-width":700,"large-height":466,"1536x1536":"https:\/\/t-golf.club\/wp-content\/uploads\/2024\/11\/DSC_0101_low-web.jpg","1536x1536-width":700,"1536x1536-height":466,"2048x2048":"https:\/\/t-golf.club\/wp-content\/uploads\/2024\/11\/DSC_0101_low-web.jpg","2048x2048-width":700,"2048x2048-height":466}},{"ID":52386,"id":52386,"title":"DSC_0108_low web","filename":"DSC_0108_low-web.jpg","filesize":290564,"url":"https:\/\/t-golf.club\/wp-content\/uploads\/2024\/11\/DSC_0108_low-web.jpg","link":"https:\/\/t-golf.club\/es\/palma\/casa-club\/dsc_0108_low-web-2\/","alt":"","author":"268","description":"","caption":"","name":"dsc_0108_low-web-2","status":"inherit","uploaded_to":17015,"date":"2024-11-07 09:23:16","modified":"2024-11-07 09:23:16","menu_order":0,"mime_type":"image\/jpeg","type":"image","subtype":"jpeg","icon":"https:\/\/t-golf.club\/wp-includes\/images\/media\/default.png","width":700,"height":1050,"sizes":{"thumbnail":"https:\/\/t-golf.club\/wp-content\/uploads\/2024\/11\/DSC_0108_low-web-100x100.jpg","thumbnail-width":100,"thumbnail-height":100,"medium":"https:\/\/t-golf.club\/wp-content\/uploads\/2024\/11\/DSC_0108_low-web-683x1024.jpg","medium-width":683,"medium-height":1024,"medium_large":"https:\/\/t-golf.club\/wp-content\/uploads\/2024\/11\/DSC_0108_low-web.jpg","medium_large-width":700,"medium_large-height":1050,"large":"https:\/\/t-golf.club\/wp-content\/uploads\/2024\/11\/DSC_0108_low-web.jpg","large-width":700,"large-height":1050,"1536x1536":"https:\/\/t-golf.club\/wp-content\/uploads\/2024\/11\/DSC_0108_low-web.jpg","1536x1536-width":700,"1536x1536-height":1050,"2048x2048":"https:\/\/t-golf.club\/wp-content\/uploads\/2024\/11\/DSC_0108_low-web.jpg","2048x2048-width":700,"2048x2048-height":1050}},{"ID":52389,"id":52389,"title":"DSC_0111_low web","filename":"DSC_0111_low-web.jpg","filesize":340974,"url":"https:\/\/t-golf.club\/wp-content\/uploads\/2024\/11\/DSC_0111_low-web.jpg","link":"https:\/\/t-golf.club\/es\/palma\/casa-club\/dsc_0111_low-web-2\/","alt":"","author":"268","description":"","caption":"","name":"dsc_0111_low-web-2","status":"inherit","uploaded_to":17015,"date":"2024-11-07 09:23:23","modified":"2024-11-07 09:23:23","menu_order":0,"mime_type":"image\/jpeg","type":"image","subtype":"jpeg","icon":"https:\/\/t-golf.club\/wp-includes\/images\/media\/default.png","width":700,"height":1050,"sizes":{"thumbnail":"https:\/\/t-golf.club\/wp-content\/uploads\/2024\/11\/DSC_0111_low-web-100x100.jpg","thumbnail-width":100,"thumbnail-height":100,"medium":"https:\/\/t-golf.club\/wp-content\/uploads\/2024\/11\/DSC_0111_low-web-683x1024.jpg","medium-width":683,"medium-height":1024,"medium_large":"https:\/\/t-golf.club\/wp-content\/uploads\/2024\/11\/DSC_0111_low-web.jpg","medium_large-width":700,"medium_large-height":1050,"large":"https:\/\/t-golf.club\/wp-content\/uploads\/2024\/11\/DSC_0111_low-web.jpg","large-width":700,"large-height":1050,"1536x1536":"https:\/\/t-golf.club\/wp-content\/uploads\/2024\/11\/DSC_0111_low-web.jpg","1536x1536-width":700,"1536x1536-height":1050,"2048x2048":"https:\/\/t-golf.club\/wp-content\/uploads\/2024\/11\/DSC_0111_low-web.jpg","2048x2048-width":700,"2048x2048-height":1050}},{"ID":52396,"id":52396,"title":"DSC_0121_low web","filename":"DSC_0121_low-web.jpg","filesize":107513,"url":"https:\/\/t-golf.club\/wp-content\/uploads\/2024\/11\/DSC_0121_low-web.jpg","link":"https:\/\/t-golf.club\/es\/palma\/casa-club\/dsc_0121_low-web-2\/","alt":"","author":"268","description":"","caption":"","name":"dsc_0121_low-web-2","status":"inherit","uploaded_to":17015,"date":"2024-11-07 09:24:30","modified":"2024-11-07 09:24:30","menu_order":0,"mime_type":"image\/jpeg","type":"image","subtype":"jpeg","icon":"https:\/\/t-golf.club\/wp-includes\/images\/media\/default.png","width":700,"height":466,"sizes":{"thumbnail":"https:\/\/t-golf.club\/wp-content\/uploads\/2024\/11\/DSC_0121_low-web-100x100.jpg","thumbnail-width":100,"thumbnail-height":100,"medium":"https:\/\/t-golf.club\/wp-content\/uploads\/2024\/11\/DSC_0121_low-web.jpg","medium-width":700,"medium-height":466,"medium_large":"https:\/\/t-golf.club\/wp-content\/uploads\/2024\/11\/DSC_0121_low-web.jpg","medium_large-width":700,"medium_large-height":466,"large":"https:\/\/t-golf.club\/wp-content\/uploads\/2024\/11\/DSC_0121_low-web.jpg","large-width":700,"large-height":466,"1536x1536":"https:\/\/t-golf.club\/wp-content\/uploads\/2024\/11\/DSC_0121_low-web.jpg","1536x1536-width":700,"1536x1536-height":466,"2048x2048":"https:\/\/t-golf.club\/wp-content\/uploads\/2024\/11\/DSC_0121_low-web.jpg","2048x2048-width":700,"2048x2048-height":466}}],"cta":{"ID":50438,"post_author":"268","post_date":"2024-08-24 09:58:03","post_date_gmt":"2024-08-24 09:58:03","post_content":"","post_title":"Especial de Oto\u00f1o en T Club","post_excerpt":"","post_status":"publish","comment_status":"closed","ping_status":"closed","post_password":"","post_name":"especial-de-otono-en-t-club","to_ping":"","pinged":"","post_modified":"2025-08-24 09:25:41","post_modified_gmt":"2025-08-24 09:25:41","post_content_filtered":"","post_parent":0,"guid":"https:\/\/t-golf.club\/?post_type=cta&#038;p=50438","menu_order":0,"post_type":"cta","post_mime_type":"","comment_count":"0","filter":"raw"},"club_title":"","wp_nav_image":false,"proshop_title":"Proshop","proshop_text":"<p>Si se ha dejado los palos en casa, no tema, puede alquilar el \u00faltimo modelo de palos de golf TaylorMade para una o m\u00e1s partidas de golf en T Golf. Eso no es todo, desde los mejores palos hasta carros el\u00e9ctricos y buggies equipados con GPS de \u00faltima generaci\u00f3n para el campo de golf, el servicio de alquiler de T Golf tiene todo lo que necesita para una gran partida de golf.<\/p>\n","proshop_items":[{"image":18448,"title":"JuCad E-Trolleys","text":"<p>Nuestros carritos el\u00e9ctricos de JuCad hacen que caminar por el campo sea un placer. Nada es mejor que caminar por un gran campo de golf y es por eso que en T Golf disponemos del mejor carrito el\u00e9ctrico del mundo para que su pr\u00f3xima partida sea a\u00fan m\u00e1s especial.<br \/>\nHecho a mano en Alemania, JuCad es conocido por crear los trolleys de golf m\u00e1s finos y lujosos. Recientemente nombrados Marca del A\u00f1o en la categor\u00eda de equipamiento de golf, estos trolleys el\u00e9ctricos son lo suficientemente silenciosos y potentes como para ir a cualquier lugar donde le lleve el juego. Pruebe una de estas maravillas el\u00e9ctricas y haga que caminar por el campo en su pr\u00f3xima partida sea una verdadera brisa.<\/p>\n","link":""},{"image":18452,"title":"Flota de E- Buggies con GPS","text":"<p>En T Golf Palma Puntiro estamos orgullosos de ofrecer 50 de los mejores buggies del mercado. Cada una de estas bellezas de \u00faltima generaci\u00f3n viene equipada con:<br \/>\n\u2022 GPS con mediciones del campo<br \/>\n\u2022 Pantalla t\u00e1ctil de alta luminosidad de 10,2\u2033 \u201cdise\u00f1ada para su uso en exteriores<br \/>\n\u2022 Tecnolog\u00eda de telefon\u00eda m\u00f3vil (3G o GPRS) para comunicarse entre el coche de golf y la casa club para poder pedir bebidas o aperitivos desde el coche<br \/>\n\u2022 Punto de acceso Wi-Fi en las zonas de carga del buggy y en las \u00e1reas de espera.<br \/>\n\u2022 Muestra la distancia exacta del buggy al hoyo.<br \/>\n\u2022 Visualiza el hoyo en 3D antes de dar el golpe y poder obtener m\u00e1s informaci\u00f3n.<br \/>\n\u2022 El Marshal puede ver la posici\u00f3n exacta de todos los jugadores para mantener un ritmo y un juego perfectos en el campo.<\/p>\n","link":""},{"image":18459,"title":"TaylorMade \u00faltima generaci\u00f3n","text":"<p>No trae sus palos? No teman porque TaylorMade est\u00e1 aqu\u00ed. En T Golf Calvia ofrecemos el \u00faltimo modelo de palos TaylorMade para alquilar. T Golf Calvia es un campo desafiante y entendemos que necesite el mejor equipo para el desaf\u00edo. Por eso ofrecemos los palos m\u00e1s nuevos de TaylorMade en nuestra tienda y para alquilar. Este a\u00f1o TaylorMade ha presentado la nueva serie SIM (Shape-in-Motion), que se centra m\u00e1s en la geometr\u00eda para aumentar la velocidad de la cabeza del palo, lo que resulta en tiros m\u00e1s largos y rectos. Pru\u00e9belos, su tarjeta de puntuaci\u00f3n se lo agradecer\u00e1.<\/p>\n","link":""},{"image":18465,"title":"Titleist","text":"<p>En T Golf Palma Puntiro estamos orgullosos de anunciar que ahora suministramos los \u00faltimos palos Titleist para alquilar.<br \/>\nAhora tenemos el driver, las maderas y los h\u00edbridos Titleist TSI1. Los hierros son T300 con juegos lady, regular y flex disponibles con varillas de acero. Todos los wedges son el \u00faltimo modelo Vockey SM9 y cada juego se completa con un putter Scotty Cameron.<\/p>\n","link":""}],"members_title":"Vestuarios","members_text":"<p>Antes o despu\u00e9s de su partida, rel\u00e1jese en nuestro c\u00f3modo vestuario de \u00faltima generaci\u00f3n. Suelo radiante, aire acondicionado, duchas amplias y taquillas &#8211; un oasis de calma dise\u00f1ado para mejorar su experiencia general de golf.<\/p>\n","lockers_title":"","lockers_text":"","lockers_gallery":false},"yoast_head":"<title>Casa Club - T Golf Palma - T Golf<\/title>\n<meta name=\"robots\" content=\"index, follow, max-snippet:-1, max-image-preview:large, max-video-preview:-1\" \/>\n<link rel=\"canonical\" href=\"https:\/\/t-golf.club\/es\/palma\/casa-club\/\" \/>\n<meta property=\"og:locale\" content=\"es_ES\" \/>\n<meta property=\"og:type\" content=\"article\" \/>\n<meta property=\"og:title\" content=\"Casa Club - T Golf Palma - T Golf\" \/>\n<meta property=\"og:url\" content=\"https:\/\/t-golf.club\/es\/palma\/casa-club\/\" \/>\n<meta property=\"og:site_name\" content=\"T Golf\" \/>\n<meta property=\"article:modified_time\" content=\"2025-08-24T09:33:49+00:00\" \/>\n<meta property=\"og:image\" content=\"https:\/\/t-golf.club\/wp-content\/uploads\/2022\/09\/T-Golf-Palma-Render-4_Proshop.jpg\" \/>\n\t<meta property=\"og:image:width\" content=\"1100\" \/>\n\t<meta property=\"og:image:height\" content=\"617\" \/>\n\t<meta property=\"og:image:type\" content=\"image\/jpeg\" \/>\n<meta name=\"twitter:card\" content=\"summary_large_image\" \/>\n<meta name=\"twitter:label1\" content=\"Tiempo de lectura\" \/>\n\t<meta name=\"twitter:data1\" content=\"6 minutos\" \/>\n<script type=\"application\/ld+json\" class=\"yoast-schema-graph\">{\"@context\":\"https:\\\/\\\/schema.org\",\"@graph\":[{\"@type\":\"WebPage\",\"@id\":\"https:\\\/\\\/t-golf.club\\\/es\\\/palma\\\/casa-club\\\/\",\"url\":\"https:\\\/\\\/t-golf.club\\\/es\\\/palma\\\/casa-club\\\/\",\"name\":\"Casa Club - T Golf Palma - T Golf\",\"isPartOf\":{\"@id\":\"https:\\\/\\\/t-golf.club\\\/es\\\/#website\"},\"primaryImageOfPage\":{\"@id\":\"https:\\\/\\\/t-golf.club\\\/es\\\/palma\\\/casa-club\\\/#primaryimage\"},\"image\":{\"@id\":\"https:\\\/\\\/t-golf.club\\\/es\\\/palma\\\/casa-club\\\/#primaryimage\"},\"thumbnailUrl\":\"https:\\\/\\\/t-golf.club\\\/wp-content\\\/uploads\\\/2022\\\/09\\\/T-Golf-Palma-Render-4_Proshop.jpg\",\"datePublished\":\"2022-08-24T07:09:50+00:00\",\"dateModified\":\"2025-08-24T09:33:49+00:00\",\"breadcrumb\":{\"@id\":\"https:\\\/\\\/t-golf.club\\\/es\\\/palma\\\/casa-club\\\/#breadcrumb\"},\"inLanguage\":\"es\",\"potentialAction\":[{\"@type\":\"ReadAction\",\"target\":[\"https:\\\/\\\/t-golf.club\\\/es\\\/palma\\\/casa-club\\\/\"]}]},{\"@type\":\"ImageObject\",\"inLanguage\":\"es\",\"@id\":\"https:\\\/\\\/t-golf.club\\\/es\\\/palma\\\/casa-club\\\/#primaryimage\",\"url\":\"https:\\\/\\\/t-golf.club\\\/wp-content\\\/uploads\\\/2022\\\/09\\\/T-Golf-Palma-Render-4_Proshop.jpg\",\"contentUrl\":\"https:\\\/\\\/t-golf.club\\\/wp-content\\\/uploads\\\/2022\\\/09\\\/T-Golf-Palma-Render-4_Proshop.jpg\",\"width\":1100,\"height\":617},{\"@type\":\"BreadcrumbList\",\"@id\":\"https:\\\/\\\/t-golf.club\\\/es\\\/palma\\\/casa-club\\\/#breadcrumb\",\"itemListElement\":[{\"@type\":\"ListItem\",\"position\":1,\"name\":\"Home\",\"item\":\"https:\\\/\\\/t-golf.club\\\/es\\\/\"},{\"@type\":\"ListItem\",\"position\":2,\"name\":\"Home T Golf Palma\",\"item\":\"https:\\\/\\\/t-golf.club\\\/es\\\/palma\\\/\"},{\"@type\":\"ListItem\",\"position\":3,\"name\":\"Casa Club &#8211; T Golf Palma\"}]},{\"@type\":\"WebSite\",\"@id\":\"https:\\\/\\\/t-golf.club\\\/es\\\/#website\",\"url\":\"https:\\\/\\\/t-golf.club\\\/es\\\/\",\"name\":\"T Golf\",\"description\":\"\",\"inLanguage\":\"es\"}]}<\/script>","yoast_head_json":{"title":"Casa Club - T Golf Palma - T Golf","robots":{"index":"index","follow":"follow","max-snippet":"max-snippet:-1","max-image-preview":"max-image-preview:large","max-video-preview":"max-video-preview:-1"},"canonical":"https:\/\/t-golf.club\/es\/palma\/casa-club\/","og_locale":"es_ES","og_type":"article","og_title":"Casa Club - T Golf Palma - T Golf","og_url":"https:\/\/t-golf.club\/es\/palma\/casa-club\/","og_site_name":"T Golf","article_modified_time":"2025-08-24T09:33:49+00:00","og_image":[{"width":1100,"height":617,"url":"https:\/\/t-golf.club\/wp-content\/uploads\/2022\/09\/T-Golf-Palma-Render-4_Proshop.jpg","type":"image\/jpeg"}],"twitter_card":"summary_large_image","twitter_misc":{"Tiempo de lectura":"6 minutos"},"schema":{"@context":"https:\/\/schema.org","@graph":[{"@type":"WebPage","@id":"https:\/\/t-golf.club\/es\/palma\/casa-club\/","url":"https:\/\/t-golf.club\/es\/palma\/casa-club\/","name":"Casa Club - T Golf Palma - T Golf","isPartOf":{"@id":"https:\/\/t-golf.club\/es\/#website"},"primaryImageOfPage":{"@id":"https:\/\/t-golf.club\/es\/palma\/casa-club\/#primaryimage"},"image":{"@id":"https:\/\/t-golf.club\/es\/palma\/casa-club\/#primaryimage"},"thumbnailUrl":"https:\/\/t-golf.club\/wp-content\/uploads\/2022\/09\/T-Golf-Palma-Render-4_Proshop.jpg","datePublished":"2022-08-24T07:09:50+00:00","dateModified":"2025-08-24T09:33:49+00:00","breadcrumb":{"@id":"https:\/\/t-golf.club\/es\/palma\/casa-club\/#breadcrumb"},"inLanguage":"es","potentialAction":[{"@type":"ReadAction","target":["https:\/\/t-golf.club\/es\/palma\/casa-club\/"]}]},{"@type":"ImageObject","inLanguage":"es","@id":"https:\/\/t-golf.club\/es\/palma\/casa-club\/#primaryimage","url":"https:\/\/t-golf.club\/wp-content\/uploads\/2022\/09\/T-Golf-Palma-Render-4_Proshop.jpg","contentUrl":"https:\/\/t-golf.club\/wp-content\/uploads\/2022\/09\/T-Golf-Palma-Render-4_Proshop.jpg","width":1100,"height":617},{"@type":"BreadcrumbList","@id":"https:\/\/t-golf.club\/es\/palma\/casa-club\/#breadcrumb","itemListElement":[{"@type":"ListItem","position":1,"name":"Home","item":"https:\/\/t-golf.club\/es\/"},{"@type":"ListItem","position":2,"name":"Home T Golf Palma","item":"https:\/\/t-golf.club\/es\/palma\/"},{"@type":"ListItem","position":3,"name":"Casa Club &#8211; T Golf Palma"}]},{"@type":"WebSite","@id":"https:\/\/t-golf.club\/es\/#website","url":"https:\/\/t-golf.club\/es\/","name":"T Golf","description":"","inLanguage":"es"}]}},"_links":{"self":[{"href":"https:\/\/t-golf.club\/es\/wp-json\/wp\/v2\/pages\/17015","targetHints":{"allow":["GET"]}}],"collection":[{"href":"https:\/\/t-golf.club\/es\/wp-json\/wp\/v2\/pages"}],"about":[{"href":"https:\/\/t-golf.club\/es\/wp-json\/wp\/v2\/types\/page"}],"author":[{"embeddable":true,"href":"https:\/\/t-golf.club\/es\/wp-json\/wp\/v2\/users\/275"}],"replies":[{"embeddable":true,"href":"https:\/\/t-golf.club\/es\/wp-json\/wp\/v2\/comments?post=17015"}],"version-history":[{"count":5,"href":"https:\/\/t-golf.club\/es\/wp-json\/wp\/v2\/pages\/17015\/revisions"}],"predecessor-version":[{"id":61637,"href":"https:\/\/t-golf.club\/es\/wp-json\/wp\/v2\/pages\/17015\/revisions\/61637"}],"up":[{"embeddable":true,"href":"https:\/\/t-golf.club\/es\/wp-json\/wp\/v2\/pages\/16939"}],"wp:featuredmedia":[{"embeddable":true,"href":"https:\/\/t-golf.club\/es\/wp-json\/wp\/v2\/media\/18297"}],"wp:attachment":[{"href":"https:\/\/t-golf.club\/es\/wp-json\/wp\/v2\/media?parent=17015"}],"curies":[{"name":"wp","href":"https:\/\/api.w.org\/{rel}","templated":true}]}}