{"id":17010,"date":"2022-08-24T07:09:30","date_gmt":"2022-08-24T07:09:30","guid":{"rendered":"https:\/\/t-golf.club\/?page_id=17010"},"modified":"2025-04-26T08:44:33","modified_gmt":"2025-04-26T08:44:33","slug":"academia","status":"publish","type":"page","link":"https:\/\/t-golf.club\/es\/palma\/academia\/","title":{"rendered":"Academia &#8211; T Golf Palma"},"content":{"rendered":"","protected":false},"excerpt":{"rendered":"","protected":false},"author":275,"featured_media":16978,"parent":16939,"menu_order":158,"comment_status":"closed","ping_status":"closed","template":"views\/golf-academy.blade.php","meta":{"_acf_changed":false,"footnotes":""},"class_list":["post-17010","page","type-page","status-publish","has-post-thumbnail","hentry"],"acf":{"subtitle":" Encuentre el swing perfecto en <br> T Golf Palma","content":"<p><strong>Desde principiantes hasta jugadores de bajo handicap, nuestros profesionales se comprometen a llevar su juego al siguiente nivel<\/strong><\/p>\n<p>Nuestra pasi\u00f3n por el golf y nuestro af\u00e1n por ayudar nace de la filosof\u00eda de nuestro Head Pro Coque Insua. \u00abHay muchas formas de aprender, nosotros queremos que la nuestra destaque; basada en fundamentos adecuados y pr\u00e1ctica de calidad, queremos que disfrutes y juegues en el campo desde el primer d\u00eda. Y lo m\u00e1s importante, que sea divertido\u00bb, dice.<br \/>\nTodos nuestros instructores T son profesionales certificados por la PGA y tienen muchos a\u00f1os de experiencia y siguen nuestra filosof\u00eda de ense\u00f1anza probada: \u00abMant\u00e9ngalo simple y ap\u00e9guese a los fundamentos\u00bb. Esta es la mejor manera de entender la t\u00e9cnica de golf, disfrutar jugando al golf y alcanzar todo su potencial. Ofrecemos nuestros servicios en ingl\u00e9s, alem\u00e1n y espa\u00f1ol.<br \/>\nEstamos orgullosos de ser un socio, un minorista autorizado y un centro de ajuste certificado para el equipo Taylor Made.<\/p>\n","quote":"Todos nuestros instructores en T Golf son profesionales certificados por la PGA","lesson":[{"title":"T Socios","text":"","pax":[{"title":"Clases privadas<br \/>\r\n(50 minutos)","prices":[{"price":"75\u20ac"},{"price":"85\u20ac"},{"price":"95\u20ac"},{"price":"105\u20ac"}]},{"title":"Juegue con el Pro<br \/>\r\n(110 minutos)","prices":[{"price":"150\u20ac"},{"price":"170\u20ac"},{"price":"190\u20ac"}]}],"link":""},{"title":"No socios","text":"","pax":[{"title":"Clases privadas<br \/>\r\n(50 minutos)","prices":[{"price":"90\u20ac"},{"price":"100\u20ac"},{"price":"110\u20ac"},{"price":"120\u20ac"}]},{"title":"Juegue con el Pro <br \/>\r\n(110 minutos)","prices":[{"price":"180\u20ac"},{"price":"200\u20ac"},{"price":"220\u20ac"}]}],"link":""},{"title":"Curso para Principiantes","text":"<p>Tenemos las \u00abindicaciones perfectas\u00bb preparadas para usted. Durante 6 horas(*), aprender\u00e1 los conceptos b\u00e1sicos del golf y disfrutar\u00e1 jugando sus primeros hoyos en el campo de golf.<\/p>\n<p>(*)3 x 110 minutos de pr\u00e1ctica. M\u00e1ximo 3 jugadores.<br \/>\nGF de 9 hoyos no incluido.<\/p>\n","pax":[{"title":"","prices":[{"price":"540\u20ac"},{"price":"600\u20ac"},{"price":"660\u20ac"}]}],"link":""},{"title":"Curso de Certificado de Golf","text":"<p>Aprender\u00e1 todas las habilidades b\u00e1sicas necesarias para jugar golf y con confianza para cuando regrese a casa. Familiarizarse con el material de golf, experimentar de primera mano la variedad de golpes (put, chip, pitch y el juego largo con el Driver) nos ayudar\u00e1 a construir juntos su propio swing de golf. \u00a1El \u00faltimo d\u00eda jugar\u00e1 en el campo de golf!<\/p>\n<p>M\u00e1ximo 3 jugadores. GF de 9 hoyos no incluido.<\/p>\n","pax":[{"title":"","prices":[{"price":"900\u20ac<br>(10x50minutos)"},{"price":"1200\u20ac<br>(12x50minutos)"},{"price":"1320\u20ac<br>(12x50minutos)"}]}],"link":""},{"title":"Consiga el Handicap deseado","text":"<p>Este curso es ideal para obtener la licencia que siempre dese\u00f3 tener. Durante 6 horas(*) mejorar\u00e1 los puntos d\u00e9biles de su juego para que cuando entre en el campo pueda reducir su n\u00famero de golpes y por lo tanto logre su handicap.<\/p>\n<p>(*) 3 x 110 minutos.<\/p>\n<p>GF de 9 hoyos no incluido.<\/p>\n","pax":[{"title":"","prices":[{"price":"540\u20ac"},{"price":"600\u20ac"},{"price":"660\u20ac"}]}],"link":""},{"title":" Paquete de 10 Clases + 1 de Regalo","text":"<p><span style=\"font-weight: 400;\">Obtenga 11 horas(*) de clase y pague s\u00f3lo 10. Logre sus metas con esta oferta. <\/span><\/p>\n<p>(*) 550 minutos<\/p>\n","pax":[{"title":"Socios T Golf","prices":[{"price":"750\u20ac"},{"price":"850\u20ac"},{"price":"950\u20ac"},{"price":"1050\u20ac"}]},{"title":"Externos","prices":[{"price":"900\u20ac"},{"price":"1000\u20ac"},{"price":"1100\u20ac"},{"price":"1200\u20ac"}]}],"link":""}],"lesson_text":"<p><strong>Academia de Adultos<\/strong><\/p>\n<p>Mejore su juego con la ayuda de nuestros profesionales PGA en T Golf Palma.<\/p>\n<p>Para m\u00e1s informaci\u00f3n y reservas, cont\u00e1ctenos en T Golf Palma.<\/p>\n<p>Tel\u00e9fono &lt;<a href=\"tel:+34971797330\">+34 971 797 330<\/a>.<br \/>\nEmail <a href=\"mailto:academy.palma@t-golf.club\">academy.palma@t-golf.club<\/a><\/p>\n","lesson_subtitle":"Reservas online","lesson_text_small":"<p>Las clases privadas incluyen el uso del campo de pr\u00e1cticas y bolas durante la clase.<\/p>\n","lesson_link":"","pgas_pro":[{"image":23505,"name":"Coque Insua","title":"Head Professional de golf en T Golf Academy","text":"<p><strong>Idiomas: espa\u00f1ol, ingl\u00e9s, alem\u00e1n, catal\u00e1n<\/strong><\/p>\n<p>Coque ha sido profesional de la PGA desde 2009 e instructor PGA desde 2010.<br \/>\nOtros: TPI, Vision 54, Vector, Smart2move<\/p>\n<p>Tras muchos a\u00f1os de experiencia y trabajar con buenos jugadores de golf me resulta f\u00e1cil analizar un swing y encontrar los puntos d\u00e9biles. Durante la lecci\u00f3n aprender\u00e1 algunos ejercicios que mejorar\u00e1n su juego y algunos consejos que son individualizados.<\/p>\n<p>Para m\u00e1s informaci\u00f3n y reservas, cont\u00e1ctenos en T Golf Palma.<br \/>\nTel\u00e9fono o WhatsApp:<a href=\"tel:+349638918889\">+34 638 918 889<\/a><br \/>\nEmail <a href=\"mailto:academy.palma@t-golf.club\">academy.palma@t-golf.club<\/a><\/p>\n","link":{"title":"Reservas","url":"https:\/\/tgolfacademy.simplybook.it\/v2\/#book\/provider\/16","target":"_blank"}},{"image":23509,"name":"Borja Nieto","title":"PGA Pro","text":"<p><strong>Idiomas: castellano, ingl\u00e9s<\/strong><\/p>\n<p>Borja Nieto es jugador profesional y maestro de Golf. Actualmente, es entrenador de los equipos nacionales de Espa\u00f1a Sub16. Lleva m\u00e1s de 20 a\u00f1os dedicado a la ense\u00f1anza, tanto a nivel individual como colectivo.<\/p>\n<p>Titulado por TPI en Junior Coach II y III, Fitness y Pro Golf, cuenta con formaci\u00f3n adicional en herramientas tecnol\u00f3gicas de golf como Bioswing Dynamics, Smart2Move, Foresight, Trackman, SpL, SwingCatalyst, Capto y Visi\u00f3n 54.<\/p>\n<p>Ha colaborado como consultor con la Escuela Nacional de t\u00e9cnicos deportivos y con la RFEG en diferentes proyectos.<\/p>\n<p>Especialista en adaptar la ense\u00f1anza al jugador de cualquier nivel, desde iniciaci\u00f3n a golfistas de alto rendimiento, trazando la ruta formativa que mejor se adapta al cliente para llevar su golf al mas alto nivel.<\/p>\n<p>Para m\u00e1s informaci\u00f3n y reservas, cont\u00e1ctenos en T Golf Palma.<br \/>\nTel\u00e9fono o WhatsApp:<a href=\"tel:+349638918889\">+34 638 918 889<\/a><br \/>\nEmail <a href=\"mailto:academy.palma@t-golf.club\">academy.palma@t-golf.club<\/a><\/p>\n","link":{"title":"Reservas","url":"https:\/\/tgolfacademy.simplybook.it\/v2\/#book\/provider\/17","target":"_blank"}},{"image":25984,"name":"Mario Majchszak ","title":"PGA Pro","text":"<p>Idiomas: alem\u00e1n, ingl\u00e9s<\/p>\n<p>\u00a1El golf debe ser divertido!<\/p>\n<p>Disfruto mucho transmitiendo cosas nuevas a las personas con paciencia, perseverancia y pasi\u00f3n.<\/p>\n<p>Durante mis estudios en la Universidad Alemana del Deporte en Colonia y durante mi formaci\u00f3n como golfista profesional, adquir\u00ed elementos te\u00f3ricos y pr\u00e1cticos esenciales en did\u00e1ctica y metodolog\u00eda de la ense\u00f1anza. Adem\u00e1s, tuve suerte y tuve la oportunidad de aprender de profesionales de reconocido prestigio como Rainer Mund y G\u00fcnter Kessler.<\/p>\n<p>Te ayudar\u00e9 a comprender mejor tu t\u00e9cnica y juntos adaptaremos tus secuencias de movimiento para un mayor rendimiento. \u00a1Te sorprender\u00eda lo f\u00e1cil que es!<\/p>\n<p>Para m\u00e1s informaci\u00f3n y reservas, cont\u00e1ctenos en T Golf Palma.<br \/>\nTel\u00e9fono o WhatsApp:<a href=\"tel:+349638918889\">+34 638 918 889<\/a><br \/>\nEmail <a href=\"mailto:academy.palma@t-golf.club\">academy.palma@t-golf.club<\/a><\/p>\n","link":{"title":"Reservar","url":"https:\/\/tgolfacademy.simplybook.it\/v2\/#book\/provider\/18","target":"_blank"}},{"image":23518,"name":"Marc Urp\u00ed","title":"PGA Pro","text":"<p><strong>Idiomas: espa\u00f1ol, ingl\u00e9s, alem\u00e1n, catal\u00e1n.<\/strong><\/p>\n<p>Profesional de la PGA desde 1998.<\/p>\n<p>A lo largo de mis m\u00e1s de 23 a\u00f1os como profesional PGA Spain y Swiss PGA he tenido la ocasi\u00f3n de ense\u00f1ar a jugadores de todos los niveles y edades.<\/p>\n<p>Cada persona tiene un swing \u00fanico o estilo personal que es intransferible.<br \/>\nNo obstante, todos los jugadores exitosos tienen en com\u00fan posiciones clave en su swing.<\/p>\n<p>Trabajando estas posiciones clave puedo mejorar cualquier swing, independientemente de la edad o el nivel de juego, respetando ese estilo personal y las capacidades f\u00edsicas de cada jugador.<br \/>\nMi m\u00e9todo de trabajo est\u00e1 basado en el sistema P10 de O\u2019Grady.<\/p>\n<p>Para m\u00e1s informaci\u00f3n y reservas, cont\u00e1ctenos en T Golf Calvia.<br \/>\nTel\u00e9fono o WhatsApp:<a href=\"tel:+349638918889\">+34 638 918 889<\/a><br \/>\nE-Mail: <a href=\"mailto:academy.calvia@t-golf.club\">academy.calvia@t-golf.club<\/a><\/p>\n","link":{"title":"Reservar","url":"https:\/\/tgolfacademy.simplybook.it\/v2\/#book\/location\/2\/category\/1\/service\/14\/count\/1\/provider\/20\/","target":""}},{"image":34439,"name":"Moritz Beyer","title":"Entrenador personal","text":"<p><strong>Idiomas: castellano, ingl\u00e9s, alem\u00e1n<\/strong><\/p>\n<p>Moritz Beyer es un apasionado entrenador personal especializado en la mejora de la movilidad espec\u00edfica para el golf. Su enfoque \u00fanico y personalizado se centra en ayudar a los golfistas a optimizar su rendimiento a trav\u00e9s de ejercicios y t\u00e9cnicas dise\u00f1adas para aumentar la flexibilidad, fortalecer los m\u00fasculos clave y corregir movimientos que podr\u00edan llevar a lesiones. Ofrece sus servicios en T Golf Calvia y T Golf Palma Puntiro.<\/p>\n<p>En ambos pueden entrenar mano a mano con \u00e9l y desarrollar un programa de entrenamiento adaptado a sus necesidades individuales y metas espec\u00edficas en el golf.<\/p>\n<p>La novedad en T Golf Palma es el reci\u00e9n inaugurado gimnasio, un espacio equipado con instalaciones que brindan la oportunidad de mejorar la condici\u00f3n f\u00edsica general. Este gimnasio est\u00e1 situado en el Driving Range y eso hace que en la misma sesi\u00f3n puedas trabajar el f\u00edsico y golpear unas bolas para introducir el gesto deseado en tu swing. Moritz Beyer se destaca por su enfoque hol\u00edstico para el entrenamiento. Su compromiso con la excelencia y su pasi\u00f3n se reflejan en la calidad de sus servicios, brindando a los alumnos las herramientas necesarias para alcanzar su m\u00e1ximo potencial en el campo.<\/p>\n<p>Para m\u00e1s informaci\u00f3n y reservas, cont\u00e1ctenos en T Golf &amp; Country Club.<br \/>\nTel\u00e9fono +34 622 93 93 69<br \/>\nEmail\u00a0<a href=\"mailto:academy@t-golf.club\" target=\"_blank\" rel=\"noopener\">academy@t-golf.club<\/a><\/p>\n","link":{"title":"Reservar","url":"https:\/\/tgolfacademy.simplybook.it\/v2\/#book\/provider\/19","target":""}}],"wp_nav_image":false,"lesson_use_iframe":true,"lesson_iframe":"<p><script src=\"\/\/widget.simplybook.it\/v2\/widget\/widget.js\" type=\"text\/javascript\"><\/script><br \/>\n<script type=\"text\/javascript\">\n    var widget = new SimplybookWidget({\"widget_type\":\"iframe\",\"url\":\"https:\\\/\\\/tgolfacademy.simplybook.it\",\"theme\":\"default\",\"theme_settings\":{\"timeline_hide_unavailable\":\"1\",\"hide_past_days\":\"0\",\"timeline_show_end_time\":\"0\",\"timeline_modern_display\":\"as_slots\",\"sb_base_color\":\"#1bae70\",\"display_item_mode\":\"block\",\"booking_nav_bg_color\":\"#636952\",\"body_bg_color\":\"#f2f2f2\",\"sb_review_image\":\"3\",\"sb_review_image_preview\":\"\\\/uploads\\\/tgolfacademy\\\/image_files\\\/preview\\\/2922743d0bbddf19e2222a83a82f4c14.jpg\",\"dark_font_color\":\"#333333\",\"light_font_color\":\"#ffffff\",\"btn_color_1\":\"#1bae70\",\"sb_company_label_color\":\"#ffffff\",\"hide_img_mode\":\"0\",\"show_sidebar\":\"1\",\"sb_busy\":\"#d1a1a1\",\"sb_available\":\"#a0d6c0\"},\"timeline\":\"modern\",\"datepicker\":\"top_calendar\",\"is_rtl\":false,\"app_config\":{\"clear_session\":0,\"allow_switch_to_ada\":0,\"predefined\":[]}});\n<\/script><\/p>\n"},"yoast_head":"<title>Academia - T Golf Palma - T Golf<\/title>\n<meta name=\"robots\" content=\"index, follow, max-snippet:-1, max-image-preview:large, max-video-preview:-1\" \/>\n<link rel=\"canonical\" href=\"https:\/\/t-golf.club\/es\/palma\/academia\/\" \/>\n<meta property=\"og:locale\" content=\"es_ES\" \/>\n<meta property=\"og:type\" content=\"article\" \/>\n<meta property=\"og:title\" content=\"Academia - T Golf Palma - T Golf\" \/>\n<meta property=\"og:url\" content=\"https:\/\/t-golf.club\/es\/palma\/academia\/\" \/>\n<meta property=\"og:site_name\" content=\"T Golf\" \/>\n<meta property=\"article:modified_time\" content=\"2025-04-26T08:44:33+00:00\" \/>\n<meta property=\"og:image\" content=\"https:\/\/t-golf.club\/wp-content\/uploads\/2022\/08\/GOLF-PARK-MALLORCA-PUNTIRO-Hole-9-Green-Bunkers-MR-scaled.jpg\" \/>\n\t<meta property=\"og:image:width\" content=\"2560\" \/>\n\t<meta property=\"og:image:height\" content=\"1708\" \/>\n\t<meta property=\"og:image:type\" content=\"image\/jpeg\" \/>\n<meta name=\"twitter:card\" content=\"summary_large_image\" \/>\n<meta name=\"twitter:label1\" content=\"Tiempo de lectura\" \/>\n\t<meta name=\"twitter:data1\" content=\"7 minutos\" \/>\n<script type=\"application\/ld+json\" class=\"yoast-schema-graph\">{\"@context\":\"https:\\\/\\\/schema.org\",\"@graph\":[{\"@type\":\"WebPage\",\"@id\":\"https:\\\/\\\/t-golf.club\\\/es\\\/palma\\\/academia\\\/\",\"url\":\"https:\\\/\\\/t-golf.club\\\/es\\\/palma\\\/academia\\\/\",\"name\":\"Academia - T Golf Palma - T Golf\",\"isPartOf\":{\"@id\":\"https:\\\/\\\/t-golf.club\\\/es\\\/#website\"},\"primaryImageOfPage\":{\"@id\":\"https:\\\/\\\/t-golf.club\\\/es\\\/palma\\\/academia\\\/#primaryimage\"},\"image\":{\"@id\":\"https:\\\/\\\/t-golf.club\\\/es\\\/palma\\\/academia\\\/#primaryimage\"},\"thumbnailUrl\":\"https:\\\/\\\/t-golf.club\\\/wp-content\\\/uploads\\\/2022\\\/08\\\/GOLF-PARK-MALLORCA-PUNTIRO-Hole-9-Green-Bunkers-MR-scaled.jpg\",\"datePublished\":\"2022-08-24T07:09:30+00:00\",\"dateModified\":\"2025-04-26T08:44:33+00:00\",\"breadcrumb\":{\"@id\":\"https:\\\/\\\/t-golf.club\\\/es\\\/palma\\\/academia\\\/#breadcrumb\"},\"inLanguage\":\"es\",\"potentialAction\":[{\"@type\":\"ReadAction\",\"target\":[\"https:\\\/\\\/t-golf.club\\\/es\\\/palma\\\/academia\\\/\"]}]},{\"@type\":\"ImageObject\",\"inLanguage\":\"es\",\"@id\":\"https:\\\/\\\/t-golf.club\\\/es\\\/palma\\\/academia\\\/#primaryimage\",\"url\":\"https:\\\/\\\/t-golf.club\\\/wp-content\\\/uploads\\\/2022\\\/08\\\/GOLF-PARK-MALLORCA-PUNTIRO-Hole-9-Green-Bunkers-MR-scaled.jpg\",\"contentUrl\":\"https:\\\/\\\/t-golf.club\\\/wp-content\\\/uploads\\\/2022\\\/08\\\/GOLF-PARK-MALLORCA-PUNTIRO-Hole-9-Green-Bunkers-MR-scaled.jpg\",\"width\":2560,\"height\":1708},{\"@type\":\"BreadcrumbList\",\"@id\":\"https:\\\/\\\/t-golf.club\\\/es\\\/palma\\\/academia\\\/#breadcrumb\",\"itemListElement\":[{\"@type\":\"ListItem\",\"position\":1,\"name\":\"Home\",\"item\":\"https:\\\/\\\/t-golf.club\\\/es\\\/\"},{\"@type\":\"ListItem\",\"position\":2,\"name\":\"Home T Golf Palma\",\"item\":\"https:\\\/\\\/t-golf.club\\\/es\\\/palma\\\/\"},{\"@type\":\"ListItem\",\"position\":3,\"name\":\"Academia &#8211; T Golf Palma\"}]},{\"@type\":\"WebSite\",\"@id\":\"https:\\\/\\\/t-golf.club\\\/es\\\/#website\",\"url\":\"https:\\\/\\\/t-golf.club\\\/es\\\/\",\"name\":\"T Golf\",\"description\":\"\",\"inLanguage\":\"es\"}]}<\/script>","yoast_head_json":{"title":"Academia - T Golf Palma - T Golf","robots":{"index":"index","follow":"follow","max-snippet":"max-snippet:-1","max-image-preview":"max-image-preview:large","max-video-preview":"max-video-preview:-1"},"canonical":"https:\/\/t-golf.club\/es\/palma\/academia\/","og_locale":"es_ES","og_type":"article","og_title":"Academia - T Golf Palma - T Golf","og_url":"https:\/\/t-golf.club\/es\/palma\/academia\/","og_site_name":"T Golf","article_modified_time":"2025-04-26T08:44:33+00:00","og_image":[{"width":2560,"height":1708,"url":"https:\/\/t-golf.club\/wp-content\/uploads\/2022\/08\/GOLF-PARK-MALLORCA-PUNTIRO-Hole-9-Green-Bunkers-MR-scaled.jpg","type":"image\/jpeg"}],"twitter_card":"summary_large_image","twitter_misc":{"Tiempo de lectura":"7 minutos"},"schema":{"@context":"https:\/\/schema.org","@graph":[{"@type":"WebPage","@id":"https:\/\/t-golf.club\/es\/palma\/academia\/","url":"https:\/\/t-golf.club\/es\/palma\/academia\/","name":"Academia - T Golf Palma - T Golf","isPartOf":{"@id":"https:\/\/t-golf.club\/es\/#website"},"primaryImageOfPage":{"@id":"https:\/\/t-golf.club\/es\/palma\/academia\/#primaryimage"},"image":{"@id":"https:\/\/t-golf.club\/es\/palma\/academia\/#primaryimage"},"thumbnailUrl":"https:\/\/t-golf.club\/wp-content\/uploads\/2022\/08\/GOLF-PARK-MALLORCA-PUNTIRO-Hole-9-Green-Bunkers-MR-scaled.jpg","datePublished":"2022-08-24T07:09:30+00:00","dateModified":"2025-04-26T08:44:33+00:00","breadcrumb":{"@id":"https:\/\/t-golf.club\/es\/palma\/academia\/#breadcrumb"},"inLanguage":"es","potentialAction":[{"@type":"ReadAction","target":["https:\/\/t-golf.club\/es\/palma\/academia\/"]}]},{"@type":"ImageObject","inLanguage":"es","@id":"https:\/\/t-golf.club\/es\/palma\/academia\/#primaryimage","url":"https:\/\/t-golf.club\/wp-content\/uploads\/2022\/08\/GOLF-PARK-MALLORCA-PUNTIRO-Hole-9-Green-Bunkers-MR-scaled.jpg","contentUrl":"https:\/\/t-golf.club\/wp-content\/uploads\/2022\/08\/GOLF-PARK-MALLORCA-PUNTIRO-Hole-9-Green-Bunkers-MR-scaled.jpg","width":2560,"height":1708},{"@type":"BreadcrumbList","@id":"https:\/\/t-golf.club\/es\/palma\/academia\/#breadcrumb","itemListElement":[{"@type":"ListItem","position":1,"name":"Home","item":"https:\/\/t-golf.club\/es\/"},{"@type":"ListItem","position":2,"name":"Home T Golf Palma","item":"https:\/\/t-golf.club\/es\/palma\/"},{"@type":"ListItem","position":3,"name":"Academia &#8211; T Golf Palma"}]},{"@type":"WebSite","@id":"https:\/\/t-golf.club\/es\/#website","url":"https:\/\/t-golf.club\/es\/","name":"T Golf","description":"","inLanguage":"es"}]}},"_links":{"self":[{"href":"https:\/\/t-golf.club\/es\/wp-json\/wp\/v2\/pages\/17010","targetHints":{"allow":["GET"]}}],"collection":[{"href":"https:\/\/t-golf.club\/es\/wp-json\/wp\/v2\/pages"}],"about":[{"href":"https:\/\/t-golf.club\/es\/wp-json\/wp\/v2\/types\/page"}],"author":[{"embeddable":true,"href":"https:\/\/t-golf.club\/es\/wp-json\/wp\/v2\/users\/275"}],"replies":[{"embeddable":true,"href":"https:\/\/t-golf.club\/es\/wp-json\/wp\/v2\/comments?post=17010"}],"version-history":[{"count":5,"href":"https:\/\/t-golf.club\/es\/wp-json\/wp\/v2\/pages\/17010\/revisions"}],"predecessor-version":[{"id":57120,"href":"https:\/\/t-golf.club\/es\/wp-json\/wp\/v2\/pages\/17010\/revisions\/57120"}],"up":[{"embeddable":true,"href":"https:\/\/t-golf.club\/es\/wp-json\/wp\/v2\/pages\/16939"}],"wp:featuredmedia":[{"embeddable":true,"href":"https:\/\/t-golf.club\/es\/wp-json\/wp\/v2\/media\/16978"}],"wp:attachment":[{"href":"https:\/\/t-golf.club\/es\/wp-json\/wp\/v2\/media?parent=17010"}],"curies":[{"name":"wp","href":"https:\/\/api.w.org\/{rel}","templated":true}]}}