{"id":16939,"date":"2022-08-24T07:07:43","date_gmt":"2022-08-24T07:07:43","guid":{"rendered":"https:\/\/t-golf.club\/?page_id=16939"},"modified":"2026-03-21T08:14:10","modified_gmt":"2026-03-21T08:14:10","slug":"palma","status":"publish","type":"page","link":"https:\/\/t-golf.club\/es\/palma\/","title":{"rendered":"Home T Golf Palma"},"content":{"rendered":"","protected":false},"excerpt":{"rendered":"","protected":false},"author":1,"featured_media":16978,"parent":0,"menu_order":134,"comment_status":"closed","ping_status":"closed","template":"views\/home-page.blade.php","meta":{"_acf_changed":false,"footnotes":""},"class_list":["post-16939","page","type-page","status-publish","has-post-thumbnail","hentry"],"acf":{"video":"","navigation":[{"link":{"title":"Campo","url":"https:\/\/t-golf.club\/es\/palma\/campo\/","target":""},"big_size":true},{"link":{"title":"Academia","url":"https:\/\/t-golf.club\/es\/palma\/academia\/","target":""},"big_size":true},{"link":{"title":"Tarifas y Ofertas","url":"https:\/\/t-golf.club\/es\/palma\/ofertas-palma\/","target":""},"big_size":true}],"featured":[{"title":"Gastronom\u00eda","text":"<p>El equipo internacional de T-elicious le invita a experimentar una mezcla \u00fanica de cocina moderna y tradicional en la que destaca el uso de productos e ingredientes frescos y org\u00e1nicos, combinados con las t\u00e9cnicas culinarias de vanguardia.<\/p>\n","link":{"title":"Ver m\u00e1s","url":"https:\/\/t-golf.club\/es\/palma\/gastronomia\/","target":""},"image":13678},{"title":"Casa Club","text":"<p>Un gran club de golf necesita una gran casa club. La nuestra est\u00e1 situada en una t\u00edpica casa de campo mallorquina construida en el siglo XIX. Llena de car\u00e1cter, historia y personalidad, la casa club ofrece a nuestros socios y hu\u00e9spedes todas las comodidades modernas.<\/p>\n","link":{"title":"Ver m\u00e1s","url":"http:\/\/t-golf.club\/es\/casa-club\/","target":""},"image":17837},{"title":"Eventos & Incentivos","text":"<p>No hay mejor manera de recompensar a sus empleados, impresionar a sus clientes o presentar su empresa que organizando una partida de golf. En T Golf tenemos el entorno y la experiencia para hacerlo bien.<\/p>\n","link":"","image":17545}],"gallery":[{"text":"Encuentre el swing perfecto en T Golf Palma ","image":13607},{"text":"","image":52075},{"text":"","image":67090},{"text":"","image":39221}],"news_title":"Noticias","ti_title":"Descubre T Golf Calvia","ti_text":"<p>\u00bfCon ganas de cambiar de aires? Nuestro otro campo, <a href=\"https:\/\/t-golf.club\/es\/calvia\/\"><strong>T Golf Calvia<\/strong><\/a>, ofrece una experiencia de golf excepcional en la costa suroeste de Mallorca. Disfruta de calles de primer nivel, un servicio de excelencia y la misma calidad T Golf, en un entorno espectacular.<\/p>\n","ti_link":{"title":"Ver m\u00e1s","url":"https:\/\/t-golf.club\/es\/calvia\/","target":""},"ti_images":[{"ID":65666,"id":65666,"title":"Lavanada T Golf Calvia","filename":"Lavanada-T-Golf-Calvia.jpg","filesize":105058,"url":"https:\/\/t-golf.club\/wp-content\/uploads\/2026\/01\/Lavanada-T-Golf-Calvia.jpg","link":"https:\/\/t-golf.club\/es\/?attachment_id=65666","alt":"","author":"268","description":"","caption":"","name":"lavanada-t-golf-calvia-2","status":"inherit","uploaded_to":65670,"date":"2026-01-10 10:53:15","modified":"2026-03-14 11:30:39","menu_order":0,"mime_type":"image\/jpeg","type":"image","subtype":"jpeg","icon":"https:\/\/t-golf.club\/wp-includes\/images\/media\/default.png","width":1080,"height":1080,"sizes":{"thumbnail":"https:\/\/t-golf.club\/wp-content\/uploads\/2026\/01\/Lavanada-T-Golf-Calvia-100x100.jpg","thumbnail-width":100,"thumbnail-height":100,"medium":"https:\/\/t-golf.club\/wp-content\/uploads\/2026\/01\/Lavanada-T-Golf-Calvia-1024x1024.jpg","medium-width":1024,"medium-height":1024,"medium_large":"https:\/\/t-golf.club\/wp-content\/uploads\/2026\/01\/Lavanada-T-Golf-Calvia-768x768.jpg","medium_large-width":768,"medium_large-height":768,"large":"https:\/\/t-golf.club\/wp-content\/uploads\/2026\/01\/Lavanada-T-Golf-Calvia.jpg","large-width":1080,"large-height":1080,"1536x1536":"https:\/\/t-golf.club\/wp-content\/uploads\/2026\/01\/Lavanada-T-Golf-Calvia.jpg","1536x1536-width":1080,"1536x1536-height":1080,"2048x2048":"https:\/\/t-golf.club\/wp-content\/uploads\/2026\/01\/Lavanada-T-Golf-Calvia.jpg","2048x2048-width":1080,"2048x2048-height":1080}},{"ID":63280,"id":63280,"title":"Banca March y Engel &amp; V\u00f6lkers Torneo de Golf","filename":"0413-thePomposo.com-Torneo-Golf-Banca-March-Engel-Volkers-en-T-Golf.jpg","filesize":1722755,"url":"https:\/\/t-golf.club\/wp-content\/uploads\/2025\/10\/0413-thePomposo.com-Torneo-Golf-Banca-March-Engel-Volkers-en-T-Golf.jpg","link":"https:\/\/t-golf.club\/es\/member-news\/resultados-de-la-ryder-cup-europa-vs-suiza\/banca-march-y-engel-volkers-torneo-de-golf-2-2\/","alt":"","author":"268","description":"","caption":"Celebrado en T Golf de  Calvia","name":"banca-march-y-engel-volkers-torneo-de-golf-2-2","status":"inherit","uploaded_to":63282,"date":"2025-10-11 07:34:33","modified":"2026-03-14 11:30:48","menu_order":0,"mime_type":"image\/jpeg","type":"image","subtype":"jpeg","icon":"https:\/\/t-golf.club\/wp-includes\/images\/media\/default.png","width":1920,"height":1280,"sizes":{"thumbnail":"https:\/\/t-golf.club\/wp-content\/uploads\/2025\/10\/0413-thePomposo.com-Torneo-Golf-Banca-March-Engel-Volkers-en-T-Golf-100x100.jpg","thumbnail-width":100,"thumbnail-height":100,"medium":"https:\/\/t-golf.club\/wp-content\/uploads\/2025\/10\/0413-thePomposo.com-Torneo-Golf-Banca-March-Engel-Volkers-en-T-Golf-1024x683.jpg","medium-width":1024,"medium-height":683,"medium_large":"https:\/\/t-golf.club\/wp-content\/uploads\/2025\/10\/0413-thePomposo.com-Torneo-Golf-Banca-March-Engel-Volkers-en-T-Golf-768x512.jpg","medium_large-width":768,"medium_large-height":512,"large":"https:\/\/t-golf.club\/wp-content\/uploads\/2025\/10\/0413-thePomposo.com-Torneo-Golf-Banca-March-Engel-Volkers-en-T-Golf.jpg","large-width":1920,"large-height":1280,"1536x1536":"https:\/\/t-golf.club\/wp-content\/uploads\/2025\/10\/0413-thePomposo.com-Torneo-Golf-Banca-March-Engel-Volkers-en-T-Golf-1536x1024.jpg","1536x1536-width":1536,"1536x1536-height":1024,"2048x2048":"https:\/\/t-golf.club\/wp-content\/uploads\/2025\/10\/0413-thePomposo.com-Torneo-Golf-Banca-March-Engel-Volkers-en-T-Golf.jpg","2048x2048-width":1920,"2048x2048-height":1280}},{"ID":67097,"id":67097,"title":"2602 TGC Hoyo 8 9 llaut","filename":"2602-TGC-Hoyo-8-9-llaut.jpg","filesize":340159,"url":"https:\/\/t-golf.club\/wp-content\/uploads\/2026\/02\/2602-TGC-Hoyo-8-9-llaut.jpg","link":"https:\/\/t-golf.club\/es\/offers\/oferta-de-inicio-de-la-primavera-en-t-golf-calvia\/2602-tgc-hoyo-8-9-llaut\/","alt":"","author":"268","description":"","caption":"","name":"2602-tgc-hoyo-8-9-llaut","status":"inherit","uploaded_to":67107,"date":"2026-02-26 10:51:35","modified":"2026-02-26 10:53:46","menu_order":0,"mime_type":"image\/jpeg","type":"image","subtype":"jpeg","icon":"https:\/\/t-golf.club\/wp-includes\/images\/media\/default.png","width":1000,"height":562,"sizes":{"thumbnail":"https:\/\/t-golf.club\/wp-content\/uploads\/2026\/02\/2602-TGC-Hoyo-8-9-llaut-100x100.jpg","thumbnail-width":100,"thumbnail-height":100,"medium":"https:\/\/t-golf.club\/wp-content\/uploads\/2026\/02\/2602-TGC-Hoyo-8-9-llaut.jpg","medium-width":1000,"medium-height":562,"medium_large":"https:\/\/t-golf.club\/wp-content\/uploads\/2026\/02\/2602-TGC-Hoyo-8-9-llaut-768x432.jpg","medium_large-width":768,"medium_large-height":432,"large":"https:\/\/t-golf.club\/wp-content\/uploads\/2026\/02\/2602-TGC-Hoyo-8-9-llaut.jpg","large-width":1000,"large-height":562,"1536x1536":"https:\/\/t-golf.club\/wp-content\/uploads\/2026\/02\/2602-TGC-Hoyo-8-9-llaut.jpg","1536x1536-width":1000,"1536x1536-height":562,"2048x2048":"https:\/\/t-golf.club\/wp-content\/uploads\/2026\/02\/2602-TGC-Hoyo-8-9-llaut.jpg","2048x2048-width":1000,"2048x2048-height":562}},{"ID":69160,"id":69160,"title":"Foto molino T Calvia","filename":"Foto-molino-T-Calvia.jpg","filesize":1145024,"url":"https:\/\/t-golf.club\/wp-content\/uploads\/2026\/03\/Foto-molino-T-Calvia.jpg","link":"https:\/\/t-golf.club\/es\/palma\/foto-molino-t-calvia-2\/","alt":"","author":"268","description":"","caption":"","name":"foto-molino-t-calvia-2","status":"inherit","uploaded_to":16939,"date":"2026-03-14 11:27:04","modified":"2026-03-14 11:30:54","menu_order":0,"mime_type":"image\/jpeg","type":"image","subtype":"jpeg","icon":"https:\/\/t-golf.club\/wp-includes\/images\/media\/default.png","width":1184,"height":2048,"sizes":{"thumbnail":"https:\/\/t-golf.club\/wp-content\/uploads\/2026\/03\/Foto-molino-T-Calvia-100x100.jpg","thumbnail-width":100,"thumbnail-height":100,"medium":"https:\/\/t-golf.club\/wp-content\/uploads\/2026\/03\/Foto-molino-T-Calvia-592x1024.jpg","medium-width":592,"medium-height":1024,"medium_large":"https:\/\/t-golf.club\/wp-content\/uploads\/2026\/03\/Foto-molino-T-Calvia-768x1328.jpg","medium_large-width":768,"medium_large-height":1328,"large":"https:\/\/t-golf.club\/wp-content\/uploads\/2026\/03\/Foto-molino-T-Calvia-1156x2000.jpg","large-width":1156,"large-height":2000,"1536x1536":"https:\/\/t-golf.club\/wp-content\/uploads\/2026\/03\/Foto-molino-T-Calvia-888x1536.jpg","1536x1536-width":888,"1536x1536-height":1536,"2048x2048":"https:\/\/t-golf.club\/wp-content\/uploads\/2026\/03\/Foto-molino-T-Calvia.jpg","2048x2048-width":1184,"2048x2048-height":2048}}],"cta":37462,"video_large":"","tournament":false,"tournament_text":"","tournament_date":"","tournament_image":false,"tournament_images":[{"image":false},{"image":false},{"image":false},{"image":false}],"tournament_background":false,"foundation_title":"Protegiendo nuestra fauna","foundation_text":"<p>En T Club creemos en el adagio de que a quien mucho se le da, mucho se le exige. Es una noble llamada a la acci\u00f3n.<\/p>\n<p>La T Foundation concentrar\u00e1 sus esfuerzos para cubrir el cuidado de los animales locales.<\/p>\n<p>Para financiar la fundaci\u00f3n, T Club donar\u00e1 un euro por cada green fee vendido. Adem\u00e1s, organizaremos un torneo ben\u00e9fico para recaudar m\u00e1s fondos. Como puede que ya sepan, T Yoga imparte sus clases sin \u00e1nimo de lucro y todas las donaciones de los alumnos se destinan a la T Foundation.<\/p>\n","foundation_subtitle":"","foundation_subtext":"","foundation_link":{"title":"Ver m\u00e1s","url":"https:\/\/t-golf.club\/es\/t-foundation\/","target":""},"foundation_images":18759,"wp_nav_image":false},"yoast_head":"<title>T Golf Palma Puntiro<\/title>\n<meta name=\"description\" content=\"T Golf, a tan s\u00f3lo 12 km de la ciudad de Palma, sus amplias calles y grandes greenes suponen un gran reto para el golfista de cualquier nivel. Los 18 hoyos, par 72, miden 6.450 metros y discurren por hermosas colinas onduladas.\" \/>\n<meta name=\"robots\" content=\"index, follow, max-snippet:-1, max-image-preview:large, max-video-preview:-1\" \/>\n<link rel=\"canonical\" href=\"https:\/\/t-golf.club\/es\/palma\/\" \/>\n<meta property=\"og:locale\" content=\"es_ES\" \/>\n<meta property=\"og:type\" content=\"article\" \/>\n<meta property=\"og:title\" content=\"T Golf Palma Puntiro\" \/>\n<meta property=\"og:description\" content=\"T Golf, a tan s\u00f3lo 12 km de la ciudad de Palma, sus amplias calles y grandes greenes suponen un gran reto para el golfista de cualquier nivel. Los 18 hoyos, par 72, miden 6.450 metros y discurren por hermosas colinas onduladas.\" \/>\n<meta property=\"og:url\" content=\"https:\/\/t-golf.club\/es\/palma\/\" \/>\n<meta property=\"og:site_name\" content=\"T Golf\" \/>\n<meta property=\"article:modified_time\" content=\"2026-03-21T08:14:10+00:00\" \/>\n<meta property=\"og:image\" content=\"https:\/\/t-golf.club\/wp-content\/uploads\/2022\/08\/GOLF-PARK-MALLORCA-PUNTIRO-Hole-9-Green-Bunkers-MR-scaled.jpg\" \/>\n\t<meta property=\"og:image:width\" content=\"2560\" \/>\n\t<meta property=\"og:image:height\" content=\"1708\" \/>\n\t<meta property=\"og:image:type\" content=\"image\/jpeg\" \/>\n<meta name=\"twitter:card\" content=\"summary_large_image\" \/>\n<meta name=\"twitter:label1\" content=\"Tiempo de lectura\" \/>\n\t<meta name=\"twitter:data1\" content=\"4 minutos\" \/>\n<script type=\"application\/ld+json\" class=\"yoast-schema-graph\">{\"@context\":\"https:\\\/\\\/schema.org\",\"@graph\":[{\"@type\":\"WebPage\",\"@id\":\"https:\\\/\\\/t-golf.club\\\/es\\\/palma\\\/\",\"url\":\"https:\\\/\\\/t-golf.club\\\/es\\\/palma\\\/\",\"name\":\"T Golf Palma Puntiro\",\"isPartOf\":{\"@id\":\"https:\\\/\\\/t-golf.club\\\/es\\\/#website\"},\"primaryImageOfPage\":{\"@id\":\"https:\\\/\\\/t-golf.club\\\/es\\\/palma\\\/#primaryimage\"},\"image\":{\"@id\":\"https:\\\/\\\/t-golf.club\\\/es\\\/palma\\\/#primaryimage\"},\"thumbnailUrl\":\"https:\\\/\\\/t-golf.club\\\/wp-content\\\/uploads\\\/2022\\\/08\\\/GOLF-PARK-MALLORCA-PUNTIRO-Hole-9-Green-Bunkers-MR-scaled.jpg\",\"datePublished\":\"2022-08-24T07:07:43+00:00\",\"dateModified\":\"2026-03-21T08:14:10+00:00\",\"description\":\"T Golf, a tan s\u00f3lo 12 km de la ciudad de Palma, sus amplias calles y grandes greenes suponen un gran reto para el golfista de cualquier nivel. Los 18 hoyos, par 72, miden 6.450 metros y discurren por hermosas colinas onduladas.\",\"breadcrumb\":{\"@id\":\"https:\\\/\\\/t-golf.club\\\/es\\\/palma\\\/#breadcrumb\"},\"inLanguage\":\"es\",\"potentialAction\":[{\"@type\":\"ReadAction\",\"target\":[\"https:\\\/\\\/t-golf.club\\\/es\\\/palma\\\/\"]}]},{\"@type\":\"ImageObject\",\"inLanguage\":\"es\",\"@id\":\"https:\\\/\\\/t-golf.club\\\/es\\\/palma\\\/#primaryimage\",\"url\":\"https:\\\/\\\/t-golf.club\\\/wp-content\\\/uploads\\\/2022\\\/08\\\/GOLF-PARK-MALLORCA-PUNTIRO-Hole-9-Green-Bunkers-MR-scaled.jpg\",\"contentUrl\":\"https:\\\/\\\/t-golf.club\\\/wp-content\\\/uploads\\\/2022\\\/08\\\/GOLF-PARK-MALLORCA-PUNTIRO-Hole-9-Green-Bunkers-MR-scaled.jpg\",\"width\":2560,\"height\":1708},{\"@type\":\"BreadcrumbList\",\"@id\":\"https:\\\/\\\/t-golf.club\\\/es\\\/palma\\\/#breadcrumb\",\"itemListElement\":[{\"@type\":\"ListItem\",\"position\":1,\"name\":\"Home\",\"item\":\"https:\\\/\\\/t-golf.club\\\/es\\\/\"},{\"@type\":\"ListItem\",\"position\":2,\"name\":\"Home T Golf Palma\"}]},{\"@type\":\"WebSite\",\"@id\":\"https:\\\/\\\/t-golf.club\\\/es\\\/#website\",\"url\":\"https:\\\/\\\/t-golf.club\\\/es\\\/\",\"name\":\"T Golf\",\"description\":\"\",\"inLanguage\":\"es\"}]}<\/script>","yoast_head_json":{"title":"T Golf Palma Puntiro","description":"T Golf, a tan s\u00f3lo 12 km de la ciudad de Palma, sus amplias calles y grandes greenes suponen un gran reto para el golfista de cualquier nivel. Los 18 hoyos, par 72, miden 6.450 metros y discurren por hermosas colinas onduladas.","robots":{"index":"index","follow":"follow","max-snippet":"max-snippet:-1","max-image-preview":"max-image-preview:large","max-video-preview":"max-video-preview:-1"},"canonical":"https:\/\/t-golf.club\/es\/palma\/","og_locale":"es_ES","og_type":"article","og_title":"T Golf Palma Puntiro","og_description":"T Golf, a tan s\u00f3lo 12 km de la ciudad de Palma, sus amplias calles y grandes greenes suponen un gran reto para el golfista de cualquier nivel. Los 18 hoyos, par 72, miden 6.450 metros y discurren por hermosas colinas onduladas.","og_url":"https:\/\/t-golf.club\/es\/palma\/","og_site_name":"T Golf","article_modified_time":"2026-03-21T08:14:10+00:00","og_image":[{"width":2560,"height":1708,"url":"https:\/\/t-golf.club\/wp-content\/uploads\/2022\/08\/GOLF-PARK-MALLORCA-PUNTIRO-Hole-9-Green-Bunkers-MR-scaled.jpg","type":"image\/jpeg"}],"twitter_card":"summary_large_image","twitter_misc":{"Tiempo de lectura":"4 minutos"},"schema":{"@context":"https:\/\/schema.org","@graph":[{"@type":"WebPage","@id":"https:\/\/t-golf.club\/es\/palma\/","url":"https:\/\/t-golf.club\/es\/palma\/","name":"T Golf Palma Puntiro","isPartOf":{"@id":"https:\/\/t-golf.club\/es\/#website"},"primaryImageOfPage":{"@id":"https:\/\/t-golf.club\/es\/palma\/#primaryimage"},"image":{"@id":"https:\/\/t-golf.club\/es\/palma\/#primaryimage"},"thumbnailUrl":"https:\/\/t-golf.club\/wp-content\/uploads\/2022\/08\/GOLF-PARK-MALLORCA-PUNTIRO-Hole-9-Green-Bunkers-MR-scaled.jpg","datePublished":"2022-08-24T07:07:43+00:00","dateModified":"2026-03-21T08:14:10+00:00","description":"T Golf, a tan s\u00f3lo 12 km de la ciudad de Palma, sus amplias calles y grandes greenes suponen un gran reto para el golfista de cualquier nivel. Los 18 hoyos, par 72, miden 6.450 metros y discurren por hermosas colinas onduladas.","breadcrumb":{"@id":"https:\/\/t-golf.club\/es\/palma\/#breadcrumb"},"inLanguage":"es","potentialAction":[{"@type":"ReadAction","target":["https:\/\/t-golf.club\/es\/palma\/"]}]},{"@type":"ImageObject","inLanguage":"es","@id":"https:\/\/t-golf.club\/es\/palma\/#primaryimage","url":"https:\/\/t-golf.club\/wp-content\/uploads\/2022\/08\/GOLF-PARK-MALLORCA-PUNTIRO-Hole-9-Green-Bunkers-MR-scaled.jpg","contentUrl":"https:\/\/t-golf.club\/wp-content\/uploads\/2022\/08\/GOLF-PARK-MALLORCA-PUNTIRO-Hole-9-Green-Bunkers-MR-scaled.jpg","width":2560,"height":1708},{"@type":"BreadcrumbList","@id":"https:\/\/t-golf.club\/es\/palma\/#breadcrumb","itemListElement":[{"@type":"ListItem","position":1,"name":"Home","item":"https:\/\/t-golf.club\/es\/"},{"@type":"ListItem","position":2,"name":"Home T Golf Palma"}]},{"@type":"WebSite","@id":"https:\/\/t-golf.club\/es\/#website","url":"https:\/\/t-golf.club\/es\/","name":"T Golf","description":"","inLanguage":"es"}]}},"_links":{"self":[{"href":"https:\/\/t-golf.club\/es\/wp-json\/wp\/v2\/pages\/16939","targetHints":{"allow":["GET"]}}],"collection":[{"href":"https:\/\/t-golf.club\/es\/wp-json\/wp\/v2\/pages"}],"about":[{"href":"https:\/\/t-golf.club\/es\/wp-json\/wp\/v2\/types\/page"}],"author":[{"embeddable":true,"href":"https:\/\/t-golf.club\/es\/wp-json\/wp\/v2\/users\/1"}],"replies":[{"embeddable":true,"href":"https:\/\/t-golf.club\/es\/wp-json\/wp\/v2\/comments?post=16939"}],"version-history":[{"count":9,"href":"https:\/\/t-golf.club\/es\/wp-json\/wp\/v2\/pages\/16939\/revisions"}],"predecessor-version":[{"id":69423,"href":"https:\/\/t-golf.club\/es\/wp-json\/wp\/v2\/pages\/16939\/revisions\/69423"}],"wp:featuredmedia":[{"embeddable":true,"href":"https:\/\/t-golf.club\/es\/wp-json\/wp\/v2\/media\/16978"}],"wp:attachment":[{"href":"https:\/\/t-golf.club\/es\/wp-json\/wp\/v2\/media?parent=16939"}],"curies":[{"name":"wp","href":"https:\/\/api.w.org\/{rel}","templated":true}]}}