{"id":15537,"date":"2022-07-19T09:12:14","date_gmt":"2022-07-19T09:12:14","guid":{"rendered":"https:\/\/t-golf.club\/?page_id=15537"},"modified":"2024-10-22T12:52:41","modified_gmt":"2024-10-22T12:52:41","slug":"alianza-fraser-yachts","status":"publish","type":"page","link":"https:\/\/t-golf.club\/es\/alianzas\/alianza-fraser-yachts\/","title":{"rendered":"Alianza Moravia Yachts"},"content":{"rendered":"<p>j<\/p>\n","protected":false},"excerpt":{"rendered":"<p>j<\/p>\n","protected":false},"author":1,"featured_media":51436,"parent":7201,"menu_order":36,"comment_status":"closed","ping_status":"closed","template":"views\/flexible-member.blade.php","meta":{"_acf_changed":false,"footnotes":""},"class_list":["post-15537","page","type-page","status-publish","has-post-thumbnail","hentry"],"acf":{"size":"large","subtitle":"","link_back":"","hero":{"size":"large","subtitle":"","link_back":""},"content":[{"acf_fc_layout":"content","title":"","text_large":"","text":"<p>Como parte del Hill Robinson Group, la misi\u00f3n de Moravia Yachting es sencilla: poner en contacto a propietarios y ch\u00e1rters con su embarcaci\u00f3n perfecta con discreci\u00f3n, con eficacia y con el valor a\u00f1adido que nuestro conocimiento experto aporta a cada oportunidad.<\/p>\n<p>Nuestros clientes conf\u00edan en nosotros para tomar la mejor decisi\u00f3n de inversi\u00f3n sobre adquisici\u00f3n, venta y fletamento de yates. Contamos con amplia experiencia y conocimiento especializado, adquirido a lo largo de a\u00f1os de exitosas operaciones llevadas a cabo con integridad y eficiencia. Esto lo conseguimos centr\u00e1ndonos en las necesidades e intereses individuales de cada cliente, asesor\u00e1ndoles de tal manera que su experiencia personal en el yate se lleve a cabo de forma experta.<\/p>\n<p>Por todas estas razones, Moravia Yachting pone a disposici\u00f3n de los socios de T-Club entradas VIP para las principales exhibiciones de yates del mundo, as\u00ed como acceso exclusivo a toda la gama de servicios que ofrece Hill Robinson Group.<\/p>\n<p>Para m\u00e1s informaci\u00f3n sobre ventas, p\u00f3ngase en contacto con Tim Carbury, socio de T-Club.<\/p>\n<p>&nbsp;<\/p>\n","link":"","cards":false,"image":26492,"sidebar":[{"acf_fc_layout":"contact","text_intro":"","image":26495,"title":"Tim Carbury","text":"<p><strong>Mobil<\/strong>: <a href=\"tel:+34679487853\" target=\"_blank\" rel=\"noopener\">+44 7780 221282<\/a><br \/>\n<strong>Email<\/strong>: <a href=\"mailto:Tim.Carbury@moraviayachting.mc\" target=\"_blank\" rel=\"noopener\">Tim.Carbury@moraviayachting.mc<\/a><\/p>\n"}],"background_color":"white"},{"acf_fc_layout":"slider","title":"","images":[51427,51430,51433,51436,51439,51442,51445,51448],"background_color":"white"}],"wp_nav_image":false},"yoast_head":"<title>Alianza Moravia Yachts - T Golf<\/title>\n<meta name=\"robots\" content=\"index, follow, max-snippet:-1, max-image-preview:large, max-video-preview:-1\" \/>\n<link rel=\"canonical\" href=\"https:\/\/t-golf.club\/es\/alianzas\/alianza-fraser-yachts\/\" \/>\n<meta property=\"og:locale\" content=\"es_ES\" \/>\n<meta property=\"og:type\" content=\"article\" \/>\n<meta property=\"og:title\" content=\"Alianza Moravia Yachts - T Golf\" \/>\n<meta property=\"og:description\" content=\"j\" \/>\n<meta property=\"og:url\" content=\"https:\/\/t-golf.club\/es\/alianzas\/alianza-fraser-yachts\/\" \/>\n<meta property=\"og:site_name\" content=\"T Golf\" \/>\n<meta property=\"article:modified_time\" content=\"2024-10-22T12:52:41+00:00\" \/>\n<meta property=\"og:image\" content=\"https:\/\/t-golf.club\/wp-content\/uploads\/2024\/10\/Back-profile.jpg\" \/>\n\t<meta property=\"og:image:width\" content=\"1500\" \/>\n\t<meta property=\"og:image:height\" content=\"1000\" \/>\n\t<meta property=\"og:image:type\" content=\"image\/jpeg\" \/>\n<meta name=\"twitter:card\" content=\"summary_large_image\" \/>\n<meta name=\"twitter:label1\" content=\"Tiempo de lectura\" \/>\n\t<meta name=\"twitter:data1\" content=\"3 minutos\" \/>\n<script type=\"application\/ld+json\" class=\"yoast-schema-graph\">{\"@context\":\"https:\\\/\\\/schema.org\",\"@graph\":[{\"@type\":\"WebPage\",\"@id\":\"https:\\\/\\\/t-golf.club\\\/es\\\/alianzas\\\/alianza-fraser-yachts\\\/\",\"url\":\"https:\\\/\\\/t-golf.club\\\/es\\\/alianzas\\\/alianza-fraser-yachts\\\/\",\"name\":\"Alianza Moravia Yachts - T Golf\",\"isPartOf\":{\"@id\":\"https:\\\/\\\/t-golf.club\\\/es\\\/#website\"},\"primaryImageOfPage\":{\"@id\":\"https:\\\/\\\/t-golf.club\\\/es\\\/alianzas\\\/alianza-fraser-yachts\\\/#primaryimage\"},\"image\":{\"@id\":\"https:\\\/\\\/t-golf.club\\\/es\\\/alianzas\\\/alianza-fraser-yachts\\\/#primaryimage\"},\"thumbnailUrl\":\"https:\\\/\\\/t-golf.club\\\/wp-content\\\/uploads\\\/2024\\\/10\\\/Back-profile.jpg\",\"datePublished\":\"2022-07-19T09:12:14+00:00\",\"dateModified\":\"2024-10-22T12:52:41+00:00\",\"breadcrumb\":{\"@id\":\"https:\\\/\\\/t-golf.club\\\/es\\\/alianzas\\\/alianza-fraser-yachts\\\/#breadcrumb\"},\"inLanguage\":\"es\",\"potentialAction\":[{\"@type\":\"ReadAction\",\"target\":[\"https:\\\/\\\/t-golf.club\\\/es\\\/alianzas\\\/alianza-fraser-yachts\\\/\"]}]},{\"@type\":\"ImageObject\",\"inLanguage\":\"es\",\"@id\":\"https:\\\/\\\/t-golf.club\\\/es\\\/alianzas\\\/alianza-fraser-yachts\\\/#primaryimage\",\"url\":\"https:\\\/\\\/t-golf.club\\\/wp-content\\\/uploads\\\/2024\\\/10\\\/Back-profile.jpg\",\"contentUrl\":\"https:\\\/\\\/t-golf.club\\\/wp-content\\\/uploads\\\/2024\\\/10\\\/Back-profile.jpg\",\"width\":1500,\"height\":1000},{\"@type\":\"BreadcrumbList\",\"@id\":\"https:\\\/\\\/t-golf.club\\\/es\\\/alianzas\\\/alianza-fraser-yachts\\\/#breadcrumb\",\"itemListElement\":[{\"@type\":\"ListItem\",\"position\":1,\"name\":\"Home\",\"item\":\"https:\\\/\\\/t-golf.club\\\/es\\\/\"},{\"@type\":\"ListItem\",\"position\":2,\"name\":\"Alianzas\",\"item\":\"https:\\\/\\\/t-golf.club\\\/es\\\/alianzas\\\/\"},{\"@type\":\"ListItem\",\"position\":3,\"name\":\"Alianza Moravia Yachts\"}]},{\"@type\":\"WebSite\",\"@id\":\"https:\\\/\\\/t-golf.club\\\/es\\\/#website\",\"url\":\"https:\\\/\\\/t-golf.club\\\/es\\\/\",\"name\":\"T Golf\",\"description\":\"\",\"inLanguage\":\"es\"}]}<\/script>","yoast_head_json":{"title":"Alianza Moravia Yachts - T Golf","robots":{"index":"index","follow":"follow","max-snippet":"max-snippet:-1","max-image-preview":"max-image-preview:large","max-video-preview":"max-video-preview:-1"},"canonical":"https:\/\/t-golf.club\/es\/alianzas\/alianza-fraser-yachts\/","og_locale":"es_ES","og_type":"article","og_title":"Alianza Moravia Yachts - T Golf","og_description":"j","og_url":"https:\/\/t-golf.club\/es\/alianzas\/alianza-fraser-yachts\/","og_site_name":"T Golf","article_modified_time":"2024-10-22T12:52:41+00:00","og_image":[{"width":1500,"height":1000,"url":"https:\/\/t-golf.club\/wp-content\/uploads\/2024\/10\/Back-profile.jpg","type":"image\/jpeg"}],"twitter_card":"summary_large_image","twitter_misc":{"Tiempo de lectura":"3 minutos"},"schema":{"@context":"https:\/\/schema.org","@graph":[{"@type":"WebPage","@id":"https:\/\/t-golf.club\/es\/alianzas\/alianza-fraser-yachts\/","url":"https:\/\/t-golf.club\/es\/alianzas\/alianza-fraser-yachts\/","name":"Alianza Moravia Yachts - T Golf","isPartOf":{"@id":"https:\/\/t-golf.club\/es\/#website"},"primaryImageOfPage":{"@id":"https:\/\/t-golf.club\/es\/alianzas\/alianza-fraser-yachts\/#primaryimage"},"image":{"@id":"https:\/\/t-golf.club\/es\/alianzas\/alianza-fraser-yachts\/#primaryimage"},"thumbnailUrl":"https:\/\/t-golf.club\/wp-content\/uploads\/2024\/10\/Back-profile.jpg","datePublished":"2022-07-19T09:12:14+00:00","dateModified":"2024-10-22T12:52:41+00:00","breadcrumb":{"@id":"https:\/\/t-golf.club\/es\/alianzas\/alianza-fraser-yachts\/#breadcrumb"},"inLanguage":"es","potentialAction":[{"@type":"ReadAction","target":["https:\/\/t-golf.club\/es\/alianzas\/alianza-fraser-yachts\/"]}]},{"@type":"ImageObject","inLanguage":"es","@id":"https:\/\/t-golf.club\/es\/alianzas\/alianza-fraser-yachts\/#primaryimage","url":"https:\/\/t-golf.club\/wp-content\/uploads\/2024\/10\/Back-profile.jpg","contentUrl":"https:\/\/t-golf.club\/wp-content\/uploads\/2024\/10\/Back-profile.jpg","width":1500,"height":1000},{"@type":"BreadcrumbList","@id":"https:\/\/t-golf.club\/es\/alianzas\/alianza-fraser-yachts\/#breadcrumb","itemListElement":[{"@type":"ListItem","position":1,"name":"Home","item":"https:\/\/t-golf.club\/es\/"},{"@type":"ListItem","position":2,"name":"Alianzas","item":"https:\/\/t-golf.club\/es\/alianzas\/"},{"@type":"ListItem","position":3,"name":"Alianza Moravia Yachts"}]},{"@type":"WebSite","@id":"https:\/\/t-golf.club\/es\/#website","url":"https:\/\/t-golf.club\/es\/","name":"T Golf","description":"","inLanguage":"es"}]}},"_links":{"self":[{"href":"https:\/\/t-golf.club\/es\/wp-json\/wp\/v2\/pages\/15537","targetHints":{"allow":["GET"]}}],"collection":[{"href":"https:\/\/t-golf.club\/es\/wp-json\/wp\/v2\/pages"}],"about":[{"href":"https:\/\/t-golf.club\/es\/wp-json\/wp\/v2\/types\/page"}],"author":[{"embeddable":true,"href":"https:\/\/t-golf.club\/es\/wp-json\/wp\/v2\/users\/1"}],"replies":[{"embeddable":true,"href":"https:\/\/t-golf.club\/es\/wp-json\/wp\/v2\/comments?post=15537"}],"version-history":[{"count":5,"href":"https:\/\/t-golf.club\/es\/wp-json\/wp\/v2\/pages\/15537\/revisions"}],"predecessor-version":[{"id":51957,"href":"https:\/\/t-golf.club\/es\/wp-json\/wp\/v2\/pages\/15537\/revisions\/51957"}],"up":[{"embeddable":true,"href":"https:\/\/t-golf.club\/es\/wp-json\/wp\/v2\/pages\/7201"}],"wp:featuredmedia":[{"embeddable":true,"href":"https:\/\/t-golf.club\/es\/wp-json\/wp\/v2\/media\/51436"}],"wp:attachment":[{"href":"https:\/\/t-golf.club\/es\/wp-json\/wp\/v2\/media?parent=15537"}],"curies":[{"name":"wp","href":"https:\/\/api.w.org\/{rel}","templated":true}]}}