{"id":15525,"date":"2022-07-19T08:45:21","date_gmt":"2022-07-19T08:45:21","guid":{"rendered":"https:\/\/t-golf.club\/?page_id=15525"},"modified":"2022-08-29T07:20:31","modified_gmt":"2022-08-29T07:20:31","slug":"alianza-plattes-group","status":"publish","type":"page","link":"https:\/\/t-golf.club\/es\/alianzas\/alianza-plattes-group\/","title":{"rendered":"Alianza Plattes Group"},"content":{"rendered":"","protected":false},"excerpt":{"rendered":"","protected":false},"author":1,"featured_media":14532,"parent":7201,"menu_order":26,"comment_status":"closed","ping_status":"closed","template":"views\/flexible-member.blade.php","meta":{"_acf_changed":false,"footnotes":""},"class_list":["post-15525","page","type-page","status-publish","has-post-thumbnail","hentry"],"acf":{"size":"large","subtitle":"","link_back":"","hero":{"size":"large","subtitle":"","link_back":""},"content":[{"acf_fc_layout":"content","title":"","text_large":"","text":"<p>En T Golf estamos orgullosos de anunciar una nueva asociaci\u00f3n con una empresa muy estimada. El Grupo Plattes es un bufete de abogados, impuestos y negocios que opera a nivel internacional y cuenta con un equipo de m\u00e1s de 80 empleados, incluyendo 13 asesores fiscales y 7 abogados.<\/p>\n<p>A\u00f1o tras a\u00f1o, consolidan su liderazgo en el mercado de las Islas Baleares en el asesoramiento a personas con grandes patrimonios y empresas familiares. La estructuraci\u00f3n transfronteriza -incluyendo la compra de inmuebles- y el asesoramiento en materia de reubicaci\u00f3n forman parte de sus competencias principales, as\u00ed como la soluci\u00f3n de complejos problemas fiscales y de derecho civil en situaciones de sucesi\u00f3n.<\/p>\n<p>Ahora tiene una l\u00ednea directa con todos estos servicios. As\u00ed que si tiene alguna duda o necesita sus servicios, p\u00f3ngase en contacto con ellos en: <strong><a href=\"mailto:direccion@plattesgroup.net\" target=\"_blank\" rel=\"noopener\">direccion@plattesgroup.net<\/a><\/strong><\/p>\n","link":{"title":"PULSE AQU\u00cd PARA OBTENER M\u00c1S INFORMACI\u00d3N","url":"https:\/\/www.plattes.net","target":"_blank"},"cards":false,"image":14610,"sidebar":false,"background_color":"white"},{"acf_fc_layout":"slider","title":"","images":[14535,14532,14529,14526],"background_color":"white"}],"wp_nav_image":false},"yoast_head":"<title>Alianza Plattes Group - T Golf<\/title>\n<meta name=\"robots\" content=\"index, follow, max-snippet:-1, max-image-preview:large, max-video-preview:-1\" \/>\n<link rel=\"canonical\" href=\"https:\/\/t-golf.club\/es\/alianzas\/alianza-plattes-group\/\" \/>\n<meta property=\"og:locale\" content=\"es_ES\" \/>\n<meta property=\"og:type\" content=\"article\" \/>\n<meta property=\"og:title\" content=\"Alianza Plattes Group - T Golf\" \/>\n<meta property=\"og:url\" content=\"https:\/\/t-golf.club\/es\/alianzas\/alianza-plattes-group\/\" \/>\n<meta property=\"og:site_name\" content=\"T Golf\" \/>\n<meta property=\"article:modified_time\" content=\"2022-08-29T07:20:31+00:00\" \/>\n<meta property=\"og:image\" content=\"https:\/\/t-golf.club\/wp-content\/uploads\/2022\/06\/20-Jahre.jpg\" \/>\n\t<meta property=\"og:image:width\" content=\"1080\" \/>\n\t<meta property=\"og:image:height\" content=\"648\" \/>\n\t<meta property=\"og:image:type\" content=\"image\/jpeg\" \/>\n<meta name=\"twitter:card\" content=\"summary_large_image\" \/>\n<script type=\"application\/ld+json\" class=\"yoast-schema-graph\">{\"@context\":\"https:\\\/\\\/schema.org\",\"@graph\":[{\"@type\":\"WebPage\",\"@id\":\"https:\\\/\\\/t-golf.club\\\/es\\\/alianzas\\\/alianza-plattes-group\\\/\",\"url\":\"https:\\\/\\\/t-golf.club\\\/es\\\/alianzas\\\/alianza-plattes-group\\\/\",\"name\":\"Alianza Plattes Group - T Golf\",\"isPartOf\":{\"@id\":\"https:\\\/\\\/t-golf.club\\\/es\\\/#website\"},\"primaryImageOfPage\":{\"@id\":\"https:\\\/\\\/t-golf.club\\\/es\\\/alianzas\\\/alianza-plattes-group\\\/#primaryimage\"},\"image\":{\"@id\":\"https:\\\/\\\/t-golf.club\\\/es\\\/alianzas\\\/alianza-plattes-group\\\/#primaryimage\"},\"thumbnailUrl\":\"https:\\\/\\\/t-golf.club\\\/wp-content\\\/uploads\\\/2022\\\/06\\\/20-Jahre.jpg\",\"datePublished\":\"2022-07-19T08:45:21+00:00\",\"dateModified\":\"2022-08-29T07:20:31+00:00\",\"breadcrumb\":{\"@id\":\"https:\\\/\\\/t-golf.club\\\/es\\\/alianzas\\\/alianza-plattes-group\\\/#breadcrumb\"},\"inLanguage\":\"es\",\"potentialAction\":[{\"@type\":\"ReadAction\",\"target\":[\"https:\\\/\\\/t-golf.club\\\/es\\\/alianzas\\\/alianza-plattes-group\\\/\"]}]},{\"@type\":\"ImageObject\",\"inLanguage\":\"es\",\"@id\":\"https:\\\/\\\/t-golf.club\\\/es\\\/alianzas\\\/alianza-plattes-group\\\/#primaryimage\",\"url\":\"https:\\\/\\\/t-golf.club\\\/wp-content\\\/uploads\\\/2022\\\/06\\\/20-Jahre.jpg\",\"contentUrl\":\"https:\\\/\\\/t-golf.club\\\/wp-content\\\/uploads\\\/2022\\\/06\\\/20-Jahre.jpg\",\"width\":1080,\"height\":648},{\"@type\":\"BreadcrumbList\",\"@id\":\"https:\\\/\\\/t-golf.club\\\/es\\\/alianzas\\\/alianza-plattes-group\\\/#breadcrumb\",\"itemListElement\":[{\"@type\":\"ListItem\",\"position\":1,\"name\":\"Home\",\"item\":\"https:\\\/\\\/t-golf.club\\\/es\\\/\"},{\"@type\":\"ListItem\",\"position\":2,\"name\":\"Alianzas\",\"item\":\"https:\\\/\\\/t-golf.club\\\/es\\\/alianzas\\\/\"},{\"@type\":\"ListItem\",\"position\":3,\"name\":\"Alianza Plattes Group\"}]},{\"@type\":\"WebSite\",\"@id\":\"https:\\\/\\\/t-golf.club\\\/es\\\/#website\",\"url\":\"https:\\\/\\\/t-golf.club\\\/es\\\/\",\"name\":\"T Golf\",\"description\":\"\",\"inLanguage\":\"es\"}]}<\/script>","yoast_head_json":{"title":"Alianza Plattes Group - T Golf","robots":{"index":"index","follow":"follow","max-snippet":"max-snippet:-1","max-image-preview":"max-image-preview:large","max-video-preview":"max-video-preview:-1"},"canonical":"https:\/\/t-golf.club\/es\/alianzas\/alianza-plattes-group\/","og_locale":"es_ES","og_type":"article","og_title":"Alianza Plattes Group - T Golf","og_url":"https:\/\/t-golf.club\/es\/alianzas\/alianza-plattes-group\/","og_site_name":"T Golf","article_modified_time":"2022-08-29T07:20:31+00:00","og_image":[{"width":1080,"height":648,"url":"https:\/\/t-golf.club\/wp-content\/uploads\/2022\/06\/20-Jahre.jpg","type":"image\/jpeg"}],"twitter_card":"summary_large_image","schema":{"@context":"https:\/\/schema.org","@graph":[{"@type":"WebPage","@id":"https:\/\/t-golf.club\/es\/alianzas\/alianza-plattes-group\/","url":"https:\/\/t-golf.club\/es\/alianzas\/alianza-plattes-group\/","name":"Alianza Plattes Group - T Golf","isPartOf":{"@id":"https:\/\/t-golf.club\/es\/#website"},"primaryImageOfPage":{"@id":"https:\/\/t-golf.club\/es\/alianzas\/alianza-plattes-group\/#primaryimage"},"image":{"@id":"https:\/\/t-golf.club\/es\/alianzas\/alianza-plattes-group\/#primaryimage"},"thumbnailUrl":"https:\/\/t-golf.club\/wp-content\/uploads\/2022\/06\/20-Jahre.jpg","datePublished":"2022-07-19T08:45:21+00:00","dateModified":"2022-08-29T07:20:31+00:00","breadcrumb":{"@id":"https:\/\/t-golf.club\/es\/alianzas\/alianza-plattes-group\/#breadcrumb"},"inLanguage":"es","potentialAction":[{"@type":"ReadAction","target":["https:\/\/t-golf.club\/es\/alianzas\/alianza-plattes-group\/"]}]},{"@type":"ImageObject","inLanguage":"es","@id":"https:\/\/t-golf.club\/es\/alianzas\/alianza-plattes-group\/#primaryimage","url":"https:\/\/t-golf.club\/wp-content\/uploads\/2022\/06\/20-Jahre.jpg","contentUrl":"https:\/\/t-golf.club\/wp-content\/uploads\/2022\/06\/20-Jahre.jpg","width":1080,"height":648},{"@type":"BreadcrumbList","@id":"https:\/\/t-golf.club\/es\/alianzas\/alianza-plattes-group\/#breadcrumb","itemListElement":[{"@type":"ListItem","position":1,"name":"Home","item":"https:\/\/t-golf.club\/es\/"},{"@type":"ListItem","position":2,"name":"Alianzas","item":"https:\/\/t-golf.club\/es\/alianzas\/"},{"@type":"ListItem","position":3,"name":"Alianza Plattes Group"}]},{"@type":"WebSite","@id":"https:\/\/t-golf.club\/es\/#website","url":"https:\/\/t-golf.club\/es\/","name":"T Golf","description":"","inLanguage":"es"}]}},"_links":{"self":[{"href":"https:\/\/t-golf.club\/es\/wp-json\/wp\/v2\/pages\/15525","targetHints":{"allow":["GET"]}}],"collection":[{"href":"https:\/\/t-golf.club\/es\/wp-json\/wp\/v2\/pages"}],"about":[{"href":"https:\/\/t-golf.club\/es\/wp-json\/wp\/v2\/types\/page"}],"author":[{"embeddable":true,"href":"https:\/\/t-golf.club\/es\/wp-json\/wp\/v2\/users\/1"}],"replies":[{"embeddable":true,"href":"https:\/\/t-golf.club\/es\/wp-json\/wp\/v2\/comments?post=15525"}],"version-history":[{"count":3,"href":"https:\/\/t-golf.club\/es\/wp-json\/wp\/v2\/pages\/15525\/revisions"}],"predecessor-version":[{"id":17765,"href":"https:\/\/t-golf.club\/es\/wp-json\/wp\/v2\/pages\/15525\/revisions\/17765"}],"up":[{"embeddable":true,"href":"https:\/\/t-golf.club\/es\/wp-json\/wp\/v2\/pages\/7201"}],"wp:featuredmedia":[{"embeddable":true,"href":"https:\/\/t-golf.club\/es\/wp-json\/wp\/v2\/media\/14532"}],"wp:attachment":[{"href":"https:\/\/t-golf.club\/es\/wp-json\/wp\/v2\/media?parent=15525"}],"curies":[{"name":"wp","href":"https:\/\/api.w.org\/{rel}","templated":true}]}}