{"id":1322,"date":"2020-06-03T15:41:02","date_gmt":"2020-06-03T15:41:02","guid":{"rendered":"http:\/\/t-golf.club\/gdpr\/"},"modified":"2020-06-08T08:59:39","modified_gmt":"2020-06-08T08:59:39","slug":"gdpr","status":"publish","type":"page","link":"https:\/\/t-golf.club\/es\/gdpr\/","title":{"rendered":"GDPR"},"content":{"rendered":"<p>De conformidad con lo dispuesto en el RGPD UE 679\/2016 y la Ley Org\u00e1nica 3\/2018 de 5 de Diciembre, (LOPDPGDD) se le facilita la siguiente informaci\u00f3n de protecci\u00f3n de datos:<\/p>\n<p>Responsable Identidad: <strong>T GOLF &amp; COUNTRY CLUB PONIENTE, S.A.U<\/strong>.<br \/>\nCIF: <strong>A07044050<\/strong><br \/>\nDir. Postal: <strong>CTRA CALA FIGUERA S\/N, C.P.: 07181 CALVIA<\/strong><br \/>\nTel\u00e9fono: <a href=\"tel:+34971130148\"><strong>971130148<\/strong><\/a><br \/>\nCorreo electr\u00f3nico:<a href=\"mailto:administration@t-golf.club\"><strong>administration@t-golf.club<\/strong><\/a><\/p>\n<p>FINALIDAD: En T GOLF &amp; COUNTRY CLUB PONIENTE, S.A.U. tratamos la informaci\u00f3n que nos facilita con el fin de enviarle ofertas personalizadas sobre los productos y\/o servicios de la empresa, gestionar el env\u00edo de informaci\u00f3n y prospecci\u00f3n comercial. Adem\u00e1s tratamos la informaci\u00f3n de nuestros clientes que han contratados nuestros productos y servicios con el fin de enviarle ofertas personalizadas sobres los productos y\/o servicios de la empresa. Con el fin de poder ofrecerle nuestros productos y servicios de acuerdo con sus intereses elaboraremos un perfil comercial en base a la informaci\u00f3n facilitada. No se tomar\u00e1n decisiones automatizadas en base a dicho perfil. En cualquier caso sus datos de car\u00e1cter personal ser\u00e1n conservados mientras sean \u00fatiles para la finalidad indicada, y, en todo caso, durante los plazos legales y para el tiempo necesario para atender a posibles responsabilidades nacidas del tratamiento.<\/p>\n<p>LEGITIMACI\u00d3N: El tratamiento de sus datos de car\u00e1cter personal est\u00e1 basado en su consentimiento para uno o varios fines espec\u00edficos de conformidad con lo dispuesto en el RGPD UE 679\/2016 (Art. 6.1. A) y la Ley Org\u00e1nica 3\/2018 de 5 de Diciembre, (LOPDPGDD). Resulta de aplicaci\u00f3n la Ley de Servicios de Sociedad de la Informaci\u00f3n 34\/2002, art\u00edculos 20 y 21.<\/p>\n<p>DESTINATARIOS: No se ceder\u00e1n datos a terceros, salvo obligaci\u00f3n legal. No hay previsi\u00f3n de transferencia de datos a terceros pa\u00edses.<\/p>\n<p>DERECHOS: Puede ejercitar sus derechos de acceso, rectificaci\u00f3n, supresi\u00f3n, portabilidad, limitaci\u00f3n y oposici\u00f3n al tratamiento de sus datos as\u00ed como no ser objeto de decisiones basadas \u00fanicamente en el tratamiento automatizado ante la Agencia Espa\u00f1ola de Protecci\u00f3n de Datos (AGPD).<\/p>\n","protected":false},"excerpt":{"rendered":"<p>De conformidad con lo dispuesto en el RGPD UE 679\/2016 y la Ley Org\u00e1nica 3\/2018 de 5 de Diciembre, (LOPDPGDD)&#8230;<\/p>\n","protected":false},"author":1,"featured_media":834,"parent":0,"menu_order":200,"comment_status":"closed","ping_status":"closed","template":"views\/legal.blade.php","meta":{"_acf_changed":false,"footnotes":""},"class_list":["post-1322","page","type-page","status-publish","has-post-thumbnail","hentry"],"acf":{"wp_nav_image":null},"yoast_head":"<title>GDPR - T Golf<\/title>\n<meta name=\"robots\" content=\"index, follow, max-snippet:-1, max-image-preview:large, max-video-preview:-1\" \/>\n<link rel=\"canonical\" href=\"https:\/\/t-golf.club\/es\/gdpr\/\" \/>\n<meta property=\"og:locale\" content=\"es_ES\" \/>\n<meta property=\"og:type\" content=\"article\" \/>\n<meta property=\"og:title\" content=\"GDPR - T Golf\" \/>\n<meta property=\"og:description\" content=\"De conformidad con lo dispuesto en el RGPD UE 679\/2016 y la Ley Org\u00e1nica 3\/2018 de 5 de Diciembre, (LOPDPGDD)...\" \/>\n<meta property=\"og:url\" content=\"https:\/\/t-golf.club\/es\/gdpr\/\" \/>\n<meta property=\"og:site_name\" content=\"T Golf\" \/>\n<meta property=\"article:modified_time\" content=\"2020-06-08T08:59:39+00:00\" \/>\n<meta property=\"og:image\" content=\"https:\/\/t-golf.club\/wp-content\/uploads\/2020\/06\/HEADER-GENERIC-SINGLE.jpg\" \/>\n\t<meta property=\"og:image:width\" content=\"1440\" \/>\n\t<meta property=\"og:image:height\" content=\"400\" \/>\n\t<meta property=\"og:image:type\" content=\"image\/jpeg\" \/>\n<meta name=\"twitter:card\" content=\"summary_large_image\" \/>\n<meta name=\"twitter:label1\" content=\"Tiempo de lectura\" \/>\n\t<meta name=\"twitter:data1\" content=\"2 minutos\" \/>\n<script type=\"application\/ld+json\" class=\"yoast-schema-graph\">{\"@context\":\"https:\\\/\\\/schema.org\",\"@graph\":[{\"@type\":\"WebPage\",\"@id\":\"https:\\\/\\\/t-golf.club\\\/es\\\/gdpr\\\/\",\"url\":\"https:\\\/\\\/t-golf.club\\\/es\\\/gdpr\\\/\",\"name\":\"GDPR - T Golf\",\"isPartOf\":{\"@id\":\"https:\\\/\\\/t-golf.club\\\/es\\\/#website\"},\"primaryImageOfPage\":{\"@id\":\"https:\\\/\\\/t-golf.club\\\/es\\\/gdpr\\\/#primaryimage\"},\"image\":{\"@id\":\"https:\\\/\\\/t-golf.club\\\/es\\\/gdpr\\\/#primaryimage\"},\"thumbnailUrl\":\"https:\\\/\\\/t-golf.club\\\/wp-content\\\/uploads\\\/2020\\\/06\\\/HEADER-GENERIC-SINGLE.jpg\",\"datePublished\":\"2020-06-03T15:41:02+00:00\",\"dateModified\":\"2020-06-08T08:59:39+00:00\",\"breadcrumb\":{\"@id\":\"https:\\\/\\\/t-golf.club\\\/es\\\/gdpr\\\/#breadcrumb\"},\"inLanguage\":\"es\",\"potentialAction\":[{\"@type\":\"ReadAction\",\"target\":[\"https:\\\/\\\/t-golf.club\\\/es\\\/gdpr\\\/\"]}]},{\"@type\":\"ImageObject\",\"inLanguage\":\"es\",\"@id\":\"https:\\\/\\\/t-golf.club\\\/es\\\/gdpr\\\/#primaryimage\",\"url\":\"https:\\\/\\\/t-golf.club\\\/wp-content\\\/uploads\\\/2020\\\/06\\\/HEADER-GENERIC-SINGLE.jpg\",\"contentUrl\":\"https:\\\/\\\/t-golf.club\\\/wp-content\\\/uploads\\\/2020\\\/06\\\/HEADER-GENERIC-SINGLE.jpg\",\"width\":1440,\"height\":400},{\"@type\":\"BreadcrumbList\",\"@id\":\"https:\\\/\\\/t-golf.club\\\/es\\\/gdpr\\\/#breadcrumb\",\"itemListElement\":[{\"@type\":\"ListItem\",\"position\":1,\"name\":\"Home\",\"item\":\"https:\\\/\\\/t-golf.club\\\/es\\\/\"},{\"@type\":\"ListItem\",\"position\":2,\"name\":\"GDPR\"}]},{\"@type\":\"WebSite\",\"@id\":\"https:\\\/\\\/t-golf.club\\\/es\\\/#website\",\"url\":\"https:\\\/\\\/t-golf.club\\\/es\\\/\",\"name\":\"T Golf\",\"description\":\"\",\"inLanguage\":\"es\"}]}<\/script>","yoast_head_json":{"title":"GDPR - T Golf","robots":{"index":"index","follow":"follow","max-snippet":"max-snippet:-1","max-image-preview":"max-image-preview:large","max-video-preview":"max-video-preview:-1"},"canonical":"https:\/\/t-golf.club\/es\/gdpr\/","og_locale":"es_ES","og_type":"article","og_title":"GDPR - T Golf","og_description":"De conformidad con lo dispuesto en el RGPD UE 679\/2016 y la Ley Org\u00e1nica 3\/2018 de 5 de Diciembre, (LOPDPGDD)...","og_url":"https:\/\/t-golf.club\/es\/gdpr\/","og_site_name":"T Golf","article_modified_time":"2020-06-08T08:59:39+00:00","og_image":[{"width":1440,"height":400,"url":"https:\/\/t-golf.club\/wp-content\/uploads\/2020\/06\/HEADER-GENERIC-SINGLE.jpg","type":"image\/jpeg"}],"twitter_card":"summary_large_image","twitter_misc":{"Tiempo de lectura":"2 minutos"},"schema":{"@context":"https:\/\/schema.org","@graph":[{"@type":"WebPage","@id":"https:\/\/t-golf.club\/es\/gdpr\/","url":"https:\/\/t-golf.club\/es\/gdpr\/","name":"GDPR - T Golf","isPartOf":{"@id":"https:\/\/t-golf.club\/es\/#website"},"primaryImageOfPage":{"@id":"https:\/\/t-golf.club\/es\/gdpr\/#primaryimage"},"image":{"@id":"https:\/\/t-golf.club\/es\/gdpr\/#primaryimage"},"thumbnailUrl":"https:\/\/t-golf.club\/wp-content\/uploads\/2020\/06\/HEADER-GENERIC-SINGLE.jpg","datePublished":"2020-06-03T15:41:02+00:00","dateModified":"2020-06-08T08:59:39+00:00","breadcrumb":{"@id":"https:\/\/t-golf.club\/es\/gdpr\/#breadcrumb"},"inLanguage":"es","potentialAction":[{"@type":"ReadAction","target":["https:\/\/t-golf.club\/es\/gdpr\/"]}]},{"@type":"ImageObject","inLanguage":"es","@id":"https:\/\/t-golf.club\/es\/gdpr\/#primaryimage","url":"https:\/\/t-golf.club\/wp-content\/uploads\/2020\/06\/HEADER-GENERIC-SINGLE.jpg","contentUrl":"https:\/\/t-golf.club\/wp-content\/uploads\/2020\/06\/HEADER-GENERIC-SINGLE.jpg","width":1440,"height":400},{"@type":"BreadcrumbList","@id":"https:\/\/t-golf.club\/es\/gdpr\/#breadcrumb","itemListElement":[{"@type":"ListItem","position":1,"name":"Home","item":"https:\/\/t-golf.club\/es\/"},{"@type":"ListItem","position":2,"name":"GDPR"}]},{"@type":"WebSite","@id":"https:\/\/t-golf.club\/es\/#website","url":"https:\/\/t-golf.club\/es\/","name":"T Golf","description":"","inLanguage":"es"}]}},"_links":{"self":[{"href":"https:\/\/t-golf.club\/es\/wp-json\/wp\/v2\/pages\/1322","targetHints":{"allow":["GET"]}}],"collection":[{"href":"https:\/\/t-golf.club\/es\/wp-json\/wp\/v2\/pages"}],"about":[{"href":"https:\/\/t-golf.club\/es\/wp-json\/wp\/v2\/types\/page"}],"author":[{"embeddable":true,"href":"https:\/\/t-golf.club\/es\/wp-json\/wp\/v2\/users\/1"}],"replies":[{"embeddable":true,"href":"https:\/\/t-golf.club\/es\/wp-json\/wp\/v2\/comments?post=1322"}],"version-history":[{"count":3,"href":"https:\/\/t-golf.club\/es\/wp-json\/wp\/v2\/pages\/1322\/revisions"}],"predecessor-version":[{"id":1328,"href":"https:\/\/t-golf.club\/es\/wp-json\/wp\/v2\/pages\/1322\/revisions\/1328"}],"wp:featuredmedia":[{"embeddable":true,"href":"https:\/\/t-golf.club\/es\/wp-json\/wp\/v2\/media\/834"}],"wp:attachment":[{"href":"https:\/\/t-golf.club\/es\/wp-json\/wp\/v2\/media?parent=1322"}],"curies":[{"name":"wp","href":"https:\/\/api.w.org\/{rel}","templated":true}]}}