{"id":1296,"date":"2020-05-11T13:00:54","date_gmt":"2020-05-11T13:00:54","guid":{"rendered":"http:\/\/t-golf.club\/sample-page\/"},"modified":"2026-03-21T08:15:34","modified_gmt":"2026-03-21T08:15:34","slug":"calvia","status":"publish","type":"page","link":"https:\/\/t-golf.club\/es\/calvia\/","title":{"rendered":"Home Calvi\u00e0"},"content":{"rendered":"","protected":false},"excerpt":{"rendered":"","protected":false},"author":1,"featured_media":1520,"parent":0,"menu_order":137,"comment_status":"closed","ping_status":"closed","template":"views\/home-page.blade.php","meta":{"_acf_changed":false,"footnotes":""},"class_list":["post-1296","page","type-page","status-publish","has-post-thumbnail","hentry"],"acf":{"video":"http:\/\/t-golf.club\/loop.mp4","navigation":[{"link":{"title":"Campo","url":"http:\/\/t-golf.club\/es\/campo\/","target":""},"big_size":true},{"link":{"title":"Academia","url":"http:\/\/t-golf.club\/es\/academia\/","target":""},"big_size":true},{"link":{"title":"Tarifas y Ofertas","url":"https:\/\/t-golf.club\/es\/offers\/","target":""},"big_size":true},{"link":{"title":"Hoyo a Hoyo","url":"https:\/\/t-golf.club\/es\/holes\/","target":""},"big_size":true}],"featured":[{"title":"Gastronom\u00eda","text":"<p>El equipo internacional de T-elicious le invita a experimentar una mezcla \u00fanica de cocina moderna y tradicional en la que destaca el uso de productos e ingredientes frescos y org\u00e1nicos, combinados con las t\u00e9cnicas culinarias de vanguardia.<\/p>\n","link":{"title":"Ver m\u00e1s","url":"http:\/\/t-golf.club\/es\/gastronomy\/","target":""},"image":13678},{"title":"Casa Club","text":"<p>Un gran club de golf necesita una gran casa club. La nuestra est\u00e1 situada en una t\u00edpica casa de campo mallorquina construida en el siglo XIX. Llena de car\u00e1cter, historia y personalidad, la casa club ofrece a nuestros socios y hu\u00e9spedes todas las comodidades modernas.<\/p>\n","link":{"title":"Ver m\u00e1s","url":"http:\/\/t-golf.club\/es\/calvia\/casa-club\/","target":""},"image":1014},{"title":"Eventos & Incentivos","text":"<p>No hay mejor manera de recompensar a sus empleados, impresionar a sus clientes o presentar su empresa que organizando una partida de golf. En T Golf tenemos el entorno y la experiencia para hacerlo bien.<\/p>\n","link":{"title":"Eventos & Incentivos","url":"https:\/\/t-golf.club\/es\/calvia\/eventos-incentivos\/","target":""},"image":16212}],"gallery":[{"text":"Encuentre el swing perfecto en T Golf Calvia","image":1446},{"text":"Ponga sus habilidades a prueba y disfrute de la experiencia","image":1479},{"text":"Una obra maestra en el Mediterr\u00e1neo","image":1509},{"text":"","image":1449},{"text":"","image":1488},{"text":"","image":1482},{"text":"","image":1461},{"text":"","image":1434}],"news_title":"Noticias","ti_title":"Descubre T Golf Palma","ti_text":"<p>\u00bfCon ganas de cambiar de aires? Nuestro otro campo, <strong>T Golf Palma<\/strong>, ofrece una experiencia de golf \u00fanica a las puertas de la capital de Mallorca. Disfruta de un exigente recorrido de 18 hoyos, un servicio de excelencia y la misma calidad T Golf, rodeado del bello paisaje mallorqu\u00edn.<\/p>\n","ti_link":{"title":"Ver m\u00e1s","url":"https:\/\/t-golf.club\/es\/palma\/","target":""},"ti_images":[{"ID":69170,"id":69170,"title":"Jugadores en el hoyo 18","filename":"Jugadores-en-el-hoyo-18.jpg","filesize":952937,"url":"https:\/\/t-golf.club\/wp-content\/uploads\/2026\/03\/Jugadores-en-el-hoyo-18.jpg","link":"https:\/\/t-golf.club\/es\/calvia\/jugadores-en-el-hoyo-18-2\/","alt":"","author":"268","description":"","caption":"","name":"jugadores-en-el-hoyo-18-2","status":"inherit","uploaded_to":1296,"date":"2026-03-14 11:33:59","modified":"2026-03-14 11:34:29","menu_order":0,"mime_type":"image\/jpeg","type":"image","subtype":"jpeg","icon":"https:\/\/t-golf.club\/wp-includes\/images\/media\/default.png","width":2000,"height":1109,"sizes":{"thumbnail":"https:\/\/t-golf.club\/wp-content\/uploads\/2026\/03\/Jugadores-en-el-hoyo-18-100x100.jpg","thumbnail-width":100,"thumbnail-height":100,"medium":"https:\/\/t-golf.club\/wp-content\/uploads\/2026\/03\/Jugadores-en-el-hoyo-18-1024x568.jpg","medium-width":1024,"medium-height":568,"medium_large":"https:\/\/t-golf.club\/wp-content\/uploads\/2026\/03\/Jugadores-en-el-hoyo-18-768x426.jpg","medium_large-width":768,"medium_large-height":426,"large":"https:\/\/t-golf.club\/wp-content\/uploads\/2026\/03\/Jugadores-en-el-hoyo-18.jpg","large-width":2000,"large-height":1109,"1536x1536":"https:\/\/t-golf.club\/wp-content\/uploads\/2026\/03\/Jugadores-en-el-hoyo-18-1536x852.jpg","1536x1536-width":1536,"1536x1536-height":852,"2048x2048":"https:\/\/t-golf.club\/wp-content\/uploads\/2026\/03\/Jugadores-en-el-hoyo-18.jpg","2048x2048-width":2000,"2048x2048-height":1109}},{"ID":69167,"id":69167,"title":"DSC09997","filename":"DSC09997.jpg","filesize":13967532,"url":"https:\/\/t-golf.club\/wp-content\/uploads\/2026\/03\/DSC09997.jpg","link":"https:\/\/t-golf.club\/es\/calvia\/dsc09997-2\/","alt":"","author":"268","description":"","caption":"","name":"dsc09997-2","status":"inherit","uploaded_to":1296,"date":"2026-03-14 11:33:27","modified":"2026-03-14 11:36:46","menu_order":0,"mime_type":"image\/jpeg","type":"image","subtype":"jpeg","icon":"https:\/\/t-golf.club\/wp-includes\/images\/media\/default.png","width":6000,"height":4000,"sizes":{"thumbnail":"https:\/\/t-golf.club\/wp-content\/uploads\/2026\/03\/DSC09997-100x100.jpg","thumbnail-width":100,"thumbnail-height":100,"medium":"https:\/\/t-golf.club\/wp-content\/uploads\/2026\/03\/DSC09997-1024x683.jpg","medium-width":1024,"medium-height":683,"medium_large":"https:\/\/t-golf.club\/wp-content\/uploads\/2026\/03\/DSC09997-768x512.jpg","medium_large-width":768,"medium_large-height":512,"large":"https:\/\/t-golf.club\/wp-content\/uploads\/2026\/03\/DSC09997-2000x1333.jpg","large-width":2000,"large-height":1333,"1536x1536":"https:\/\/t-golf.club\/wp-content\/uploads\/2026\/03\/DSC09997-1536x1024.jpg","1536x1536-width":1536,"1536x1536-height":1024,"2048x2048":"https:\/\/t-golf.club\/wp-content\/uploads\/2026\/03\/DSC09997-2048x1365.jpg","2048x2048-width":2048,"2048x2048-height":1365}},{"ID":52075,"id":52075,"title":"T Golf Palma_2","filename":"T-Golf-Palma_2.jpg","filesize":475970,"url":"https:\/\/t-golf.club\/wp-content\/uploads\/2024\/10\/T-Golf-Palma_2.jpg","link":"https:\/\/t-golf.club\/es\/member-news\/swing-de-los-80-en-t-golf-palma-puntiro\/t-golf-palma_2-2\/","alt":"","author":"268","description":"","caption":"","name":"t-golf-palma_2-2","status":"inherit","uploaded_to":55045,"date":"2024-10-26 12:09:55","modified":"2025-02-17 14:39:43","menu_order":0,"mime_type":"image\/jpeg","type":"image","subtype":"jpeg","icon":"https:\/\/t-golf.club\/wp-includes\/images\/media\/default.png","width":2048,"height":1671,"sizes":{"thumbnail":"https:\/\/t-golf.club\/wp-content\/uploads\/2024\/10\/T-Golf-Palma_2-100x100.jpg","thumbnail-width":100,"thumbnail-height":100,"medium":"https:\/\/t-golf.club\/wp-content\/uploads\/2024\/10\/T-Golf-Palma_2-1024x836.jpg","medium-width":1024,"medium-height":836,"medium_large":"https:\/\/t-golf.club\/wp-content\/uploads\/2024\/10\/T-Golf-Palma_2-768x627.jpg","medium_large-width":768,"medium_large-height":627,"large":"https:\/\/t-golf.club\/wp-content\/uploads\/2024\/10\/T-Golf-Palma_2-2000x1632.jpg","large-width":2000,"large-height":1632,"1536x1536":"https:\/\/t-golf.club\/wp-content\/uploads\/2024\/10\/T-Golf-Palma_2-1536x1253.jpg","1536x1536-width":1536,"1536x1536-height":1253,"2048x2048":"https:\/\/t-golf.club\/wp-content\/uploads\/2024\/10\/T-Golf-Palma_2.jpg","2048x2048-width":2048,"2048x2048-height":1671}},{"ID":39221,"id":39221,"title":"T Golf Palma February 2024_8","filename":"T-Golf-Palma-February-2024_8.jpg","filesize":80970,"url":"https:\/\/t-golf.club\/wp-content\/uploads\/2024\/03\/T-Golf-Palma-February-2024_8.jpg","link":"https:\/\/t-golf.club\/es\/tournaments\/t-club-trofeo-de-otono-torneo-por-parejas-solo-para-caballeros\/t-golf-palma-february-2024_8-2\/","alt":"","author":"268","description":"","caption":"","name":"t-golf-palma-february-2024_8-2","status":"inherit","uploaded_to":36799,"date":"2024-04-25 13:39:54","modified":"2024-04-25 13:39:54","menu_order":0,"mime_type":"image\/jpeg","type":"image","subtype":"jpeg","icon":"https:\/\/t-golf.club\/wp-includes\/images\/media\/default.png","width":800,"height":532,"sizes":{"thumbnail":"https:\/\/t-golf.club\/wp-content\/uploads\/2024\/03\/T-Golf-Palma-February-2024_8-100x100.jpg","thumbnail-width":100,"thumbnail-height":100,"medium":"https:\/\/t-golf.club\/wp-content\/uploads\/2024\/03\/T-Golf-Palma-February-2024_8.jpg","medium-width":800,"medium-height":532,"medium_large":"https:\/\/t-golf.club\/wp-content\/uploads\/2024\/03\/T-Golf-Palma-February-2024_8-768x511.jpg","medium_large-width":768,"medium_large-height":511,"large":"https:\/\/t-golf.club\/wp-content\/uploads\/2024\/03\/T-Golf-Palma-February-2024_8.jpg","large-width":800,"large-height":532,"1536x1536":"https:\/\/t-golf.club\/wp-content\/uploads\/2024\/03\/T-Golf-Palma-February-2024_8.jpg","1536x1536-width":800,"1536x1536-height":532,"2048x2048":"https:\/\/t-golf.club\/wp-content\/uploads\/2024\/03\/T-Golf-Palma-February-2024_8.jpg","2048x2048-width":800,"2048x2048-height":532}}],"cta":37462,"video_large":"","tournament":false,"tournament_text":"","tournament_image":false,"tournament_images":[{"image":false},{"image":false},{"image":false},{"image":false}],"tournament_background":false,"foundation_title":"Protegiendo nuestra fauna","foundation_text":"<p>En T Club creemos en el adagio de que a quien mucho se le da, mucho se le exige. Es una noble llamada a la acci\u00f3n.<\/p>\n<p>La T Foundation concentrar\u00e1 sus esfuerzos para cubrir el cuidado de los animales locales.<\/p>\n<p>Para financiar la fundaci\u00f3n, T Club donar\u00e1 un euro por cada green fee vendido. Adem\u00e1s, organizaremos un torneo ben\u00e9fico para recaudar m\u00e1s fondos. Como puede que ya sepan, T Yoga imparte sus clases sin \u00e1nimo de lucro y todas las donaciones de los alumnos se destinan a la T Foundation.<\/p>\n","foundation_subtitle":"","foundation_subtext":"","foundation_link":{"title":"Ver m\u00e1s","url":"https:\/\/t-golf.club\/es\/t-foundation\/","target":""},"foundation_images":18759,"tournament_date":"","wp_nav_image":false},"yoast_head":"<title>T Golf - Mallorca<\/title>\n<meta name=\"description\" content=\"T Golf, a tan s\u00f3lo 12 km de la ciudad de Palma, sus amplias calles y grandes greenes suponen un gran reto para el golfista de cualquier nivel. Los 18 hoyos, par 72, miden 6.450 metros y discurren por hermosas colinas onduladas.\" \/>\n<meta name=\"robots\" content=\"index, follow, max-snippet:-1, max-image-preview:large, max-video-preview:-1\" \/>\n<link rel=\"canonical\" href=\"https:\/\/t-golf.club\/es\/calvia\/\" \/>\n<meta property=\"og:locale\" content=\"es_ES\" \/>\n<meta property=\"og:type\" content=\"article\" \/>\n<meta property=\"og:title\" content=\"T Golf - Mallorca\" \/>\n<meta property=\"og:description\" content=\"T Golf, a tan s\u00f3lo 12 km de la ciudad de Palma, sus amplias calles y grandes greenes suponen un gran reto para el golfista de cualquier nivel. Los 18 hoyos, par 72, miden 6.450 metros y discurren por hermosas colinas onduladas.\" \/>\n<meta property=\"og:url\" content=\"https:\/\/t-golf.club\/es\/calvia\/\" \/>\n<meta property=\"og:site_name\" content=\"T Golf\" \/>\n<meta property=\"article:modified_time\" content=\"2026-03-21T08:15:34+00:00\" \/>\n<meta property=\"og:image\" content=\"https:\/\/t-golf.club\/wp-content\/uploads\/2020\/06\/t-golf-cover.jpg\" \/>\n\t<meta property=\"og:image:width\" content=\"1920\" \/>\n\t<meta property=\"og:image:height\" content=\"1080\" \/>\n\t<meta property=\"og:image:type\" content=\"image\/jpeg\" \/>\n<meta name=\"twitter:card\" content=\"summary_large_image\" \/>\n<meta name=\"twitter:label1\" content=\"Tiempo de lectura\" \/>\n\t<meta name=\"twitter:data1\" content=\"5 minutos\" \/>\n<script type=\"application\/ld+json\" class=\"yoast-schema-graph\">{\"@context\":\"https:\\\/\\\/schema.org\",\"@graph\":[{\"@type\":\"WebPage\",\"@id\":\"https:\\\/\\\/t-golf.club\\\/es\\\/calvia\\\/\",\"url\":\"https:\\\/\\\/t-golf.club\\\/es\\\/calvia\\\/\",\"name\":\"T Golf - Mallorca\",\"isPartOf\":{\"@id\":\"https:\\\/\\\/t-golf.club\\\/es\\\/#website\"},\"primaryImageOfPage\":{\"@id\":\"https:\\\/\\\/t-golf.club\\\/es\\\/calvia\\\/#primaryimage\"},\"image\":{\"@id\":\"https:\\\/\\\/t-golf.club\\\/es\\\/calvia\\\/#primaryimage\"},\"thumbnailUrl\":\"https:\\\/\\\/t-golf.club\\\/wp-content\\\/uploads\\\/2020\\\/06\\\/t-golf-cover.jpg\",\"datePublished\":\"2020-05-11T13:00:54+00:00\",\"dateModified\":\"2026-03-21T08:15:34+00:00\",\"description\":\"T Golf, a tan s\u00f3lo 12 km de la ciudad de Palma, sus amplias calles y grandes greenes suponen un gran reto para el golfista de cualquier nivel. Los 18 hoyos, par 72, miden 6.450 metros y discurren por hermosas colinas onduladas.\",\"breadcrumb\":{\"@id\":\"https:\\\/\\\/t-golf.club\\\/es\\\/calvia\\\/#breadcrumb\"},\"inLanguage\":\"es\",\"potentialAction\":[{\"@type\":\"ReadAction\",\"target\":[\"https:\\\/\\\/t-golf.club\\\/es\\\/calvia\\\/\"]}]},{\"@type\":\"ImageObject\",\"inLanguage\":\"es\",\"@id\":\"https:\\\/\\\/t-golf.club\\\/es\\\/calvia\\\/#primaryimage\",\"url\":\"https:\\\/\\\/t-golf.club\\\/wp-content\\\/uploads\\\/2020\\\/06\\\/t-golf-cover.jpg\",\"contentUrl\":\"https:\\\/\\\/t-golf.club\\\/wp-content\\\/uploads\\\/2020\\\/06\\\/t-golf-cover.jpg\",\"width\":1920,\"height\":1080},{\"@type\":\"BreadcrumbList\",\"@id\":\"https:\\\/\\\/t-golf.club\\\/es\\\/calvia\\\/#breadcrumb\",\"itemListElement\":[{\"@type\":\"ListItem\",\"position\":1,\"name\":\"Home\",\"item\":\"https:\\\/\\\/t-golf.club\\\/es\\\/\"},{\"@type\":\"ListItem\",\"position\":2,\"name\":\"Home Calvi\u00e0\"}]},{\"@type\":\"WebSite\",\"@id\":\"https:\\\/\\\/t-golf.club\\\/es\\\/#website\",\"url\":\"https:\\\/\\\/t-golf.club\\\/es\\\/\",\"name\":\"T Golf\",\"description\":\"\",\"inLanguage\":\"es\"}]}<\/script>","yoast_head_json":{"title":"T Golf - Mallorca","description":"T Golf, a tan s\u00f3lo 12 km de la ciudad de Palma, sus amplias calles y grandes greenes suponen un gran reto para el golfista de cualquier nivel. Los 18 hoyos, par 72, miden 6.450 metros y discurren por hermosas colinas onduladas.","robots":{"index":"index","follow":"follow","max-snippet":"max-snippet:-1","max-image-preview":"max-image-preview:large","max-video-preview":"max-video-preview:-1"},"canonical":"https:\/\/t-golf.club\/es\/calvia\/","og_locale":"es_ES","og_type":"article","og_title":"T Golf - Mallorca","og_description":"T Golf, a tan s\u00f3lo 12 km de la ciudad de Palma, sus amplias calles y grandes greenes suponen un gran reto para el golfista de cualquier nivel. Los 18 hoyos, par 72, miden 6.450 metros y discurren por hermosas colinas onduladas.","og_url":"https:\/\/t-golf.club\/es\/calvia\/","og_site_name":"T Golf","article_modified_time":"2026-03-21T08:15:34+00:00","og_image":[{"width":1920,"height":1080,"url":"https:\/\/t-golf.club\/wp-content\/uploads\/2020\/06\/t-golf-cover.jpg","type":"image\/jpeg"}],"twitter_card":"summary_large_image","twitter_misc":{"Tiempo de lectura":"5 minutos"},"schema":{"@context":"https:\/\/schema.org","@graph":[{"@type":"WebPage","@id":"https:\/\/t-golf.club\/es\/calvia\/","url":"https:\/\/t-golf.club\/es\/calvia\/","name":"T Golf - Mallorca","isPartOf":{"@id":"https:\/\/t-golf.club\/es\/#website"},"primaryImageOfPage":{"@id":"https:\/\/t-golf.club\/es\/calvia\/#primaryimage"},"image":{"@id":"https:\/\/t-golf.club\/es\/calvia\/#primaryimage"},"thumbnailUrl":"https:\/\/t-golf.club\/wp-content\/uploads\/2020\/06\/t-golf-cover.jpg","datePublished":"2020-05-11T13:00:54+00:00","dateModified":"2026-03-21T08:15:34+00:00","description":"T Golf, a tan s\u00f3lo 12 km de la ciudad de Palma, sus amplias calles y grandes greenes suponen un gran reto para el golfista de cualquier nivel. Los 18 hoyos, par 72, miden 6.450 metros y discurren por hermosas colinas onduladas.","breadcrumb":{"@id":"https:\/\/t-golf.club\/es\/calvia\/#breadcrumb"},"inLanguage":"es","potentialAction":[{"@type":"ReadAction","target":["https:\/\/t-golf.club\/es\/calvia\/"]}]},{"@type":"ImageObject","inLanguage":"es","@id":"https:\/\/t-golf.club\/es\/calvia\/#primaryimage","url":"https:\/\/t-golf.club\/wp-content\/uploads\/2020\/06\/t-golf-cover.jpg","contentUrl":"https:\/\/t-golf.club\/wp-content\/uploads\/2020\/06\/t-golf-cover.jpg","width":1920,"height":1080},{"@type":"BreadcrumbList","@id":"https:\/\/t-golf.club\/es\/calvia\/#breadcrumb","itemListElement":[{"@type":"ListItem","position":1,"name":"Home","item":"https:\/\/t-golf.club\/es\/"},{"@type":"ListItem","position":2,"name":"Home Calvi\u00e0"}]},{"@type":"WebSite","@id":"https:\/\/t-golf.club\/es\/#website","url":"https:\/\/t-golf.club\/es\/","name":"T Golf","description":"","inLanguage":"es"}]}},"_links":{"self":[{"href":"https:\/\/t-golf.club\/es\/wp-json\/wp\/v2\/pages\/1296","targetHints":{"allow":["GET"]}}],"collection":[{"href":"https:\/\/t-golf.club\/es\/wp-json\/wp\/v2\/pages"}],"about":[{"href":"https:\/\/t-golf.club\/es\/wp-json\/wp\/v2\/types\/page"}],"author":[{"embeddable":true,"href":"https:\/\/t-golf.club\/es\/wp-json\/wp\/v2\/users\/1"}],"replies":[{"embeddable":true,"href":"https:\/\/t-golf.club\/es\/wp-json\/wp\/v2\/comments?post=1296"}],"version-history":[{"count":7,"href":"https:\/\/t-golf.club\/es\/wp-json\/wp\/v2\/pages\/1296\/revisions"}],"predecessor-version":[{"id":69426,"href":"https:\/\/t-golf.club\/es\/wp-json\/wp\/v2\/pages\/1296\/revisions\/69426"}],"wp:featuredmedia":[{"embeddable":true,"href":"https:\/\/t-golf.club\/es\/wp-json\/wp\/v2\/media\/1520"}],"wp:attachment":[{"href":"https:\/\/t-golf.club\/es\/wp-json\/wp\/v2\/media?parent=1296"}],"curies":[{"name":"wp","href":"https:\/\/api.w.org\/{rel}","templated":true}]}}