{"id":1286,"date":"2020-06-04T15:24:19","date_gmt":"2020-06-04T15:24:19","guid":{"rendered":"http:\/\/t-golf.club\/yoga\/"},"modified":"2022-08-31T11:35:42","modified_gmt":"2022-08-31T11:35:42","slug":"yoga","status":"publish","type":"page","link":"https:\/\/t-golf.club\/es\/calvia\/yoga\/","title":{"rendered":"Yoga &#8211; T Golf Calvia"},"content":{"rendered":"","protected":false},"excerpt":{"rendered":"","protected":false},"author":1,"featured_media":983,"parent":1296,"menu_order":180,"comment_status":"closed","ping_status":"closed","template":"views\/yoga.blade.php","meta":{"_acf_changed":false,"footnotes":""},"class_list":["post-1286","page","type-page","status-publish","has-post-thumbnail","hentry"],"acf":{"subtitle":"Encuentre el equilibrio y su centro divino. Namast\u00e9","content":"<p><strong>En el estudio de T Yoga, Julia Tamsen comparte su pasi\u00f3n por el Yoga Vinyasa.<\/strong><\/p>\n<p>De la misma manera que la mayor\u00eda de nuestros hu\u00e9spedes son apasionados del golf, Julia Tamsen lo es del yoga. Desde hace m\u00e1s de 15 a\u00f1os, Julia ha estado practicando una gran variedad de estilos de yoga, con muchos profesores distintos. Estilos como Hatha, Iyengar, Kundalini, Poder, Calor y finalmente Yoga Vinyasa Flow. Los ha estudiado todos.<\/p>\n<p>Tras diez a\u00f1os de estudio y pr\u00e1ctica intensivos, decidi\u00f3 compartir todo lo que hab\u00eda aprendido durante 500 horas de entrenamientos para maestros de yoga con INSPYA YOGA, un equipo de profesores de yoga con sede en Australia, que imparte clases en todo el mundo.<\/p>\n<p>Vinyasa es un tipo de yoga que une el movimiento y la respiraci\u00f3n para alcanzar el equilibrio entre la mente y el cuerpo. Desde el s\u00e1nscrito \u00abpara colocar de una manera especial\u00bb, Vinyasa alinea una secuencia deliberada de poses con la respiraci\u00f3n, para lograr un flujo continuo.<\/p>\n<p>Hoy en d\u00eda, incluso la selecci\u00f3n alemana de f\u00fatbol entrena con un conocido profesor de yoga. La pr\u00e1ctica regular de yoga le beneficiar\u00e1 definitivamente tanto en su golf como en su bienestar general.<\/p>\n<p>Ofrecemos clases de yoga, de martes a viernes, a las 10.00 horas. Clases para principiantes, nivel intermedio y avanzado. Las clases duran 90 minutos. Colchonetas y todos los accesorios necesarios est\u00e1n disponibles en el estudio.<\/p>\n<p>El chef Isaac, de nuestro restaurante del club \u00abT-elicious\u00bb, nos mima con un saludable almuerzo de yoga despu\u00e9s de la clase.<\/p>\n<p>Las clases de yoga est\u00e1n basadas en donaciones y el dinero obtenido va destinado a proyectos de bienestar animal en Mallorca.<\/p>\n","gallery":[{"ID":975,"id":975,"title":"T-Golf_Yoga_1","filename":"T-Golf_Yoga_1.jpg","filesize":542641,"url":"https:\/\/t-golf.club\/wp-content\/uploads\/2020\/06\/T-Golf_Yoga_1.jpg","link":"https:\/\/t-golf.club\/es\/calvia\/yoga\/t-golf_yoga_1-2\/","alt":"","author":"1","description":"","caption":"","name":"t-golf_yoga_1-2","status":"inherit","uploaded_to":1286,"date":"2020-06-04 15:53:44","modified":"2020-06-04 15:54:10","menu_order":0,"mime_type":"image\/jpeg","type":"image","subtype":"jpeg","icon":"https:\/\/t-golf.club\/wp-includes\/images\/media\/default.png","width":1080,"height":720,"sizes":{"thumbnail":"https:\/\/t-golf.club\/wp-content\/uploads\/2020\/06\/T-Golf_Yoga_1-100x100.jpg","thumbnail-width":100,"thumbnail-height":100,"medium":"https:\/\/t-golf.club\/wp-content\/uploads\/2020\/06\/T-Golf_Yoga_1-1024x683.jpg","medium-width":1024,"medium-height":683,"medium_large":"https:\/\/t-golf.club\/wp-content\/uploads\/2020\/06\/T-Golf_Yoga_1-768x512.jpg","medium_large-width":768,"medium_large-height":512,"large":"https:\/\/t-golf.club\/wp-content\/uploads\/2020\/06\/T-Golf_Yoga_1.jpg","large-width":1080,"large-height":720,"1536x1536":"https:\/\/t-golf.club\/wp-content\/uploads\/2020\/06\/T-Golf_Yoga_1.jpg","1536x1536-width":1080,"1536x1536-height":720,"2048x2048":"https:\/\/t-golf.club\/wp-content\/uploads\/2020\/06\/T-Golf_Yoga_1.jpg","2048x2048-width":1080,"2048x2048-height":720}},{"ID":977,"id":977,"title":"T-Golf_Yoga_2","filename":"T-Golf_Yoga_2.jpg","filesize":447684,"url":"https:\/\/t-golf.club\/wp-content\/uploads\/2020\/06\/T-Golf_Yoga_2.jpg","link":"https:\/\/t-golf.club\/es\/calvia\/yoga\/t-golf_yoga_2-2\/","alt":"","author":"1","description":"","caption":"","name":"t-golf_yoga_2-2","status":"inherit","uploaded_to":1286,"date":"2020-06-04 15:53:45","modified":"2020-06-08 21:35:57","menu_order":0,"mime_type":"image\/jpeg","type":"image","subtype":"jpeg","icon":"https:\/\/t-golf.club\/wp-includes\/images\/media\/default.png","width":1080,"height":720,"sizes":{"thumbnail":"https:\/\/t-golf.club\/wp-content\/uploads\/2020\/06\/T-Golf_Yoga_2-100x100.jpg","thumbnail-width":100,"thumbnail-height":100,"medium":"https:\/\/t-golf.club\/wp-content\/uploads\/2020\/06\/T-Golf_Yoga_2-1024x683.jpg","medium-width":1024,"medium-height":683,"medium_large":"https:\/\/t-golf.club\/wp-content\/uploads\/2020\/06\/T-Golf_Yoga_2-768x512.jpg","medium_large-width":768,"medium_large-height":512,"large":"https:\/\/t-golf.club\/wp-content\/uploads\/2020\/06\/T-Golf_Yoga_2.jpg","large-width":1080,"large-height":720,"1536x1536":"https:\/\/t-golf.club\/wp-content\/uploads\/2020\/06\/T-Golf_Yoga_2.jpg","1536x1536-width":1080,"1536x1536-height":720,"2048x2048":"https:\/\/t-golf.club\/wp-content\/uploads\/2020\/06\/T-Golf_Yoga_2.jpg","2048x2048-width":1080,"2048x2048-height":720}},{"ID":979,"id":979,"title":"T-Golf_Yoga_3","filename":"T-Golf_Yoga_3.jpg","filesize":456196,"url":"https:\/\/t-golf.club\/wp-content\/uploads\/2020\/06\/T-Golf_Yoga_3.jpg","link":"https:\/\/t-golf.club\/es\/calvia\/yoga\/t-golf_yoga_3-2\/","alt":"","author":"1","description":"","caption":"","name":"t-golf_yoga_3-2","status":"inherit","uploaded_to":1286,"date":"2020-06-04 15:53:47","modified":"2020-06-04 15:53:47","menu_order":0,"mime_type":"image\/jpeg","type":"image","subtype":"jpeg","icon":"https:\/\/t-golf.club\/wp-includes\/images\/media\/default.png","width":1080,"height":720,"sizes":{"thumbnail":"https:\/\/t-golf.club\/wp-content\/uploads\/2020\/06\/T-Golf_Yoga_3-100x100.jpg","thumbnail-width":100,"thumbnail-height":100,"medium":"https:\/\/t-golf.club\/wp-content\/uploads\/2020\/06\/T-Golf_Yoga_3-1024x683.jpg","medium-width":1024,"medium-height":683,"medium_large":"https:\/\/t-golf.club\/wp-content\/uploads\/2020\/06\/T-Golf_Yoga_3-768x512.jpg","medium_large-width":768,"medium_large-height":512,"large":"https:\/\/t-golf.club\/wp-content\/uploads\/2020\/06\/T-Golf_Yoga_3.jpg","large-width":1080,"large-height":720,"1536x1536":"https:\/\/t-golf.club\/wp-content\/uploads\/2020\/06\/T-Golf_Yoga_3.jpg","1536x1536-width":1080,"1536x1536-height":720,"2048x2048":"https:\/\/t-golf.club\/wp-content\/uploads\/2020\/06\/T-Golf_Yoga_3.jpg","2048x2048-width":1080,"2048x2048-height":720}},{"ID":981,"id":981,"title":"T-Golf_Yoga_4","filename":"T-Golf_Yoga_4.jpg","filesize":443590,"url":"https:\/\/t-golf.club\/wp-content\/uploads\/2020\/06\/T-Golf_Yoga_4.jpg","link":"https:\/\/t-golf.club\/es\/calvia\/yoga\/t-golf_yoga_4-2\/","alt":"","author":"1","description":"","caption":"","name":"t-golf_yoga_4-2","status":"inherit","uploaded_to":1286,"date":"2020-06-04 15:53:48","modified":"2020-06-08 21:26:07","menu_order":0,"mime_type":"image\/jpeg","type":"image","subtype":"jpeg","icon":"https:\/\/t-golf.club\/wp-includes\/images\/media\/default.png","width":1080,"height":720,"sizes":{"thumbnail":"https:\/\/t-golf.club\/wp-content\/uploads\/2020\/06\/T-Golf_Yoga_4-100x100.jpg","thumbnail-width":100,"thumbnail-height":100,"medium":"https:\/\/t-golf.club\/wp-content\/uploads\/2020\/06\/T-Golf_Yoga_4-1024x683.jpg","medium-width":1024,"medium-height":683,"medium_large":"https:\/\/t-golf.club\/wp-content\/uploads\/2020\/06\/T-Golf_Yoga_4-768x512.jpg","medium_large-width":768,"medium_large-height":512,"large":"https:\/\/t-golf.club\/wp-content\/uploads\/2020\/06\/T-Golf_Yoga_4.jpg","large-width":1080,"large-height":720,"1536x1536":"https:\/\/t-golf.club\/wp-content\/uploads\/2020\/06\/T-Golf_Yoga_4.jpg","1536x1536-width":1080,"1536x1536-height":720,"2048x2048":"https:\/\/t-golf.club\/wp-content\/uploads\/2020\/06\/T-Golf_Yoga_4.jpg","2048x2048-width":1080,"2048x2048-height":720}}],"wp_nav_image":false},"yoast_head":"<title>Yoga - T Golf Calvia - T Golf<\/title>\n<meta name=\"robots\" content=\"index, follow, max-snippet:-1, max-image-preview:large, max-video-preview:-1\" \/>\n<link rel=\"canonical\" href=\"https:\/\/t-golf.club\/es\/calvia\/yoga\/\" \/>\n<meta property=\"og:locale\" content=\"es_ES\" \/>\n<meta property=\"og:type\" content=\"article\" \/>\n<meta property=\"og:title\" content=\"Yoga - T Golf Calvia - T Golf\" \/>\n<meta property=\"og:url\" content=\"https:\/\/t-golf.club\/es\/calvia\/yoga\/\" \/>\n<meta property=\"og:site_name\" content=\"T Golf\" \/>\n<meta property=\"article:modified_time\" content=\"2022-08-31T11:35:42+00:00\" \/>\n<meta property=\"og:image\" content=\"https:\/\/t-golf.club\/wp-content\/uploads\/2020\/06\/lavander-putting-green.jpg\" \/>\n\t<meta property=\"og:image:width\" content=\"2560\" \/>\n\t<meta property=\"og:image:height\" content=\"1920\" \/>\n\t<meta property=\"og:image:type\" content=\"image\/jpeg\" \/>\n<meta name=\"twitter:card\" content=\"summary_large_image\" \/>\n<script type=\"application\/ld+json\" class=\"yoast-schema-graph\">{\"@context\":\"https:\\\/\\\/schema.org\",\"@graph\":[{\"@type\":\"WebPage\",\"@id\":\"https:\\\/\\\/t-golf.club\\\/es\\\/calvia\\\/yoga\\\/\",\"url\":\"https:\\\/\\\/t-golf.club\\\/es\\\/calvia\\\/yoga\\\/\",\"name\":\"Yoga - T Golf Calvia - T Golf\",\"isPartOf\":{\"@id\":\"https:\\\/\\\/t-golf.club\\\/es\\\/#website\"},\"primaryImageOfPage\":{\"@id\":\"https:\\\/\\\/t-golf.club\\\/es\\\/calvia\\\/yoga\\\/#primaryimage\"},\"image\":{\"@id\":\"https:\\\/\\\/t-golf.club\\\/es\\\/calvia\\\/yoga\\\/#primaryimage\"},\"thumbnailUrl\":\"https:\\\/\\\/t-golf.club\\\/wp-content\\\/uploads\\\/2020\\\/06\\\/lavander-putting-green.jpg\",\"datePublished\":\"2020-06-04T15:24:19+00:00\",\"dateModified\":\"2022-08-31T11:35:42+00:00\",\"breadcrumb\":{\"@id\":\"https:\\\/\\\/t-golf.club\\\/es\\\/calvia\\\/yoga\\\/#breadcrumb\"},\"inLanguage\":\"es\",\"potentialAction\":[{\"@type\":\"ReadAction\",\"target\":[\"https:\\\/\\\/t-golf.club\\\/es\\\/calvia\\\/yoga\\\/\"]}]},{\"@type\":\"ImageObject\",\"inLanguage\":\"es\",\"@id\":\"https:\\\/\\\/t-golf.club\\\/es\\\/calvia\\\/yoga\\\/#primaryimage\",\"url\":\"https:\\\/\\\/t-golf.club\\\/wp-content\\\/uploads\\\/2020\\\/06\\\/lavander-putting-green.jpg\",\"contentUrl\":\"https:\\\/\\\/t-golf.club\\\/wp-content\\\/uploads\\\/2020\\\/06\\\/lavander-putting-green.jpg\",\"width\":2560,\"height\":1920,\"caption\":\"OLYMPUS DIGITAL CAMERA\"},{\"@type\":\"BreadcrumbList\",\"@id\":\"https:\\\/\\\/t-golf.club\\\/es\\\/calvia\\\/yoga\\\/#breadcrumb\",\"itemListElement\":[{\"@type\":\"ListItem\",\"position\":1,\"name\":\"Home\",\"item\":\"https:\\\/\\\/t-golf.club\\\/es\\\/\"},{\"@type\":\"ListItem\",\"position\":2,\"name\":\"Home Calvi\u00e0\",\"item\":\"https:\\\/\\\/t-golf.club\\\/es\\\/calvia\\\/\"},{\"@type\":\"ListItem\",\"position\":3,\"name\":\"Yoga &#8211; T Golf Calvia\"}]},{\"@type\":\"WebSite\",\"@id\":\"https:\\\/\\\/t-golf.club\\\/es\\\/#website\",\"url\":\"https:\\\/\\\/t-golf.club\\\/es\\\/\",\"name\":\"T Golf\",\"description\":\"\",\"inLanguage\":\"es\"}]}<\/script>","yoast_head_json":{"title":"Yoga - T Golf Calvia - T Golf","robots":{"index":"index","follow":"follow","max-snippet":"max-snippet:-1","max-image-preview":"max-image-preview:large","max-video-preview":"max-video-preview:-1"},"canonical":"https:\/\/t-golf.club\/es\/calvia\/yoga\/","og_locale":"es_ES","og_type":"article","og_title":"Yoga - T Golf Calvia - T Golf","og_url":"https:\/\/t-golf.club\/es\/calvia\/yoga\/","og_site_name":"T Golf","article_modified_time":"2022-08-31T11:35:42+00:00","og_image":[{"width":2560,"height":1920,"url":"https:\/\/t-golf.club\/wp-content\/uploads\/2020\/06\/lavander-putting-green.jpg","type":"image\/jpeg"}],"twitter_card":"summary_large_image","schema":{"@context":"https:\/\/schema.org","@graph":[{"@type":"WebPage","@id":"https:\/\/t-golf.club\/es\/calvia\/yoga\/","url":"https:\/\/t-golf.club\/es\/calvia\/yoga\/","name":"Yoga - T Golf Calvia - T Golf","isPartOf":{"@id":"https:\/\/t-golf.club\/es\/#website"},"primaryImageOfPage":{"@id":"https:\/\/t-golf.club\/es\/calvia\/yoga\/#primaryimage"},"image":{"@id":"https:\/\/t-golf.club\/es\/calvia\/yoga\/#primaryimage"},"thumbnailUrl":"https:\/\/t-golf.club\/wp-content\/uploads\/2020\/06\/lavander-putting-green.jpg","datePublished":"2020-06-04T15:24:19+00:00","dateModified":"2022-08-31T11:35:42+00:00","breadcrumb":{"@id":"https:\/\/t-golf.club\/es\/calvia\/yoga\/#breadcrumb"},"inLanguage":"es","potentialAction":[{"@type":"ReadAction","target":["https:\/\/t-golf.club\/es\/calvia\/yoga\/"]}]},{"@type":"ImageObject","inLanguage":"es","@id":"https:\/\/t-golf.club\/es\/calvia\/yoga\/#primaryimage","url":"https:\/\/t-golf.club\/wp-content\/uploads\/2020\/06\/lavander-putting-green.jpg","contentUrl":"https:\/\/t-golf.club\/wp-content\/uploads\/2020\/06\/lavander-putting-green.jpg","width":2560,"height":1920,"caption":"OLYMPUS DIGITAL CAMERA"},{"@type":"BreadcrumbList","@id":"https:\/\/t-golf.club\/es\/calvia\/yoga\/#breadcrumb","itemListElement":[{"@type":"ListItem","position":1,"name":"Home","item":"https:\/\/t-golf.club\/es\/"},{"@type":"ListItem","position":2,"name":"Home Calvi\u00e0","item":"https:\/\/t-golf.club\/es\/calvia\/"},{"@type":"ListItem","position":3,"name":"Yoga &#8211; T Golf Calvia"}]},{"@type":"WebSite","@id":"https:\/\/t-golf.club\/es\/#website","url":"https:\/\/t-golf.club\/es\/","name":"T Golf","description":"","inLanguage":"es"}]}},"_links":{"self":[{"href":"https:\/\/t-golf.club\/es\/wp-json\/wp\/v2\/pages\/1286","targetHints":{"allow":["GET"]}}],"collection":[{"href":"https:\/\/t-golf.club\/es\/wp-json\/wp\/v2\/pages"}],"about":[{"href":"https:\/\/t-golf.club\/es\/wp-json\/wp\/v2\/types\/page"}],"author":[{"embeddable":true,"href":"https:\/\/t-golf.club\/es\/wp-json\/wp\/v2\/users\/1"}],"replies":[{"embeddable":true,"href":"https:\/\/t-golf.club\/es\/wp-json\/wp\/v2\/comments?post=1286"}],"version-history":[{"count":4,"href":"https:\/\/t-golf.club\/es\/wp-json\/wp\/v2\/pages\/1286\/revisions"}],"predecessor-version":[{"id":18177,"href":"https:\/\/t-golf.club\/es\/wp-json\/wp\/v2\/pages\/1286\/revisions\/18177"}],"up":[{"embeddable":true,"href":"https:\/\/t-golf.club\/es\/wp-json\/wp\/v2\/pages\/1296"}],"wp:featuredmedia":[{"embeddable":true,"href":"https:\/\/t-golf.club\/es\/wp-json\/wp\/v2\/media\/983"}],"wp:attachment":[{"href":"https:\/\/t-golf.club\/es\/wp-json\/wp\/v2\/media?parent=1286"}],"curies":[{"name":"wp","href":"https:\/\/api.w.org\/{rel}","templated":true}]}}