{"id":1270,"date":"2020-05-18T09:08:52","date_gmt":"2020-05-18T09:08:52","guid":{"rendered":"http:\/\/t-golf.club\/golf-academy\/"},"modified":"2025-07-06T06:26:28","modified_gmt":"2025-07-06T06:26:28","slug":"academia","status":"publish","type":"page","link":"https:\/\/t-golf.club\/es\/calvia\/academia\/","title":{"rendered":"Academia &#8211; T Golf Calvia"},"content":{"rendered":"","protected":false},"excerpt":{"rendered":"","protected":false},"author":1,"featured_media":627,"parent":1296,"menu_order":161,"comment_status":"closed","ping_status":"closed","template":"views\/golf-academy.blade.php","meta":{"_acf_changed":false,"footnotes":""},"class_list":["post-1270","page","type-page","status-publish","has-post-thumbnail","hentry"],"acf":{"subtitle":" Encuentre el swing perfecto en T Golf Calvia","content":"<p><strong> Bien sea principiante o h\u00e1ndicap bajo, nuestros profesionales se comprometen a llevar su juego al siguiente nivel.<\/strong><\/p>\n<p>Nuestra pasi\u00f3n por el golf y el af\u00e1n de ayudar proviene de la filosof\u00eda de nuestro Head Pro Coque Insua. \u00abHay muchas maneras de aprender, queremos que la nuestra destaque bas\u00e1ndonos en los fundamentos adecuados y la pr\u00e1ctica de calidad, queremos que disfruten y jueguen en el campo desde el primer d\u00eda. Y lo m\u00e1s importante, que sea divertido\u00bb, dice.<\/p>\n<p>Todos nuestros instructores en T Golf son profesionales certificados por la PGA con muchos a\u00f1os de experiencia y siguen nuestra filosof\u00eda de ense\u00f1anza: \u00abHazlo simple y enf\u00f3cate en los fundamentos\u00bb. Esta es la mejor manera de entender la t\u00e9cnica del golf, disfrutar jugando al golf y alcanzar su m\u00e1ximo potencial.<\/p>\n<p>Ofrecemos nuestros servicios en ingl\u00e9s, alem\u00e1n y espa\u00f1ol. Somos Partner autorizado y centro de fitting de Taylor Made.<\/p>\n","quote":"Todos nuestros instructores en T Golf son profesionales certificados por la PGA","lesson":[{"title":"T Socios","text":"","pax":[{"title":"Clases privadas<br \/>\r\n(50 minutos)","prices":[{"price":"90\u20ac"},{"price":"105\u20ac"},{"price":"120\u20ac"},{"price":"135\u20ac"}]},{"title":"Juegue con el Pro<br \/>\r\n(110 minutos)","prices":[{"price":"180\u20ac"},{"price":"210\u20ac"},{"price":"240\u20ac"}]}],"link":""},{"title":"No socios","text":"","pax":[{"title":"Clases privadas<br \/>\r\n(50 minutos)","prices":[{"price":"125\u20ac"},{"price":"145\u20ac"},{"price":"165\u20ac"},{"price":"185\u20ac"}]},{"title":"Juegue con el Pro <br \/>\r\n(110 minutos)","prices":[{"price":"250\u20ac"},{"price":"290\u20ac"},{"price":"330\u20ac"}]}],"link":""},{"title":"Curso para Principiantes","text":"<p>Tenemos las \u00abindicaciones perfectas\u00bb preparadas para usted. Durante 6 horas, aprender\u00e1 los conceptos b\u00e1sicos del golf y disfrutar\u00e1 jugando sus primeros hoyos en el campo de golf.<\/p>\n<p>Duraci\u00f3n: 3 x 110 minutos. M\u00e1ximo 3 jugadores<br \/>\nGF de 9 hoyos no incluido. Disponibles reservas online.<\/p>\n","pax":[{"title":"","prices":[{"price":"750\u20ac"},{"price":"870\u20ac"},{"price":"990\u20ac"}]}],"link":""},{"title":"Curso de Certificado de Golf","text":"<p>Aprender\u00e1 todas las habilidades b\u00e1sicas necesarias para jugar golf y con confianza para cuando regrese a casa. Familiarizarse con el material de golf, experimentar de primera mano la variedad de golpes (put, chip, pitch y el juego largo con el Driver) nos ayudar\u00e1 a construir juntos su propio swing de golf. \u00a1El \u00faltimo d\u00eda jugar\u00e1 en el campo de golf!<\/p>\n<p>M\u00e1ximo 3 jugadores. GF de 9 hoyos no incluido. Reservas online disponibles.<\/p>\n","pax":[{"title":"","prices":[{"price":"1250\u20ac<br>(10x50minutos)"},{"price":"1740\u20ac<br>(12x50minutos)"},{"price":"1980\u20ac<br>(12x50minutos)"}]}],"link":""},{"title":"Consiga el Handicap deseado","text":"<p>Este curso es ideal para obtener la licencia que siempre dese\u00f3 tener. Durante 6* horas mejorar\u00e1 los puntos d\u00e9biles de su juego para que cuando entre en el campo pueda reducir su n\u00famero de golpes y por lo tanto logre su handicap.<br \/>\nGF de 9 hoyos no incluido. Reservas Online disponibles.<\/p>\n<p>(*) Duraci\u00f3n: 3 x 110min<\/p>\n","pax":[{"title":"","prices":[{"price":"660\u20ac"},{"price":"720\u20ac"},{"price":"780\u20ac"}]}],"link":""},{"title":"Fitting & Club Maker ","text":"<p>Contamos con las herramientas necesarias para evaluar las caracter\u00edsticas f\u00edsicas \u00fanicas, la mec\u00e1nica del swing y el estilo de juego de cada golfista, con el fin de determinar las especificaciones \u00f3ptimas para sus palos de golf. El objetivo es garantizar que el equipo est\u00e9 personalizado para maximizar el rendimiento, la consistencia y la comodidad. Somos orgullosos socios de Ping, Titleist y Taylormade. Si deseas ajustar tus palos (loft y lie), cambiar las varillas o los grips, o simplemente personalizar tus palos, tambi\u00e9n ofrecemos estos servicios en nuestro taller de fabricaci\u00f3n de palos.<br \/>\nDuraci\u00f3n: 1 x 50 minutos<\/p>\n","pax":[{"title":"","prices":[{"price":"125\u20ac"}]}],"link":""}],"lesson_text":"<p><strong>Academia de Adultos<\/strong><\/p>\n<p>Mejore su juego con la ayuda de nuestros profesionales PGA en T Golf Calvia.<\/p>\n<p>Para m\u00e1s informaci\u00f3n y reservas, cont\u00e1ctenos en T Golf Calvia.<\/p>\n<p>Tel\u00e9fono o WhatsApp:<a href=\"tel:+349638918889\">+34 638 918 889<\/a><br \/>\nE-Mail: <a href=\"mailto:academy.calvia@t-golf.club\">academy.calvia@t-golf.club<\/a><\/p>\n","lesson_subtitle":"Reservas online","lesson_text_small":"<p>Todas las clases de la Academia T Golf Calvi\u00e1 est\u00e1n sujetas a un Greenfee de uso del campo de pr\u00e1cticas de 30 \u20ac por persona y d\u00eda. Este coste es adicional al precio de la reserva de la clase. El Greenfee deber\u00e1 abonarse en la recepci\u00f3n del club antes de la clase.<\/p>\n","lesson_link":"","pgas_pro":[{"image":23505,"name":"Coque Insua","title":"Head Professional de golf en T Golf Academy","text":"<p><strong>Idiomas: espa\u00f1ol, ingl\u00e9s, alem\u00e1n, catal\u00e1n<\/strong><\/p>\n<p>Coque ha sido profesional de la PGA desde 2009 e instructor PGA desde 2010.<br \/>\nOtros: TPI, Vision 54, Vector, Smart2move<\/p>\n<p>Tras muchos a\u00f1os de experiencia y trabajar con buenos jugadores de golf me resulta f\u00e1cil analizar un swing y encontrar los puntos d\u00e9biles. Durante la lecci\u00f3n aprender\u00e1 algunos ejercicios que mejorar\u00e1n su juego y algunos consejos que son individualizados.<\/p>\n<p>Para m\u00e1s informaci\u00f3n y reservas, cont\u00e1ctenos en T Golf Calvia.<br \/>\nTel\u00e9fono o WhatsApp:<a href=\"tel:+349638918889\">+34 638 918 889<\/a><br \/>\nE-Mail: <a href=\"mailto:academy.calvia@t-golf.club\">academy.calvia@t-golf.club<\/a><\/p>\n","link":{"title":"Reservar","url":"mailto:academy.calvia@t-golf.club","target":"_blank"}},{"image":23518,"name":"Marc Urp\u00ed","title":"PGA Pro","text":"<p><strong>Idiomas: espa\u00f1ol, ingl\u00e9s, alem\u00e1n, catal\u00e1n.<\/strong><\/p>\n<p>Profesional de la PGA desde 1998.<\/p>\n<p>A lo largo de mis m\u00e1s de 23 a\u00f1os como profesional PGA Spain y Swiss PGA he tenido la ocasi\u00f3n de ense\u00f1ar a jugadores de todos los niveles y edades.<\/p>\n<p>Cada persona tiene un swing \u00fanico o estilo personal que es intransferible.<br \/>\nNo obstante, todos los jugadores exitosos tienen en com\u00fan posiciones clave en su swing.<\/p>\n<p>Trabajando estas posiciones clave puedo mejorar cualquier swing, independientemente de la edad o el nivel de juego, respetando ese estilo personal y las capacidades f\u00edsicas de cada jugador.<br \/>\nMi m\u00e9todo de trabajo est\u00e1 basado en el sistema P10 de O\u2019Grady.<\/p>\n<p>Para m\u00e1s informaci\u00f3n y reservas, cont\u00e1ctenos en T Golf Calvia.<br \/>\nTel\u00e9fono o WhatsApp:<a href=\"tel:+349638918889\">+34 638 918 889<\/a><br \/>\nE-Mail: <a href=\"mailto:academy.calvia@t-golf.club\">academy.calvia@t-golf.club<\/a><\/p>\n","link":{"title":"Reservar","url":"mailto:academy.calvia@t-golf.club","target":"_blank"}},{"image":34439,"name":"Moritz Beyer","title":"Entrenador personal","text":"<p><strong>Idiomas: espa\u00f1ol, ingl\u00e9s, alem\u00e1n<\/strong><\/p>\n<p>Moritz Beyer es un apasionado entrenador personal especializado en la mejora de la movilidad espec\u00edfica para el golf. Su enfoque \u00fanico y personalizado se centra en ayudar a los golfistas a optimizar su rendimiento a trav\u00e9s de ejercicios y t\u00e9cnicas dise\u00f1adas para aumentar la flexibilidad, fortalecer los m\u00fasculos clave y corregir movimientos que podr\u00edan llevar a lesiones. Ofrece sus servicios en T Golf Calvia y T Golf Palma Puntiro.<\/p>\n<p>En ambos pueden entrenar mano a mano con \u00e9l y desarrollar un programa de entrenamiento adaptado a sus necesidades individuales y metas espec\u00edficas en el golf.<\/p>\n<p>La novedad en T Golf Palma es el reci\u00e9n inaugurado gimnasio, un espacio equipado con instalaciones que brindan la oportunidad de mejorar la condici\u00f3n f\u00edsica general. Este gimnasio est\u00e1 situado en el Driving Range y eso hace que en la misma sesi\u00f3n puedas trabajar el f\u00edsico y golpear unas bolas para introducir el gesto deseado en tu swing. Moritz Beyer se destaca por su enfoque hol\u00edstico para el entrenamiento. Su compromiso con la excelencia y su pasi\u00f3n se reflejan en la calidad de sus servicios, brindando a los alumnos las herramientas necesarias para alcanzar su m\u00e1ximo potencial en el campo.<\/p>\n<p>Para m\u00e1s informaci\u00f3n y reservas, cont\u00e1ctele a trav\u00e9s de su WhatsApp:<br \/>\nTel\u00e9fono <a href=\"tel:+34622939369\">+34 622 93 93 69<\/a><\/p>\n","link":""}],"wp_nav_image":false,"lesson_use_iframe":false},"yoast_head":"<title>Academia - T Golf Calvia - T Golf<\/title>\n<meta name=\"robots\" content=\"index, follow, max-snippet:-1, max-image-preview:large, max-video-preview:-1\" \/>\n<link rel=\"canonical\" href=\"https:\/\/t-golf.club\/es\/calvia\/academia\/\" \/>\n<meta property=\"og:locale\" content=\"es_ES\" \/>\n<meta property=\"og:type\" content=\"article\" \/>\n<meta property=\"og:title\" content=\"Academia - T Golf Calvia - T Golf\" \/>\n<meta property=\"og:url\" content=\"https:\/\/t-golf.club\/es\/calvia\/academia\/\" \/>\n<meta property=\"og:site_name\" content=\"T Golf\" \/>\n<meta property=\"article:modified_time\" content=\"2025-07-06T06:26:28+00:00\" \/>\n<meta property=\"og:image\" content=\"https:\/\/t-golf.club\/wp-content\/uploads\/2020\/06\/T-Golf-7th-Hole.jpg\" \/>\n\t<meta property=\"og:image:width\" content=\"2560\" \/>\n\t<meta property=\"og:image:height\" content=\"1920\" \/>\n\t<meta property=\"og:image:type\" content=\"image\/jpeg\" \/>\n<meta name=\"twitter:card\" content=\"summary_large_image\" \/>\n<meta name=\"twitter:label1\" content=\"Tiempo de lectura\" \/>\n\t<meta name=\"twitter:data1\" content=\"6 minutos\" \/>\n<script type=\"application\/ld+json\" class=\"yoast-schema-graph\">{\"@context\":\"https:\\\/\\\/schema.org\",\"@graph\":[{\"@type\":\"WebPage\",\"@id\":\"https:\\\/\\\/t-golf.club\\\/es\\\/calvia\\\/academia\\\/\",\"url\":\"https:\\\/\\\/t-golf.club\\\/es\\\/calvia\\\/academia\\\/\",\"name\":\"Academia - T Golf Calvia - T Golf\",\"isPartOf\":{\"@id\":\"https:\\\/\\\/t-golf.club\\\/es\\\/#website\"},\"primaryImageOfPage\":{\"@id\":\"https:\\\/\\\/t-golf.club\\\/es\\\/calvia\\\/academia\\\/#primaryimage\"},\"image\":{\"@id\":\"https:\\\/\\\/t-golf.club\\\/es\\\/calvia\\\/academia\\\/#primaryimage\"},\"thumbnailUrl\":\"https:\\\/\\\/t-golf.club\\\/wp-content\\\/uploads\\\/2020\\\/06\\\/T-Golf-7th-Hole.jpg\",\"datePublished\":\"2020-05-18T09:08:52+00:00\",\"dateModified\":\"2025-07-06T06:26:28+00:00\",\"breadcrumb\":{\"@id\":\"https:\\\/\\\/t-golf.club\\\/es\\\/calvia\\\/academia\\\/#breadcrumb\"},\"inLanguage\":\"es\",\"potentialAction\":[{\"@type\":\"ReadAction\",\"target\":[\"https:\\\/\\\/t-golf.club\\\/es\\\/calvia\\\/academia\\\/\"]}]},{\"@type\":\"ImageObject\",\"inLanguage\":\"es\",\"@id\":\"https:\\\/\\\/t-golf.club\\\/es\\\/calvia\\\/academia\\\/#primaryimage\",\"url\":\"https:\\\/\\\/t-golf.club\\\/wp-content\\\/uploads\\\/2020\\\/06\\\/T-Golf-7th-Hole.jpg\",\"contentUrl\":\"https:\\\/\\\/t-golf.club\\\/wp-content\\\/uploads\\\/2020\\\/06\\\/T-Golf-7th-Hole.jpg\",\"width\":2560,\"height\":1920},{\"@type\":\"BreadcrumbList\",\"@id\":\"https:\\\/\\\/t-golf.club\\\/es\\\/calvia\\\/academia\\\/#breadcrumb\",\"itemListElement\":[{\"@type\":\"ListItem\",\"position\":1,\"name\":\"Home\",\"item\":\"https:\\\/\\\/t-golf.club\\\/es\\\/\"},{\"@type\":\"ListItem\",\"position\":2,\"name\":\"Home Calvi\u00e0\",\"item\":\"https:\\\/\\\/t-golf.club\\\/es\\\/calvia\\\/\"},{\"@type\":\"ListItem\",\"position\":3,\"name\":\"Academia &#8211; T Golf Calvia\"}]},{\"@type\":\"WebSite\",\"@id\":\"https:\\\/\\\/t-golf.club\\\/es\\\/#website\",\"url\":\"https:\\\/\\\/t-golf.club\\\/es\\\/\",\"name\":\"T Golf\",\"description\":\"\",\"inLanguage\":\"es\"}]}<\/script>","yoast_head_json":{"title":"Academia - T Golf Calvia - T Golf","robots":{"index":"index","follow":"follow","max-snippet":"max-snippet:-1","max-image-preview":"max-image-preview:large","max-video-preview":"max-video-preview:-1"},"canonical":"https:\/\/t-golf.club\/es\/calvia\/academia\/","og_locale":"es_ES","og_type":"article","og_title":"Academia - T Golf Calvia - T Golf","og_url":"https:\/\/t-golf.club\/es\/calvia\/academia\/","og_site_name":"T Golf","article_modified_time":"2025-07-06T06:26:28+00:00","og_image":[{"width":2560,"height":1920,"url":"https:\/\/t-golf.club\/wp-content\/uploads\/2020\/06\/T-Golf-7th-Hole.jpg","type":"image\/jpeg"}],"twitter_card":"summary_large_image","twitter_misc":{"Tiempo de lectura":"6 minutos"},"schema":{"@context":"https:\/\/schema.org","@graph":[{"@type":"WebPage","@id":"https:\/\/t-golf.club\/es\/calvia\/academia\/","url":"https:\/\/t-golf.club\/es\/calvia\/academia\/","name":"Academia - T Golf Calvia - T Golf","isPartOf":{"@id":"https:\/\/t-golf.club\/es\/#website"},"primaryImageOfPage":{"@id":"https:\/\/t-golf.club\/es\/calvia\/academia\/#primaryimage"},"image":{"@id":"https:\/\/t-golf.club\/es\/calvia\/academia\/#primaryimage"},"thumbnailUrl":"https:\/\/t-golf.club\/wp-content\/uploads\/2020\/06\/T-Golf-7th-Hole.jpg","datePublished":"2020-05-18T09:08:52+00:00","dateModified":"2025-07-06T06:26:28+00:00","breadcrumb":{"@id":"https:\/\/t-golf.club\/es\/calvia\/academia\/#breadcrumb"},"inLanguage":"es","potentialAction":[{"@type":"ReadAction","target":["https:\/\/t-golf.club\/es\/calvia\/academia\/"]}]},{"@type":"ImageObject","inLanguage":"es","@id":"https:\/\/t-golf.club\/es\/calvia\/academia\/#primaryimage","url":"https:\/\/t-golf.club\/wp-content\/uploads\/2020\/06\/T-Golf-7th-Hole.jpg","contentUrl":"https:\/\/t-golf.club\/wp-content\/uploads\/2020\/06\/T-Golf-7th-Hole.jpg","width":2560,"height":1920},{"@type":"BreadcrumbList","@id":"https:\/\/t-golf.club\/es\/calvia\/academia\/#breadcrumb","itemListElement":[{"@type":"ListItem","position":1,"name":"Home","item":"https:\/\/t-golf.club\/es\/"},{"@type":"ListItem","position":2,"name":"Home Calvi\u00e0","item":"https:\/\/t-golf.club\/es\/calvia\/"},{"@type":"ListItem","position":3,"name":"Academia &#8211; T Golf Calvia"}]},{"@type":"WebSite","@id":"https:\/\/t-golf.club\/es\/#website","url":"https:\/\/t-golf.club\/es\/","name":"T Golf","description":"","inLanguage":"es"}]}},"_links":{"self":[{"href":"https:\/\/t-golf.club\/es\/wp-json\/wp\/v2\/pages\/1270","targetHints":{"allow":["GET"]}}],"collection":[{"href":"https:\/\/t-golf.club\/es\/wp-json\/wp\/v2\/pages"}],"about":[{"href":"https:\/\/t-golf.club\/es\/wp-json\/wp\/v2\/types\/page"}],"author":[{"embeddable":true,"href":"https:\/\/t-golf.club\/es\/wp-json\/wp\/v2\/users\/1"}],"replies":[{"embeddable":true,"href":"https:\/\/t-golf.club\/es\/wp-json\/wp\/v2\/comments?post=1270"}],"version-history":[{"count":5,"href":"https:\/\/t-golf.club\/es\/wp-json\/wp\/v2\/pages\/1270\/revisions"}],"predecessor-version":[{"id":59728,"href":"https:\/\/t-golf.club\/es\/wp-json\/wp\/v2\/pages\/1270\/revisions\/59728"}],"up":[{"embeddable":true,"href":"https:\/\/t-golf.club\/es\/wp-json\/wp\/v2\/pages\/1296"}],"wp:featuredmedia":[{"embeddable":true,"href":"https:\/\/t-golf.club\/es\/wp-json\/wp\/v2\/media\/627"}],"wp:attachment":[{"href":"https:\/\/t-golf.club\/es\/wp-json\/wp\/v2\/media?parent=1270"}],"curies":[{"name":"wp","href":"https:\/\/api.w.org\/{rel}","templated":true}]}}