{"id":1139,"date":"2020-06-06T15:46:11","date_gmt":"2020-06-06T15:46:11","guid":{"rendered":"http:\/\/t-golf.club\/?page_id=1139"},"modified":"2020-06-06T15:48:32","modified_gmt":"2020-06-06T15:48:32","slug":"la-bicicleta","status":"publish","type":"page","link":"https:\/\/t-golf.club\/es\/la-bicicleta\/","title":{"rendered":"La Bicicleta"},"content":{"rendered":"","protected":false},"excerpt":{"rendered":"","protected":false},"author":1,"featured_media":596,"parent":0,"menu_order":150,"comment_status":"closed","ping_status":"closed","template":"views\/bicicle.blade.php","meta":{"_acf_changed":false,"footnotes":""},"class_list":["post-1139","page","type-page","status-publish","has-post-thumbnail","hentry"],"acf":{"subtitle":"El chico, la chica y la bicicleta","content":"","chapters":[{"title":"Cap\u00edtulo 1","text":"<p>Sit\u00faese en el tee de amarillas del hoyo 6 y mire hacia arriba, a su derecha. Algo llama la atenci\u00f3n en uno de los \u00e1rboles. Colgando del tronco, como una medalla en el uniforme de un soldado, es el marco oxidado de una bicicleta antigua. No es una visi\u00f3n com\u00fan, pero la historia de c\u00f3mo lleg\u00f3 a ser all\u00ed tampoco es com\u00fan.<br \/>\nLa leyenda dice que hace muchos a\u00f1os, durante la Guerra Civil Espa\u00f1ola, un joven campesino trabajaba en los campos de Calvi\u00e1. Como tantas personas en su situaci\u00f3n, era pobre y la bicicleta, su \u00fanico medio de transporte. Cabalgaba temprano por la ma\u00f1ana, trabajaba de sol a sol y caminaba de nuevo, de vuelta a casa. Hab\u00eda varias bocas para ayudar a alimentar y muchos d\u00edas el joven era el primero en llegar y el \u00faltimo en salir.<br \/>\nUna ma\u00f1ana, como cualquier otra ma\u00f1ana, dej\u00f3 su bicicleta a la sombra de un \u00e1rbol y se dirigi\u00f3 al campo. All\u00ed vi\u00f3 a una joven apoyada en un viejo pino, leyendo un libro. La hab\u00eda visto antes, montada en una hermosa yegua de casta\u00f1a a lo largo del camino de tierra que corr\u00eda entre los campos y la finca.<br \/>\nEsa ma\u00f1ana se puso el sombrero mientras caminaba y dijo \u00abBuenos Dias\u00bb. As\u00ed fue como empez\u00f3. La ve\u00eda cada ma\u00f1ana sentada en el mismo lugar. Poco a poco fue superando su timidez inicial y se paraba a hablar con ella. Cada ma\u00f1ana llegaba un poco antes para tener m\u00e1s tiempo juntos. Pronto, esos primeros encuentros inocentes se fueron convirtiendo en amor.<br \/>\nAlgunas ma\u00f1anas ella lo encontraba en la carretera, saltaba sobre los manillares y los dos pasaban unos rom\u00e1nticos momentos juntos recorriendo los caminos de la zona. A \u00e9l le encantaba la velocidad, ver c\u00f3mo el viento jugaba con su precioso cabello y el olor de su perfume. Juntos en esa bicicleta se sintieron libres.<br \/>\nCuando su madre se enter\u00f3 de este amor inocente entre los j\u00f3venes, le rog\u00f3 que olvidara a la chica. Sus compa\u00f1eros de trabajo tambi\u00e9n le advirtieron, pero el chico era a\u00fan muy joven, estaba muy enamorado y no ten\u00eda ning\u00fan miedo. Pronto ocurrir\u00edan dos cosas que cambiar\u00edan sus vidas para siempre. La cosecha lleg\u00f3 a su fin y la guerra estall\u00f3 por todo el pa\u00eds.<\/p>\n"},{"title":"Cap\u00edtulo 2","text":"<p>ue un buen a\u00f1o para los agricultores de la zona, la cosecha hab\u00eda llegado temprano y fue abundante. Pero fue un a\u00f1o muy malo para la democracia en Espa\u00f1a. El 17 de julio comenz\u00f3 la Guerra Civil y tambi\u00e9n hab\u00eda llegado a Mallorca. El General Franco y sus tropas se extendieron como una enorme plaga por todo el pa\u00eds y destruyeron todo lo que se interpon\u00eda en su camino con crueldad. El joven, cuyo nombre era Joaqu\u00edn, era un antifascista y, como muchos otros, tom\u00f3 las armas contra el ej\u00e9rcito de la derecha. Pronto, sin embargo, los fascistas tomaron el poder, por lo que \u00e9l y la chica, Gabriela, no pudieron reunirse muy a menudo. Simplemente era demasiado peligroso, la zona de guerra estaba demasiado cerca. Un d\u00eda Gabriela lleg\u00f3 a su punto de encuentro, pero Joaqu\u00edn no estaba all\u00ed. Aunque su bicicleta s\u00ed lo estaba, apoyada en un \u00e1rbol joven. Ella esper\u00f3 durante horas pero \u00e9l nunca apareci\u00f3. Finalmente, cuando la noche comenz\u00f3 a caer, ella se dirigi\u00f3 tristemente a casa, asustada por su vida. Todos los d\u00edas ella regresaba con la esperanza de encontrarlo o al menos alguna se\u00f1al del amor de su vida. Pero eso nunca sucedi\u00f3. Joaqu\u00edn fue solo uno de los muchos j\u00f3venes desaparecidos en la Guerra Civil. Al finalizar la guerra hab\u00eda cientos de miles de soldados cuyo destino tambi\u00e9n es desconocido.<br \/>\nNunca se supo de Joaqu\u00edn y nunca se encontr\u00f3 su cuerpo. Su bicicleta fue olvidada en el bosque. Se oxid\u00f3 y las ruedas se cayeron. El \u00e1rbol joven comenz\u00f3 a crecer sobre los radios y rueda delanteros y se convirtieron en uno con el \u00e1rbol. Hoy, m\u00e1s de ochenta a\u00f1os despu\u00e9s, el \u00e1rbol contin\u00faa creciendo y levanta la bicicleta hacia los cielos en recuerdo a Joaqu\u00edn y Gabriela, y a los j\u00f3venes enamorados de todo el mundo.<\/p>\n<p>La pr\u00f3xima vez que est\u00e9 en el tee de salida del hoyo 6, podr\u00e1 verlo justo a la derecha, casi a ocho metros de altura. Realmente se tiene que mirar hacia arriba para verlo. En T-Golf planeamos hacer honor a esta bicicleta hist\u00f3rica de una manera muy especial. Para averiguar lo que hemos planeado, permanezca atento al Cap\u00edtulo 3.<\/p>\n"}]},"yoast_head":"<title>La Bicicleta - T Golf<\/title>\n<meta name=\"robots\" content=\"index, follow, max-snippet:-1, max-image-preview:large, max-video-preview:-1\" \/>\n<link rel=\"canonical\" href=\"https:\/\/t-golf.club\/es\/la-bicicleta\/\" \/>\n<meta property=\"og:locale\" content=\"es_ES\" \/>\n<meta property=\"og:type\" content=\"article\" \/>\n<meta property=\"og:title\" content=\"La Bicicleta - T Golf\" \/>\n<meta property=\"og:url\" content=\"https:\/\/t-golf.club\/es\/la-bicicleta\/\" \/>\n<meta property=\"og:site_name\" content=\"T Golf\" \/>\n<meta property=\"article:modified_time\" content=\"2020-06-06T15:48:32+00:00\" \/>\n<meta property=\"og:image\" content=\"https:\/\/t-golf.club\/wp-content\/uploads\/2020\/06\/THE-BIKE-HANGING-ON-THE-TREE.jpeg\" \/>\n\t<meta property=\"og:image:width\" content=\"1200\" \/>\n\t<meta property=\"og:image:height\" content=\"720\" \/>\n\t<meta property=\"og:image:type\" content=\"image\/jpeg\" \/>\n<meta name=\"twitter:card\" content=\"summary_large_image\" \/>\n<script type=\"application\/ld+json\" class=\"yoast-schema-graph\">{\"@context\":\"https:\\\/\\\/schema.org\",\"@graph\":[{\"@type\":\"WebPage\",\"@id\":\"https:\\\/\\\/t-golf.club\\\/es\\\/la-bicicleta\\\/\",\"url\":\"https:\\\/\\\/t-golf.club\\\/es\\\/la-bicicleta\\\/\",\"name\":\"La Bicicleta - T Golf\",\"isPartOf\":{\"@id\":\"https:\\\/\\\/t-golf.club\\\/es\\\/#website\"},\"primaryImageOfPage\":{\"@id\":\"https:\\\/\\\/t-golf.club\\\/es\\\/la-bicicleta\\\/#primaryimage\"},\"image\":{\"@id\":\"https:\\\/\\\/t-golf.club\\\/es\\\/la-bicicleta\\\/#primaryimage\"},\"thumbnailUrl\":\"https:\\\/\\\/t-golf.club\\\/wp-content\\\/uploads\\\/2020\\\/06\\\/THE-BIKE-HANGING-ON-THE-TREE.jpeg\",\"datePublished\":\"2020-06-06T15:46:11+00:00\",\"dateModified\":\"2020-06-06T15:48:32+00:00\",\"breadcrumb\":{\"@id\":\"https:\\\/\\\/t-golf.club\\\/es\\\/la-bicicleta\\\/#breadcrumb\"},\"inLanguage\":\"es\",\"potentialAction\":[{\"@type\":\"ReadAction\",\"target\":[\"https:\\\/\\\/t-golf.club\\\/es\\\/la-bicicleta\\\/\"]}]},{\"@type\":\"ImageObject\",\"inLanguage\":\"es\",\"@id\":\"https:\\\/\\\/t-golf.club\\\/es\\\/la-bicicleta\\\/#primaryimage\",\"url\":\"https:\\\/\\\/t-golf.club\\\/wp-content\\\/uploads\\\/2020\\\/06\\\/THE-BIKE-HANGING-ON-THE-TREE.jpeg\",\"contentUrl\":\"https:\\\/\\\/t-golf.club\\\/wp-content\\\/uploads\\\/2020\\\/06\\\/THE-BIKE-HANGING-ON-THE-TREE.jpeg\",\"width\":1200,\"height\":720},{\"@type\":\"BreadcrumbList\",\"@id\":\"https:\\\/\\\/t-golf.club\\\/es\\\/la-bicicleta\\\/#breadcrumb\",\"itemListElement\":[{\"@type\":\"ListItem\",\"position\":1,\"name\":\"Home\",\"item\":\"https:\\\/\\\/t-golf.club\\\/es\\\/\"},{\"@type\":\"ListItem\",\"position\":2,\"name\":\"La Bicicleta\"}]},{\"@type\":\"WebSite\",\"@id\":\"https:\\\/\\\/t-golf.club\\\/es\\\/#website\",\"url\":\"https:\\\/\\\/t-golf.club\\\/es\\\/\",\"name\":\"T Golf\",\"description\":\"\",\"inLanguage\":\"es\"}]}<\/script>","yoast_head_json":{"title":"La Bicicleta - T Golf","robots":{"index":"index","follow":"follow","max-snippet":"max-snippet:-1","max-image-preview":"max-image-preview:large","max-video-preview":"max-video-preview:-1"},"canonical":"https:\/\/t-golf.club\/es\/la-bicicleta\/","og_locale":"es_ES","og_type":"article","og_title":"La Bicicleta - T Golf","og_url":"https:\/\/t-golf.club\/es\/la-bicicleta\/","og_site_name":"T Golf","article_modified_time":"2020-06-06T15:48:32+00:00","og_image":[{"width":1200,"height":720,"url":"https:\/\/t-golf.club\/wp-content\/uploads\/2020\/06\/THE-BIKE-HANGING-ON-THE-TREE.jpeg","type":"image\/jpeg"}],"twitter_card":"summary_large_image","schema":{"@context":"https:\/\/schema.org","@graph":[{"@type":"WebPage","@id":"https:\/\/t-golf.club\/es\/la-bicicleta\/","url":"https:\/\/t-golf.club\/es\/la-bicicleta\/","name":"La Bicicleta - T Golf","isPartOf":{"@id":"https:\/\/t-golf.club\/es\/#website"},"primaryImageOfPage":{"@id":"https:\/\/t-golf.club\/es\/la-bicicleta\/#primaryimage"},"image":{"@id":"https:\/\/t-golf.club\/es\/la-bicicleta\/#primaryimage"},"thumbnailUrl":"https:\/\/t-golf.club\/wp-content\/uploads\/2020\/06\/THE-BIKE-HANGING-ON-THE-TREE.jpeg","datePublished":"2020-06-06T15:46:11+00:00","dateModified":"2020-06-06T15:48:32+00:00","breadcrumb":{"@id":"https:\/\/t-golf.club\/es\/la-bicicleta\/#breadcrumb"},"inLanguage":"es","potentialAction":[{"@type":"ReadAction","target":["https:\/\/t-golf.club\/es\/la-bicicleta\/"]}]},{"@type":"ImageObject","inLanguage":"es","@id":"https:\/\/t-golf.club\/es\/la-bicicleta\/#primaryimage","url":"https:\/\/t-golf.club\/wp-content\/uploads\/2020\/06\/THE-BIKE-HANGING-ON-THE-TREE.jpeg","contentUrl":"https:\/\/t-golf.club\/wp-content\/uploads\/2020\/06\/THE-BIKE-HANGING-ON-THE-TREE.jpeg","width":1200,"height":720},{"@type":"BreadcrumbList","@id":"https:\/\/t-golf.club\/es\/la-bicicleta\/#breadcrumb","itemListElement":[{"@type":"ListItem","position":1,"name":"Home","item":"https:\/\/t-golf.club\/es\/"},{"@type":"ListItem","position":2,"name":"La Bicicleta"}]},{"@type":"WebSite","@id":"https:\/\/t-golf.club\/es\/#website","url":"https:\/\/t-golf.club\/es\/","name":"T Golf","description":"","inLanguage":"es"}]}},"_links":{"self":[{"href":"https:\/\/t-golf.club\/es\/wp-json\/wp\/v2\/pages\/1139","targetHints":{"allow":["GET"]}}],"collection":[{"href":"https:\/\/t-golf.club\/es\/wp-json\/wp\/v2\/pages"}],"about":[{"href":"https:\/\/t-golf.club\/es\/wp-json\/wp\/v2\/types\/page"}],"author":[{"embeddable":true,"href":"https:\/\/t-golf.club\/es\/wp-json\/wp\/v2\/users\/1"}],"replies":[{"embeddable":true,"href":"https:\/\/t-golf.club\/es\/wp-json\/wp\/v2\/comments?post=1139"}],"version-history":[{"count":2,"href":"https:\/\/t-golf.club\/es\/wp-json\/wp\/v2\/pages\/1139\/revisions"}],"predecessor-version":[{"id":1141,"href":"https:\/\/t-golf.club\/es\/wp-json\/wp\/v2\/pages\/1139\/revisions\/1141"}],"wp:featuredmedia":[{"embeddable":true,"href":"https:\/\/t-golf.club\/es\/wp-json\/wp\/v2\/media\/596"}],"wp:attachment":[{"href":"https:\/\/t-golf.club\/es\/wp-json\/wp\/v2\/media?parent=1139"}],"curies":[{"name":"wp","href":"https:\/\/api.w.org\/{rel}","templated":true}]}}