{"id":1128,"date":"2020-06-06T15:29:19","date_gmt":"2020-06-06T15:29:19","guid":{"rendered":"http:\/\/t-golf.club\/?page_id=1128"},"modified":"2022-08-26T09:48:51","modified_gmt":"2022-08-26T09:48:51","slug":"alquileres","status":"publish","type":"page","link":"https:\/\/t-golf.club\/es\/alquileres\/","title":{"rendered":"Alquileres"},"content":{"rendered":"","protected":false},"excerpt":{"rendered":"","protected":false},"author":1,"featured_media":17569,"parent":0,"menu_order":146,"comment_status":"closed","ping_status":"closed","template":"views\/rental.blade.php","meta":{"_acf_changed":false,"footnotes":""},"class_list":["post-1128","page","type-page","status-publish","has-post-thumbnail","hentry"],"acf":{"subtitle":"El \u00faltimo equipo disponible en alquiler","link_back":{"title":"Campo","url":"http:\/\/t-golf.club\/es\/campo\/","target":""},"content":[{"image":1116,"title":"Ju-Cad","text":"<p>Nuestros carritos el\u00e9ctricos de <strong>Ju-Cad<\/strong> hacen que caminar por el campo sea un placer. Nada es mejor que caminar por un gran campo de golf y es por eso que en T Golf disponemos del mejor carrito el\u00e9ctrico del mundo para que su pr\u00f3xima partida sea a\u00fan m\u00e1s especial.<\/p>\n<p>Hecho a mano en Alemania, JuCad es conocido por crear los trolleys de golf m\u00e1s finos y lujosos. Recientemente nombrados Marca del A\u00f1o en la categor\u00eda de equipamiento de golf, estos trolleys el\u00e9ctricos son lo suficientemente silenciosos y potentes como para ir a cualquier lugar donde le lleve el juego. Pruebe una de estas maravillas el\u00e9ctricas y haga que caminar por el campo en su pr\u00f3xima partida sea una verdadera brisa.<\/p>\n"},{"image":1109,"title":"Buggy","text":"<p>Tambi\u00e9n ofrecemos los mejores buggies del mercado para hacer de su partida una experiencia a\u00fan m\u00e1s lujosa. Los buggies de T Golf est\u00e1n dise\u00f1ados para hacer su experiencia de golf a\u00fan mejor.<\/p>\n<p>Cada una de estas bellezas de \u00faltima generaci\u00f3n viene equipada con GPS con medidas del campo, pantalla t\u00e1ctil de 10,2&#8243;, estaci\u00f3n de carga, vista en 3D de cada hoyo y medidas exactas en toda la partida. Adem\u00e1s, el Marshal puede controlar la posici\u00f3n del jugador para mantener el ritmo de juego e incluso puede comunicarse directamente con la casa club en caso de emergencia o simplemente para pedir una bebida.<\/p>\n"},{"image":1418,"title":"Palos","text":"<p>\u00bfNo trae sus palos? No teman porque TaylorMade est\u00e1 aqu\u00ed. En T Golf ofrecemos el \u00faltimo modelo de palos TaylorMade para alquilar.<\/p>\n<p>T Golf es un campo desafiante y entendemos que necesite el mejor equipo para el desaf\u00edo. Por eso ofrecemos los palos m\u00e1s nuevos de TaylorMade en nuestra tienda y para alquilar. Este a\u00f1o TaylorMade ha presentado la nueva serie SIM (Shape-in-Motion), que se centra m\u00e1s en la geometr\u00eda para aumentar la velocidad de la cabeza del palo, lo que resulta en tiros m\u00e1s largos y rectos.<\/p>\n<p>Pru\u00e9belos, su tarjeta de puntuaci\u00f3n se lo agradecer\u00e1.<\/p>\n"}],"cta":{"ID":1143,"post_author":"1","post_date":"2020-06-07 10:52:45","post_date_gmt":"2020-06-07 10:52:45","post_content":"","post_title":"Visite nuestros 18 hoyos","post_excerpt":"","post_status":"publish","comment_status":"closed","ping_status":"closed","post_password":"","post_name":"visita-nuestros-18-hoyos","to_ping":"","pinged":"","post_modified":"2020-07-21 14:21:06","post_modified_gmt":"2020-07-21 14:21:06","post_content_filtered":"","post_parent":0,"guid":"http:\/\/t-golf.club\/?post_type=cta&#038;p=1143","menu_order":18,"post_type":"cta","post_mime_type":"","comment_count":"0","filter":"raw"},"wp_nav_image":false},"yoast_head":"<title>Alquileres - T Golf<\/title>\n<meta name=\"robots\" content=\"index, follow, max-snippet:-1, max-image-preview:large, max-video-preview:-1\" \/>\n<link rel=\"canonical\" href=\"https:\/\/t-golf.club\/es\/alquileres\/\" \/>\n<meta property=\"og:locale\" content=\"es_ES\" \/>\n<meta property=\"og:type\" content=\"article\" \/>\n<meta property=\"og:title\" content=\"Alquileres - T Golf\" \/>\n<meta property=\"og:url\" content=\"https:\/\/t-golf.club\/es\/alquileres\/\" \/>\n<meta property=\"og:site_name\" content=\"T Golf\" \/>\n<meta property=\"article:modified_time\" content=\"2022-08-26T09:48:51+00:00\" \/>\n<meta property=\"og:image\" content=\"https:\/\/t-golf.club\/wp-content\/uploads\/2022\/08\/2207-Palos-alquiler-TM2-LR.jpg\" \/>\n\t<meta property=\"og:image:width\" content=\"500\" \/>\n\t<meta property=\"og:image:height\" content=\"666\" \/>\n\t<meta property=\"og:image:type\" content=\"image\/jpeg\" \/>\n<meta name=\"twitter:card\" content=\"summary_large_image\" \/>\n<script type=\"application\/ld+json\" class=\"yoast-schema-graph\">{\"@context\":\"https:\\\/\\\/schema.org\",\"@graph\":[{\"@type\":\"WebPage\",\"@id\":\"https:\\\/\\\/t-golf.club\\\/es\\\/alquileres\\\/\",\"url\":\"https:\\\/\\\/t-golf.club\\\/es\\\/alquileres\\\/\",\"name\":\"Alquileres - T Golf\",\"isPartOf\":{\"@id\":\"https:\\\/\\\/t-golf.club\\\/es\\\/#website\"},\"primaryImageOfPage\":{\"@id\":\"https:\\\/\\\/t-golf.club\\\/es\\\/alquileres\\\/#primaryimage\"},\"image\":{\"@id\":\"https:\\\/\\\/t-golf.club\\\/es\\\/alquileres\\\/#primaryimage\"},\"thumbnailUrl\":\"https:\\\/\\\/t-golf.club\\\/wp-content\\\/uploads\\\/2022\\\/08\\\/210820-Hoyo-14-con-buggies.jpg\",\"datePublished\":\"2020-06-06T15:29:19+00:00\",\"dateModified\":\"2022-08-26T09:48:51+00:00\",\"breadcrumb\":{\"@id\":\"https:\\\/\\\/t-golf.club\\\/es\\\/alquileres\\\/#breadcrumb\"},\"inLanguage\":\"es\",\"potentialAction\":[{\"@type\":\"ReadAction\",\"target\":[\"https:\\\/\\\/t-golf.club\\\/es\\\/alquileres\\\/\"]}]},{\"@type\":\"ImageObject\",\"inLanguage\":\"es\",\"@id\":\"https:\\\/\\\/t-golf.club\\\/es\\\/alquileres\\\/#primaryimage\",\"url\":\"https:\\\/\\\/t-golf.club\\\/wp-content\\\/uploads\\\/2022\\\/08\\\/210820-Hoyo-14-con-buggies.jpg\",\"contentUrl\":\"https:\\\/\\\/t-golf.club\\\/wp-content\\\/uploads\\\/2022\\\/08\\\/210820-Hoyo-14-con-buggies.jpg\",\"width\":1024,\"height\":683},{\"@type\":\"BreadcrumbList\",\"@id\":\"https:\\\/\\\/t-golf.club\\\/es\\\/alquileres\\\/#breadcrumb\",\"itemListElement\":[{\"@type\":\"ListItem\",\"position\":1,\"name\":\"Home\",\"item\":\"https:\\\/\\\/t-golf.club\\\/es\\\/\"},{\"@type\":\"ListItem\",\"position\":2,\"name\":\"Alquileres\"}]},{\"@type\":\"WebSite\",\"@id\":\"https:\\\/\\\/t-golf.club\\\/es\\\/#website\",\"url\":\"https:\\\/\\\/t-golf.club\\\/es\\\/\",\"name\":\"T Golf\",\"description\":\"\",\"inLanguage\":\"es\"}]}<\/script>","yoast_head_json":{"title":"Alquileres - T Golf","robots":{"index":"index","follow":"follow","max-snippet":"max-snippet:-1","max-image-preview":"max-image-preview:large","max-video-preview":"max-video-preview:-1"},"canonical":"https:\/\/t-golf.club\/es\/alquileres\/","og_locale":"es_ES","og_type":"article","og_title":"Alquileres - T Golf","og_url":"https:\/\/t-golf.club\/es\/alquileres\/","og_site_name":"T Golf","article_modified_time":"2022-08-26T09:48:51+00:00","og_image":[{"width":500,"height":666,"url":"https:\/\/t-golf.club\/wp-content\/uploads\/2022\/08\/2207-Palos-alquiler-TM2-LR.jpg","type":"image\/jpeg"}],"twitter_card":"summary_large_image","schema":{"@context":"https:\/\/schema.org","@graph":[{"@type":"WebPage","@id":"https:\/\/t-golf.club\/es\/alquileres\/","url":"https:\/\/t-golf.club\/es\/alquileres\/","name":"Alquileres - T Golf","isPartOf":{"@id":"https:\/\/t-golf.club\/es\/#website"},"primaryImageOfPage":{"@id":"https:\/\/t-golf.club\/es\/alquileres\/#primaryimage"},"image":{"@id":"https:\/\/t-golf.club\/es\/alquileres\/#primaryimage"},"thumbnailUrl":"https:\/\/t-golf.club\/wp-content\/uploads\/2022\/08\/210820-Hoyo-14-con-buggies.jpg","datePublished":"2020-06-06T15:29:19+00:00","dateModified":"2022-08-26T09:48:51+00:00","breadcrumb":{"@id":"https:\/\/t-golf.club\/es\/alquileres\/#breadcrumb"},"inLanguage":"es","potentialAction":[{"@type":"ReadAction","target":["https:\/\/t-golf.club\/es\/alquileres\/"]}]},{"@type":"ImageObject","inLanguage":"es","@id":"https:\/\/t-golf.club\/es\/alquileres\/#primaryimage","url":"https:\/\/t-golf.club\/wp-content\/uploads\/2022\/08\/210820-Hoyo-14-con-buggies.jpg","contentUrl":"https:\/\/t-golf.club\/wp-content\/uploads\/2022\/08\/210820-Hoyo-14-con-buggies.jpg","width":1024,"height":683},{"@type":"BreadcrumbList","@id":"https:\/\/t-golf.club\/es\/alquileres\/#breadcrumb","itemListElement":[{"@type":"ListItem","position":1,"name":"Home","item":"https:\/\/t-golf.club\/es\/"},{"@type":"ListItem","position":2,"name":"Alquileres"}]},{"@type":"WebSite","@id":"https:\/\/t-golf.club\/es\/#website","url":"https:\/\/t-golf.club\/es\/","name":"T Golf","description":"","inLanguage":"es"}]}},"_links":{"self":[{"href":"https:\/\/t-golf.club\/es\/wp-json\/wp\/v2\/pages\/1128","targetHints":{"allow":["GET"]}}],"collection":[{"href":"https:\/\/t-golf.club\/es\/wp-json\/wp\/v2\/pages"}],"about":[{"href":"https:\/\/t-golf.club\/es\/wp-json\/wp\/v2\/types\/page"}],"author":[{"embeddable":true,"href":"https:\/\/t-golf.club\/es\/wp-json\/wp\/v2\/users\/1"}],"replies":[{"embeddable":true,"href":"https:\/\/t-golf.club\/es\/wp-json\/wp\/v2\/comments?post=1128"}],"version-history":[{"count":4,"href":"https:\/\/t-golf.club\/es\/wp-json\/wp\/v2\/pages\/1128\/revisions"}],"predecessor-version":[{"id":1420,"href":"https:\/\/t-golf.club\/es\/wp-json\/wp\/v2\/pages\/1128\/revisions\/1420"}],"wp:featuredmedia":[{"embeddable":true,"href":"https:\/\/t-golf.club\/es\/wp-json\/wp\/v2\/media\/17569"}],"wp:attachment":[{"href":"https:\/\/t-golf.club\/es\/wp-json\/wp\/v2\/media?parent=1128"}],"curies":[{"name":"wp","href":"https:\/\/api.w.org\/{rel}","templated":true}]}}