{"id":8484,"date":"2021-07-25T18:25:06","date_gmt":"2021-07-25T18:25:06","guid":{"rendered":"https:\/\/t-golf.club\/?page_id=8484"},"modified":"2021-07-25T18:32:06","modified_gmt":"2021-07-25T18:32:06","slug":"was-ist-die-challenge-tour","status":"publish","type":"page","link":"https:\/\/t-golf.club\/de\/was-ist-die-challenge-tour\/","title":{"rendered":"Was ist die Challenge Tour?"},"content":{"rendered":"","protected":false},"excerpt":{"rendered":"","protected":false},"author":1,"featured_media":7237,"parent":0,"menu_order":77,"comment_status":"closed","ping_status":"closed","template":"views\/flexible.blade.php","meta":{"_acf_changed":false,"footnotes":""},"class_list":["post-8484","page","type-page","status-publish","has-post-thumbnail","hentry"],"acf":{"size":"large","subtitle":"Die Challenge Tour Geschichte","link_back":{"title":"Challenge Tour","url":"https:\/\/t-golf.club\/de\/challenge-tour\/","target":""},"hero":{"size":"large","subtitle":"Die Challenge Tour Geschichte","link_back":{"title":"Challenge Tour","url":"https:\/\/t-golf.club\/de\/challenge-tour\/","target":""}},"content":[{"acf_fc_layout":"content","title":"Was ist die Challenge Tour?","text_large":"<p>Die European Challenge Tour wurde erstmals 1989 gegr\u00fcndet.<br \/>\nDer erste Gewinner des Challenge Tour Rankings war der Engl\u00e4nder Neal Briggs.<\/p>\n","text":"<p>Seit dieser ersten Saison haben viele der weltbesten Spieler an der Challenge Tour teilgenommen, die heute als Europas Top Developmental Tour gilt: Thomas Bj\u00f8rn (1995), Justin Rose (1999), Ian Poulter (1999), Henrik Stenson (2000), Louis Oosthuizen (2003), Tommy Fleetwood (2011) und Brooks Koepka (2013), sind allesamt ehemalige Challenge Tour Spieler.<\/p>\n<p>Die Top 20 der \u201cRoad to Mallorca\u201d am Ende der Saison verdienen alle den Aufstieg auf die European Tour.<\/p>\n<p>Der Sieger des \u201cRoad to Mallorca Rankings\u201d erh\u00e4lt einen Silver Salver (erstmals 2009 vergeben) und die Mitgliedschaft in der Kategorie 13 der European Tour.<\/p>\n<p>Die Road to Mallorca ist ein Wettbewerb mit 25 Turnieren in 15 L\u00e4ndern, der seinen H\u00f6hepunkt im Finale am T-Golf &amp; Country Club auf Mallorca findet.<\/p>\n","link":"","cards":false,"image":false,"sidebar":[{"acf_fc_layout":"table","table":[{"title":"Erstes Jahr","text":"1989"},{"title":"Erster Gewinner","text":"Neal Briggs"},{"title":"Die Auszeichnung","text":"Silver Salver"},{"title":"Wettbewerb Road to Mallorca","text":"25 Turniere in 15 L\u00e4ndern"}]}],"background_color":"brown-100"},{"acf_fc_layout":"content","title":"Wer qualifiziert sich f\u00fcr die European Tour?","text_large":"<p>Am Ende jeder Saison qualifizieren sich die besten 20 Spieler der Road to Mallorca f\u00fcr die European Tour.<\/p>\n","text":"<p>Spieler, die vor dem letzten Event der Saison, dem Challenge Tour Grand Final, unter den besten 45 platziert sind, haben die M\u00f6glichkeit, in die Top 20 aufzusteigen, wenn sie das Turnier gewinnen \u2013 ist also ein Turnier, das in den vergangenen Jahren immer wieder Schauplatz vieler dramatischer Momente war.<\/p>\n<p>Wenn ein Spieler drei Challenge Tour-Events w\u00e4hrend einer Saison gewinnt, wird er sofort in die European Tour aufgenommen und ist f\u00fcr die folgende Saison vollst\u00e4ndig freigestellt.<\/p>\n","link":"","cards":false,"image":false,"sidebar":false,"background_color":"white"},{"acf_fc_layout":"slider","title":"","images":[4416,4413,4419,4425,4428],"background_color":"brown-100"}]},"yoast_head":"<title>Was ist die Challenge Tour? - T Golf<\/title>\n<meta name=\"robots\" content=\"index, follow, max-snippet:-1, max-image-preview:large, max-video-preview:-1\" \/>\n<link rel=\"canonical\" href=\"https:\/\/t-golf.club\/de\/was-ist-die-challenge-tour\/\" \/>\n<meta property=\"og:locale\" content=\"de_DE\" \/>\n<meta property=\"og:type\" content=\"article\" \/>\n<meta property=\"og:title\" content=\"Was ist die Challenge Tour? - T Golf\" \/>\n<meta property=\"og:url\" content=\"https:\/\/t-golf.club\/de\/was-ist-die-challenge-tour\/\" \/>\n<meta property=\"og:site_name\" content=\"T Golf\" \/>\n<meta property=\"article:modified_time\" content=\"2021-07-25T18:32:06+00:00\" \/>\n<meta property=\"og:image\" content=\"https:\/\/t-golf.club\/wp-content\/uploads\/2021\/04\/HEADER-PETIT-CT.jpg\" \/>\n\t<meta property=\"og:image:width\" content=\"1440\" \/>\n\t<meta property=\"og:image:height\" content=\"400\" \/>\n\t<meta property=\"og:image:type\" content=\"image\/jpeg\" \/>\n<meta name=\"twitter:card\" content=\"summary_large_image\" \/>\n<script type=\"application\/ld+json\" class=\"yoast-schema-graph\">{\"@context\":\"https:\\\/\\\/schema.org\",\"@graph\":[{\"@type\":\"WebPage\",\"@id\":\"https:\\\/\\\/t-golf.club\\\/de\\\/was-ist-die-challenge-tour\\\/\",\"url\":\"https:\\\/\\\/t-golf.club\\\/de\\\/was-ist-die-challenge-tour\\\/\",\"name\":\"Was ist die Challenge Tour? - T Golf\",\"isPartOf\":{\"@id\":\"https:\\\/\\\/t-golf.club\\\/de\\\/#website\"},\"primaryImageOfPage\":{\"@id\":\"https:\\\/\\\/t-golf.club\\\/de\\\/was-ist-die-challenge-tour\\\/#primaryimage\"},\"image\":{\"@id\":\"https:\\\/\\\/t-golf.club\\\/de\\\/was-ist-die-challenge-tour\\\/#primaryimage\"},\"thumbnailUrl\":\"https:\\\/\\\/t-golf.club\\\/wp-content\\\/uploads\\\/2021\\\/04\\\/HEADER-PETIT-CT.jpg\",\"datePublished\":\"2021-07-25T18:25:06+00:00\",\"dateModified\":\"2021-07-25T18:32:06+00:00\",\"breadcrumb\":{\"@id\":\"https:\\\/\\\/t-golf.club\\\/de\\\/was-ist-die-challenge-tour\\\/#breadcrumb\"},\"inLanguage\":\"de-DE\",\"potentialAction\":[{\"@type\":\"ReadAction\",\"target\":[\"https:\\\/\\\/t-golf.club\\\/de\\\/was-ist-die-challenge-tour\\\/\"]}]},{\"@type\":\"ImageObject\",\"inLanguage\":\"de-DE\",\"@id\":\"https:\\\/\\\/t-golf.club\\\/de\\\/was-ist-die-challenge-tour\\\/#primaryimage\",\"url\":\"https:\\\/\\\/t-golf.club\\\/wp-content\\\/uploads\\\/2021\\\/04\\\/HEADER-PETIT-CT.jpg\",\"contentUrl\":\"https:\\\/\\\/t-golf.club\\\/wp-content\\\/uploads\\\/2021\\\/04\\\/HEADER-PETIT-CT.jpg\",\"width\":1440,\"height\":400},{\"@type\":\"BreadcrumbList\",\"@id\":\"https:\\\/\\\/t-golf.club\\\/de\\\/was-ist-die-challenge-tour\\\/#breadcrumb\",\"itemListElement\":[{\"@type\":\"ListItem\",\"position\":1,\"name\":\"Home\",\"item\":\"https:\\\/\\\/t-golf.club\\\/de\\\/\"},{\"@type\":\"ListItem\",\"position\":2,\"name\":\"Was ist die Challenge Tour?\"}]},{\"@type\":\"WebSite\",\"@id\":\"https:\\\/\\\/t-golf.club\\\/de\\\/#website\",\"url\":\"https:\\\/\\\/t-golf.club\\\/de\\\/\",\"name\":\"T Golf\",\"description\":\"\",\"inLanguage\":\"de-DE\"}]}<\/script>","yoast_head_json":{"title":"Was ist die Challenge Tour? - T Golf","robots":{"index":"index","follow":"follow","max-snippet":"max-snippet:-1","max-image-preview":"max-image-preview:large","max-video-preview":"max-video-preview:-1"},"canonical":"https:\/\/t-golf.club\/de\/was-ist-die-challenge-tour\/","og_locale":"de_DE","og_type":"article","og_title":"Was ist die Challenge Tour? - T Golf","og_url":"https:\/\/t-golf.club\/de\/was-ist-die-challenge-tour\/","og_site_name":"T Golf","article_modified_time":"2021-07-25T18:32:06+00:00","og_image":[{"width":1440,"height":400,"url":"https:\/\/t-golf.club\/wp-content\/uploads\/2021\/04\/HEADER-PETIT-CT.jpg","type":"image\/jpeg"}],"twitter_card":"summary_large_image","schema":{"@context":"https:\/\/schema.org","@graph":[{"@type":"WebPage","@id":"https:\/\/t-golf.club\/de\/was-ist-die-challenge-tour\/","url":"https:\/\/t-golf.club\/de\/was-ist-die-challenge-tour\/","name":"Was ist die Challenge Tour? - T Golf","isPartOf":{"@id":"https:\/\/t-golf.club\/de\/#website"},"primaryImageOfPage":{"@id":"https:\/\/t-golf.club\/de\/was-ist-die-challenge-tour\/#primaryimage"},"image":{"@id":"https:\/\/t-golf.club\/de\/was-ist-die-challenge-tour\/#primaryimage"},"thumbnailUrl":"https:\/\/t-golf.club\/wp-content\/uploads\/2021\/04\/HEADER-PETIT-CT.jpg","datePublished":"2021-07-25T18:25:06+00:00","dateModified":"2021-07-25T18:32:06+00:00","breadcrumb":{"@id":"https:\/\/t-golf.club\/de\/was-ist-die-challenge-tour\/#breadcrumb"},"inLanguage":"de-DE","potentialAction":[{"@type":"ReadAction","target":["https:\/\/t-golf.club\/de\/was-ist-die-challenge-tour\/"]}]},{"@type":"ImageObject","inLanguage":"de-DE","@id":"https:\/\/t-golf.club\/de\/was-ist-die-challenge-tour\/#primaryimage","url":"https:\/\/t-golf.club\/wp-content\/uploads\/2021\/04\/HEADER-PETIT-CT.jpg","contentUrl":"https:\/\/t-golf.club\/wp-content\/uploads\/2021\/04\/HEADER-PETIT-CT.jpg","width":1440,"height":400},{"@type":"BreadcrumbList","@id":"https:\/\/t-golf.club\/de\/was-ist-die-challenge-tour\/#breadcrumb","itemListElement":[{"@type":"ListItem","position":1,"name":"Home","item":"https:\/\/t-golf.club\/de\/"},{"@type":"ListItem","position":2,"name":"Was ist die Challenge Tour?"}]},{"@type":"WebSite","@id":"https:\/\/t-golf.club\/de\/#website","url":"https:\/\/t-golf.club\/de\/","name":"T Golf","description":"","inLanguage":"de-DE"}]}},"_links":{"self":[{"href":"https:\/\/t-golf.club\/de\/wp-json\/wp\/v2\/pages\/8484","targetHints":{"allow":["GET"]}}],"collection":[{"href":"https:\/\/t-golf.club\/de\/wp-json\/wp\/v2\/pages"}],"about":[{"href":"https:\/\/t-golf.club\/de\/wp-json\/wp\/v2\/types\/page"}],"author":[{"embeddable":true,"href":"https:\/\/t-golf.club\/de\/wp-json\/wp\/v2\/users\/1"}],"replies":[{"embeddable":true,"href":"https:\/\/t-golf.club\/de\/wp-json\/wp\/v2\/comments?post=8484"}],"version-history":[{"count":2,"href":"https:\/\/t-golf.club\/de\/wp-json\/wp\/v2\/pages\/8484\/revisions"}],"predecessor-version":[{"id":8486,"href":"https:\/\/t-golf.club\/de\/wp-json\/wp\/v2\/pages\/8484\/revisions\/8486"}],"wp:featuredmedia":[{"embeddable":true,"href":"https:\/\/t-golf.club\/de\/wp-json\/wp\/v2\/media\/7237"}],"wp:attachment":[{"href":"https:\/\/t-golf.club\/de\/wp-json\/wp\/v2\/media?parent=8484"}],"curies":[{"name":"wp","href":"https:\/\/api.w.org\/{rel}","templated":true}]}}