{"id":8478,"date":"2021-07-25T17:55:41","date_gmt":"2021-07-25T17:55:41","guid":{"rendered":"https:\/\/t-golf.club\/?page_id=8478"},"modified":"2021-07-25T17:57:28","modified_gmt":"2021-07-25T17:57:28","slug":"4-tag-de-challenge-tour-2020","status":"publish","type":"page","link":"https:\/\/t-golf.club\/de\/4-tag-de-challenge-tour-2020\/","title":{"rendered":"4. Tag de Challenge Tour 2020"},"content":{"rendered":"","protected":false},"excerpt":{"rendered":"","protected":false},"author":1,"featured_media":4431,"parent":0,"menu_order":59,"comment_status":"closed","ping_status":"closed","template":"views\/flexible.blade.php","meta":{"_acf_changed":false,"footnotes":""},"class_list":["post-8478","page","type-page","status-publish","has-post-thumbnail","hentry"],"acf":{"size":"small","subtitle":"","link_back":{"title":"Challenge Tour 2020","url":"https:\/\/t-golf.club\/de\/challenge-tour-2020\/","target":""},"hero":{"size":"small","subtitle":"","link_back":{"title":"Challenge Tour 2020","url":"https:\/\/t-golf.club\/de\/challenge-tour-2020\/","target":""}},"content":[{"acf_fc_layout":"content","title":"4. TAG: LETZTE RUNDE DES CHALLENGE TOUR GRAND FINAL 2020","text_large":"<p>Lieser holt sich das Double aus Grand Final und Rangliste mit tschechischer Beteiligung<\/p>\n","text":"<p>Ondrej Lieser schrieb Geschichte, indem er als erster tschechischer Spieler die Road to Mallorca Rangliste gewann, w\u00e4hrend er sich beim Challenge Tour Grand Final seinen zweiten Titel bei ebenso vielen Starts sicherte.<\/p>\n<p>Der 29-J\u00e4hrige spielte eine abschlie\u00dfende 68er Runde mit drei unter Par, um 11 unter Par zu erreichen und einen emotionalen Sieg im T-Golf and Country Club zu erringen. Durch seinen Sieg kletterte er in der Road to Mallorca-Rangliste um f\u00fcnf Pl\u00e4tze nach oben und wurde die erste Nummer eins der Challenge Tour, die aus der Tschechischen Republik stammt.<\/p>\n<p>Er gewann knapp mit einem Schlag Vorsprung vor dem Schweden Christofer Blomstrand, dem Deutschen Alexander Knappe und dem Spanier Santiago Tarrio, die mit zehn unter Par den zweiten Platz belegten, an einem sehr spannenden Tag, an dem mehrere Spieler zu verschiedenen Zeitpunkten in F\u00fchrung lagen.<\/p>\n<p>&nbsp;<\/p>\n<p>Liesers war sein zweiter Challenge Tour-Sieg, nachdem er die Andaluc\u00eda Challenge de Espa\u00f1a gewonnen hatte, verbrachte er 1 Woche zuhause um seine Gedanken zu sammeln. Seinen Sieg widmete er seiner Frau Michaela.<\/p>\n<p>&#8220;Es ist wirklich emotional f\u00fcr mich&#8221;, sagte er. &#8220;Die beiden Putts, die ich auf der 17 und 18 gelocht habe, waren unglaublich. Unter diesen Umst\u00e4nden, mit so viel Druck, wei\u00df ich gar nicht, wie ich das geschafft habe.<\/p>\n<p>&#8220;Wie Ich habe mit meiner Frau sprach musste ich weinen. Vor vier Jahren, als ich meine Frau kennenlernte, hat sich mein Leben einfach ver\u00e4ndert. Ich war kurz davor, mit dem Spielen aufzuh\u00f6ren. Mit ihr und meiner Tochter zu Hause hat sich das Blatt gewendet. Es ist nicht einmal mein Sieg, es ist haupts\u00e4chlich deren Sieg. Sie geben mir die Kraft, vor allem mental, um es auch zu erreichen.<\/p>\n<p>&#8220;Als ich mich entschied, das zweite Event in C\u00e1diz nicht zu spielen, bekam ich Nachrichten, in denen ich gefragt wurde, warum ich nicht spiele. Ich habe gesagt, dass ich meinen Kopf ein bisschen entspannen muss, weil das Grand Final das Wichtigste ist. Ich ging nach Hause, verbrachte Zeit mit der Familie, flog hierher und schaue da, wo ich jetzt stehe.&#8221;<\/p>\n<p>Der \u00fcber Nacht f\u00fchrende Knappe hatte am letzten Loch die Chance, ein Stechen zu erzwingen, aber sein Birdie-Putt ging knapp am Loch vorbei und er musste sich mit dem zweiten Platz begn\u00fcgen. Der Waliser David Boote, der D\u00e4ne Niklas Norgaard M\u00f8ller und der Schwede Robin Petersson belegten mit einem Schlag R\u00fcckstand den geteilten f\u00fcnften Platz mit neun unter Par.<\/p>\n<p>Der Norweger Kristian Krogh Johannessen beendete das Challenge Tour Grand Final mit acht unter Par auf dem achten Platz, w\u00e4hrend der Italiener Enrico Di Nitto mit sieben unter Par Neunter wurde. Der Engl\u00e4nder Harry Ellis und der Schwede Oscar Lengden teilten sich mit sechs unter Par den zehnten Platz.<\/p>\n<p>Der Deutsche Marcel Schneider beendete die Saison 2020 als Zweiter der Road to Mallorca Rangliste, w\u00e4hrend der Gewinner der Andaluc\u00eda Challenge de C\u00e1diz, Pep Angles, Dritter wurde. Das englische Duo Richard Mansell und Matt Ford wurde Vierter bzw. F\u00fcnfter. Alle f\u00fcnf Spieler erhalten Spielm\u00f6glichkeiten bei nominierten European Tour Events im Jahr 2021.<\/p>\n","link":"","cards":false,"image":4476,"sidebar":false,"background_color":"white"}]},"yoast_head":"<title>4. Tag de Challenge Tour 2020 - T Golf<\/title>\n<meta name=\"robots\" content=\"index, follow, max-snippet:-1, max-image-preview:large, max-video-preview:-1\" \/>\n<link rel=\"canonical\" href=\"https:\/\/t-golf.club\/de\/4-tag-de-challenge-tour-2020\/\" \/>\n<meta property=\"og:locale\" content=\"de_DE\" \/>\n<meta property=\"og:type\" content=\"article\" \/>\n<meta property=\"og:title\" content=\"4. Tag de Challenge Tour 2020 - T Golf\" \/>\n<meta property=\"og:url\" content=\"https:\/\/t-golf.club\/de\/4-tag-de-challenge-tour-2020\/\" \/>\n<meta property=\"og:site_name\" content=\"T Golf\" \/>\n<meta property=\"article:modified_time\" content=\"2021-07-25T17:57:28+00:00\" \/>\n<meta property=\"og:image\" content=\"https:\/\/t-golf.club\/wp-content\/uploads\/2020\/05\/1229690222.jpg\" \/>\n\t<meta property=\"og:image:width\" content=\"1200\" \/>\n\t<meta property=\"og:image:height\" content=\"800\" \/>\n\t<meta property=\"og:image:type\" content=\"image\/jpeg\" \/>\n<meta name=\"twitter:card\" content=\"summary_large_image\" \/>\n<script type=\"application\/ld+json\" class=\"yoast-schema-graph\">{\"@context\":\"https:\\\/\\\/schema.org\",\"@graph\":[{\"@type\":\"WebPage\",\"@id\":\"https:\\\/\\\/t-golf.club\\\/de\\\/4-tag-de-challenge-tour-2020\\\/\",\"url\":\"https:\\\/\\\/t-golf.club\\\/de\\\/4-tag-de-challenge-tour-2020\\\/\",\"name\":\"4. Tag de Challenge Tour 2020 - T Golf\",\"isPartOf\":{\"@id\":\"https:\\\/\\\/t-golf.club\\\/de\\\/#website\"},\"primaryImageOfPage\":{\"@id\":\"https:\\\/\\\/t-golf.club\\\/de\\\/4-tag-de-challenge-tour-2020\\\/#primaryimage\"},\"image\":{\"@id\":\"https:\\\/\\\/t-golf.club\\\/de\\\/4-tag-de-challenge-tour-2020\\\/#primaryimage\"},\"thumbnailUrl\":\"https:\\\/\\\/t-golf.club\\\/wp-content\\\/uploads\\\/2020\\\/05\\\/1229690222.jpg\",\"datePublished\":\"2021-07-25T17:55:41+00:00\",\"dateModified\":\"2021-07-25T17:57:28+00:00\",\"breadcrumb\":{\"@id\":\"https:\\\/\\\/t-golf.club\\\/de\\\/4-tag-de-challenge-tour-2020\\\/#breadcrumb\"},\"inLanguage\":\"de-DE\",\"potentialAction\":[{\"@type\":\"ReadAction\",\"target\":[\"https:\\\/\\\/t-golf.club\\\/de\\\/4-tag-de-challenge-tour-2020\\\/\"]}]},{\"@type\":\"ImageObject\",\"inLanguage\":\"de-DE\",\"@id\":\"https:\\\/\\\/t-golf.club\\\/de\\\/4-tag-de-challenge-tour-2020\\\/#primaryimage\",\"url\":\"https:\\\/\\\/t-golf.club\\\/wp-content\\\/uploads\\\/2020\\\/05\\\/1229690222.jpg\",\"contentUrl\":\"https:\\\/\\\/t-golf.club\\\/wp-content\\\/uploads\\\/2020\\\/05\\\/1229690222.jpg\",\"width\":1200,\"height\":800},{\"@type\":\"BreadcrumbList\",\"@id\":\"https:\\\/\\\/t-golf.club\\\/de\\\/4-tag-de-challenge-tour-2020\\\/#breadcrumb\",\"itemListElement\":[{\"@type\":\"ListItem\",\"position\":1,\"name\":\"Home\",\"item\":\"https:\\\/\\\/t-golf.club\\\/de\\\/\"},{\"@type\":\"ListItem\",\"position\":2,\"name\":\"4. Tag de Challenge Tour 2020\"}]},{\"@type\":\"WebSite\",\"@id\":\"https:\\\/\\\/t-golf.club\\\/de\\\/#website\",\"url\":\"https:\\\/\\\/t-golf.club\\\/de\\\/\",\"name\":\"T Golf\",\"description\":\"\",\"inLanguage\":\"de-DE\"}]}<\/script>","yoast_head_json":{"title":"4. Tag de Challenge Tour 2020 - T Golf","robots":{"index":"index","follow":"follow","max-snippet":"max-snippet:-1","max-image-preview":"max-image-preview:large","max-video-preview":"max-video-preview:-1"},"canonical":"https:\/\/t-golf.club\/de\/4-tag-de-challenge-tour-2020\/","og_locale":"de_DE","og_type":"article","og_title":"4. Tag de Challenge Tour 2020 - T Golf","og_url":"https:\/\/t-golf.club\/de\/4-tag-de-challenge-tour-2020\/","og_site_name":"T Golf","article_modified_time":"2021-07-25T17:57:28+00:00","og_image":[{"width":1200,"height":800,"url":"https:\/\/t-golf.club\/wp-content\/uploads\/2020\/05\/1229690222.jpg","type":"image\/jpeg"}],"twitter_card":"summary_large_image","schema":{"@context":"https:\/\/schema.org","@graph":[{"@type":"WebPage","@id":"https:\/\/t-golf.club\/de\/4-tag-de-challenge-tour-2020\/","url":"https:\/\/t-golf.club\/de\/4-tag-de-challenge-tour-2020\/","name":"4. Tag de Challenge Tour 2020 - T Golf","isPartOf":{"@id":"https:\/\/t-golf.club\/de\/#website"},"primaryImageOfPage":{"@id":"https:\/\/t-golf.club\/de\/4-tag-de-challenge-tour-2020\/#primaryimage"},"image":{"@id":"https:\/\/t-golf.club\/de\/4-tag-de-challenge-tour-2020\/#primaryimage"},"thumbnailUrl":"https:\/\/t-golf.club\/wp-content\/uploads\/2020\/05\/1229690222.jpg","datePublished":"2021-07-25T17:55:41+00:00","dateModified":"2021-07-25T17:57:28+00:00","breadcrumb":{"@id":"https:\/\/t-golf.club\/de\/4-tag-de-challenge-tour-2020\/#breadcrumb"},"inLanguage":"de-DE","potentialAction":[{"@type":"ReadAction","target":["https:\/\/t-golf.club\/de\/4-tag-de-challenge-tour-2020\/"]}]},{"@type":"ImageObject","inLanguage":"de-DE","@id":"https:\/\/t-golf.club\/de\/4-tag-de-challenge-tour-2020\/#primaryimage","url":"https:\/\/t-golf.club\/wp-content\/uploads\/2020\/05\/1229690222.jpg","contentUrl":"https:\/\/t-golf.club\/wp-content\/uploads\/2020\/05\/1229690222.jpg","width":1200,"height":800},{"@type":"BreadcrumbList","@id":"https:\/\/t-golf.club\/de\/4-tag-de-challenge-tour-2020\/#breadcrumb","itemListElement":[{"@type":"ListItem","position":1,"name":"Home","item":"https:\/\/t-golf.club\/de\/"},{"@type":"ListItem","position":2,"name":"4. Tag de Challenge Tour 2020"}]},{"@type":"WebSite","@id":"https:\/\/t-golf.club\/de\/#website","url":"https:\/\/t-golf.club\/de\/","name":"T Golf","description":"","inLanguage":"de-DE"}]}},"_links":{"self":[{"href":"https:\/\/t-golf.club\/de\/wp-json\/wp\/v2\/pages\/8478","targetHints":{"allow":["GET"]}}],"collection":[{"href":"https:\/\/t-golf.club\/de\/wp-json\/wp\/v2\/pages"}],"about":[{"href":"https:\/\/t-golf.club\/de\/wp-json\/wp\/v2\/types\/page"}],"author":[{"embeddable":true,"href":"https:\/\/t-golf.club\/de\/wp-json\/wp\/v2\/users\/1"}],"replies":[{"embeddable":true,"href":"https:\/\/t-golf.club\/de\/wp-json\/wp\/v2\/comments?post=8478"}],"version-history":[{"count":2,"href":"https:\/\/t-golf.club\/de\/wp-json\/wp\/v2\/pages\/8478\/revisions"}],"predecessor-version":[{"id":8482,"href":"https:\/\/t-golf.club\/de\/wp-json\/wp\/v2\/pages\/8478\/revisions\/8482"}],"wp:featuredmedia":[{"embeddable":true,"href":"https:\/\/t-golf.club\/de\/wp-json\/wp\/v2\/media\/4431"}],"wp:attachment":[{"href":"https:\/\/t-golf.club\/de\/wp-json\/wp\/v2\/media?parent=8478"}],"curies":[{"name":"wp","href":"https:\/\/api.w.org\/{rel}","templated":true}]}}