{"id":8473,"date":"2021-07-25T17:48:54","date_gmt":"2021-07-25T17:48:54","guid":{"rendered":"https:\/\/t-golf.club\/?page_id=8473"},"modified":"2021-07-25T17:52:39","modified_gmt":"2021-07-25T17:52:39","slug":"3-tag-der-challenge-tour-2020","status":"publish","type":"page","link":"https:\/\/t-golf.club\/de\/3-tag-der-challenge-tour-2020\/","title":{"rendered":"3. Tag der Challenge Tour 2020"},"content":{"rendered":"","protected":false},"excerpt":{"rendered":"","protected":false},"author":1,"featured_media":4422,"parent":0,"menu_order":62,"comment_status":"closed","ping_status":"closed","template":"views\/flexible.blade.php","meta":{"_acf_changed":false,"footnotes":""},"class_list":["post-8473","page","type-page","status-publish","has-post-thumbnail","hentry"],"acf":{"size":"small","subtitle":"","link_back":{"title":"Challenge Tour 2020","url":"https:\/\/t-golf.club\/de\/challenge-tour-2020\/","target":""},"hero":{"size":"small","subtitle":"","link_back":{"title":"Challenge Tour 2020","url":"https:\/\/t-golf.club\/de\/challenge-tour-2020\/","target":""}},"content":[{"acf_fc_layout":"content","title":"3. TAG DER CHALLENGE TOUR 2020","text_large":"<p>Knappe beh\u00e4lt die F\u00fchrung an einem harten Tag auf Mallorca <\/p>\n","text":"<p>Alexander Knappe k\u00e4mpfte sich am dritten Tag des Challenge Tour Grand Final zu einer 72er Runde bei 1 \u00fcber Par und geht mit einem Schlag Vorsprung in die Finalrunde im T-Golf &amp; Country Club.<\/p>\n<p>Bei st\u00fcrmischen Bedingungen waren die Scores h\u00f6her als an den ersten beiden Tagen, aber Knappe blieb seiner Aufgabe treu und geht mit zehn unter Par in die Finalrunde, einen Schlag vor dem D\u00e4nen Niklas Norgaard M\u00f8ller, der mit neun unter Par Zweiter ist. Den dritten Platz teilt sich der Tscheche Ondrej Lieser mit den Schweden Robin Petersson und Christofer Blomstrand mit acht unter Par.<\/p>\n<p>Der 31-J\u00e4hrige k\u00f6nnte mit einem morgigen Sieg die Road to Mallorca Rangliste gewinnen und hat sich daf\u00fcr in die Pole Position gebracht, obwohl er nicht so viele Putts gelocht hat, wie er gerne gehabt h\u00e4tte.<\/p>\n<p>&#8220;Ich h\u00e4tte gerne mindestens Level Par gespielt, aber der Wind hat aufgefrischt und es war viel schwieriger als gestern, also bin ich ganz zufrieden damit. Es lief heute nicht wirklich nach meinem Geschmack; die Putts fielen nicht und gestern fielen viele Putts, also gleicht sich das aus.<\/p>\n<p>&#8220;Die Fahnenpositionen waren schwierig, man musste immer gegen den Wind spielen oder gegen den Wind faden, und das machte es noch schwieriger. Der Wind machte es zu einer wahren Herausforderung.<\/p>\n<p>&#8220;Ich muss mich einfach an meine Strategie halten. Ich kann morgen eine gute Runde spielen und muss sie nur ein bisschen besser umsetzen als heute, dann bin ich in guter Form.&#8221;<\/p>\n<p>Der D\u00e4ne M\u00f8ller spielte seine dritte Runde unter 70 und sicherte sich damit den zweiten Platz vor dem Finaltag und ist gut aufgestellt, um seinen ersten Challenge-Tour-Titel zu holen.<\/p>\n<p>&#8220;Heute war ein harter Tag&#8221;, sagte M\u00f8ller. &#8220;Der Wind wurde nach der f\u00fcnften Loch st\u00e4rker und von da an war es ziemlich m\u00fchsam. Es wurde von einem Birdie-Spiel zu einem Par-Spiel. Ich hatte ein paar ziemlich entscheidende Pars da drau\u00dfen, musste am letzten Loch einen F\u00fcnf-Footer zum Par machen, also bin ich insgesamt recht zufrieden mit meinem Tag.<\/p>\n<p>&#8220;Ich habe die letzten drei Tage gut gespielt, also werde ich einfach versuchen, das Gleiche zu tun. Ich werde nicht zu sehr in den Angriffsmodus gehen, sondern einfach versuchen, mein Spiel zu spielen und ein paar Putts und Birdies zu machen. Man kann sich nicht davor sch\u00fctzen, dass morgen jemand anderes eine sehr gute Runde spielt, also werde ich einfach versuchen, so gut zu spielen, wie ich kann.&#8221;<\/p>\n<p>Der Norweger Kristian Krogh Johannessen liegt mit sieben unter Par auf dem sechsten Platz, w\u00e4hrend sich der Waliser David Boote, der Engl\u00e4nder Harry Ellis, das spanische Duo Scott Fernandez und Santiago Tarrio sowie der Schwede Bj\u00f6rn Hellgren den siebten Platz mit sechs unter Par teilen, vier Schl\u00e4ge hinter der Spitze.<\/p>\n<p>Die niedrigste Runde des Tages teilten sich Petersson, sein schwedischer Landsmann Anton Karlsson und Lieser, der am dritten Tag der einzige bogeyfreie Spieler im Feld war, mit einer 66er Runde mit f\u00fcnf unter Par.<\/p>\n<p>Ein spannender Finaltag steht im T-Golf and Country Club bevor, an dem noch alles offen ist der um 8.30 Uhr Ortszeit beginnt. Die F\u00fchrenden Knappe, M\u00f8ller und Petersson bilden die Schlussgruppe und beginnen um 11.05 Uhr mit dem Kampf um den Titel.<\/p>\n","link":"","cards":false,"image":false,"sidebar":false,"background_color":"white"},{"acf_fc_layout":"video_gallery","title":"Videogalerie","video":[{"cover":7417,"video":"<iframe title=\"Robin Petersson - round three interview\" width=\"640\" height=\"360\" src=\"https:\/\/www.youtube.com\/embed\/WiFz9XLJr7Y?feature=oembed\" frameborder=\"0\" allow=\"accelerometer; autoplay; clipboard-write; encrypted-media; gyroscope; picture-in-picture; web-share\" referrerpolicy=\"strict-origin-when-cross-origin\" allowfullscreen><\/iframe>"},{"cover":7420,"video":"<iframe title=\"Niklas Norgaard Moller - round three interview\" width=\"640\" height=\"360\" src=\"https:\/\/www.youtube.com\/embed\/cMwG1uyA2ow?feature=oembed\" frameborder=\"0\" allow=\"accelerometer; autoplay; clipboard-write; encrypted-media; gyroscope; picture-in-picture; web-share\" referrerpolicy=\"strict-origin-when-cross-origin\" allowfullscreen><\/iframe>"},{"cover":7423,"video":"<iframe title=\"Ondrej Lieser - round three interview\" width=\"640\" height=\"360\" src=\"https:\/\/www.youtube.com\/embed\/fJDSDJ6x7lg?feature=oembed\" frameborder=\"0\" allow=\"accelerometer; autoplay; clipboard-write; encrypted-media; gyroscope; picture-in-picture; web-share\" referrerpolicy=\"strict-origin-when-cross-origin\" allowfullscreen><\/iframe>"},{"cover":7426,"video":"<iframe title=\"Alex Knappe - round three interview\" width=\"640\" height=\"360\" src=\"https:\/\/www.youtube.com\/embed\/MGtcsJEC7QI?feature=oembed\" frameborder=\"0\" allow=\"accelerometer; autoplay; clipboard-write; encrypted-media; gyroscope; picture-in-picture; web-share\" referrerpolicy=\"strict-origin-when-cross-origin\" allowfullscreen><\/iframe>"}],"background_color":"white"}]},"yoast_head":"<title>3. Tag der Challenge Tour 2020 - T Golf<\/title>\n<meta name=\"robots\" content=\"index, follow, max-snippet:-1, max-image-preview:large, max-video-preview:-1\" \/>\n<link rel=\"canonical\" href=\"https:\/\/t-golf.club\/de\/3-tag-der-challenge-tour-2020\/\" \/>\n<meta property=\"og:locale\" content=\"de_DE\" \/>\n<meta property=\"og:type\" content=\"article\" \/>\n<meta property=\"og:title\" content=\"3. Tag der Challenge Tour 2020 - T Golf\" \/>\n<meta property=\"og:url\" content=\"https:\/\/t-golf.club\/de\/3-tag-der-challenge-tour-2020\/\" \/>\n<meta property=\"og:site_name\" content=\"T Golf\" \/>\n<meta property=\"article:modified_time\" content=\"2021-07-25T17:52:39+00:00\" \/>\n<meta property=\"og:image\" content=\"https:\/\/t-golf.club\/wp-content\/uploads\/2020\/05\/1229679030.jpg\" \/>\n\t<meta property=\"og:image:width\" content=\"1200\" \/>\n\t<meta property=\"og:image:height\" content=\"794\" \/>\n\t<meta property=\"og:image:type\" content=\"image\/jpeg\" \/>\n<meta name=\"twitter:card\" content=\"summary_large_image\" \/>\n<script type=\"application\/ld+json\" class=\"yoast-schema-graph\">{\"@context\":\"https:\\\/\\\/schema.org\",\"@graph\":[{\"@type\":\"WebPage\",\"@id\":\"https:\\\/\\\/t-golf.club\\\/de\\\/3-tag-der-challenge-tour-2020\\\/\",\"url\":\"https:\\\/\\\/t-golf.club\\\/de\\\/3-tag-der-challenge-tour-2020\\\/\",\"name\":\"3. Tag der Challenge Tour 2020 - T Golf\",\"isPartOf\":{\"@id\":\"https:\\\/\\\/t-golf.club\\\/de\\\/#website\"},\"primaryImageOfPage\":{\"@id\":\"https:\\\/\\\/t-golf.club\\\/de\\\/3-tag-der-challenge-tour-2020\\\/#primaryimage\"},\"image\":{\"@id\":\"https:\\\/\\\/t-golf.club\\\/de\\\/3-tag-der-challenge-tour-2020\\\/#primaryimage\"},\"thumbnailUrl\":\"https:\\\/\\\/t-golf.club\\\/wp-content\\\/uploads\\\/2020\\\/05\\\/1229679030.jpg\",\"datePublished\":\"2021-07-25T17:48:54+00:00\",\"dateModified\":\"2021-07-25T17:52:39+00:00\",\"breadcrumb\":{\"@id\":\"https:\\\/\\\/t-golf.club\\\/de\\\/3-tag-der-challenge-tour-2020\\\/#breadcrumb\"},\"inLanguage\":\"de-DE\",\"potentialAction\":[{\"@type\":\"ReadAction\",\"target\":[\"https:\\\/\\\/t-golf.club\\\/de\\\/3-tag-der-challenge-tour-2020\\\/\"]}]},{\"@type\":\"ImageObject\",\"inLanguage\":\"de-DE\",\"@id\":\"https:\\\/\\\/t-golf.club\\\/de\\\/3-tag-der-challenge-tour-2020\\\/#primaryimage\",\"url\":\"https:\\\/\\\/t-golf.club\\\/wp-content\\\/uploads\\\/2020\\\/05\\\/1229679030.jpg\",\"contentUrl\":\"https:\\\/\\\/t-golf.club\\\/wp-content\\\/uploads\\\/2020\\\/05\\\/1229679030.jpg\",\"width\":1200,\"height\":794},{\"@type\":\"BreadcrumbList\",\"@id\":\"https:\\\/\\\/t-golf.club\\\/de\\\/3-tag-der-challenge-tour-2020\\\/#breadcrumb\",\"itemListElement\":[{\"@type\":\"ListItem\",\"position\":1,\"name\":\"Home\",\"item\":\"https:\\\/\\\/t-golf.club\\\/de\\\/\"},{\"@type\":\"ListItem\",\"position\":2,\"name\":\"3. Tag der Challenge Tour 2020\"}]},{\"@type\":\"WebSite\",\"@id\":\"https:\\\/\\\/t-golf.club\\\/de\\\/#website\",\"url\":\"https:\\\/\\\/t-golf.club\\\/de\\\/\",\"name\":\"T Golf\",\"description\":\"\",\"inLanguage\":\"de-DE\"}]}<\/script>","yoast_head_json":{"title":"3. Tag der Challenge Tour 2020 - T Golf","robots":{"index":"index","follow":"follow","max-snippet":"max-snippet:-1","max-image-preview":"max-image-preview:large","max-video-preview":"max-video-preview:-1"},"canonical":"https:\/\/t-golf.club\/de\/3-tag-der-challenge-tour-2020\/","og_locale":"de_DE","og_type":"article","og_title":"3. Tag der Challenge Tour 2020 - T Golf","og_url":"https:\/\/t-golf.club\/de\/3-tag-der-challenge-tour-2020\/","og_site_name":"T Golf","article_modified_time":"2021-07-25T17:52:39+00:00","og_image":[{"width":1200,"height":794,"url":"https:\/\/t-golf.club\/wp-content\/uploads\/2020\/05\/1229679030.jpg","type":"image\/jpeg"}],"twitter_card":"summary_large_image","schema":{"@context":"https:\/\/schema.org","@graph":[{"@type":"WebPage","@id":"https:\/\/t-golf.club\/de\/3-tag-der-challenge-tour-2020\/","url":"https:\/\/t-golf.club\/de\/3-tag-der-challenge-tour-2020\/","name":"3. Tag der Challenge Tour 2020 - T Golf","isPartOf":{"@id":"https:\/\/t-golf.club\/de\/#website"},"primaryImageOfPage":{"@id":"https:\/\/t-golf.club\/de\/3-tag-der-challenge-tour-2020\/#primaryimage"},"image":{"@id":"https:\/\/t-golf.club\/de\/3-tag-der-challenge-tour-2020\/#primaryimage"},"thumbnailUrl":"https:\/\/t-golf.club\/wp-content\/uploads\/2020\/05\/1229679030.jpg","datePublished":"2021-07-25T17:48:54+00:00","dateModified":"2021-07-25T17:52:39+00:00","breadcrumb":{"@id":"https:\/\/t-golf.club\/de\/3-tag-der-challenge-tour-2020\/#breadcrumb"},"inLanguage":"de-DE","potentialAction":[{"@type":"ReadAction","target":["https:\/\/t-golf.club\/de\/3-tag-der-challenge-tour-2020\/"]}]},{"@type":"ImageObject","inLanguage":"de-DE","@id":"https:\/\/t-golf.club\/de\/3-tag-der-challenge-tour-2020\/#primaryimage","url":"https:\/\/t-golf.club\/wp-content\/uploads\/2020\/05\/1229679030.jpg","contentUrl":"https:\/\/t-golf.club\/wp-content\/uploads\/2020\/05\/1229679030.jpg","width":1200,"height":794},{"@type":"BreadcrumbList","@id":"https:\/\/t-golf.club\/de\/3-tag-der-challenge-tour-2020\/#breadcrumb","itemListElement":[{"@type":"ListItem","position":1,"name":"Home","item":"https:\/\/t-golf.club\/de\/"},{"@type":"ListItem","position":2,"name":"3. Tag der Challenge Tour 2020"}]},{"@type":"WebSite","@id":"https:\/\/t-golf.club\/de\/#website","url":"https:\/\/t-golf.club\/de\/","name":"T Golf","description":"","inLanguage":"de-DE"}]}},"_links":{"self":[{"href":"https:\/\/t-golf.club\/de\/wp-json\/wp\/v2\/pages\/8473","targetHints":{"allow":["GET"]}}],"collection":[{"href":"https:\/\/t-golf.club\/de\/wp-json\/wp\/v2\/pages"}],"about":[{"href":"https:\/\/t-golf.club\/de\/wp-json\/wp\/v2\/types\/page"}],"author":[{"embeddable":true,"href":"https:\/\/t-golf.club\/de\/wp-json\/wp\/v2\/users\/1"}],"replies":[{"embeddable":true,"href":"https:\/\/t-golf.club\/de\/wp-json\/wp\/v2\/comments?post=8473"}],"version-history":[{"count":2,"href":"https:\/\/t-golf.club\/de\/wp-json\/wp\/v2\/pages\/8473\/revisions"}],"predecessor-version":[{"id":8475,"href":"https:\/\/t-golf.club\/de\/wp-json\/wp\/v2\/pages\/8473\/revisions\/8475"}],"wp:featuredmedia":[{"embeddable":true,"href":"https:\/\/t-golf.club\/de\/wp-json\/wp\/v2\/media\/4422"}],"wp:attachment":[{"href":"https:\/\/t-golf.club\/de\/wp-json\/wp\/v2\/media?parent=8473"}],"curies":[{"name":"wp","href":"https:\/\/api.w.org\/{rel}","templated":true}]}}