{"id":8468,"date":"2021-07-25T17:38:12","date_gmt":"2021-07-25T17:38:12","guid":{"rendered":"https:\/\/t-golf.club\/?page_id=8468"},"modified":"2021-07-25T17:46:19","modified_gmt":"2021-07-25T17:46:19","slug":"2-tag-der-challenge-tour-2020","status":"publish","type":"page","link":"https:\/\/t-golf.club\/de\/2-tag-der-challenge-tour-2020\/","title":{"rendered":"2. Tag der Challenge Tour 2020"},"content":{"rendered":"","protected":false},"excerpt":{"rendered":"","protected":false},"author":1,"featured_media":4419,"parent":0,"menu_order":65,"comment_status":"closed","ping_status":"closed","template":"views\/flexible.blade.php","meta":{"_acf_changed":false,"footnotes":""},"class_list":["post-8468","page","type-page","status-publish","has-post-thumbnail","hentry"],"acf":{"size":"small","subtitle":"","link_back":{"title":"Challenge Tour 2020","url":"https:\/\/t-golf.club\/de\/challenge-tour-2020\/","target":""},"hero":{"size":"small","subtitle":"","link_back":{"title":"Challenge Tour 2020","url":"https:\/\/t-golf.club\/de\/challenge-tour-2020\/","target":""}},"content":[{"acf_fc_layout":"content","title":"2. TAG DER CHALLENGE TOUR 2020","text_large":"<p>Knappe geht in Mallorca mit zwei Schl\u00e4gen Vorsprung in F\u00fchrung <\/p>\n","text":"<p>Mit einer sensationellen 63er Runde ohne Bogey am zweiten Tag im T-Golf &amp; Country Club hat sich Alexander Knappe eine Zwei-Schl\u00e4ge-F\u00fchrung beim Challenge Tour Grand Final erspielt.<\/p>\n<p>Der Deutsche beendete seine Runde mit zwei Birdies und einem Eagle auf den letzten drei L\u00f6chern und lag damit zwei Schl\u00e4ge vor den beiden F\u00fchrenden Richard Mansell und Bj\u00f6rn Hellgren, die sich mit neun unter Par den zweiten Platz teilen.<\/p>\n<p>Der zweifache Gewinner der European Challenge Tour lochte auf dem letzten Loch aus dem Bunker zum Eagle ein und beendete damit seine zweite Runde mit acht unter Par und einem Gesamtergebnis von 11 unter.<\/p>\n<p>&#8220;Birdie-Birdie-Eagle ist ein Finish, von dem man immer tr\u00e4umt, also bin ich im Moment sehr gl\u00fccklich&#8221;, sagte er. &#8220;Das 18. Gr\u00fcn ist so fest, ich habe einfach gehofft, dass ich es innerhalb von 3 metern bekomme. Er war genau auf der Linie, traf die Fahne, sprang hoch und ging rein.<\/p>\n<p>&#8220;Es gibt keinen Wind, die Gr\u00fcns sind rein und deswegen kann man diesen Schlag auch spielen. Ich habe eine Menge langer Putts gelocht. Auf den ersten zehn L\u00f6chern hatte ich drei wirklich lange Putts und das hat mich ins Spiel gebracht.&#8221;<\/p>\n<p>Der Engl\u00e4nder Mansell verbuchte auf seiner zweiten 67er Runde bei vier unter Par nur ein Bogey, musste sich aber am letzten Loch mit einem Dreiputt zum Par \u00fcber eine verpasste Chance \u00e4rgern und sich zur Halbzeit mit dem geteilten zweiten Platz zufrieden geben.<\/p>\n<p>&#8220;Es war eine weitere gute Golfrunde,&#8221; sagte Mansell. &#8220;Ich habe ein paar lange Putts auf den hinteren Neun gemacht und ein paar kurze verpasst, daran werde ich jetzt arbeiten, aber ich denke, man kann nicht alles richtig machen.<\/p>\n<p>&#8220;Ich hatte ein Birdie auf der 16, ein Birdie auf der 17, das letzte Loch habe ich wirklich gut gespielt, aber dann habe ich leider nur drei Putt gespielt. Insgesamt bin ich zufrieden, aber es ist einfach \u00e4rgerlich, so zu enden. Die ersten Neun waren mit die besten neun L\u00f6cher, die ich je gespielt habe, um ehrlich zu sein. Auch wenn mein Score nur drei unter war, habe ich trotzdem das Beste Spiel gehabt bei dem mir alles gelungen ist.<\/p>\n<p>&#8220;Wenn man vier oder f\u00fcnf unter schl\u00e4gt, liegt man um die 20 unter Par und wenn das \u00fcbertroffen wird, dann war das ein m\u00e4ssiges Spiel.<\/p>\n<p>Die Nummer vier der Road to Mallorca, Matt Ford, der Italiener Enrico Di Nitto und der D\u00e4ne Niklas Norgaard M\u00f8ller teilen sich mit sieben unter Par den vierten Platz, w\u00e4hrend der Schwede Christofer Blomstrand, der Amerikaner Tyler Koivisto und der Spanier Santiago Tarrio mit sechs unter Par den siebten Platz teilen, zusammen mit dem Norweger Kristian Krogh Johannessen, der am zweiten Tag mit f\u00fcnf unter Par auf den Back Nine 31 spielte.<\/p>\n<p>Die dritte Runde des Challenge Tour Grand Final beginnt am Samstag, 21. November, um 8.30 Uhr Ortszeit. Knappe, Hellgren und Mansell spielen um 11.05 Uhr in der Finalgruppe.<\/p>\n","link":"","cards":false,"image":7437,"sidebar":false,"background_color":"white"},{"acf_fc_layout":"video_gallery","title":"Videogalerie","video":[{"cover":7443,"video":"<iframe title=\"Alex Knappe - Round Two interview\" width=\"640\" height=\"360\" src=\"https:\/\/www.youtube.com\/embed\/Uwd1yqWVFkM?feature=oembed\" frameborder=\"0\" allow=\"accelerometer; autoplay; clipboard-write; encrypted-media; gyroscope; picture-in-picture; web-share\" referrerpolicy=\"strict-origin-when-cross-origin\" allowfullscreen><\/iframe>"},{"cover":7440,"video":"<iframe title=\"Richard Mansel - Round Two interview\" width=\"640\" height=\"360\" src=\"https:\/\/www.youtube.com\/embed\/N22EZLeFN6w?feature=oembed\" frameborder=\"0\" allow=\"accelerometer; autoplay; clipboard-write; encrypted-media; gyroscope; picture-in-picture; web-share\" referrerpolicy=\"strict-origin-when-cross-origin\" allowfullscreen><\/iframe>"}],"background_color":"brown-100"}]},"yoast_head":"<title>2. Tag der Challenge Tour 2020 - T Golf<\/title>\n<meta name=\"robots\" content=\"index, follow, max-snippet:-1, max-image-preview:large, max-video-preview:-1\" \/>\n<link rel=\"canonical\" href=\"https:\/\/t-golf.club\/de\/2-tag-der-challenge-tour-2020\/\" \/>\n<meta property=\"og:locale\" content=\"de_DE\" \/>\n<meta property=\"og:type\" content=\"article\" \/>\n<meta property=\"og:title\" content=\"2. Tag der Challenge Tour 2020 - T Golf\" \/>\n<meta property=\"og:url\" content=\"https:\/\/t-golf.club\/de\/2-tag-der-challenge-tour-2020\/\" \/>\n<meta property=\"og:site_name\" content=\"T Golf\" \/>\n<meta property=\"article:modified_time\" content=\"2021-07-25T17:46:19+00:00\" \/>\n<meta property=\"og:image\" content=\"https:\/\/t-golf.club\/wp-content\/uploads\/2020\/05\/1229678987.jpg\" \/>\n\t<meta property=\"og:image:width\" content=\"1200\" \/>\n\t<meta property=\"og:image:height\" content=\"799\" \/>\n\t<meta property=\"og:image:type\" content=\"image\/jpeg\" \/>\n<meta name=\"twitter:card\" content=\"summary_large_image\" \/>\n<script type=\"application\/ld+json\" class=\"yoast-schema-graph\">{\"@context\":\"https:\\\/\\\/schema.org\",\"@graph\":[{\"@type\":\"WebPage\",\"@id\":\"https:\\\/\\\/t-golf.club\\\/de\\\/2-tag-der-challenge-tour-2020\\\/\",\"url\":\"https:\\\/\\\/t-golf.club\\\/de\\\/2-tag-der-challenge-tour-2020\\\/\",\"name\":\"2. Tag der Challenge Tour 2020 - T Golf\",\"isPartOf\":{\"@id\":\"https:\\\/\\\/t-golf.club\\\/de\\\/#website\"},\"primaryImageOfPage\":{\"@id\":\"https:\\\/\\\/t-golf.club\\\/de\\\/2-tag-der-challenge-tour-2020\\\/#primaryimage\"},\"image\":{\"@id\":\"https:\\\/\\\/t-golf.club\\\/de\\\/2-tag-der-challenge-tour-2020\\\/#primaryimage\"},\"thumbnailUrl\":\"https:\\\/\\\/t-golf.club\\\/wp-content\\\/uploads\\\/2020\\\/05\\\/1229678987.jpg\",\"datePublished\":\"2021-07-25T17:38:12+00:00\",\"dateModified\":\"2021-07-25T17:46:19+00:00\",\"breadcrumb\":{\"@id\":\"https:\\\/\\\/t-golf.club\\\/de\\\/2-tag-der-challenge-tour-2020\\\/#breadcrumb\"},\"inLanguage\":\"de-DE\",\"potentialAction\":[{\"@type\":\"ReadAction\",\"target\":[\"https:\\\/\\\/t-golf.club\\\/de\\\/2-tag-der-challenge-tour-2020\\\/\"]}]},{\"@type\":\"ImageObject\",\"inLanguage\":\"de-DE\",\"@id\":\"https:\\\/\\\/t-golf.club\\\/de\\\/2-tag-der-challenge-tour-2020\\\/#primaryimage\",\"url\":\"https:\\\/\\\/t-golf.club\\\/wp-content\\\/uploads\\\/2020\\\/05\\\/1229678987.jpg\",\"contentUrl\":\"https:\\\/\\\/t-golf.club\\\/wp-content\\\/uploads\\\/2020\\\/05\\\/1229678987.jpg\",\"width\":1200,\"height\":799},{\"@type\":\"BreadcrumbList\",\"@id\":\"https:\\\/\\\/t-golf.club\\\/de\\\/2-tag-der-challenge-tour-2020\\\/#breadcrumb\",\"itemListElement\":[{\"@type\":\"ListItem\",\"position\":1,\"name\":\"Home\",\"item\":\"https:\\\/\\\/t-golf.club\\\/de\\\/\"},{\"@type\":\"ListItem\",\"position\":2,\"name\":\"2. Tag der Challenge Tour 2020\"}]},{\"@type\":\"WebSite\",\"@id\":\"https:\\\/\\\/t-golf.club\\\/de\\\/#website\",\"url\":\"https:\\\/\\\/t-golf.club\\\/de\\\/\",\"name\":\"T Golf\",\"description\":\"\",\"inLanguage\":\"de-DE\"}]}<\/script>","yoast_head_json":{"title":"2. Tag der Challenge Tour 2020 - T Golf","robots":{"index":"index","follow":"follow","max-snippet":"max-snippet:-1","max-image-preview":"max-image-preview:large","max-video-preview":"max-video-preview:-1"},"canonical":"https:\/\/t-golf.club\/de\/2-tag-der-challenge-tour-2020\/","og_locale":"de_DE","og_type":"article","og_title":"2. Tag der Challenge Tour 2020 - T Golf","og_url":"https:\/\/t-golf.club\/de\/2-tag-der-challenge-tour-2020\/","og_site_name":"T Golf","article_modified_time":"2021-07-25T17:46:19+00:00","og_image":[{"width":1200,"height":799,"url":"https:\/\/t-golf.club\/wp-content\/uploads\/2020\/05\/1229678987.jpg","type":"image\/jpeg"}],"twitter_card":"summary_large_image","schema":{"@context":"https:\/\/schema.org","@graph":[{"@type":"WebPage","@id":"https:\/\/t-golf.club\/de\/2-tag-der-challenge-tour-2020\/","url":"https:\/\/t-golf.club\/de\/2-tag-der-challenge-tour-2020\/","name":"2. Tag der Challenge Tour 2020 - T Golf","isPartOf":{"@id":"https:\/\/t-golf.club\/de\/#website"},"primaryImageOfPage":{"@id":"https:\/\/t-golf.club\/de\/2-tag-der-challenge-tour-2020\/#primaryimage"},"image":{"@id":"https:\/\/t-golf.club\/de\/2-tag-der-challenge-tour-2020\/#primaryimage"},"thumbnailUrl":"https:\/\/t-golf.club\/wp-content\/uploads\/2020\/05\/1229678987.jpg","datePublished":"2021-07-25T17:38:12+00:00","dateModified":"2021-07-25T17:46:19+00:00","breadcrumb":{"@id":"https:\/\/t-golf.club\/de\/2-tag-der-challenge-tour-2020\/#breadcrumb"},"inLanguage":"de-DE","potentialAction":[{"@type":"ReadAction","target":["https:\/\/t-golf.club\/de\/2-tag-der-challenge-tour-2020\/"]}]},{"@type":"ImageObject","inLanguage":"de-DE","@id":"https:\/\/t-golf.club\/de\/2-tag-der-challenge-tour-2020\/#primaryimage","url":"https:\/\/t-golf.club\/wp-content\/uploads\/2020\/05\/1229678987.jpg","contentUrl":"https:\/\/t-golf.club\/wp-content\/uploads\/2020\/05\/1229678987.jpg","width":1200,"height":799},{"@type":"BreadcrumbList","@id":"https:\/\/t-golf.club\/de\/2-tag-der-challenge-tour-2020\/#breadcrumb","itemListElement":[{"@type":"ListItem","position":1,"name":"Home","item":"https:\/\/t-golf.club\/de\/"},{"@type":"ListItem","position":2,"name":"2. Tag der Challenge Tour 2020"}]},{"@type":"WebSite","@id":"https:\/\/t-golf.club\/de\/#website","url":"https:\/\/t-golf.club\/de\/","name":"T Golf","description":"","inLanguage":"de-DE"}]}},"_links":{"self":[{"href":"https:\/\/t-golf.club\/de\/wp-json\/wp\/v2\/pages\/8468","targetHints":{"allow":["GET"]}}],"collection":[{"href":"https:\/\/t-golf.club\/de\/wp-json\/wp\/v2\/pages"}],"about":[{"href":"https:\/\/t-golf.club\/de\/wp-json\/wp\/v2\/types\/page"}],"author":[{"embeddable":true,"href":"https:\/\/t-golf.club\/de\/wp-json\/wp\/v2\/users\/1"}],"replies":[{"embeddable":true,"href":"https:\/\/t-golf.club\/de\/wp-json\/wp\/v2\/comments?post=8468"}],"version-history":[{"count":2,"href":"https:\/\/t-golf.club\/de\/wp-json\/wp\/v2\/pages\/8468\/revisions"}],"predecessor-version":[{"id":8470,"href":"https:\/\/t-golf.club\/de\/wp-json\/wp\/v2\/pages\/8468\/revisions\/8470"}],"wp:featuredmedia":[{"embeddable":true,"href":"https:\/\/t-golf.club\/de\/wp-json\/wp\/v2\/media\/4419"}],"wp:attachment":[{"href":"https:\/\/t-golf.club\/de\/wp-json\/wp\/v2\/media?parent=8468"}],"curies":[{"name":"wp","href":"https:\/\/api.w.org\/{rel}","templated":true}]}}