{"id":8464,"date":"2021-07-25T17:20:15","date_gmt":"2021-07-25T17:20:15","guid":{"rendered":"https:\/\/t-golf.club\/?page_id=8464"},"modified":"2022-08-24T18:41:50","modified_gmt":"2022-08-24T18:41:50","slug":"challenge-tour-2020","status":"publish","type":"page","link":"https:\/\/t-golf.club\/de\/calvia\/challenge-tour-2020\/","title":{"rendered":"Challenge Tour 2020"},"content":{"rendered":"","protected":false},"excerpt":{"rendered":"","protected":false},"author":1,"featured_media":7231,"parent":1770,"menu_order":74,"comment_status":"closed","ping_status":"closed","template":"views\/flexible.blade.php","meta":{"_acf_changed":false,"footnotes":""},"class_list":["post-8464","page","type-page","status-publish","has-post-thumbnail","hentry"],"acf":{"size":"small","subtitle":"","link_back":{"title":"Challenge Tour","url":"https:\/\/t-golf.club\/de\/calvia\/challenge-tour-2020\/","target":""},"hero":{"size":"small","subtitle":"","link_back":{"title":"Challenge Tour","url":"https:\/\/t-golf.club\/de\/calvia\/challenge-tour-2020\/","target":""}},"content":[{"acf_fc_layout":"content","title":"Challenge Tour 2020","text_large":"<p>Der T Golf & Country Club wird erneut das gro\u00dfe Finale der Challenge Tour ausrichten, wenn das Finale der Road to Mallorca im Jahr 2021 auf die Baleareninsel zur\u00fcckkehrt.<\/p>\n","text":"<p>Der Veranstaltungsort, 15 km von der Hauptstadt Palma entfernt, war 2020 erfolgreicher Austragungsort des Gro\u00dfen Finales, als Ondrej Lieser als erster Golfer aus der Tschechischen Republik das Event gewann und zur Road to Mallorca Nummer Eins gekr\u00f6nt wurde.<br \/>\nDas gro\u00dfe Finale der Challenge Tour 2021 findet vor der spektakul\u00e4ren Kulisse des Tramuntana-Gebirges statt.<\/p>\n","link":"","cards":false,"image":false,"sidebar":[{"acf_fc_layout":"podium","podium":[{"image":4476,"name":"Ondrej Lieser","position":"Gewinner"},{"image":7463,"name":"Alexander Knappe","position":"2. Platz"},{"image":7466,"name":"Niklas Norgaard Moller","position":"3. Platz"}]}],"background_color":"white"},{"acf_fc_layout":"quotes","title":"","quotes":[{"author":"Jamie Hodges, Head of Challenge Tour","text":"<p>Der T-Golf &amp; Country Club hat sich in diesem Jahr als fantastischer Austragungsort erwiesen und hat uns daher die Entscheidung, 2021 zur\u00fcckzukehren, sehr leicht gemacht<\/p>\n"}],"background_color":"brown-100"},{"acf_fc_layout":"content","title":"","text_large":"","text":"<p><strong>Jamie Hodges<\/strong>, Head of Challenge Tour, sagte: &#8220;Der T-Golf &amp; Country Club hat sich in diesem Jahr als fantastischer Austragungsort erwiesen und hat uns daher die Entscheidung, 2021 zur\u00fcckzukehren, sehr leicht gemacht\u201d.<br \/>\n&#8220;Der Golfplatz war in einem tadellosen Zustand und ich habe unglaublich viel positives Feedback von den Spielern erhalten.\u201d<br \/>\n&#8220;Ich muss Heiner Tamsen, dem Besitzer des T-Golf &amp; Country Club, und Borja Ochoa, dem General Manager, und allen Mitarbeitern danken, die sich so gut und in \u00dcbereinstimmung mit unseren Covid-19-Protokollen um uns gek\u00fcmmert haben.\u201d<br \/>\n&#8220;Wir freuen uns wieder auf eine enge zusammearbeit mit dem T-Golf-Team, und k\u00f6nnen es kaum erwarten, f\u00fcr das gro\u00dfe Finale der Challenge Tour 2021 zur\u00fcckzukehren.&#8221;<br \/>\n<strong>Borja Ochoa<\/strong>, General Manager von T-Golf &amp; Country Club, sagte: &#8220;Nachdem das Challenge Tour Grand Final 2020 nun hinter uns liegt, kann ich ohne Zweifel sagen, dass das Event und deren Ausrichtung nicht h\u00e4tte besser sein k\u00f6nnen.<br \/>\n&#8220;Unser Team hat es sehr genossen, das Privileg zu haben, in diesem Jahr mit der European Challenge Tour zusammenzuarbeiten. Der H\u00f6hepunkt war der Sieg von Ondrej Lieser.<br \/>\n&#8220;Wir sind nun ebenso stolz darauf, als Austragungsort f\u00fcr das Challenge Tour Grand Final f\u00fcr 2021 ausgew\u00e4hlt worden zu sein. Unser gesamtes Team freut sich darauf, wieder zusammenzuarbeiten und somit zum Erfolg der Veranstaltung beizutragen.&#8221;<br \/>\n<strong>Bernardino Jaume<\/strong>, Pr\u00e4sident der Federaci\u00f3n Balear de Golf, sagte: &#8220;Wir hatten das Vergn\u00fcgen, das zweite Jahr in Folge das Challenge Tour Grand Final auf der Insel Mallorca auszurichten, und jetzt, wo es vorbei ist, kann ich ohne Zweifel sagen, dass es mit gro\u00dfem Erfolg endete.<br \/>\n&#8220;Seit Herr Tamsen den T Golf &amp; Country Club \u00fcbernommen hat, hat der Golfplatz sein fr\u00fcheres Design wiedererlangt und die Spieler haben einen fantastischen Platz in ausgezeichnetem Zustand genossen.<br \/>\n&#8220;Ich m\u00f6chte mich bei allen f\u00fcr die Hilfe und Bereitschaft bedanken, die uns bei der Ausrichtung des Challenge Tour Grand Final entgegengebracht wurde. Die Verwaltungen der Insel sind ein entscheidender Teil dieser Veranstaltung gewesen. Sowohl die Balearenregierung als auch der Consell de Mallorca haben uns gro\u00dfartig unterst\u00fctzt.<br \/>\n&#8220;Die European Challenge Tour, die Mitarbeiter des T Golf &amp; Country Club und alle freiwilligen Helfer haben zusammengearbeitet, um dieses Event auf die Beine zu stellen und wir freuen uns darauf, dies im n\u00e4chsten Jahr wieder zu tun.&#8221;<\/p>\n","link":"","cards":false,"image":false,"sidebar":false,"background_color":"white"},{"acf_fc_layout":"content","title":"Handlung","text_large":"","text":"","link":"","cards":[{"page":8461,"category":"Challenge Tour 2020","date":true},{"page":8468,"category":"Challenge Tour 2020","date":true},{"page":8473,"category":"Challenge Tour 2020","date":true},{"page":8478,"category":"Challenge Tour 2020","date":true}],"image":false,"sidebar":[{"acf_fc_layout":"twitter","twitter":"https:\/\/twitter.com\/Challenge_Tour"}],"background_color":"brown-100"},{"acf_fc_layout":"video_gallery","title":"Videogalerie","video":[{"cover":7405,"video":"<iframe title=\"POST CHALLENGE TOUR GRAND FINAL\" width=\"640\" height=\"360\" src=\"https:\/\/www.youtube.com\/embed\/FM9u-neGJHU?feature=oembed\" frameborder=\"0\" allow=\"accelerometer; autoplay; clipboard-write; encrypted-media; gyroscope; picture-in-picture; web-share\" referrerpolicy=\"strict-origin-when-cross-origin\" allowfullscreen><\/iframe>"},{"cover":7408,"video":"<iframe title=\"Luna Sobr\u00f3n interview\" width=\"640\" height=\"360\" src=\"https:\/\/www.youtube.com\/embed\/SX1WbvmDBo0?feature=oembed\" frameborder=\"0\" allow=\"accelerometer; autoplay; clipboard-write; encrypted-media; gyroscope; picture-in-picture; web-share\" referrerpolicy=\"strict-origin-when-cross-origin\" allowfullscreen><\/iframe>"},{"cover":7411,"video":"<iframe title=\"Alfie Plant in round interview\" width=\"640\" height=\"360\" src=\"https:\/\/www.youtube.com\/embed\/HwfR0onREBY?feature=oembed\" frameborder=\"0\" allow=\"accelerometer; autoplay; clipboard-write; encrypted-media; gyroscope; picture-in-picture; web-share\" referrerpolicy=\"strict-origin-when-cross-origin\" allowfullscreen><\/iframe>"}],"background_color":"white"},{"acf_fc_layout":"ranking","title":"Road to Mallorca Leaders 2020","text":"<div><span lang=\"EN-US\">Spielst\u00e4nde nach Runde vier:<\/span><\/div>\n","ranking":[{"rank":"273","name":"O LIESER (CZE)","day_1":"70","day_2":"69","day_3":"66","day_4":"68"},{"rank":"274","name":"A KNAPPE (GER)","day_1":"68","day_2":"63","day_3":"72","day_4":"71"},{"rank":"","name":"C BLOMSTRAND (SWE)","day_1":"68","day_2":"68","day_3":"69","day_4":"69"},{"rank":"","name":"S TARRIO (ESP) ","day_1":"66","day_2":"70","day_3":"71","day_4":"67"},{"rank":"275","name":"N MOLLER (DEN) ","day_1":"67","day_2":"68","day_3":"69","day_4":"71"},{"rank":"276","name":"K JOHANNESSEN (NOR)","day_1":"71","day_2":"65","day_3":"70","day_4":"70"},{"rank":"277","name":"E DI NITTO (ITA)","day_1":"67","day_2":"68","day_3":"74","day_4":"68"},{"rank":"278","name":"H ELLIS (ENG)","day_1":"72","day_2":"67","day_3":"68","day_4":"71"},{"rank":"","name":"O LENGDEN (SWE) ","day_1":"71","day_2":"66","day_3":"74","day_4":"67"},{"rank":"279","name":"J BRUN (FRA)","day_1":"73","day_2":"69","day_3":"70","day_4":"67"},{"rank":"","name":"H STUREHED (SWE)","day_1":"72","day_2":"71","day_3":"70","day_4":"66"},{"rank":"","name":"B HELLGREN (SWE)","day_1":"66","day_2":"67","day_3":"74","day_4":"73"},{"rank":"","name":"M FORD (ENG)","day_1":"68","day_2":"67","day_3":"73","day_4":"72"},{"rank":"281","name":"A ZEMMER (ITA)","day_1":"69","day_2":"69","day_3":"70","day_4":"73"},{"rank":"","name":"A GARCIA-HEREDIA (ESP)","day_1":"69","day_2":"69","day_3":"71","day_4":"72"},{"rank":"","name":"C HOWIE (SCO)","day_1":"70","day_2":"71","day_3":"68","day_4":"72"},{"rank":"","name":"G KRISTJANSSON (ISL)","day_1":"72","day_2":"68","day_3":"70","day_4":"71"},{"rank":"","name":"A WILSON (ENG) ","day_1":"69","day_2":"73","day_3":"70","day_4":"69"},{"rank":"282","name":"J DANTORP (SWE) ","day_1":"69","day_2":"70","day_3":"79","day_4":"74"},{"rank":"","name":"R MANSELL (ENG) ","day_1":"66","day_2":"67","day_3":"77","day_4":"72"},{"rank":"","name":"M BALDWIN (ENG) ","day_1":"67","day_2":"72","day_3":"71","day_4":"72"},{"rank":"","name":"C PIGEM (ESP) ","day_1":"70","day_2":"70","day_3":"71","day_4":"71"},{"rank":"","name":"H LONG (GER) ","day_1":"71","day_2":"71","day_3":"70","day_4":"70"},{"rank":"","name":"N VON DELLINGSHAUSEN (GER)","day_1":"69","day_2":"72","day_3":"73","day_4":"68"},{"rank":"","name":"M SIMONSEN (DEN) ","day_1":"70","day_2":"72","day_3":"72","day_4":"68"},{"rank":"283","name":"S FERNANDEZ (ESP) ","day_1":"70","day_2":"69","day_3":"68","day_4":"76"},{"rank":"","name":"S GREGORY (ENG)","day_1":"71","day_2":"67","day_3":"72","day_4":"73"},{"rank":"","name":"A KARLSSON (SWE)","day_1":"76","day_2":"71","day_3":"66","day_4":"70"},{"rank":"284","name":"T KOIVISTO (USA)","day_1":"67","day_2":"69","day_3":"74","day_4":"74"},{"rank":"","name":"J FAHRBRING (SWE)","day_1":"69","day_2":"71","day_3":"73","day_4":"71"},{"rank":"285","name":"P ANGLES (ESP)","day_1":"73","day_2":"71","day_3":"70","day_4":"71"},{"rank":"","name":"L NEMECZ (AUT)","day_1":"77","day_2":"70","day_3":"69","day_4":"69"},{"rank":"286","name":"C MIVIS (BEL)","day_1":"72","day_2":"72","day_3":"70","day_4":"72"},{"rank":"289","name":"O LINDELL (FIN)","day_1":"70","day_2":"72","day_3":"73","day_4":"74"},{"rank":"","name":"P ORIOL (ESP) ","day_1":"73","day_2":"69","day_3":"77","day_4":"70"},{"rank":"290","name":"D PERRIER (FRA)","day_1":"72","day_2":"73","day_3":"71","day_4":"74"},{"rank":"","name":"A PLANT (ENG)","day_1":"72","day_2":"73","day_3":"72","day_4":"73"},{"rank":"","name":"J THOMSON (ENG) ","day_1":"72","day_2":"76","day_3":"69","day_4":"73"},{"rank":"293","name":"R GOUVEIA (POR) ","day_1":"74","day_2":"76","day_3":"73","day_4":"70"},{"rank":"294","name":"T CLEMENTS (ENG)","day_1":"76","day_2":"72","day_3":"68","day_4":"78"},{"rank":"","name":"J WRISDALE (ENG)","day_1":"73","day_2":"71","day_3":"73","day_4":"77"},{"rank":"298","name":"A JOHN (GER) ","day_1":"71","day_2":"75","day_3":"74","day_4":"78"}],"background_color":"brown-100"}],"wp_nav_image":false},"yoast_head":"<title>Challenge Tour 2020 - T Golf<\/title>\n<meta name=\"robots\" content=\"index, follow, max-snippet:-1, max-image-preview:large, max-video-preview:-1\" \/>\n<link rel=\"canonical\" href=\"https:\/\/t-golf.club\/de\/calvia\/challenge-tour-2020\/\" \/>\n<meta property=\"og:locale\" content=\"de_DE\" \/>\n<meta property=\"og:type\" content=\"article\" \/>\n<meta property=\"og:title\" content=\"Challenge Tour 2020 - T Golf\" \/>\n<meta property=\"og:url\" content=\"https:\/\/t-golf.club\/de\/calvia\/challenge-tour-2020\/\" \/>\n<meta property=\"og:site_name\" content=\"T Golf\" \/>\n<meta property=\"article:modified_time\" content=\"2022-08-24T18:41:50+00:00\" \/>\n<meta property=\"og:image\" content=\"https:\/\/t-golf.club\/wp-content\/uploads\/2021\/04\/HEADER-PETIT-CT-2020.jpg\" \/>\n\t<meta property=\"og:image:width\" content=\"1440\" \/>\n\t<meta property=\"og:image:height\" content=\"400\" \/>\n\t<meta property=\"og:image:type\" content=\"image\/jpeg\" \/>\n<meta name=\"twitter:card\" content=\"summary_large_image\" \/>\n<script type=\"application\/ld+json\" class=\"yoast-schema-graph\">{\"@context\":\"https:\\\/\\\/schema.org\",\"@graph\":[{\"@type\":\"WebPage\",\"@id\":\"https:\\\/\\\/t-golf.club\\\/de\\\/calvia\\\/challenge-tour-2020\\\/\",\"url\":\"https:\\\/\\\/t-golf.club\\\/de\\\/calvia\\\/challenge-tour-2020\\\/\",\"name\":\"Challenge Tour 2020 - T Golf\",\"isPartOf\":{\"@id\":\"https:\\\/\\\/t-golf.club\\\/de\\\/#website\"},\"primaryImageOfPage\":{\"@id\":\"https:\\\/\\\/t-golf.club\\\/de\\\/calvia\\\/challenge-tour-2020\\\/#primaryimage\"},\"image\":{\"@id\":\"https:\\\/\\\/t-golf.club\\\/de\\\/calvia\\\/challenge-tour-2020\\\/#primaryimage\"},\"thumbnailUrl\":\"https:\\\/\\\/t-golf.club\\\/wp-content\\\/uploads\\\/2021\\\/04\\\/HEADER-PETIT-CT-2020.jpg\",\"datePublished\":\"2021-07-25T17:20:15+00:00\",\"dateModified\":\"2022-08-24T18:41:50+00:00\",\"breadcrumb\":{\"@id\":\"https:\\\/\\\/t-golf.club\\\/de\\\/calvia\\\/challenge-tour-2020\\\/#breadcrumb\"},\"inLanguage\":\"de-DE\",\"potentialAction\":[{\"@type\":\"ReadAction\",\"target\":[\"https:\\\/\\\/t-golf.club\\\/de\\\/calvia\\\/challenge-tour-2020\\\/\"]}]},{\"@type\":\"ImageObject\",\"inLanguage\":\"de-DE\",\"@id\":\"https:\\\/\\\/t-golf.club\\\/de\\\/calvia\\\/challenge-tour-2020\\\/#primaryimage\",\"url\":\"https:\\\/\\\/t-golf.club\\\/wp-content\\\/uploads\\\/2021\\\/04\\\/HEADER-PETIT-CT-2020.jpg\",\"contentUrl\":\"https:\\\/\\\/t-golf.club\\\/wp-content\\\/uploads\\\/2021\\\/04\\\/HEADER-PETIT-CT-2020.jpg\",\"width\":1440,\"height\":400},{\"@type\":\"BreadcrumbList\",\"@id\":\"https:\\\/\\\/t-golf.club\\\/de\\\/calvia\\\/challenge-tour-2020\\\/#breadcrumb\",\"itemListElement\":[{\"@type\":\"ListItem\",\"position\":1,\"name\":\"Home\",\"item\":\"https:\\\/\\\/t-golf.club\\\/de\\\/\"},{\"@type\":\"ListItem\",\"position\":2,\"name\":\"Home &#8211; Calvia\",\"item\":\"https:\\\/\\\/t-golf.club\\\/de\\\/calvia\\\/\"},{\"@type\":\"ListItem\",\"position\":3,\"name\":\"Challenge Tour 2020\"}]},{\"@type\":\"WebSite\",\"@id\":\"https:\\\/\\\/t-golf.club\\\/de\\\/#website\",\"url\":\"https:\\\/\\\/t-golf.club\\\/de\\\/\",\"name\":\"T Golf\",\"description\":\"\",\"inLanguage\":\"de-DE\"}]}<\/script>","yoast_head_json":{"title":"Challenge Tour 2020 - T Golf","robots":{"index":"index","follow":"follow","max-snippet":"max-snippet:-1","max-image-preview":"max-image-preview:large","max-video-preview":"max-video-preview:-1"},"canonical":"https:\/\/t-golf.club\/de\/calvia\/challenge-tour-2020\/","og_locale":"de_DE","og_type":"article","og_title":"Challenge Tour 2020 - T Golf","og_url":"https:\/\/t-golf.club\/de\/calvia\/challenge-tour-2020\/","og_site_name":"T Golf","article_modified_time":"2022-08-24T18:41:50+00:00","og_image":[{"width":1440,"height":400,"url":"https:\/\/t-golf.club\/wp-content\/uploads\/2021\/04\/HEADER-PETIT-CT-2020.jpg","type":"image\/jpeg"}],"twitter_card":"summary_large_image","schema":{"@context":"https:\/\/schema.org","@graph":[{"@type":"WebPage","@id":"https:\/\/t-golf.club\/de\/calvia\/challenge-tour-2020\/","url":"https:\/\/t-golf.club\/de\/calvia\/challenge-tour-2020\/","name":"Challenge Tour 2020 - T Golf","isPartOf":{"@id":"https:\/\/t-golf.club\/de\/#website"},"primaryImageOfPage":{"@id":"https:\/\/t-golf.club\/de\/calvia\/challenge-tour-2020\/#primaryimage"},"image":{"@id":"https:\/\/t-golf.club\/de\/calvia\/challenge-tour-2020\/#primaryimage"},"thumbnailUrl":"https:\/\/t-golf.club\/wp-content\/uploads\/2021\/04\/HEADER-PETIT-CT-2020.jpg","datePublished":"2021-07-25T17:20:15+00:00","dateModified":"2022-08-24T18:41:50+00:00","breadcrumb":{"@id":"https:\/\/t-golf.club\/de\/calvia\/challenge-tour-2020\/#breadcrumb"},"inLanguage":"de-DE","potentialAction":[{"@type":"ReadAction","target":["https:\/\/t-golf.club\/de\/calvia\/challenge-tour-2020\/"]}]},{"@type":"ImageObject","inLanguage":"de-DE","@id":"https:\/\/t-golf.club\/de\/calvia\/challenge-tour-2020\/#primaryimage","url":"https:\/\/t-golf.club\/wp-content\/uploads\/2021\/04\/HEADER-PETIT-CT-2020.jpg","contentUrl":"https:\/\/t-golf.club\/wp-content\/uploads\/2021\/04\/HEADER-PETIT-CT-2020.jpg","width":1440,"height":400},{"@type":"BreadcrumbList","@id":"https:\/\/t-golf.club\/de\/calvia\/challenge-tour-2020\/#breadcrumb","itemListElement":[{"@type":"ListItem","position":1,"name":"Home","item":"https:\/\/t-golf.club\/de\/"},{"@type":"ListItem","position":2,"name":"Home &#8211; Calvia","item":"https:\/\/t-golf.club\/de\/calvia\/"},{"@type":"ListItem","position":3,"name":"Challenge Tour 2020"}]},{"@type":"WebSite","@id":"https:\/\/t-golf.club\/de\/#website","url":"https:\/\/t-golf.club\/de\/","name":"T Golf","description":"","inLanguage":"de-DE"}]}},"_links":{"self":[{"href":"https:\/\/t-golf.club\/de\/wp-json\/wp\/v2\/pages\/8464","targetHints":{"allow":["GET"]}}],"collection":[{"href":"https:\/\/t-golf.club\/de\/wp-json\/wp\/v2\/pages"}],"about":[{"href":"https:\/\/t-golf.club\/de\/wp-json\/wp\/v2\/types\/page"}],"author":[{"embeddable":true,"href":"https:\/\/t-golf.club\/de\/wp-json\/wp\/v2\/users\/1"}],"replies":[{"embeddable":true,"href":"https:\/\/t-golf.club\/de\/wp-json\/wp\/v2\/comments?post=8464"}],"version-history":[{"count":5,"href":"https:\/\/t-golf.club\/de\/wp-json\/wp\/v2\/pages\/8464\/revisions"}],"predecessor-version":[{"id":17205,"href":"https:\/\/t-golf.club\/de\/wp-json\/wp\/v2\/pages\/8464\/revisions\/17205"}],"up":[{"embeddable":true,"href":"https:\/\/t-golf.club\/de\/wp-json\/wp\/v2\/pages\/1770"}],"wp:featuredmedia":[{"embeddable":true,"href":"https:\/\/t-golf.club\/de\/wp-json\/wp\/v2\/media\/7231"}],"wp:attachment":[{"href":"https:\/\/t-golf.club\/de\/wp-json\/wp\/v2\/media?parent=8464"}],"curies":[{"name":"wp","href":"https:\/\/api.w.org\/{rel}","templated":true}]}}