{"id":8461,"date":"2021-07-25T17:18:58","date_gmt":"2021-07-25T17:18:58","guid":{"rendered":"https:\/\/t-golf.club\/?page_id=8461"},"modified":"2021-07-25T17:47:53","modified_gmt":"2021-07-25T17:47:53","slug":"1-tag-der-challenge-tour-2020","status":"publish","type":"page","link":"https:\/\/t-golf.club\/de\/1-tag-der-challenge-tour-2020\/","title":{"rendered":"1. Tag der Challenge Tour 2020"},"content":{"rendered":"","protected":false},"excerpt":{"rendered":"","protected":false},"author":1,"featured_media":4428,"parent":0,"menu_order":68,"comment_status":"closed","ping_status":"closed","template":"views\/flexible.blade.php","meta":{"_acf_changed":false,"footnotes":""},"class_list":["post-8461","page","type-page","status-publish","has-post-thumbnail","hentry"],"acf":{"size":"small","subtitle":"","link_back":{"title":"Challenge Tour 2020","url":"https:\/\/t-golf.club\/de\/challenge-tour-2020\/","target":""},"hero":{"size":"small","subtitle":"","link_back":{"title":"Challenge Tour 2020","url":"https:\/\/t-golf.club\/de\/challenge-tour-2020\/","target":""}},"content":[{"acf_fc_layout":"content","title":"1. TAG DER CHALLENGE TOUR 2020","text_large":"<p>Mansell vertraut auf seinen Instinkt und holt sich einen Teil der F\u00fchrung im Grand Final.<\/p>\n","text":"<p>Richard Mansell teilte sich die F\u00fchrung beim Challenge Tour Grand Final mit einer 66er Runde bei f\u00fcnf unter Par, obwohl er keine Trainingsrunde im T-Golf &amp; Country Club gespielt hatte.<\/p>\n<p>Der Engl\u00e4nder kam erst am Vorabend des Turniers auf Mallorca an, da er nach einem positiven Covid-19-Test in Isolation war, aber er zeigte keine Anzeichen von Schw\u00e4che, als er sich zusammen mit dem Schweden Bjorn Hellgren und dem Spanier Santiago Tarrio an die Spitze des Leaderboards setzte.<\/p>\n<p>Mansell, der derzeit Dritter der Road to Mallorca Rangliste ist, gab zu, dass er kein besseres Ergebnis h\u00e4tte erwarten k\u00f6nnen, nachdem er den Platz zum ersten Mal spielte.<\/p>\n<p>&#8220;Ich habe wirklich versucht, meinen Golfball zu kontrollieren&#8221;, sagte er. &#8220;Ich habe einfach versucht, ihn den ganzen Tag im Spiel zu halten. Ich hatte ein furchtbares Einspielen auf der Range und hatte zu ein paar Mitspielern gesagt, dass ich noch nie so nerv\u00f6s auf dem<\/p>\n<p>ersten Abschlag war. Ich dachte nicht, dass ich gut spielen w\u00fcrde, aber ich schlug gleich einen gro\u00dfartigen Drive, machte gleich ein Birdie auf dem ersten, ein Birdie auf dem zweiten und dachte &#8216;oh, halte durch&#8217;.<\/p>\n<p>&#8220;Ich habe noch drei Runden vor mir. Ich kam erst diese Woche und war nicht in der Lage, mich auf das Spiel vorzubereiten. Und so musste ich mich \u00a0in meinem Hotelzimmer anhand des Birdiebook zu lernen, dadrauf vertraut.\u201d<\/p>\n<p>&#8220;Ich habe genug Golfrunden gespielt, um meine golferischen F\u00e4higkeiten einzusch\u00e4tzen.<\/p>\n<p>Ich habe es drau\u00dfen auf dem Platz wirklich genossen mit meinem Caddie zu arbeiten und das\u00a0 Hotelzimmer zu verlassen.&#8221;<\/p>\n<p>Mansell erwartet das die Gr\u00fcns im Laufe der Woche h\u00e4rter und schneller werden weil die Temperaturen in der vergangenen Woche sehr hoch waren.<\/p>\n<p>&#8220;Die Gr\u00fcns sind fest und ich denke, sie werden im Laufe der Woche noch fester werden&#8221;, sagte er. &#8220;Ich war heute in der letzten Gruppe auf dem Platz und hatte gegen Ende ein paar Putts, die definitiv ein bisschen schneller gelaufen sind.<\/p>\n<p>&#8220;Ich war oben am Gr\u00fcn, als Marcel [Schneider] einen Schlag aufs Gr\u00fcn spielte und ich h\u00f6rte ihn landen und es war, als ob er auf Beton gelandet w\u00e4re. Ich denke, dass die Schl\u00e4ge im Laufe der Woche immer mehr auslaufen, was eine gute Ballkontrolle unterstreicht, welches tendenziell mein Spiel ist.&#8221;<\/p>\n<p>Mansell, Hellgren, der auf dem Weg zu seiner 66er Runde mit f\u00fcnf unter Par zwei Eagles spielte, und Tarrio f\u00fchren mit einem Schlag Vorsprung vor dem Engl\u00e4nder Matt Baldwin, dem Italiener Enrico Di Nitto, dem Amerikaner Tyler Koivisto und dem D\u00e4nen Niklas Norgaard M\u00f8ller auf dem geteilten vierten Platz mit vier unter Par.<\/p>\n<p>Die Nummer vier der Road to Mallorca, Matt Ford, der Schwede Christofer Blomstrand und der Deutsche Alexander Knappe liegen mit einem Schlag R\u00fcckstand auf dem achten Platz bei drei unter Par.<\/p>\n<p>Die zweite Runde des Challenge Tour Grand Final beginnt am Freitag, 20. November, um 8.30 Uhr Ortszeit, das F\u00fchrungstrio spielt um 11.05 Uhr in der Finalgruppe.<\/p>\n","link":"","cards":false,"image":7652,"sidebar":false,"background_color":"white"},{"acf_fc_layout":"video_gallery","title":"Videogalerie","video":[{"cover":7395,"video":"<iframe title=\"FRIDAY 1ST DAY OF THE CHALLENGE GRAND FINALE AT T-CLUB\" width=\"640\" height=\"360\" src=\"https:\/\/www.youtube.com\/embed\/oet2PvM0W8c?feature=oembed\" frameborder=\"0\" allow=\"accelerometer; autoplay; clipboard-write; encrypted-media; gyroscope; picture-in-picture; web-share\" referrerpolicy=\"strict-origin-when-cross-origin\" allowfullscreen><\/iframe>"},{"cover":7401,"video":"<iframe title=\"Richard Mansell Interview - day 1\" width=\"640\" height=\"360\" src=\"https:\/\/www.youtube.com\/embed\/wJ0qyC76KbQ?feature=oembed\" frameborder=\"0\" allow=\"accelerometer; autoplay; clipboard-write; encrypted-media; gyroscope; picture-in-picture; web-share\" referrerpolicy=\"strict-origin-when-cross-origin\" allowfullscreen><\/iframe>"},{"cover":7398,"video":"<iframe title=\"Challenge Tour Grand Finale at T Golf &amp; Country Club Mallorca   DAY 1\" width=\"640\" height=\"360\" src=\"https:\/\/www.youtube.com\/embed\/ADTqp5qsC5M?start=715&feature=oembed\" frameborder=\"0\" allow=\"accelerometer; autoplay; clipboard-write; encrypted-media; gyroscope; picture-in-picture; web-share\" referrerpolicy=\"strict-origin-when-cross-origin\" allowfullscreen><\/iframe>"},{"cover":7430,"video":"<iframe title=\"Niklas Norgaard Moller interview\" width=\"640\" height=\"360\" src=\"https:\/\/www.youtube.com\/embed\/SkibheRl1Ns?feature=oembed\" frameborder=\"0\" allow=\"accelerometer; autoplay; clipboard-write; encrypted-media; gyroscope; picture-in-picture; web-share\" referrerpolicy=\"strict-origin-when-cross-origin\" allowfullscreen><\/iframe>"},{"cover":7433,"video":"<iframe title=\"Santiago Tarrio interview\" width=\"640\" height=\"360\" src=\"https:\/\/www.youtube.com\/embed\/MzYTmnMEE_k?feature=oembed\" frameborder=\"0\" allow=\"accelerometer; autoplay; clipboard-write; encrypted-media; gyroscope; picture-in-picture; web-share\" referrerpolicy=\"strict-origin-when-cross-origin\" allowfullscreen><\/iframe>"},{"cover":7447,"video":"<iframe title=\"Enrico Di Nitto interview\" width=\"640\" height=\"360\" src=\"https:\/\/www.youtube.com\/embed\/JcHxT4SQwO4?feature=oembed\" frameborder=\"0\" allow=\"accelerometer; autoplay; clipboard-write; encrypted-media; gyroscope; picture-in-picture; web-share\" referrerpolicy=\"strict-origin-when-cross-origin\" allowfullscreen><\/iframe>"},{"cover":7450,"video":"<iframe title=\"David Boote interview\" width=\"640\" height=\"360\" src=\"https:\/\/www.youtube.com\/embed\/4T8nCgyAwWM?feature=oembed\" frameborder=\"0\" allow=\"accelerometer; autoplay; clipboard-write; encrypted-media; gyroscope; picture-in-picture; web-share\" referrerpolicy=\"strict-origin-when-cross-origin\" allowfullscreen><\/iframe>"},{"cover":7453,"video":"<iframe title=\"Bjorn Hellgren Interview\" width=\"640\" height=\"360\" src=\"https:\/\/www.youtube.com\/embed\/1zvSFL5DMT0?feature=oembed\" frameborder=\"0\" allow=\"accelerometer; autoplay; clipboard-write; encrypted-media; gyroscope; picture-in-picture; web-share\" referrerpolicy=\"strict-origin-when-cross-origin\" allowfullscreen><\/iframe>"}],"background_color":"brown-100"}]},"yoast_head":"<title>1. Tag der Challenge Tour 2020 - T Golf<\/title>\n<meta name=\"robots\" content=\"index, follow, max-snippet:-1, max-image-preview:large, max-video-preview:-1\" \/>\n<link rel=\"canonical\" href=\"https:\/\/t-golf.club\/de\/1-tag-der-challenge-tour-2020\/\" \/>\n<meta property=\"og:locale\" content=\"de_DE\" \/>\n<meta property=\"og:type\" content=\"article\" \/>\n<meta property=\"og:title\" content=\"1. Tag der Challenge Tour 2020 - T Golf\" \/>\n<meta property=\"og:url\" content=\"https:\/\/t-golf.club\/de\/1-tag-der-challenge-tour-2020\/\" \/>\n<meta property=\"og:site_name\" content=\"T Golf\" \/>\n<meta property=\"article:modified_time\" content=\"2021-07-25T17:47:53+00:00\" \/>\n<meta property=\"og:image\" content=\"https:\/\/t-golf.club\/wp-content\/uploads\/2020\/05\/1229681709.jpg\" \/>\n\t<meta property=\"og:image:width\" content=\"1200\" \/>\n\t<meta property=\"og:image:height\" content=\"800\" \/>\n\t<meta property=\"og:image:type\" content=\"image\/jpeg\" \/>\n<meta name=\"twitter:card\" content=\"summary_large_image\" \/>\n<script type=\"application\/ld+json\" class=\"yoast-schema-graph\">{\"@context\":\"https:\\\/\\\/schema.org\",\"@graph\":[{\"@type\":\"WebPage\",\"@id\":\"https:\\\/\\\/t-golf.club\\\/de\\\/1-tag-der-challenge-tour-2020\\\/\",\"url\":\"https:\\\/\\\/t-golf.club\\\/de\\\/1-tag-der-challenge-tour-2020\\\/\",\"name\":\"1. Tag der Challenge Tour 2020 - T Golf\",\"isPartOf\":{\"@id\":\"https:\\\/\\\/t-golf.club\\\/de\\\/#website\"},\"primaryImageOfPage\":{\"@id\":\"https:\\\/\\\/t-golf.club\\\/de\\\/1-tag-der-challenge-tour-2020\\\/#primaryimage\"},\"image\":{\"@id\":\"https:\\\/\\\/t-golf.club\\\/de\\\/1-tag-der-challenge-tour-2020\\\/#primaryimage\"},\"thumbnailUrl\":\"https:\\\/\\\/t-golf.club\\\/wp-content\\\/uploads\\\/2020\\\/05\\\/1229681709.jpg\",\"datePublished\":\"2021-07-25T17:18:58+00:00\",\"dateModified\":\"2021-07-25T17:47:53+00:00\",\"breadcrumb\":{\"@id\":\"https:\\\/\\\/t-golf.club\\\/de\\\/1-tag-der-challenge-tour-2020\\\/#breadcrumb\"},\"inLanguage\":\"de-DE\",\"potentialAction\":[{\"@type\":\"ReadAction\",\"target\":[\"https:\\\/\\\/t-golf.club\\\/de\\\/1-tag-der-challenge-tour-2020\\\/\"]}]},{\"@type\":\"ImageObject\",\"inLanguage\":\"de-DE\",\"@id\":\"https:\\\/\\\/t-golf.club\\\/de\\\/1-tag-der-challenge-tour-2020\\\/#primaryimage\",\"url\":\"https:\\\/\\\/t-golf.club\\\/wp-content\\\/uploads\\\/2020\\\/05\\\/1229681709.jpg\",\"contentUrl\":\"https:\\\/\\\/t-golf.club\\\/wp-content\\\/uploads\\\/2020\\\/05\\\/1229681709.jpg\",\"width\":1200,\"height\":800},{\"@type\":\"BreadcrumbList\",\"@id\":\"https:\\\/\\\/t-golf.club\\\/de\\\/1-tag-der-challenge-tour-2020\\\/#breadcrumb\",\"itemListElement\":[{\"@type\":\"ListItem\",\"position\":1,\"name\":\"Home\",\"item\":\"https:\\\/\\\/t-golf.club\\\/de\\\/\"},{\"@type\":\"ListItem\",\"position\":2,\"name\":\"1. Tag der Challenge Tour 2020\"}]},{\"@type\":\"WebSite\",\"@id\":\"https:\\\/\\\/t-golf.club\\\/de\\\/#website\",\"url\":\"https:\\\/\\\/t-golf.club\\\/de\\\/\",\"name\":\"T Golf\",\"description\":\"\",\"inLanguage\":\"de-DE\"}]}<\/script>","yoast_head_json":{"title":"1. Tag der Challenge Tour 2020 - T Golf","robots":{"index":"index","follow":"follow","max-snippet":"max-snippet:-1","max-image-preview":"max-image-preview:large","max-video-preview":"max-video-preview:-1"},"canonical":"https:\/\/t-golf.club\/de\/1-tag-der-challenge-tour-2020\/","og_locale":"de_DE","og_type":"article","og_title":"1. Tag der Challenge Tour 2020 - T Golf","og_url":"https:\/\/t-golf.club\/de\/1-tag-der-challenge-tour-2020\/","og_site_name":"T Golf","article_modified_time":"2021-07-25T17:47:53+00:00","og_image":[{"width":1200,"height":800,"url":"https:\/\/t-golf.club\/wp-content\/uploads\/2020\/05\/1229681709.jpg","type":"image\/jpeg"}],"twitter_card":"summary_large_image","schema":{"@context":"https:\/\/schema.org","@graph":[{"@type":"WebPage","@id":"https:\/\/t-golf.club\/de\/1-tag-der-challenge-tour-2020\/","url":"https:\/\/t-golf.club\/de\/1-tag-der-challenge-tour-2020\/","name":"1. Tag der Challenge Tour 2020 - T Golf","isPartOf":{"@id":"https:\/\/t-golf.club\/de\/#website"},"primaryImageOfPage":{"@id":"https:\/\/t-golf.club\/de\/1-tag-der-challenge-tour-2020\/#primaryimage"},"image":{"@id":"https:\/\/t-golf.club\/de\/1-tag-der-challenge-tour-2020\/#primaryimage"},"thumbnailUrl":"https:\/\/t-golf.club\/wp-content\/uploads\/2020\/05\/1229681709.jpg","datePublished":"2021-07-25T17:18:58+00:00","dateModified":"2021-07-25T17:47:53+00:00","breadcrumb":{"@id":"https:\/\/t-golf.club\/de\/1-tag-der-challenge-tour-2020\/#breadcrumb"},"inLanguage":"de-DE","potentialAction":[{"@type":"ReadAction","target":["https:\/\/t-golf.club\/de\/1-tag-der-challenge-tour-2020\/"]}]},{"@type":"ImageObject","inLanguage":"de-DE","@id":"https:\/\/t-golf.club\/de\/1-tag-der-challenge-tour-2020\/#primaryimage","url":"https:\/\/t-golf.club\/wp-content\/uploads\/2020\/05\/1229681709.jpg","contentUrl":"https:\/\/t-golf.club\/wp-content\/uploads\/2020\/05\/1229681709.jpg","width":1200,"height":800},{"@type":"BreadcrumbList","@id":"https:\/\/t-golf.club\/de\/1-tag-der-challenge-tour-2020\/#breadcrumb","itemListElement":[{"@type":"ListItem","position":1,"name":"Home","item":"https:\/\/t-golf.club\/de\/"},{"@type":"ListItem","position":2,"name":"1. Tag der Challenge Tour 2020"}]},{"@type":"WebSite","@id":"https:\/\/t-golf.club\/de\/#website","url":"https:\/\/t-golf.club\/de\/","name":"T Golf","description":"","inLanguage":"de-DE"}]}},"_links":{"self":[{"href":"https:\/\/t-golf.club\/de\/wp-json\/wp\/v2\/pages\/8461","targetHints":{"allow":["GET"]}}],"collection":[{"href":"https:\/\/t-golf.club\/de\/wp-json\/wp\/v2\/pages"}],"about":[{"href":"https:\/\/t-golf.club\/de\/wp-json\/wp\/v2\/types\/page"}],"author":[{"embeddable":true,"href":"https:\/\/t-golf.club\/de\/wp-json\/wp\/v2\/users\/1"}],"replies":[{"embeddable":true,"href":"https:\/\/t-golf.club\/de\/wp-json\/wp\/v2\/comments?post=8461"}],"version-history":[{"count":4,"href":"https:\/\/t-golf.club\/de\/wp-json\/wp\/v2\/pages\/8461\/revisions"}],"predecessor-version":[{"id":8472,"href":"https:\/\/t-golf.club\/de\/wp-json\/wp\/v2\/pages\/8461\/revisions\/8472"}],"wp:featuredmedia":[{"embeddable":true,"href":"https:\/\/t-golf.club\/de\/wp-json\/wp\/v2\/media\/4428"}],"wp:attachment":[{"href":"https:\/\/t-golf.club\/de\/wp-json\/wp\/v2\/media?parent=8461"}],"curies":[{"name":"wp","href":"https:\/\/api.w.org\/{rel}","templated":true}]}}