{"id":8432,"date":"2021-07-23T17:01:23","date_gmt":"2021-07-23T17:01:23","guid":{"rendered":"https:\/\/t-golf.club\/?page_id=8432"},"modified":"2021-08-02T13:48:24","modified_gmt":"2021-08-02T13:48:24","slug":"moechten-sie-ein-sponsor-sein","status":"publish","type":"page","link":"https:\/\/t-golf.club\/de\/moechten-sie-ein-sponsor-sein\/","title":{"rendered":"M\u00f6chten sie ein Sponsor sein?"},"content":{"rendered":"","protected":false},"excerpt":{"rendered":"","protected":false},"author":1,"featured_media":7234,"parent":0,"menu_order":50,"comment_status":"closed","ping_status":"closed","template":"views\/flexible.blade.php","meta":{"_acf_changed":false,"footnotes":""},"class_list":["post-8432","page","type-page","status-publish","has-post-thumbnail","hentry"],"acf":{"size":"small","subtitle":"","link_back":{"title":"Challenge Tour 2021","url":"https:\/\/t-golf.club\/de\/challenge-tour-2021\/","target":""},"hero":{"size":"small","subtitle":"","link_back":{"title":"Challenge Tour 2021","url":"https:\/\/t-golf.club\/de\/challenge-tour-2021\/","target":""}},"content":[{"acf_fc_layout":"content","title":"M\u00f6chten sie ein Sponsor sein?","text_large":"<p>Es gibt mehrere M\u00f6glichkeiten f\u00fcr Unternehmen, das Turnier als Sponsor zu unterst\u00fctzen.<\/p>\n","text":"","link":"","cards":false,"image":false,"sidebar":[{"acf_fc_layout":"contact","text_intro":"Wenn Sie interessiert sind, senden Sie bitte eine E-Mail an:","image":7626,"title":"Alejandra Taronj\u00ed","text":"<p><a href=\"mailto:sales@t-golf.club\">sales@t-golf.club<\/a><\/p>\n"}],"background_color":"brown-100"},{"acf_fc_layout":"content","title":"A) Premium Partner","text_large":"","text":"<ul>\n<li>Ernennung zum offiziellen Sponsor des Challenge Tour Grand Final<\/li>\n<li>24 (vierundzwanzig) zus\u00e4tzliche Einladungen zum Mittagessen im Restaurant des Sponsors am Veranstaltungsort &#8211; ein Tisch f\u00fcr 6 Personen an jedem Turniertag*<\/li>\n<li>30 min Clinic mit einem Golf PRO<\/li>\n<li>Exclusivit\u00e4tet in der Kategorie Premium<\/li>\n<li>Verwendung des Turnier-Logos<\/li>\n<li>Logo auf dem offiziellen Interview-Fotocall<\/li>\n<li>5 (f\u00fcnf) Teams im Turnier Pro Am (15 Spieler)<\/li>\n<li>4 (vier) Einladungen zum offiziellen Willkommens-Abendessen<\/li>\n<li>Logo auf dem Fotocall zur Preisverleihung<\/li>\n<li>Logo auf 5 (f\u00fcnf) der Sponsoren Erkennungstafel auf dem Golfplatz<\/li>\n<li>Logo auf 2 (zwei) \u00a0der Sponsoren Erkennungstafel ausserhalb des Golfplatzes<\/li>\n<li>Logo auf der Sponsoreanerkennunstafel<\/li>\n<li>Logo und Link auf der <a href=\"http:\/\/challengetour.com\/\">challengetour.com<\/a><\/li>\n<li>Pressemitteilung \u00fcber die Kan\u00e4le der Challenge Tour<\/li>\n<li>T\u00e4gliches Posten in den sozialen Medien \u00fcber die Plattformen der Challenge Tour<\/li>\n<li>M\u00f6glichkeit, Dienstleistungen des Unternehmens bei der Veranstaltung zu bewerben*<\/li>\n<\/ul>\n<p>*Einschliesslich Biere und Weine. M\u00f6glichkeit zus\u00e4tzliche G\u00e4ste auf Kosten des Sponsors zu beherbergen.<\/p>\n","link":"","cards":false,"image":false,"sidebar":[{"acf_fc_layout":"table","table":[{"title":"Kosten","text":"\u20ac 50.000 + IVA oder der entsprechende Sachwert"}]}],"background_color":"white"},{"acf_fc_layout":"content","title":"B) Offizieller Partner","text_large":"","text":"<ul>\n<li>Ernennung zum offiziellen Partner des Challenge Tour Grand Final<\/li>\n<li>16 zus\u00e4tzliche Einladungen zum Mittagessen in der Hospitality-Einrichtung des Sponsors am Veranstaltungsort*<\/li>\n<li>Exklusivit\u00e4t in der Kategorie<\/li>\n<li>Verwendung des Turnierlogos<\/li>\n<li>Logo auf dem offiziellen Interview-Fotocall<\/li>\n<li>3 Teams im Turnier Pro-Am (9 Spieler)<\/li>\n<li>2 Einladungen zum offiziellen Willkommensdinner<\/li>\n<li>Logo auf dem Fotocall der Preisverleihung<\/li>\n<li>4 Hinweisschilder auf dem Platz<\/li>\n<li>2 Schilder au\u00dferhalb des Platzes<\/li>\n<li>Logo auf der Sponsoranerkennungstafel<\/li>\n<li>Logo und Link auf challengetour.com<\/li>\n<li>Pressemitteilung \u00fcber Challenge Tour-Kan\u00e4le<\/li>\n<li>1 Social Media Beitrag \u00fcber Challenge Tour Plattformen<\/li>\n<li>Erg\u00e4nzende Ausstellungseinheit zur Bewerbung der Unternehmensleistungen bei der Veranstaltung<\/li>\n<\/ul>\n<p>* Inklusive erg\u00e4nzender Biere und Weine M\u00f6glichkeit, zus\u00e4tzliche G\u00e4ste auf Kosten des Partners zu beherbergen<\/p>\n","link":"","cards":false,"image":false,"sidebar":[{"acf_fc_layout":"table","table":[{"title":"Kosten","text":"\u20ac 30.000 + IVA oder der entsprechende Sachwert"}]}],"background_color":"brown-100"},{"acf_fc_layout":"content","title":"C) Offizieller Sponsor","text_large":"","text":"<ul>\n<li>4 erg\u00e4nzende Einladungen zum Mittagessen in der Hospitality-Einrichtung des Sponsors am Veranstaltungsort*<\/li>\n<li>Exklusivit\u00e4t in der Kategorie<\/li>\n<li>Verwendung des Turnierlogos<\/li>\n<li>Logo auf dem offiziellen Interview-Fotocall<\/li>\n<li>1 Team im Turnier Pro-Am (3 Spieler)<\/li>\n<li>2 Einladungen zum offiziellen Willkommensdinner<\/li>\n<li>Logo auf dem Fotocall der Preisverleihung<\/li>\n<li>2 Hinweisschilder auf dem Platz<\/li>\n<li>1 Beschilderungstafel au\u00dferhalb des Platzes<\/li>\n<li>Logo auf der Sponsoranerkennungstafel<\/li>\n<li>Logo und Link auf challengetour.com<\/li>\n<li>M\u00f6glichkeit, die Dienstleistungen des Unternehmens bei der Veranstaltung zu bewerben**<\/li>\n<\/ul>\n<p>* Einschlie\u00dflich erg\u00e4nzender Biere und Weine. M\u00f6glichkeit, zus\u00e4tzliche G\u00e4ste auf Kosten des Sponsors zu beherbergen<\/p>\n<p>** M\u00f6glichkeit f\u00fcr den Sponsor, das Zelt \u00fcber den offiziellen Zeltlieferanten der Challenge Tour zu beziehen, auf Kosten des Sponsors<\/p>\n","link":"","cards":false,"image":false,"sidebar":[{"acf_fc_layout":"table","table":[{"title":"Kosten","text":"\u20ac 10.000 + IVA oder der entsprechende Sachwert"}]}],"background_color":"white"},{"acf_fc_layout":"content","title":"D) Offizieller Ausr\u00fcster","text_large":"","text":"<ul>\n<li>1 Team im Turnier Pro-Am (3 Spieler)<\/li>\n<li>2 Einladungen zum offiziellen Willkommensdinner<\/li>\n<li>Logo auf dem Fotocall zur Preisverleihung<\/li>\n<li>1 Beschilderungstafel auf dem Golfplatz<\/li>\n<li>Logo auf der Sponsoranerkennungstafel<\/li>\n<li>Logo und Link auf challengetour.com<\/li>\n<li>M\u00f6glichkeit, die Dienstleistungen des Unternehmens bei der Veranstaltung zu bewerben*<\/li>\n<li>M\u00f6glichkeit, G\u00e4ste in der Hospitality-Einrichtung des Sponsors am Veranstaltungsort zu beherbergen**<\/li>\n<\/ul>\n<p>* Der Lieferant kann auf eigene Kosten Zelte \u00fcber den offiziellen Zelth\u00e4ndler der Challenge Tour beziehen.<\/p>\n<p>** Auf Kosten des Lieferanten<\/p>\n","link":"","cards":false,"image":false,"sidebar":[{"acf_fc_layout":"table","table":[{"title":"Kosten","text":"\u20ac 5.000 + IVA oder der entsprechende Sachwert"}]}],"background_color":"brown-100"},{"acf_fc_layout":"content","title":"E) Offizieller Schirmherr","text_large":"","text":"<ul>\n<li>1 Beschilderungstafel auf dem Golfplatz<\/li>\n<li>Logo auf der Sponsoranerkennungstafel<\/li>\n<li>Logo und Link auf challengetour.com<\/li>\n<li>M\u00f6glichkeit, die Dienstleistungen des Unternehmens bei der Veranstaltung zu bewerben*<\/li>\n<li>M\u00f6glichkeit, G\u00e4ste in der Hospitality-Einrichtung des Sponsors am Veranstaltungsort zu beherbergen**<\/li>\n<\/ul>\n<p>* Auf Kosten des Sponsors Bereitstellung von Zelten durch den offiziellen Zeltausstatter der Challenge Tour<br \/>\n** Auf Kosten des Sponsors<\/p>\n","link":"","cards":false,"image":false,"sidebar":[{"acf_fc_layout":"table","table":[{"title":"Kosten","text":"\u20ac 3.000 + IVA oder der entsprechende Sachwert"}]}],"background_color":"white"}]},"yoast_head":"<title>M\u00f6chten sie ein Sponsor sein? - T Golf<\/title>\n<meta name=\"robots\" content=\"index, follow, max-snippet:-1, max-image-preview:large, max-video-preview:-1\" \/>\n<link rel=\"canonical\" href=\"https:\/\/t-golf.club\/de\/moechten-sie-ein-sponsor-sein\/\" \/>\n<meta property=\"og:locale\" content=\"de_DE\" \/>\n<meta property=\"og:type\" content=\"article\" \/>\n<meta property=\"og:title\" content=\"M\u00f6chten sie ein Sponsor sein? - T Golf\" \/>\n<meta property=\"og:url\" content=\"https:\/\/t-golf.club\/de\/moechten-sie-ein-sponsor-sein\/\" \/>\n<meta property=\"og:site_name\" content=\"T Golf\" \/>\n<meta property=\"article:modified_time\" content=\"2021-08-02T13:48:24+00:00\" \/>\n<meta property=\"og:image\" content=\"https:\/\/t-golf.club\/wp-content\/uploads\/2021\/04\/HEADER-PETIT-CT-2021.jpg\" \/>\n\t<meta property=\"og:image:width\" content=\"1440\" \/>\n\t<meta property=\"og:image:height\" content=\"400\" \/>\n\t<meta property=\"og:image:type\" content=\"image\/jpeg\" \/>\n<meta name=\"twitter:card\" content=\"summary_large_image\" \/>\n<script type=\"application\/ld+json\" class=\"yoast-schema-graph\">{\"@context\":\"https:\\\/\\\/schema.org\",\"@graph\":[{\"@type\":\"WebPage\",\"@id\":\"https:\\\/\\\/t-golf.club\\\/de\\\/moechten-sie-ein-sponsor-sein\\\/\",\"url\":\"https:\\\/\\\/t-golf.club\\\/de\\\/moechten-sie-ein-sponsor-sein\\\/\",\"name\":\"M\u00f6chten sie ein Sponsor sein? - T Golf\",\"isPartOf\":{\"@id\":\"https:\\\/\\\/t-golf.club\\\/de\\\/#website\"},\"primaryImageOfPage\":{\"@id\":\"https:\\\/\\\/t-golf.club\\\/de\\\/moechten-sie-ein-sponsor-sein\\\/#primaryimage\"},\"image\":{\"@id\":\"https:\\\/\\\/t-golf.club\\\/de\\\/moechten-sie-ein-sponsor-sein\\\/#primaryimage\"},\"thumbnailUrl\":\"https:\\\/\\\/t-golf.club\\\/wp-content\\\/uploads\\\/2021\\\/04\\\/HEADER-PETIT-CT-2021.jpg\",\"datePublished\":\"2021-07-23T17:01:23+00:00\",\"dateModified\":\"2021-08-02T13:48:24+00:00\",\"breadcrumb\":{\"@id\":\"https:\\\/\\\/t-golf.club\\\/de\\\/moechten-sie-ein-sponsor-sein\\\/#breadcrumb\"},\"inLanguage\":\"de-DE\",\"potentialAction\":[{\"@type\":\"ReadAction\",\"target\":[\"https:\\\/\\\/t-golf.club\\\/de\\\/moechten-sie-ein-sponsor-sein\\\/\"]}]},{\"@type\":\"ImageObject\",\"inLanguage\":\"de-DE\",\"@id\":\"https:\\\/\\\/t-golf.club\\\/de\\\/moechten-sie-ein-sponsor-sein\\\/#primaryimage\",\"url\":\"https:\\\/\\\/t-golf.club\\\/wp-content\\\/uploads\\\/2021\\\/04\\\/HEADER-PETIT-CT-2021.jpg\",\"contentUrl\":\"https:\\\/\\\/t-golf.club\\\/wp-content\\\/uploads\\\/2021\\\/04\\\/HEADER-PETIT-CT-2021.jpg\",\"width\":1440,\"height\":400},{\"@type\":\"BreadcrumbList\",\"@id\":\"https:\\\/\\\/t-golf.club\\\/de\\\/moechten-sie-ein-sponsor-sein\\\/#breadcrumb\",\"itemListElement\":[{\"@type\":\"ListItem\",\"position\":1,\"name\":\"Home\",\"item\":\"https:\\\/\\\/t-golf.club\\\/de\\\/\"},{\"@type\":\"ListItem\",\"position\":2,\"name\":\"M\u00f6chten sie ein Sponsor sein?\"}]},{\"@type\":\"WebSite\",\"@id\":\"https:\\\/\\\/t-golf.club\\\/de\\\/#website\",\"url\":\"https:\\\/\\\/t-golf.club\\\/de\\\/\",\"name\":\"T Golf\",\"description\":\"\",\"inLanguage\":\"de-DE\"}]}<\/script>","yoast_head_json":{"title":"M\u00f6chten sie ein Sponsor sein? - T Golf","robots":{"index":"index","follow":"follow","max-snippet":"max-snippet:-1","max-image-preview":"max-image-preview:large","max-video-preview":"max-video-preview:-1"},"canonical":"https:\/\/t-golf.club\/de\/moechten-sie-ein-sponsor-sein\/","og_locale":"de_DE","og_type":"article","og_title":"M\u00f6chten sie ein Sponsor sein? - T Golf","og_url":"https:\/\/t-golf.club\/de\/moechten-sie-ein-sponsor-sein\/","og_site_name":"T Golf","article_modified_time":"2021-08-02T13:48:24+00:00","og_image":[{"width":1440,"height":400,"url":"https:\/\/t-golf.club\/wp-content\/uploads\/2021\/04\/HEADER-PETIT-CT-2021.jpg","type":"image\/jpeg"}],"twitter_card":"summary_large_image","schema":{"@context":"https:\/\/schema.org","@graph":[{"@type":"WebPage","@id":"https:\/\/t-golf.club\/de\/moechten-sie-ein-sponsor-sein\/","url":"https:\/\/t-golf.club\/de\/moechten-sie-ein-sponsor-sein\/","name":"M\u00f6chten sie ein Sponsor sein? - T Golf","isPartOf":{"@id":"https:\/\/t-golf.club\/de\/#website"},"primaryImageOfPage":{"@id":"https:\/\/t-golf.club\/de\/moechten-sie-ein-sponsor-sein\/#primaryimage"},"image":{"@id":"https:\/\/t-golf.club\/de\/moechten-sie-ein-sponsor-sein\/#primaryimage"},"thumbnailUrl":"https:\/\/t-golf.club\/wp-content\/uploads\/2021\/04\/HEADER-PETIT-CT-2021.jpg","datePublished":"2021-07-23T17:01:23+00:00","dateModified":"2021-08-02T13:48:24+00:00","breadcrumb":{"@id":"https:\/\/t-golf.club\/de\/moechten-sie-ein-sponsor-sein\/#breadcrumb"},"inLanguage":"de-DE","potentialAction":[{"@type":"ReadAction","target":["https:\/\/t-golf.club\/de\/moechten-sie-ein-sponsor-sein\/"]}]},{"@type":"ImageObject","inLanguage":"de-DE","@id":"https:\/\/t-golf.club\/de\/moechten-sie-ein-sponsor-sein\/#primaryimage","url":"https:\/\/t-golf.club\/wp-content\/uploads\/2021\/04\/HEADER-PETIT-CT-2021.jpg","contentUrl":"https:\/\/t-golf.club\/wp-content\/uploads\/2021\/04\/HEADER-PETIT-CT-2021.jpg","width":1440,"height":400},{"@type":"BreadcrumbList","@id":"https:\/\/t-golf.club\/de\/moechten-sie-ein-sponsor-sein\/#breadcrumb","itemListElement":[{"@type":"ListItem","position":1,"name":"Home","item":"https:\/\/t-golf.club\/de\/"},{"@type":"ListItem","position":2,"name":"M\u00f6chten sie ein Sponsor sein?"}]},{"@type":"WebSite","@id":"https:\/\/t-golf.club\/de\/#website","url":"https:\/\/t-golf.club\/de\/","name":"T Golf","description":"","inLanguage":"de-DE"}]}},"_links":{"self":[{"href":"https:\/\/t-golf.club\/de\/wp-json\/wp\/v2\/pages\/8432","targetHints":{"allow":["GET"]}}],"collection":[{"href":"https:\/\/t-golf.club\/de\/wp-json\/wp\/v2\/pages"}],"about":[{"href":"https:\/\/t-golf.club\/de\/wp-json\/wp\/v2\/types\/page"}],"author":[{"embeddable":true,"href":"https:\/\/t-golf.club\/de\/wp-json\/wp\/v2\/users\/1"}],"replies":[{"embeddable":true,"href":"https:\/\/t-golf.club\/de\/wp-json\/wp\/v2\/comments?post=8432"}],"version-history":[{"count":4,"href":"https:\/\/t-golf.club\/de\/wp-json\/wp\/v2\/pages\/8432\/revisions"}],"predecessor-version":[{"id":8621,"href":"https:\/\/t-golf.club\/de\/wp-json\/wp\/v2\/pages\/8432\/revisions\/8621"}],"wp:featuredmedia":[{"embeddable":true,"href":"https:\/\/t-golf.club\/de\/wp-json\/wp\/v2\/media\/7234"}],"wp:attachment":[{"href":"https:\/\/t-golf.club\/de\/wp-json\/wp\/v2\/media?parent=8432"}],"curies":[{"name":"wp","href":"https:\/\/api.w.org\/{rel}","templated":true}]}}