{"id":8423,"date":"2021-07-23T16:49:38","date_gmt":"2021-07-23T16:49:38","guid":{"rendered":"https:\/\/t-golf.club\/?page_id=8423"},"modified":"2021-08-03T09:38:06","modified_gmt":"2021-08-03T09:38:06","slug":"moechtest-sie-ein-freiwilliger-sein","status":"publish","type":"page","link":"https:\/\/t-golf.club\/de\/moechtest-sie-ein-freiwilliger-sein\/","title":{"rendered":"M\u00f6chten Sie als Ehrenamtlicher dabei sein?"},"content":{"rendered":"","protected":false},"excerpt":{"rendered":"","protected":false},"author":1,"featured_media":7234,"parent":0,"menu_order":44,"comment_status":"closed","ping_status":"closed","template":"views\/flexible.blade.php","meta":{"_acf_changed":false,"footnotes":""},"class_list":["post-8423","page","type-page","status-publish","has-post-thumbnail","hentry"],"acf":{"size":"small","subtitle":"","link_back":{"title":"Challenge Tour 2021","url":"https:\/\/t-golf.club\/de\/challenge-tour-2021\/","target":""},"hero":{"size":"small","subtitle":"","link_back":{"title":"Challenge Tour 2021","url":"https:\/\/t-golf.club\/de\/challenge-tour-2021\/","target":""}},"content":[{"acf_fc_layout":"content","title":"M\u00f6chten Sie als Ehrenamtlicher dabei sein?","text_large":"<p>Die Challenge r\u00fcckt n\u00e4her und wir w\u00fcrden uns freuen, wenn Sie dabei sind. Wie Sie wissen, wurden wir erneut ausgew\u00e4hlt, das gro\u00dfe Finale der Challenge Tour 2021 auszurichten, das vom 4. bis 7. November 2021 stattfindet. Um sicherzustellen, dass alles reibungslos abl\u00e4uft, brauchen wir eine Gruppe engagierter Freiwilliger, die mithelfen. <\/p>\n","text":"<p>Freiwilligenpositionen werden ben\u00f6tigt:<\/p>\n<ul>\n<li><strong>Leaderboards<\/strong>: Es wird 12 Leaderboards auf der Strecke geben, f\u00fcr die jeweils 2 Personen ben\u00f6tigt werden, insgesamt also 10-12, die daf\u00fcr verantwortlich sind, die Leaderboards mit Live-Scores auf dem neuesten Stand zu halten.<\/li>\n<li><strong>Laufende Punktez\u00e4hler<\/strong>: Ein Walking Scorer mit jeder Gruppe, insgesamt 15 werden ben\u00f6tigt. Sie m\u00fcssen ein kleines Handger\u00e4t (z. B. ein Telefon) mit den Punktest\u00e4nden der Spieler nach jedem Loch aktualisieren.<\/li>\n<li><strong>Ballbeobachter<\/strong>: Etwa sechs Personen, die um den Platz herum positioniert werden, um den Spielern zu helfen, ihren Ball zu finden.<\/li>\n<li><strong>TV-L\u00e4ufer<\/strong>: Zwei Personen, die die TV-Crew unterst\u00fctzen.<\/li>\n<\/ul>\n","link":"","cards":false,"image":false,"sidebar":[{"acf_fc_layout":"contact","text_intro":"Wenn Sie interessiert sind, senden Sie uns bitte eine E-Mail","image":7626,"title":"Alejandra Taronj\u00ed","text":"<p><a href=\"mailto:sales@t-golf.club\">sales@t-golf.club<\/a><\/p>\n"}],"background_color":"brown-100"},{"acf_fc_layout":"slider","title":"","images":[7638,7641,7644,7647],"background_color":"brown-100"}]},"yoast_head":"<title>M\u00f6chten Sie als Ehrenamtlicher dabei sein? - T Golf<\/title>\n<meta name=\"robots\" content=\"index, follow, max-snippet:-1, max-image-preview:large, max-video-preview:-1\" \/>\n<link rel=\"canonical\" href=\"https:\/\/t-golf.club\/de\/moechtest-sie-ein-freiwilliger-sein\/\" \/>\n<meta property=\"og:locale\" content=\"de_DE\" \/>\n<meta property=\"og:type\" content=\"article\" \/>\n<meta property=\"og:title\" content=\"M\u00f6chten Sie als Ehrenamtlicher dabei sein? - T Golf\" \/>\n<meta property=\"og:url\" content=\"https:\/\/t-golf.club\/de\/moechtest-sie-ein-freiwilliger-sein\/\" \/>\n<meta property=\"og:site_name\" content=\"T Golf\" \/>\n<meta property=\"article:modified_time\" content=\"2021-08-03T09:38:06+00:00\" \/>\n<meta property=\"og:image\" content=\"https:\/\/t-golf.club\/wp-content\/uploads\/2021\/04\/HEADER-PETIT-CT-2021.jpg\" \/>\n\t<meta property=\"og:image:width\" content=\"1440\" \/>\n\t<meta property=\"og:image:height\" content=\"400\" \/>\n\t<meta property=\"og:image:type\" content=\"image\/jpeg\" \/>\n<meta name=\"twitter:card\" content=\"summary_large_image\" \/>\n<meta name=\"twitter:label1\" content=\"Est. reading time\" \/>\n\t<meta name=\"twitter:data1\" content=\"2 minutes\" \/>\n<script type=\"application\/ld+json\" class=\"yoast-schema-graph\">{\"@context\":\"https:\\\/\\\/schema.org\",\"@graph\":[{\"@type\":\"WebPage\",\"@id\":\"https:\\\/\\\/t-golf.club\\\/de\\\/moechtest-sie-ein-freiwilliger-sein\\\/\",\"url\":\"https:\\\/\\\/t-golf.club\\\/de\\\/moechtest-sie-ein-freiwilliger-sein\\\/\",\"name\":\"M\u00f6chten Sie als Ehrenamtlicher dabei sein? - T Golf\",\"isPartOf\":{\"@id\":\"https:\\\/\\\/t-golf.club\\\/de\\\/#website\"},\"primaryImageOfPage\":{\"@id\":\"https:\\\/\\\/t-golf.club\\\/de\\\/moechtest-sie-ein-freiwilliger-sein\\\/#primaryimage\"},\"image\":{\"@id\":\"https:\\\/\\\/t-golf.club\\\/de\\\/moechtest-sie-ein-freiwilliger-sein\\\/#primaryimage\"},\"thumbnailUrl\":\"https:\\\/\\\/t-golf.club\\\/wp-content\\\/uploads\\\/2021\\\/04\\\/HEADER-PETIT-CT-2021.jpg\",\"datePublished\":\"2021-07-23T16:49:38+00:00\",\"dateModified\":\"2021-08-03T09:38:06+00:00\",\"breadcrumb\":{\"@id\":\"https:\\\/\\\/t-golf.club\\\/de\\\/moechtest-sie-ein-freiwilliger-sein\\\/#breadcrumb\"},\"inLanguage\":\"de-DE\",\"potentialAction\":[{\"@type\":\"ReadAction\",\"target\":[\"https:\\\/\\\/t-golf.club\\\/de\\\/moechtest-sie-ein-freiwilliger-sein\\\/\"]}]},{\"@type\":\"ImageObject\",\"inLanguage\":\"de-DE\",\"@id\":\"https:\\\/\\\/t-golf.club\\\/de\\\/moechtest-sie-ein-freiwilliger-sein\\\/#primaryimage\",\"url\":\"https:\\\/\\\/t-golf.club\\\/wp-content\\\/uploads\\\/2021\\\/04\\\/HEADER-PETIT-CT-2021.jpg\",\"contentUrl\":\"https:\\\/\\\/t-golf.club\\\/wp-content\\\/uploads\\\/2021\\\/04\\\/HEADER-PETIT-CT-2021.jpg\",\"width\":1440,\"height\":400},{\"@type\":\"BreadcrumbList\",\"@id\":\"https:\\\/\\\/t-golf.club\\\/de\\\/moechtest-sie-ein-freiwilliger-sein\\\/#breadcrumb\",\"itemListElement\":[{\"@type\":\"ListItem\",\"position\":1,\"name\":\"Home\",\"item\":\"https:\\\/\\\/t-golf.club\\\/de\\\/\"},{\"@type\":\"ListItem\",\"position\":2,\"name\":\"M\u00f6chten Sie als Ehrenamtlicher dabei sein?\"}]},{\"@type\":\"WebSite\",\"@id\":\"https:\\\/\\\/t-golf.club\\\/de\\\/#website\",\"url\":\"https:\\\/\\\/t-golf.club\\\/de\\\/\",\"name\":\"T Golf\",\"description\":\"\",\"inLanguage\":\"de-DE\"}]}<\/script>","yoast_head_json":{"title":"M\u00f6chten Sie als Ehrenamtlicher dabei sein? - T Golf","robots":{"index":"index","follow":"follow","max-snippet":"max-snippet:-1","max-image-preview":"max-image-preview:large","max-video-preview":"max-video-preview:-1"},"canonical":"https:\/\/t-golf.club\/de\/moechtest-sie-ein-freiwilliger-sein\/","og_locale":"de_DE","og_type":"article","og_title":"M\u00f6chten Sie als Ehrenamtlicher dabei sein? - T Golf","og_url":"https:\/\/t-golf.club\/de\/moechtest-sie-ein-freiwilliger-sein\/","og_site_name":"T Golf","article_modified_time":"2021-08-03T09:38:06+00:00","og_image":[{"width":1440,"height":400,"url":"https:\/\/t-golf.club\/wp-content\/uploads\/2021\/04\/HEADER-PETIT-CT-2021.jpg","type":"image\/jpeg"}],"twitter_card":"summary_large_image","twitter_misc":{"Est. reading time":"2 minutes"},"schema":{"@context":"https:\/\/schema.org","@graph":[{"@type":"WebPage","@id":"https:\/\/t-golf.club\/de\/moechtest-sie-ein-freiwilliger-sein\/","url":"https:\/\/t-golf.club\/de\/moechtest-sie-ein-freiwilliger-sein\/","name":"M\u00f6chten Sie als Ehrenamtlicher dabei sein? - T Golf","isPartOf":{"@id":"https:\/\/t-golf.club\/de\/#website"},"primaryImageOfPage":{"@id":"https:\/\/t-golf.club\/de\/moechtest-sie-ein-freiwilliger-sein\/#primaryimage"},"image":{"@id":"https:\/\/t-golf.club\/de\/moechtest-sie-ein-freiwilliger-sein\/#primaryimage"},"thumbnailUrl":"https:\/\/t-golf.club\/wp-content\/uploads\/2021\/04\/HEADER-PETIT-CT-2021.jpg","datePublished":"2021-07-23T16:49:38+00:00","dateModified":"2021-08-03T09:38:06+00:00","breadcrumb":{"@id":"https:\/\/t-golf.club\/de\/moechtest-sie-ein-freiwilliger-sein\/#breadcrumb"},"inLanguage":"de-DE","potentialAction":[{"@type":"ReadAction","target":["https:\/\/t-golf.club\/de\/moechtest-sie-ein-freiwilliger-sein\/"]}]},{"@type":"ImageObject","inLanguage":"de-DE","@id":"https:\/\/t-golf.club\/de\/moechtest-sie-ein-freiwilliger-sein\/#primaryimage","url":"https:\/\/t-golf.club\/wp-content\/uploads\/2021\/04\/HEADER-PETIT-CT-2021.jpg","contentUrl":"https:\/\/t-golf.club\/wp-content\/uploads\/2021\/04\/HEADER-PETIT-CT-2021.jpg","width":1440,"height":400},{"@type":"BreadcrumbList","@id":"https:\/\/t-golf.club\/de\/moechtest-sie-ein-freiwilliger-sein\/#breadcrumb","itemListElement":[{"@type":"ListItem","position":1,"name":"Home","item":"https:\/\/t-golf.club\/de\/"},{"@type":"ListItem","position":2,"name":"M\u00f6chten Sie als Ehrenamtlicher dabei sein?"}]},{"@type":"WebSite","@id":"https:\/\/t-golf.club\/de\/#website","url":"https:\/\/t-golf.club\/de\/","name":"T Golf","description":"","inLanguage":"de-DE"}]}},"_links":{"self":[{"href":"https:\/\/t-golf.club\/de\/wp-json\/wp\/v2\/pages\/8423","targetHints":{"allow":["GET"]}}],"collection":[{"href":"https:\/\/t-golf.club\/de\/wp-json\/wp\/v2\/pages"}],"about":[{"href":"https:\/\/t-golf.club\/de\/wp-json\/wp\/v2\/types\/page"}],"author":[{"embeddable":true,"href":"https:\/\/t-golf.club\/de\/wp-json\/wp\/v2\/users\/1"}],"replies":[{"embeddable":true,"href":"https:\/\/t-golf.club\/de\/wp-json\/wp\/v2\/comments?post=8423"}],"version-history":[{"count":5,"href":"https:\/\/t-golf.club\/de\/wp-json\/wp\/v2\/pages\/8423\/revisions"}],"predecessor-version":[{"id":37650,"href":"https:\/\/t-golf.club\/de\/wp-json\/wp\/v2\/pages\/8423\/revisions\/37650"}],"wp:featuredmedia":[{"embeddable":true,"href":"https:\/\/t-golf.club\/de\/wp-json\/wp\/v2\/media\/7234"}],"wp:attachment":[{"href":"https:\/\/t-golf.club\/de\/wp-json\/wp\/v2\/media?parent=8423"}],"curies":[{"name":"wp","href":"https:\/\/api.w.org\/{rel}","templated":true}]}}