{"id":8420,"date":"2021-07-23T16:26:14","date_gmt":"2021-07-23T16:26:14","guid":{"rendered":"https:\/\/t-golf.club\/?page_id=8420"},"modified":"2022-08-24T18:50:27","modified_gmt":"2022-08-24T18:50:27","slug":"challenge-tour-2021","status":"publish","type":"page","link":"https:\/\/t-golf.club\/de\/calvia\/challenge-tour-2021\/","title":{"rendered":"Challenge Tour 2021"},"content":{"rendered":"","protected":false},"excerpt":{"rendered":"","protected":false},"author":1,"featured_media":8558,"parent":1770,"menu_order":56,"comment_status":"closed","ping_status":"closed","template":"views\/flexible.blade.php","meta":{"_acf_changed":false,"footnotes":""},"class_list":["post-8420","page","type-page","status-publish","has-post-thumbnail","hentry"],"acf":{"size":"small","subtitle":"","link_back":{"title":"Challenge Tour","url":"https:\/\/t-golf.club\/de\/calvia\/challenge-tour\/","target":""},"hero":{"size":"small","subtitle":"","link_back":{"title":"Challenge Tour","url":"https:\/\/t-golf.club\/de\/calvia\/challenge-tour\/","target":""}},"content":[{"acf_fc_layout":"color_cards","title":"TICKETS","cards":[{"image":8565,"pre_title":"","title":"TICKETS","subtitle":"Laden Sie Ihre Freikarten herunter","link":{"title":"Klicken Sie here","url":"https:\/\/tickets.europeantour.com\/eut\/#\/e3d60912-955e-421c-95c6-29c193db1ae5\/shop\/custom-pack?fac=EUT&locale=de&skin=pgachallenge","target":"_blank"},"color":"blue-light-300"}],"background_color":"brown-100"},{"acf_fc_layout":"content","title":"Rolex und der R&A vereinen ihre Kr\u00e4fte beim Challenge Tour Grand Finale","text_large":"<p>Das gro\u00dfe Finale der Rolex Challenge Tour, dass von der R&A unterst\u00fctzt wird, findet vom 4. bis 7. November 2021 im T-Golf & Country Club auf Mallorca statt.<\/p>\n","text":"<p><strong>Pressemitteilung, Dienstag, 22. Juni 2021<\/strong><\/p>\n<p>Die European Challenge Tour gab heute bekannt, dass Rolex, ein engagierter Unterst\u00fctzer seit \u00fcber 30 Jahren der Tour, Titelsponsor des Challenge Tour Grand Final wird. Sein Engagement wird damit f\u00fcr die n\u00e4chste Generation zuk\u00fcnftiger Stars bekr\u00e4ftigt, w\u00e4hrend der R&amp;A unterst\u00fctzender Partner der Saisonfinale wird.<\/p>\n<p>Die von der R&amp;A unterst\u00fctzte Rolex Challenge Tour Grand Final, das vom 4. bis 7. November 2021 im T-Golf &amp; Country Club auf Mallorca stattfinden wird, bildet den Abschluss der Road to Mallorca Rankings 2021 und bietet eine Erh\u00f6hung des Preisgeldes von 420.000 Euro auf 450.000 Euro. Die 20 besten Spieler erhalten Spielrechte f\u00fcr die European Tour im folgenden Jahr.<\/p>\n<p>Rolex ist seit \u00fcber 30 Jahren mit der Challenge Tour verbunden. Mit der \u00dcbernahme des Titelsponsorings f\u00fcr das Rolex Challenge Tour Grand Finale, das von der R&amp;A unterst\u00fctzt wird, verst\u00e4rkt Rolex seine kontinuierliche Unterst\u00fctzung f\u00fcr die zuk\u00fcnftigen Stars des Golfsports.<\/p>\n<p>Seit \u00fcber 50 Jahren steht Rolex im Mittelpunkt des Golfsports und unterst\u00fctzt sowohl aufstrebende Spieler als auch Weltklassespieler, die wichtigsten professionellen Touren und Verb\u00e4nde sowie die besten Veranstaltungen im Golfkalender.<\/p>\n<p>Die Rolex Series, die Premium-Kategorie von Events auf dem internationalen Spielplan der European Tour mit einem Mindestpreisgeld von 8 Millionen US-Dollar, wurde 2017 anl\u00e4sslich des 20-j\u00e4hrigen Jubil\u00e4ums der dauerhaften Partnerschaft zwischen Rolex und der European Tour ins Leben gerufen. Sie bietet aufstrebenden Talenten einen klaren Weg vom Amateur \u00fcber die Challenge Tour bis hin zum Wettkampf mit den Besten der Welt.<\/p>\n<p>Rolex ist seit kurzem auch weltweiter Partner des Ryder Cups, des gr\u00f6\u00dften Mannschaftswettbewerbs im Golfsport, und arbeitet mit der PGA of America als offizieller Timekeeper zusammen, eine Rolle, die Rolex bereits seit 1995 beim Team Europe aus\u00fcbt.<\/p>\n<div><\/div>\n<div><span lang=\"DE\">Die Challenge Tour ist seit mehr als drei Jahrzehnten f\u00fchrend bei der Verbreitung des Golfsports auf der ganzen Welt und spielt in \u00fcber 50 L\u00e4ndern weltweit.<\/span><\/div>\n<div><\/div>\n<div>\n<p>Das langfristige Engagement von Rolex f\u00fcr die Challenge Tour begann mit der Rolex Trophy, die seit der ersten Saison im Jahr 1989 zum Programm der Challenge Tour geh\u00f6rt. Die Unterst\u00fctzung konzentriert sich nun jedoch auf das Grand Final, das Saisonfinale der Challenge Tour, und auf die Unterst\u00fctzung eines Ersatzturniers im August dieses Jahres, damit die n\u00e4chste Generation von Stars geboren warden.<\/p>\n<\/div>\n","link":"","cards":false,"image":8565,"sidebar":false,"background_color":"white"},{"acf_fc_layout":"quotes","title":"","quotes":[{"author":"Jamie Hodges, Leiter der Challenge Tour","text":"<p>&#8220;Wir sind Rolex unglaublich dankbar f\u00fcr die Unterst\u00fctzung, die sie der Challenge Tour in den letzten 30 Jahren gegeben haben. Sie waren in dieser Zeit ein echter Partner f\u00fcr unsere Tour und wir freuen uns sehr, mit ihnen an diesem n\u00e4chsten Kapitel zu arbeiten\u201c<\/p>\n"},{"author":"Jamie Hodges, Leiter der Challenge Tour","text":"<p>&#8220;Sowohl Rolex als auch der R&amp;A haben w\u00e4hrend der durch die COVID-19-Pandemie verursachten Unterbrechungen, ein unglaubliches Engagement f\u00fcr die Challenge Tour gezeigt. In der vergangenen Saison hat Rolex die Preisgelder der abgesagten Rolex Trophy zugunsten des Challenge-Tour-Programms und seiner Mitglieder gewidmet. Der R&amp;A hat zus\u00e4tzlich zu ihrem j\u00e4hrlichen Zuschuss weitere Mittel aus ihrem COVID-19-Unterst\u00fctzungsfonds bereitgestellt, ein 7-Millionen-Pfund-Paket, um dem Golfsport bei der Bew\u00e4ltigung der Auswirkungen der weltweiten Pandemie zu helfen. Wir freuen uns, dass beide Organisationen mit der heutigen Ank\u00fcndigung ihre wertvolle Unterst\u00fctzung erneut bekr\u00e4ftigt haben.\u201c<\/p>\n"},{"author":"Jamie Hodges, Leiter der Challenge Tour","text":"<p>&#8220;Das gro\u00dfe Finale der Challenge Tour ist der H\u00f6hepunkt der Road to Mallorca-Saison, dass Rolex Titelsponsor der Veranstaltung wird, erh\u00f6ht das Ansehen und den Bekanntheitsgrad des Unternehmens in der Welt des Golfsports und unterstreicht sein Engagement f\u00fcr die Challenge Tour. Das Engagement der R&amp;A als unterst\u00fctzender Partner setzt f\u00fcr die Entwicklung zuk\u00fcnftiger Generationen auf ihrem Weg vom Amateurgolf zum Spitzensport sowie f\u00fcr die F\u00f6rderung und den Fortschritt des Sports in aufstrebenden Golfnationen fort.\u201c<\/p>\n"},{"author":"Phil Anderton, Chief Development Officer von der R&A","text":"<p>&#8220;Wir haben uns verpflichtet, die European Challenge Tour zu unterst\u00fctzen und sind stolz darauf, diese Unterst\u00fctzung auf das gro\u00dfe Finale und den H\u00f6hepunkt der Road to Mallorca-Saison auszudehnen. Dies ist ein \u00e4u\u00dferst wichtiges Ereignis im europ\u00e4ischen Golfkalender und ein weiterer wichtiger Meilenstein auf dem Weg f\u00fcr aufstrebende Profigolfer.\u201c<\/p>\n"},{"author":"Phil Anderton, Chief Development Officer von der R&A","text":"<p>&#8220;Unser Ziel ist es, so viel wie m\u00f6glich zu tun, um die Sprossen der Golfleiter von der Basis \u00fcber die Elite-Amateure bis hin zu den Profi-Touren zu st\u00e4rken. Wir wollen Spielern die M\u00f6glichkeit geben, sich auf den h\u00f6chsten Ebenen des Spiels zu entwickeln und zu gedeihen und k\u00fcnftige Generationen zu inspirieren.\u201c<\/p>\n"}],"background_color":"brown-100"},{"acf_fc_layout":"cta_tgolf_team","text":"Werden Sie Teil des Teams von T Golf als...","cards":[{"text":"Sponsor","link":{"title":"M\u00f6chten sie ein Sponsor sein?","url":"https:\/\/t-golf.club\/de\/moechten-sie-ein-sponsor-sein\/","target":""}},{"text":"Teil des Championship Village","link":{"title":"Wollen sie teil des Championship Village sein?","url":"https:\/\/t-golf.club\/de\/wollen-sie-teil-des-championship-village-sein\/","target":""}},{"text":"Ehrenamtlich","link":{"title":"M\u00f6chtest sie ein freiwilliger sein?","url":"https:\/\/t-golf.club\/de\/moechtest-sie-ein-freiwilliger-sein\/","target":""}}],"background":7275},{"acf_fc_layout":"color_cards","title":"MITTEILUNG","cards":[{"image":5890,"pre_title":"WOLLEN SIE DAS PRO-AM SPIELEN?","title":"Challenge<br>PRO AM","subtitle":"Mittwoch, 3. November 2021","link":{"title":"Challenge Tour PRO AM 2021","url":"https:\/\/t-golf.club\/de\/calvia\/challenge-tour-pro-am-2021\/","target":""},"color":"blue-light-100"}],"background_color":"white"},{"acf_fc_layout":"content","title":"MITTEILUNG","text_large":"<p>Der T-Golf & Country Club wird erneut Gastgeber des Challenge Tour Grand Final sein, wenn das Finale der Road to Mallorca im Jahr 2021 auf die Baleareninsel zur\u00fcckkehrt.<\/p>\n","text":"<p><strong>Vom 4. bis 7. November 2021<\/strong><\/p>\n<p>&nbsp;<\/p>\n<p>Der Veranstaltungsort, 15 km von der Hauptstadt Palma entfernt, war letzte Woche erfolgreicher Austragungsort des gro\u00dfen Finales 2020, als Ondrej Lieser der erste Golfer aus der Tschechischen Republik wurde, der das Event gewann und zur Road to Mallorca Nummer 1 gekr\u00f6nt wurde.<\/p>\n<p>Gespielt vor der Kulisse des Tramuntana Gebirges, wird das Challenge Tour Grand Final 2021 die letzte Station auf dem saison\u00fcbergreifenden Road to Mallorca International Schedule sein, bei dem die besten 45 Spieler um einen Platz auf der European Tour f\u00fcr die Saison 2022 gegeneinander antreten werden.<\/p>\n<p>Jamie Hodges, Head of Challenge Tour, sagte: \u201cDer T-Golf &amp; Country Club hat sich in diesem Jahr als fantastischer Austragungsort erwiesen und die Entscheidung zu treffen, 2021 wieder zur\u00fcckzukehren, ist dadurch sehr einfach gefallen. Der Golfplatz war in einem tadellosen Zustand und ich habe unglaublich viel positives Feedback von den Spielern erhalten. Ich muss Heiner Tamsen, dem Besitzer des T-Golf &amp; Country Club, Borja Ochoa, dem General Manager, und allen Mitarbeitern danken, die sich so gut und in \u00dcbereinstimmung mit unseren Covid-19-Protokollen um uns gek\u00fcmmert haben. Wir freuen uns darauf, wieder eng mit dem T-Golf-Team zusammen zu arbeiten, um auf dem Erfolg dieses Jahres aufzubauen, und k\u00f6nnen es kaum erwarten, zum gro\u00dfen Finale der Challenge Tour 2021 zur\u00fcckzukehren.\u201d<\/p>\n","link":"","cards":false,"image":7347,"sidebar":false,"background_color":"brown-100"},{"acf_fc_layout":"quotes","title":"","quotes":[{"author":"Bernardino Jaume, Pr\u00e4sident der Federaci\u00f3n Balear de Golf","text":"<p>Ich m\u00f6chte mich bei allen f\u00fcr die Hilfe und Bereitschaft bedanken, die uns bei der Realisierung der Challenge Tour Grand Final entgegengebracht wurde. Die lokalen Verwaltungen sind ein entscheidender Teil dieser Veranstaltung und sowohl die Balearenregierung als auch der Consell de Mallorca haben uns gro\u00dfartig unterst\u00fctzt.<\/p>\n"},{"author":"Bernardino Jaume, Pr\u00e4sident der Federaci\u00f3n Balear de Golf","text":"<p>Die European Challenge Tour, die Mitarbeiter des T Golf &amp; Country Club und alle freiwilligen Helfer haben grossartig zusammengearbeitet, um dieses Event auf die Beine zu stellen und wir freuen uns darauf, dies im n\u00e4chsten Jahr wieder zu tun.<\/p>\n"}],"background_color":"white"}],"wp_nav_image":false},"yoast_head":"<title>Challenge Tour 2021 - T Golf<\/title>\n<meta name=\"robots\" content=\"index, follow, max-snippet:-1, max-image-preview:large, max-video-preview:-1\" \/>\n<link rel=\"canonical\" href=\"https:\/\/t-golf.club\/de\/calvia\/challenge-tour-2021\/\" \/>\n<meta property=\"og:locale\" content=\"de_DE\" \/>\n<meta property=\"og:type\" content=\"article\" \/>\n<meta property=\"og:title\" content=\"Challenge Tour 2021 - T Golf\" \/>\n<meta property=\"og:url\" content=\"https:\/\/t-golf.club\/de\/calvia\/challenge-tour-2021\/\" \/>\n<meta property=\"og:site_name\" content=\"T Golf\" \/>\n<meta property=\"article:modified_time\" content=\"2022-08-24T18:50:27+00:00\" \/>\n<meta property=\"og:image\" content=\"https:\/\/t-golf.club\/wp-content\/uploads\/2021\/07\/Challenge-Tour-2021-Rolex-banner.png\" \/>\n\t<meta property=\"og:image:width\" content=\"1434\" \/>\n\t<meta property=\"og:image:height\" content=\"400\" \/>\n\t<meta property=\"og:image:type\" content=\"image\/png\" \/>\n<meta name=\"twitter:card\" content=\"summary_large_image\" \/>\n<script type=\"application\/ld+json\" class=\"yoast-schema-graph\">{\"@context\":\"https:\\\/\\\/schema.org\",\"@graph\":[{\"@type\":\"WebPage\",\"@id\":\"https:\\\/\\\/t-golf.club\\\/de\\\/calvia\\\/challenge-tour-2021\\\/\",\"url\":\"https:\\\/\\\/t-golf.club\\\/de\\\/calvia\\\/challenge-tour-2021\\\/\",\"name\":\"Challenge Tour 2021 - T Golf\",\"isPartOf\":{\"@id\":\"https:\\\/\\\/t-golf.club\\\/de\\\/#website\"},\"primaryImageOfPage\":{\"@id\":\"https:\\\/\\\/t-golf.club\\\/de\\\/calvia\\\/challenge-tour-2021\\\/#primaryimage\"},\"image\":{\"@id\":\"https:\\\/\\\/t-golf.club\\\/de\\\/calvia\\\/challenge-tour-2021\\\/#primaryimage\"},\"thumbnailUrl\":\"https:\\\/\\\/t-golf.club\\\/wp-content\\\/uploads\\\/2021\\\/07\\\/Challenge-Tour-2021-Rolex-banner.png\",\"datePublished\":\"2021-07-23T16:26:14+00:00\",\"dateModified\":\"2022-08-24T18:50:27+00:00\",\"breadcrumb\":{\"@id\":\"https:\\\/\\\/t-golf.club\\\/de\\\/calvia\\\/challenge-tour-2021\\\/#breadcrumb\"},\"inLanguage\":\"de-DE\",\"potentialAction\":[{\"@type\":\"ReadAction\",\"target\":[\"https:\\\/\\\/t-golf.club\\\/de\\\/calvia\\\/challenge-tour-2021\\\/\"]}]},{\"@type\":\"ImageObject\",\"inLanguage\":\"de-DE\",\"@id\":\"https:\\\/\\\/t-golf.club\\\/de\\\/calvia\\\/challenge-tour-2021\\\/#primaryimage\",\"url\":\"https:\\\/\\\/t-golf.club\\\/wp-content\\\/uploads\\\/2021\\\/07\\\/Challenge-Tour-2021-Rolex-banner.png\",\"contentUrl\":\"https:\\\/\\\/t-golf.club\\\/wp-content\\\/uploads\\\/2021\\\/07\\\/Challenge-Tour-2021-Rolex-banner.png\",\"width\":1434,\"height\":400},{\"@type\":\"BreadcrumbList\",\"@id\":\"https:\\\/\\\/t-golf.club\\\/de\\\/calvia\\\/challenge-tour-2021\\\/#breadcrumb\",\"itemListElement\":[{\"@type\":\"ListItem\",\"position\":1,\"name\":\"Home\",\"item\":\"https:\\\/\\\/t-golf.club\\\/de\\\/\"},{\"@type\":\"ListItem\",\"position\":2,\"name\":\"Home &#8211; Calvia\",\"item\":\"https:\\\/\\\/t-golf.club\\\/de\\\/calvia\\\/\"},{\"@type\":\"ListItem\",\"position\":3,\"name\":\"Challenge Tour 2021\"}]},{\"@type\":\"WebSite\",\"@id\":\"https:\\\/\\\/t-golf.club\\\/de\\\/#website\",\"url\":\"https:\\\/\\\/t-golf.club\\\/de\\\/\",\"name\":\"T Golf\",\"description\":\"\",\"inLanguage\":\"de-DE\"}]}<\/script>","yoast_head_json":{"title":"Challenge Tour 2021 - T Golf","robots":{"index":"index","follow":"follow","max-snippet":"max-snippet:-1","max-image-preview":"max-image-preview:large","max-video-preview":"max-video-preview:-1"},"canonical":"https:\/\/t-golf.club\/de\/calvia\/challenge-tour-2021\/","og_locale":"de_DE","og_type":"article","og_title":"Challenge Tour 2021 - T Golf","og_url":"https:\/\/t-golf.club\/de\/calvia\/challenge-tour-2021\/","og_site_name":"T Golf","article_modified_time":"2022-08-24T18:50:27+00:00","og_image":[{"width":1434,"height":400,"url":"https:\/\/t-golf.club\/wp-content\/uploads\/2021\/07\/Challenge-Tour-2021-Rolex-banner.png","type":"image\/png"}],"twitter_card":"summary_large_image","schema":{"@context":"https:\/\/schema.org","@graph":[{"@type":"WebPage","@id":"https:\/\/t-golf.club\/de\/calvia\/challenge-tour-2021\/","url":"https:\/\/t-golf.club\/de\/calvia\/challenge-tour-2021\/","name":"Challenge Tour 2021 - T Golf","isPartOf":{"@id":"https:\/\/t-golf.club\/de\/#website"},"primaryImageOfPage":{"@id":"https:\/\/t-golf.club\/de\/calvia\/challenge-tour-2021\/#primaryimage"},"image":{"@id":"https:\/\/t-golf.club\/de\/calvia\/challenge-tour-2021\/#primaryimage"},"thumbnailUrl":"https:\/\/t-golf.club\/wp-content\/uploads\/2021\/07\/Challenge-Tour-2021-Rolex-banner.png","datePublished":"2021-07-23T16:26:14+00:00","dateModified":"2022-08-24T18:50:27+00:00","breadcrumb":{"@id":"https:\/\/t-golf.club\/de\/calvia\/challenge-tour-2021\/#breadcrumb"},"inLanguage":"de-DE","potentialAction":[{"@type":"ReadAction","target":["https:\/\/t-golf.club\/de\/calvia\/challenge-tour-2021\/"]}]},{"@type":"ImageObject","inLanguage":"de-DE","@id":"https:\/\/t-golf.club\/de\/calvia\/challenge-tour-2021\/#primaryimage","url":"https:\/\/t-golf.club\/wp-content\/uploads\/2021\/07\/Challenge-Tour-2021-Rolex-banner.png","contentUrl":"https:\/\/t-golf.club\/wp-content\/uploads\/2021\/07\/Challenge-Tour-2021-Rolex-banner.png","width":1434,"height":400},{"@type":"BreadcrumbList","@id":"https:\/\/t-golf.club\/de\/calvia\/challenge-tour-2021\/#breadcrumb","itemListElement":[{"@type":"ListItem","position":1,"name":"Home","item":"https:\/\/t-golf.club\/de\/"},{"@type":"ListItem","position":2,"name":"Home &#8211; Calvia","item":"https:\/\/t-golf.club\/de\/calvia\/"},{"@type":"ListItem","position":3,"name":"Challenge Tour 2021"}]},{"@type":"WebSite","@id":"https:\/\/t-golf.club\/de\/#website","url":"https:\/\/t-golf.club\/de\/","name":"T Golf","description":"","inLanguage":"de-DE"}]}},"_links":{"self":[{"href":"https:\/\/t-golf.club\/de\/wp-json\/wp\/v2\/pages\/8420","targetHints":{"allow":["GET"]}}],"collection":[{"href":"https:\/\/t-golf.club\/de\/wp-json\/wp\/v2\/pages"}],"about":[{"href":"https:\/\/t-golf.club\/de\/wp-json\/wp\/v2\/types\/page"}],"author":[{"embeddable":true,"href":"https:\/\/t-golf.club\/de\/wp-json\/wp\/v2\/users\/1"}],"replies":[{"embeddable":true,"href":"https:\/\/t-golf.club\/de\/wp-json\/wp\/v2\/comments?post=8420"}],"version-history":[{"count":5,"href":"https:\/\/t-golf.club\/de\/wp-json\/wp\/v2\/pages\/8420\/revisions"}],"predecessor-version":[{"id":17213,"href":"https:\/\/t-golf.club\/de\/wp-json\/wp\/v2\/pages\/8420\/revisions\/17213"}],"up":[{"embeddable":true,"href":"https:\/\/t-golf.club\/de\/wp-json\/wp\/v2\/pages\/1770"}],"wp:featuredmedia":[{"embeddable":true,"href":"https:\/\/t-golf.club\/de\/wp-json\/wp\/v2\/media\/8558"}],"wp:attachment":[{"href":"https:\/\/t-golf.club\/de\/wp-json\/wp\/v2\/media?parent=8420"}],"curies":[{"name":"wp","href":"https:\/\/api.w.org\/{rel}","templated":true}]}}