{"id":7140,"date":"2021-04-27T18:48:41","date_gmt":"2021-04-27T18:48:41","guid":{"rendered":"https:\/\/t-golf.club\/?page_id=7140"},"modified":"2022-08-26T09:29:59","modified_gmt":"2022-08-26T09:29:59","slug":"t-wandertage","status":"publish","type":"page","link":"https:\/\/t-golf.club\/de\/t-wandertage\/","title":{"rendered":"T-WANDERTAGE"},"content":{"rendered":"","protected":false},"excerpt":{"rendered":"","protected":false},"author":1,"featured_media":6974,"parent":0,"menu_order":86,"comment_status":"closed","ping_status":"closed","template":"views\/flexible-member.blade.php","meta":{"_acf_changed":false,"footnotes":""},"class_list":["post-7140","page","type-page","status-publish","has-post-thumbnail","hentry"],"acf":{"size":"large","subtitle":"Spezialprogramm f\u00fcr Lifetime-Mitglieder","link_back":"","hero":{"size":"large","subtitle":"Spezialprogramm f\u00fcr Lifetime-Mitglieder","link_back":""},"content":[{"acf_fc_layout":"content","title":"T-WANDERTAGE mit Xisca Tugores","text_large":"<p>Das dramatische Tramontane-Gebirge, UNESCO-Weltkulturerbe, nimmt fast ein Drittel der Oberfl\u00e4che Mallorcas ein. Der T Golf & Country Club ist der Ausgangspunkt f\u00fcr die Wanderungen durch die weiten W\u00e4lder aus Pinien, knorrigen Olivenb\u00e4umen und silbergr\u00fcnen Steineichen und f\u00fcr die Einkehr in die noch in ihrer Urspr\u00fcnglichkeit erhaltenen Bergd\u00f6rfer. <\/p>\n","text":"<p>Nach dem Erfolg der improvisierten Besichtigung von S\u00f3ller und Fornalutx von Xisca Tugores mit einigen unserer Mitglieder und auf den einstimmigen Wunsch der Teilnehmer hin haben wir beschlossen, ein Programm zu erstellen, um unseren Lifetime-Mitgliedern verschiedene Gegenden von Mallorca zu zeigen. Die Idee ist, die Golfschuhe gegen Wanderschuhe zu tauschen und unser mallorquinisches Paradies zu genie\u00dfen.<\/p>\n<p><strong>Das Programm<br \/>\n<\/strong>Unser Programm wird von Xisca Tugores geleitet. Die Ausfl\u00fcge dauern einen ganzen Tag und beinhalten ein Picknick-Mittagessen und den Transport (abh\u00e4ngig von der Anzahl der Teilnehmer). Es werden sch\u00f6ne Bilder gemacht, die auf unserer Website in der &#8220;Member&#8217;s News Corner&#8221; ver\u00f6ffentlicht werden.<\/p>\n<p>Bei jedem der Ausfl\u00fcge werden wir Sie im Vorhinein \u00fcber die spezifischen Dinge informieren, die Sie mitbringen sollten (Badeanzug, Handtuch, Decke, etc.). Die Mindestteilnehmerzahl betr\u00e4gt 8, die H\u00f6chstteilnehmerzahl 20.<\/p>\n","link":"","cards":false,"image":false,"sidebar":[{"acf_fc_layout":"contact","text_intro":"F\u00fcr weitere Informationen wenden Sie sich bitte an:","image":2189,"title":"Xisca Tugores","text":"<p><a href=\"mailto:administration@t-golf.club\">administration@t-golf.club<\/a><br \/>\n<a href=\"tel:+34971130148\">+34 971 130 148<\/a><\/p>\n"},{"acf_fc_layout":"table","table":[{"title":"Geplante Termine","text":""},{"title":"24. Januar 2022","text":"Rund um das Tossals Verds-Massiv"},{"title":"28. Februar 2022","text":"Von einem bezaubernden Tal zu einer ehemaligen Mauren-Festung, Orient auf Castell d'Alar\u00f3 & Mandelbl\u00fcte"},{"title":"21. M\u00e4rz 2022","text":"Spaziergang zu der malerischen Bucht Es Cal\u00f3 am Fu\u00dfe der Serra de Llevant"},{"title":"25. April 2022","text":"Die Ruinen des Klosters Trapiste"},{"title":"23. Mai 2022","text":"Das Kap La Vict\u00f2ria bei Alcudia"},{"title":"27. Juni 2022","text":"Von einem Bilderbuchdorf zu einer bezaubernden Bucht. Der Malerweg von Deia"}]}],"background_color":"white"},{"acf_fc_layout":"post_intro","title":"N\u00e4chstes Wandern","posts":"","background_color":"brown-100"},{"acf_fc_layout":"posts_naked","title":"Zuk\u00fcnftige Wanderungen","linkable":true,"posts":"","background_color":"white"},{"acf_fc_layout":"posts_cards","title":"Vergangene Wanderungen","posts":[7155,7156,7157,7158,7159,7160],"background_color":"brown-100"},{"acf_fc_layout":"slider","title":"","images":[9862,9859,9856,9850,7024,7021,7032,7043,7018,7027],"background_color":"white"}],"wp_nav_image":false},"yoast_head":"<title>T-WANDERTAGE - T Golf<\/title>\n<meta name=\"robots\" content=\"index, follow, max-snippet:-1, max-image-preview:large, max-video-preview:-1\" \/>\n<link rel=\"canonical\" href=\"https:\/\/t-golf.club\/de\/t-wandertage\/\" \/>\n<meta property=\"og:locale\" content=\"de_DE\" \/>\n<meta property=\"og:type\" content=\"article\" \/>\n<meta property=\"og:title\" content=\"T-WANDERTAGE - T Golf\" \/>\n<meta property=\"og:url\" content=\"https:\/\/t-golf.club\/de\/t-wandertage\/\" \/>\n<meta property=\"og:site_name\" content=\"T Golf\" \/>\n<meta property=\"article:modified_time\" content=\"2022-08-26T09:29:59+00:00\" \/>\n<meta property=\"og:image\" content=\"https:\/\/t-golf.club\/wp-content\/uploads\/2021\/04\/Banyalbufar.jpg\" \/>\n\t<meta property=\"og:image:width\" content=\"1920\" \/>\n\t<meta property=\"og:image:height\" content=\"1280\" \/>\n\t<meta property=\"og:image:type\" content=\"image\/jpeg\" \/>\n<meta name=\"twitter:card\" content=\"summary_large_image\" \/>\n<script type=\"application\/ld+json\" class=\"yoast-schema-graph\">{\"@context\":\"https:\\\/\\\/schema.org\",\"@graph\":[{\"@type\":\"WebPage\",\"@id\":\"https:\\\/\\\/t-golf.club\\\/de\\\/t-wandertage\\\/\",\"url\":\"https:\\\/\\\/t-golf.club\\\/de\\\/t-wandertage\\\/\",\"name\":\"T-WANDERTAGE - T Golf\",\"isPartOf\":{\"@id\":\"https:\\\/\\\/t-golf.club\\\/de\\\/#website\"},\"primaryImageOfPage\":{\"@id\":\"https:\\\/\\\/t-golf.club\\\/de\\\/t-wandertage\\\/#primaryimage\"},\"image\":{\"@id\":\"https:\\\/\\\/t-golf.club\\\/de\\\/t-wandertage\\\/#primaryimage\"},\"thumbnailUrl\":\"https:\\\/\\\/t-golf.club\\\/wp-content\\\/uploads\\\/2021\\\/04\\\/Banyalbufar.jpg\",\"datePublished\":\"2021-04-27T18:48:41+00:00\",\"dateModified\":\"2022-08-26T09:29:59+00:00\",\"breadcrumb\":{\"@id\":\"https:\\\/\\\/t-golf.club\\\/de\\\/t-wandertage\\\/#breadcrumb\"},\"inLanguage\":\"de-DE\",\"potentialAction\":[{\"@type\":\"ReadAction\",\"target\":[\"https:\\\/\\\/t-golf.club\\\/de\\\/t-wandertage\\\/\"]}]},{\"@type\":\"ImageObject\",\"inLanguage\":\"de-DE\",\"@id\":\"https:\\\/\\\/t-golf.club\\\/de\\\/t-wandertage\\\/#primaryimage\",\"url\":\"https:\\\/\\\/t-golf.club\\\/wp-content\\\/uploads\\\/2021\\\/04\\\/Banyalbufar.jpg\",\"contentUrl\":\"https:\\\/\\\/t-golf.club\\\/wp-content\\\/uploads\\\/2021\\\/04\\\/Banyalbufar.jpg\",\"width\":1920,\"height\":1280},{\"@type\":\"BreadcrumbList\",\"@id\":\"https:\\\/\\\/t-golf.club\\\/de\\\/t-wandertage\\\/#breadcrumb\",\"itemListElement\":[{\"@type\":\"ListItem\",\"position\":1,\"name\":\"Home\",\"item\":\"https:\\\/\\\/t-golf.club\\\/de\\\/\"},{\"@type\":\"ListItem\",\"position\":2,\"name\":\"T-WANDERTAGE\"}]},{\"@type\":\"WebSite\",\"@id\":\"https:\\\/\\\/t-golf.club\\\/de\\\/#website\",\"url\":\"https:\\\/\\\/t-golf.club\\\/de\\\/\",\"name\":\"T Golf\",\"description\":\"\",\"inLanguage\":\"de-DE\"}]}<\/script>","yoast_head_json":{"title":"T-WANDERTAGE - T Golf","robots":{"index":"index","follow":"follow","max-snippet":"max-snippet:-1","max-image-preview":"max-image-preview:large","max-video-preview":"max-video-preview:-1"},"canonical":"https:\/\/t-golf.club\/de\/t-wandertage\/","og_locale":"de_DE","og_type":"article","og_title":"T-WANDERTAGE - T Golf","og_url":"https:\/\/t-golf.club\/de\/t-wandertage\/","og_site_name":"T Golf","article_modified_time":"2022-08-26T09:29:59+00:00","og_image":[{"width":1920,"height":1280,"url":"https:\/\/t-golf.club\/wp-content\/uploads\/2021\/04\/Banyalbufar.jpg","type":"image\/jpeg"}],"twitter_card":"summary_large_image","schema":{"@context":"https:\/\/schema.org","@graph":[{"@type":"WebPage","@id":"https:\/\/t-golf.club\/de\/t-wandertage\/","url":"https:\/\/t-golf.club\/de\/t-wandertage\/","name":"T-WANDERTAGE - T Golf","isPartOf":{"@id":"https:\/\/t-golf.club\/de\/#website"},"primaryImageOfPage":{"@id":"https:\/\/t-golf.club\/de\/t-wandertage\/#primaryimage"},"image":{"@id":"https:\/\/t-golf.club\/de\/t-wandertage\/#primaryimage"},"thumbnailUrl":"https:\/\/t-golf.club\/wp-content\/uploads\/2021\/04\/Banyalbufar.jpg","datePublished":"2021-04-27T18:48:41+00:00","dateModified":"2022-08-26T09:29:59+00:00","breadcrumb":{"@id":"https:\/\/t-golf.club\/de\/t-wandertage\/#breadcrumb"},"inLanguage":"de-DE","potentialAction":[{"@type":"ReadAction","target":["https:\/\/t-golf.club\/de\/t-wandertage\/"]}]},{"@type":"ImageObject","inLanguage":"de-DE","@id":"https:\/\/t-golf.club\/de\/t-wandertage\/#primaryimage","url":"https:\/\/t-golf.club\/wp-content\/uploads\/2021\/04\/Banyalbufar.jpg","contentUrl":"https:\/\/t-golf.club\/wp-content\/uploads\/2021\/04\/Banyalbufar.jpg","width":1920,"height":1280},{"@type":"BreadcrumbList","@id":"https:\/\/t-golf.club\/de\/t-wandertage\/#breadcrumb","itemListElement":[{"@type":"ListItem","position":1,"name":"Home","item":"https:\/\/t-golf.club\/de\/"},{"@type":"ListItem","position":2,"name":"T-WANDERTAGE"}]},{"@type":"WebSite","@id":"https:\/\/t-golf.club\/de\/#website","url":"https:\/\/t-golf.club\/de\/","name":"T Golf","description":"","inLanguage":"de-DE"}]}},"_links":{"self":[{"href":"https:\/\/t-golf.club\/de\/wp-json\/wp\/v2\/pages\/7140","targetHints":{"allow":["GET"]}}],"collection":[{"href":"https:\/\/t-golf.club\/de\/wp-json\/wp\/v2\/pages"}],"about":[{"href":"https:\/\/t-golf.club\/de\/wp-json\/wp\/v2\/types\/page"}],"author":[{"embeddable":true,"href":"https:\/\/t-golf.club\/de\/wp-json\/wp\/v2\/users\/1"}],"replies":[{"embeddable":true,"href":"https:\/\/t-golf.club\/de\/wp-json\/wp\/v2\/comments?post=7140"}],"version-history":[{"count":5,"href":"https:\/\/t-golf.club\/de\/wp-json\/wp\/v2\/pages\/7140\/revisions"}],"predecessor-version":[{"id":17553,"href":"https:\/\/t-golf.club\/de\/wp-json\/wp\/v2\/pages\/7140\/revisions\/17553"}],"wp:featuredmedia":[{"embeddable":true,"href":"https:\/\/t-golf.club\/de\/wp-json\/wp\/v2\/media\/6974"}],"wp:attachment":[{"href":"https:\/\/t-golf.club\/de\/wp-json\/wp\/v2\/media?parent=7140"}],"curies":[{"name":"wp","href":"https:\/\/api.w.org\/{rel}","templated":true}]}}