{"id":6118,"date":"2021-02-25T21:19:14","date_gmt":"2021-02-25T21:19:14","guid":{"rendered":"https:\/\/t-golf.club\/?page_id=6118"},"modified":"2022-09-20T11:41:25","modified_gmt":"2022-09-20T11:41:25","slug":"lokale-tierpflege","status":"publish","type":"page","link":"https:\/\/t-golf.club\/de\/t-foundation\/lokale-tierpflege\/","title":{"rendered":"Lokale Tierpflege"},"content":{"rendered":"","protected":false},"excerpt":{"rendered":"","protected":false},"author":1,"featured_media":6001,"parent":6112,"menu_order":99,"comment_status":"closed","ping_status":"closed","template":"views\/foundation-single.blade.php","meta":{"_acf_changed":false,"footnotes":""},"class_list":["post-6118","page","type-page","status-publish","has-post-thumbnail","hentry"],"acf":{"subtitle":"Tiere vieler verschiedener Arten brauchen unsere Hilfe","link_back":{"title":"T Stiftung","url":"https:\/\/t-golf.club\/de\/t-foundation\/","target":""},"title":"Lokale Tierpflege","text":"<p>Dieser Bereich umfasst die Rettung und Betreuung verschiedenster bed\u00fcrftiger Tiere auf Mallorca. \u00a0Wir k\u00fcmmern uns um diverse Katzenkolonien mit t\u00e4glicher F\u00fctterung, medizinischer Versorgung und Kastration und suchen Familien f\u00fcr sie. Seit 2021 besteht unser Hauptprojekt darin, Rancho Fino Mallorca zu helfen. Es handelt sich um eine Finca, die verlassene Hunde, Katzen, Pferde usw. aufnimmt und diese pflegt, bis sie hoffentlich ein neues Zuhause finden. Oder sie bleiben in der liebevollen Pflege von Stacey van Tichelt, Leiterin der Finca.<\/p>\n<p>Im Moment muss Rancho Fino seine Einrichtungen, St\u00e4lle usw. umbauen. Daf\u00fcr ben\u00f6tigen sie rund 150.000 Euro. Hier bei T Foundation haben wir uns zum Ziel gesetzt, dies zu erreichen.<\/p>\n","image":6073,"category":{"term_id":57,"name":"Lokale Tierpflege","slug":"lokale-tierpflege","term_group":0,"term_taxonomy_id":57,"taxonomy":"category","description":"","parent":0,"count":6,"filter":"raw","term_order":"10"},"wp_nav_image":false},"yoast_head":"<title>Lokale Tierpflege - T Golf<\/title>\n<meta name=\"robots\" content=\"index, follow, max-snippet:-1, max-image-preview:large, max-video-preview:-1\" \/>\n<link rel=\"canonical\" href=\"https:\/\/t-golf.club\/de\/t-foundation\/lokale-tierpflege\/\" \/>\n<meta property=\"og:locale\" content=\"de_DE\" \/>\n<meta property=\"og:type\" content=\"article\" \/>\n<meta property=\"og:title\" content=\"Lokale Tierpflege - T Golf\" \/>\n<meta property=\"og:url\" content=\"https:\/\/t-golf.club\/de\/t-foundation\/lokale-tierpflege\/\" \/>\n<meta property=\"og:site_name\" content=\"T Golf\" \/>\n<meta property=\"article:modified_time\" content=\"2022-09-20T11:41:25+00:00\" \/>\n<meta property=\"og:image\" content=\"https:\/\/t-golf.club\/wp-content\/uploads\/2021\/02\/Cat-con-lavanda.jpg\" \/>\n\t<meta property=\"og:image:width\" content=\"1200\" \/>\n\t<meta property=\"og:image:height\" content=\"900\" \/>\n\t<meta property=\"og:image:type\" content=\"image\/jpeg\" \/>\n<meta name=\"twitter:card\" content=\"summary_large_image\" \/>\n<script type=\"application\/ld+json\" class=\"yoast-schema-graph\">{\"@context\":\"https:\\\/\\\/schema.org\",\"@graph\":[{\"@type\":\"WebPage\",\"@id\":\"https:\\\/\\\/t-golf.club\\\/de\\\/t-foundation\\\/lokale-tierpflege\\\/\",\"url\":\"https:\\\/\\\/t-golf.club\\\/de\\\/t-foundation\\\/lokale-tierpflege\\\/\",\"name\":\"Lokale Tierpflege - T Golf\",\"isPartOf\":{\"@id\":\"https:\\\/\\\/t-golf.club\\\/de\\\/#website\"},\"primaryImageOfPage\":{\"@id\":\"https:\\\/\\\/t-golf.club\\\/de\\\/t-foundation\\\/lokale-tierpflege\\\/#primaryimage\"},\"image\":{\"@id\":\"https:\\\/\\\/t-golf.club\\\/de\\\/t-foundation\\\/lokale-tierpflege\\\/#primaryimage\"},\"thumbnailUrl\":\"https:\\\/\\\/t-golf.club\\\/wp-content\\\/uploads\\\/2021\\\/02\\\/Cat-con-lavanda.jpg\",\"datePublished\":\"2021-02-25T21:19:14+00:00\",\"dateModified\":\"2022-09-20T11:41:25+00:00\",\"breadcrumb\":{\"@id\":\"https:\\\/\\\/t-golf.club\\\/de\\\/t-foundation\\\/lokale-tierpflege\\\/#breadcrumb\"},\"inLanguage\":\"de-DE\",\"potentialAction\":[{\"@type\":\"ReadAction\",\"target\":[\"https:\\\/\\\/t-golf.club\\\/de\\\/t-foundation\\\/lokale-tierpflege\\\/\"]}]},{\"@type\":\"ImageObject\",\"inLanguage\":\"de-DE\",\"@id\":\"https:\\\/\\\/t-golf.club\\\/de\\\/t-foundation\\\/lokale-tierpflege\\\/#primaryimage\",\"url\":\"https:\\\/\\\/t-golf.club\\\/wp-content\\\/uploads\\\/2021\\\/02\\\/Cat-con-lavanda.jpg\",\"contentUrl\":\"https:\\\/\\\/t-golf.club\\\/wp-content\\\/uploads\\\/2021\\\/02\\\/Cat-con-lavanda.jpg\",\"width\":1200,\"height\":900},{\"@type\":\"BreadcrumbList\",\"@id\":\"https:\\\/\\\/t-golf.club\\\/de\\\/t-foundation\\\/lokale-tierpflege\\\/#breadcrumb\",\"itemListElement\":[{\"@type\":\"ListItem\",\"position\":1,\"name\":\"Home\",\"item\":\"https:\\\/\\\/t-golf.club\\\/de\\\/\"},{\"@type\":\"ListItem\",\"position\":2,\"name\":\"T Foundation\",\"item\":\"https:\\\/\\\/t-golf.club\\\/de\\\/t-foundation\\\/\"},{\"@type\":\"ListItem\",\"position\":3,\"name\":\"Lokale Tierpflege\"}]},{\"@type\":\"WebSite\",\"@id\":\"https:\\\/\\\/t-golf.club\\\/de\\\/#website\",\"url\":\"https:\\\/\\\/t-golf.club\\\/de\\\/\",\"name\":\"T Golf\",\"description\":\"\",\"inLanguage\":\"de-DE\"}]}<\/script>","yoast_head_json":{"title":"Lokale Tierpflege - T Golf","robots":{"index":"index","follow":"follow","max-snippet":"max-snippet:-1","max-image-preview":"max-image-preview:large","max-video-preview":"max-video-preview:-1"},"canonical":"https:\/\/t-golf.club\/de\/t-foundation\/lokale-tierpflege\/","og_locale":"de_DE","og_type":"article","og_title":"Lokale Tierpflege - T Golf","og_url":"https:\/\/t-golf.club\/de\/t-foundation\/lokale-tierpflege\/","og_site_name":"T Golf","article_modified_time":"2022-09-20T11:41:25+00:00","og_image":[{"width":1200,"height":900,"url":"https:\/\/t-golf.club\/wp-content\/uploads\/2021\/02\/Cat-con-lavanda.jpg","type":"image\/jpeg"}],"twitter_card":"summary_large_image","schema":{"@context":"https:\/\/schema.org","@graph":[{"@type":"WebPage","@id":"https:\/\/t-golf.club\/de\/t-foundation\/lokale-tierpflege\/","url":"https:\/\/t-golf.club\/de\/t-foundation\/lokale-tierpflege\/","name":"Lokale Tierpflege - T Golf","isPartOf":{"@id":"https:\/\/t-golf.club\/de\/#website"},"primaryImageOfPage":{"@id":"https:\/\/t-golf.club\/de\/t-foundation\/lokale-tierpflege\/#primaryimage"},"image":{"@id":"https:\/\/t-golf.club\/de\/t-foundation\/lokale-tierpflege\/#primaryimage"},"thumbnailUrl":"https:\/\/t-golf.club\/wp-content\/uploads\/2021\/02\/Cat-con-lavanda.jpg","datePublished":"2021-02-25T21:19:14+00:00","dateModified":"2022-09-20T11:41:25+00:00","breadcrumb":{"@id":"https:\/\/t-golf.club\/de\/t-foundation\/lokale-tierpflege\/#breadcrumb"},"inLanguage":"de-DE","potentialAction":[{"@type":"ReadAction","target":["https:\/\/t-golf.club\/de\/t-foundation\/lokale-tierpflege\/"]}]},{"@type":"ImageObject","inLanguage":"de-DE","@id":"https:\/\/t-golf.club\/de\/t-foundation\/lokale-tierpflege\/#primaryimage","url":"https:\/\/t-golf.club\/wp-content\/uploads\/2021\/02\/Cat-con-lavanda.jpg","contentUrl":"https:\/\/t-golf.club\/wp-content\/uploads\/2021\/02\/Cat-con-lavanda.jpg","width":1200,"height":900},{"@type":"BreadcrumbList","@id":"https:\/\/t-golf.club\/de\/t-foundation\/lokale-tierpflege\/#breadcrumb","itemListElement":[{"@type":"ListItem","position":1,"name":"Home","item":"https:\/\/t-golf.club\/de\/"},{"@type":"ListItem","position":2,"name":"T Foundation","item":"https:\/\/t-golf.club\/de\/t-foundation\/"},{"@type":"ListItem","position":3,"name":"Lokale Tierpflege"}]},{"@type":"WebSite","@id":"https:\/\/t-golf.club\/de\/#website","url":"https:\/\/t-golf.club\/de\/","name":"T Golf","description":"","inLanguage":"de-DE"}]}},"_links":{"self":[{"href":"https:\/\/t-golf.club\/de\/wp-json\/wp\/v2\/pages\/6118","targetHints":{"allow":["GET"]}}],"collection":[{"href":"https:\/\/t-golf.club\/de\/wp-json\/wp\/v2\/pages"}],"about":[{"href":"https:\/\/t-golf.club\/de\/wp-json\/wp\/v2\/types\/page"}],"author":[{"embeddable":true,"href":"https:\/\/t-golf.club\/de\/wp-json\/wp\/v2\/users\/1"}],"replies":[{"embeddable":true,"href":"https:\/\/t-golf.club\/de\/wp-json\/wp\/v2\/comments?post=6118"}],"version-history":[{"count":5,"href":"https:\/\/t-golf.club\/de\/wp-json\/wp\/v2\/pages\/6118\/revisions"}],"predecessor-version":[{"id":19633,"href":"https:\/\/t-golf.club\/de\/wp-json\/wp\/v2\/pages\/6118\/revisions\/19633"}],"up":[{"embeddable":true,"href":"https:\/\/t-golf.club\/de\/wp-json\/wp\/v2\/pages\/6112"}],"wp:featuredmedia":[{"embeddable":true,"href":"https:\/\/t-golf.club\/de\/wp-json\/wp\/v2\/media\/6001"}],"wp:attachment":[{"href":"https:\/\/t-golf.club\/de\/wp-json\/wp\/v2\/media?parent=6118"}],"curies":[{"name":"wp","href":"https:\/\/api.w.org\/{rel}","templated":true}]}}