{"id":6112,"date":"2021-02-25T21:03:00","date_gmt":"2021-02-25T21:03:00","guid":{"rendered":"https:\/\/t-golf.club\/?page_id=6112"},"modified":"2026-04-16T08:16:07","modified_gmt":"2026-04-16T08:16:07","slug":"t-foundation","status":"publish","type":"page","link":"https:\/\/t-golf.club\/de\/t-foundation\/","title":{"rendered":"T Foundation"},"content":{"rendered":"","protected":false},"excerpt":{"rendered":"","protected":false},"author":1,"featured_media":6141,"parent":0,"menu_order":102,"comment_status":"closed","ping_status":"closed","template":"views\/foundation.blade.php","meta":{"_acf_changed":false,"footnotes":""},"class_list":["post-6112","page","type-page","status-publish","has-post-thumbnail","hentry"],"acf":{"subtitle":"Schutz unserer Tierwelt","title":"","text":"<p>Wir bei T Club glauben an das Sprichwort \u201eDem viel gegeben wird, von dem wird auch viel erwartet.\u201c Es ist ein edler Aufruf zum Handeln.<\/p>\n<p>Die T Foundation konzentriert ihre Bem\u00fchungen auf lokale Tierpflege.<\/p>\n<p>Zur Finanzierung der Stiftung spendet T Club einen Euro pro verkauftem Greenfee. Zus\u00e4tzlich organisieren wir ein Wohlt\u00e4tigkeits-Weihnachtsmarkt, um weitere Spenden zu sammeln. Wie Sie vielleicht wissen, f\u00fchrt T Yoga unsere Kurse gemeinn\u00fctzig durch und alle Spenden \u00a0der Teilnehmer gehen an die T Foundation.<\/p>\n","quote":false,"pages":[{"title":"Lokale Tierpflege","text":"<div><span lang=\"DE\">Mit unseren 5 Clubeseln begann unsere Mission, Tieren auf Mallorca zu helfen und sie zu pflegen. Seitdem wurden viele weitere Tiere gerettet.<\/span><\/div>\n","image":5994,"link":{"title":"Lokale Tierpflege","url":"https:\/\/t-golf.club\/de\/t-foundation\/lokale-tierpflege\/","target":""}}],"help_title":"Hilf uns","help_text":"<div><span lang=\"DE\">Sie als Einzelperson sind auch herzlich eingeladen, sich diesem philanthropischen Objekt anzuschlie\u00dfen. Wenn Sie eine Spende machen m\u00f6chten, um sich der Sache anzuschlie\u00dfen, k\u00f6nnen Sie dies auf diesem Konto tun:<\/span><\/div>\n","donate_text":"<p><strong>La Caixa<br \/>\n<\/strong><\/p>\n<p><strong>IBAN<\/strong><br \/>\nES38 2100 8612 9402 0019 7450<\/p>\n<p><strong>SWIFT<br \/>\n<\/strong>CAIXESBBXXX<\/p>\n<p>Bitte geben Sie auf der \u00dcberweisung im Betreff an: <strong>&#8220;Lokale Tierpflege&#8221;<\/strong><\/p>\n","cta_image_3":false,"cta_title":"","cta_text":"","cta_link":"","cta_bg":false,"donation":[{"title":"Tierpflege","total":"\u20ac 209.774","donors":"258","image":6876}],"cta_image_1":false,"cta_image_2":false,"wp_nav_image":false},"yoast_head":"<title>T Foundation - T Golf<\/title>\n<meta name=\"robots\" content=\"index, follow, max-snippet:-1, max-image-preview:large, max-video-preview:-1\" \/>\n<link rel=\"canonical\" href=\"https:\/\/t-golf.club\/de\/t-foundation\/\" \/>\n<meta property=\"og:locale\" content=\"de_DE\" \/>\n<meta property=\"og:type\" content=\"article\" \/>\n<meta property=\"og:title\" content=\"T Foundation - T Golf\" \/>\n<meta property=\"og:url\" content=\"https:\/\/t-golf.club\/de\/t-foundation\/\" \/>\n<meta property=\"og:site_name\" content=\"T Golf\" \/>\n<meta property=\"article:modified_time\" content=\"2026-04-16T08:16:07+00:00\" \/>\n<meta property=\"og:image\" content=\"https:\/\/t-golf.club\/wp-content\/uploads\/2021\/02\/Patos-lago-hoyo-9-1.jpg\" \/>\n\t<meta property=\"og:image:width\" content=\"1280\" \/>\n\t<meta property=\"og:image:height\" content=\"768\" \/>\n\t<meta property=\"og:image:type\" content=\"image\/jpeg\" \/>\n<meta name=\"twitter:card\" content=\"summary_large_image\" \/>\n<meta name=\"twitter:label1\" content=\"Est. reading time\" \/>\n\t<meta name=\"twitter:data1\" content=\"2 minutes\" \/>\n<script type=\"application\/ld+json\" class=\"yoast-schema-graph\">{\"@context\":\"https:\\\/\\\/schema.org\",\"@graph\":[{\"@type\":\"WebPage\",\"@id\":\"https:\\\/\\\/t-golf.club\\\/de\\\/t-foundation\\\/\",\"url\":\"https:\\\/\\\/t-golf.club\\\/de\\\/t-foundation\\\/\",\"name\":\"T Foundation - T Golf\",\"isPartOf\":{\"@id\":\"https:\\\/\\\/t-golf.club\\\/de\\\/#website\"},\"primaryImageOfPage\":{\"@id\":\"https:\\\/\\\/t-golf.club\\\/de\\\/t-foundation\\\/#primaryimage\"},\"image\":{\"@id\":\"https:\\\/\\\/t-golf.club\\\/de\\\/t-foundation\\\/#primaryimage\"},\"thumbnailUrl\":\"https:\\\/\\\/t-golf.club\\\/wp-content\\\/uploads\\\/2021\\\/02\\\/Patos-lago-hoyo-9-1.jpg\",\"datePublished\":\"2021-02-25T21:03:00+00:00\",\"dateModified\":\"2026-04-16T08:16:07+00:00\",\"breadcrumb\":{\"@id\":\"https:\\\/\\\/t-golf.club\\\/de\\\/t-foundation\\\/#breadcrumb\"},\"inLanguage\":\"de-DE\",\"potentialAction\":[{\"@type\":\"ReadAction\",\"target\":[\"https:\\\/\\\/t-golf.club\\\/de\\\/t-foundation\\\/\"]}]},{\"@type\":\"ImageObject\",\"inLanguage\":\"de-DE\",\"@id\":\"https:\\\/\\\/t-golf.club\\\/de\\\/t-foundation\\\/#primaryimage\",\"url\":\"https:\\\/\\\/t-golf.club\\\/wp-content\\\/uploads\\\/2021\\\/02\\\/Patos-lago-hoyo-9-1.jpg\",\"contentUrl\":\"https:\\\/\\\/t-golf.club\\\/wp-content\\\/uploads\\\/2021\\\/02\\\/Patos-lago-hoyo-9-1.jpg\",\"width\":1280,\"height\":768},{\"@type\":\"BreadcrumbList\",\"@id\":\"https:\\\/\\\/t-golf.club\\\/de\\\/t-foundation\\\/#breadcrumb\",\"itemListElement\":[{\"@type\":\"ListItem\",\"position\":1,\"name\":\"Home\",\"item\":\"https:\\\/\\\/t-golf.club\\\/de\\\/\"},{\"@type\":\"ListItem\",\"position\":2,\"name\":\"T Foundation\"}]},{\"@type\":\"WebSite\",\"@id\":\"https:\\\/\\\/t-golf.club\\\/de\\\/#website\",\"url\":\"https:\\\/\\\/t-golf.club\\\/de\\\/\",\"name\":\"T Golf\",\"description\":\"\",\"inLanguage\":\"de-DE\"}]}<\/script>","yoast_head_json":{"title":"T Foundation - T Golf","robots":{"index":"index","follow":"follow","max-snippet":"max-snippet:-1","max-image-preview":"max-image-preview:large","max-video-preview":"max-video-preview:-1"},"canonical":"https:\/\/t-golf.club\/de\/t-foundation\/","og_locale":"de_DE","og_type":"article","og_title":"T Foundation - T Golf","og_url":"https:\/\/t-golf.club\/de\/t-foundation\/","og_site_name":"T Golf","article_modified_time":"2026-04-16T08:16:07+00:00","og_image":[{"width":1280,"height":768,"url":"https:\/\/t-golf.club\/wp-content\/uploads\/2021\/02\/Patos-lago-hoyo-9-1.jpg","type":"image\/jpeg"}],"twitter_card":"summary_large_image","twitter_misc":{"Est. reading time":"2 minutes"},"schema":{"@context":"https:\/\/schema.org","@graph":[{"@type":"WebPage","@id":"https:\/\/t-golf.club\/de\/t-foundation\/","url":"https:\/\/t-golf.club\/de\/t-foundation\/","name":"T Foundation - T Golf","isPartOf":{"@id":"https:\/\/t-golf.club\/de\/#website"},"primaryImageOfPage":{"@id":"https:\/\/t-golf.club\/de\/t-foundation\/#primaryimage"},"image":{"@id":"https:\/\/t-golf.club\/de\/t-foundation\/#primaryimage"},"thumbnailUrl":"https:\/\/t-golf.club\/wp-content\/uploads\/2021\/02\/Patos-lago-hoyo-9-1.jpg","datePublished":"2021-02-25T21:03:00+00:00","dateModified":"2026-04-16T08:16:07+00:00","breadcrumb":{"@id":"https:\/\/t-golf.club\/de\/t-foundation\/#breadcrumb"},"inLanguage":"de-DE","potentialAction":[{"@type":"ReadAction","target":["https:\/\/t-golf.club\/de\/t-foundation\/"]}]},{"@type":"ImageObject","inLanguage":"de-DE","@id":"https:\/\/t-golf.club\/de\/t-foundation\/#primaryimage","url":"https:\/\/t-golf.club\/wp-content\/uploads\/2021\/02\/Patos-lago-hoyo-9-1.jpg","contentUrl":"https:\/\/t-golf.club\/wp-content\/uploads\/2021\/02\/Patos-lago-hoyo-9-1.jpg","width":1280,"height":768},{"@type":"BreadcrumbList","@id":"https:\/\/t-golf.club\/de\/t-foundation\/#breadcrumb","itemListElement":[{"@type":"ListItem","position":1,"name":"Home","item":"https:\/\/t-golf.club\/de\/"},{"@type":"ListItem","position":2,"name":"T Foundation"}]},{"@type":"WebSite","@id":"https:\/\/t-golf.club\/de\/#website","url":"https:\/\/t-golf.club\/de\/","name":"T Golf","description":"","inLanguage":"de-DE"}]}},"_links":{"self":[{"href":"https:\/\/t-golf.club\/de\/wp-json\/wp\/v2\/pages\/6112","targetHints":{"allow":["GET"]}}],"collection":[{"href":"https:\/\/t-golf.club\/de\/wp-json\/wp\/v2\/pages"}],"about":[{"href":"https:\/\/t-golf.club\/de\/wp-json\/wp\/v2\/types\/page"}],"author":[{"embeddable":true,"href":"https:\/\/t-golf.club\/de\/wp-json\/wp\/v2\/users\/1"}],"replies":[{"embeddable":true,"href":"https:\/\/t-golf.club\/de\/wp-json\/wp\/v2\/comments?post=6112"}],"version-history":[{"count":7,"href":"https:\/\/t-golf.club\/de\/wp-json\/wp\/v2\/pages\/6112\/revisions"}],"predecessor-version":[{"id":69981,"href":"https:\/\/t-golf.club\/de\/wp-json\/wp\/v2\/pages\/6112\/revisions\/69981"}],"wp:featuredmedia":[{"embeddable":true,"href":"https:\/\/t-golf.club\/de\/wp-json\/wp\/v2\/media\/6141"}],"wp:attachment":[{"href":"https:\/\/t-golf.club\/de\/wp-json\/wp\/v2\/media?parent=6112"}],"curies":[{"name":"wp","href":"https:\/\/api.w.org\/{rel}","templated":true}]}}