{"id":58055,"date":"2025-05-23T08:16:15","date_gmt":"2025-05-23T08:16:15","guid":{"rendered":"https:\/\/t-golf.club\/?page_id=58055"},"modified":"2025-05-23T08:16:15","modified_gmt":"2025-05-23T08:16:15","slug":"gallery-red-allianz","status":"publish","type":"page","link":"https:\/\/t-golf.club\/de\/allianzen\/gallery-red-allianz\/","title":{"rendered":"Gallery Red Allianz"},"content":{"rendered":"<p>Gallery RED ist eine f\u00fchrende internationale Galerie f\u00fcr zeitgen\u00f6ssische Kunst mit Sitz in Palma de Mallorca. Mit zehn Ausstellungsr\u00e4umen in ganz Spanien sowie exklusiven privaten Showrooms an erstklassigen Standorten \u2013 darunter die Privatflugh\u00e4fen von Mallorca und Ibiza \u2013 setzt Gallery RED neue Ma\u00dfst\u00e4be in der Kunstszene.<\/p>\n<p>Der Hauptsitz der Galerie befindet sich im Herzen von Mallorcas Hauptstadt, auf der Plaza Frederic Chopin. Hier hat sich die <em>Gallery RED Square<\/em> zur am schnellsten wachsenden Galerie Spaniens entwickelt und ist zu einem zentralen Anlaufpunkt der florierenden Kunstszene der Balearen geworden.<\/p>\n<p>Im Jahr 2025 expandierte Gallery RED international und er\u00f6ffnete ihren ersten Standort in Paris. Dieser befindet sich im 8. Arrondissement \u2013 dem Herzen der europ\u00e4ischen Kunstmetropole \u2013 und ist aktuell nur nach Vereinbarung zug\u00e4nglich. Gezeigt werden Werke aufstrebender Talente ebenso wie etablierter Top-K\u00fcnstler.<\/p>\n<p>Gallery RED pr\u00e4sentiert Arbeiten renommierter zeitgen\u00f6ssischer K\u00fcnstler wie Andy Warhol, Jean-Michel Basquiat, Gerhard Richter, Yayoi Kusama und Jeff Koons. Gleichzeitig f\u00f6rdert sie aufstrebende Namen wie Rub\u00e9n Mart\u00edn de Lucas, Adam Taylor, Iv\u00e1n Monta\u00f1a, Lidia Masllorens, Andrea Torres und viele weitere.<\/p>\n<p>Als exklusive Luxusdestination f\u00fcr Kunstliebhaber spielt Gallery RED eine bedeutende Rolle in der dynamischen Entwicklung der internationalen Kunstwelt.<\/p>\n","protected":false},"excerpt":{"rendered":"<p>Gallery RED ist eine f\u00fchrende internationale Galerie f\u00fcr zeitgen\u00f6ssische Kunst mit Sitz in Palma de Mallorca. Mit zehn Ausstellungsr\u00e4umen in&#8230;<\/p>\n","protected":false},"author":268,"featured_media":58017,"parent":7198,"menu_order":39,"comment_status":"closed","ping_status":"closed","template":"views\/flexible-member.blade.php","meta":{"_acf_changed":false,"footnotes":""},"class_list":["post-58055","page","type-page","status-publish","has-post-thumbnail","hentry"],"acf":{"size":"large","subtitle":"","link_back":"","hero":{"size":"large","subtitle":"","link_back":""},"content":[{"acf_fc_layout":"content","title":"","text_large":"","text":"<p>Gallery RED ist eine f\u00fchrende internationale Galerie f\u00fcr zeitgen\u00f6ssische Kunst mit Sitz in Palma de Mallorca. Mit zehn Ausstellungsr\u00e4umen in ganz Spanien sowie exklusiven privaten Showrooms an erstklassigen Standorten \u2013 darunter die Privatflugh\u00e4fen von Mallorca und Ibiza \u2013 setzt Gallery RED neue Ma\u00dfst\u00e4be in der Kunstszene.<\/p>\n<p>Der Hauptsitz der Galerie befindet sich im Herzen von Mallorcas Hauptstadt, auf der Plaza Frederic Chopin. Hier hat sich die <em>Gallery RED Square<\/em> zur am schnellsten wachsenden Galerie Spaniens entwickelt und ist zu einem zentralen Anlaufpunkt der florierenden Kunstszene der Balearen geworden.<\/p>\n<p>Im Jahr 2025 expandierte Gallery RED international und er\u00f6ffnete ihren ersten Standort in Paris. Dieser befindet sich im 8. Arrondissement \u2013 dem Herzen der europ\u00e4ischen Kunstmetropole \u2013 und ist aktuell nur nach Vereinbarung zug\u00e4nglich. Gezeigt werden Werke aufstrebender Talente ebenso wie etablierter Top-K\u00fcnstler.<\/p>\n<p>Gallery RED pr\u00e4sentiert Arbeiten renommierter zeitgen\u00f6ssischer K\u00fcnstler wie Andy Warhol, Jean-Michel Basquiat, Gerhard Richter, Yayoi Kusama und Jeff Koons. Gleichzeitig f\u00f6rdert sie aufstrebende Namen wie Rub\u00e9n Mart\u00edn de Lucas, Adam Taylor, Iv\u00e1n Monta\u00f1a, Lidia Masllorens, Andrea Torres und viele weitere.<\/p>\n<p>Als exklusive Luxusdestination f\u00fcr Kunstliebhaber spielt Gallery RED eine bedeutende Rolle in der dynamischen Entwicklung der internationalen Kunstwelt.<\/p>\n<p>F\u00fcr mehr Information kontaktieren Sie <strong>Ieva Navikait\u00e9 (+34 670 38 58 01 oder <\/strong><strong><a href=\"mailto:Ieva@galleryred.com\">Ieva@galleryred.com<\/a>).<\/strong><\/p>\n","link":{"title":"Offizielle Webseite","url":"https:\/\/www.galleryred.com\/","target":""},"cards":false,"image":58017,"sidebar":false,"background_color":"white"},{"acf_fc_layout":"slider","title":"","images":[58014,58017,58020],"background_color":"white"}],"wp_nav_image":false},"yoast_head":"<title>Gallery Red Allianz - T Golf<\/title>\n<meta name=\"robots\" content=\"index, follow, max-snippet:-1, max-image-preview:large, max-video-preview:-1\" \/>\n<link rel=\"canonical\" href=\"https:\/\/t-golf.club\/de\/allianzen\/gallery-red-allianz\/\" \/>\n<meta property=\"og:locale\" content=\"de_DE\" \/>\n<meta property=\"og:type\" content=\"article\" \/>\n<meta property=\"og:title\" content=\"Gallery Red Allianz - T Golf\" \/>\n<meta property=\"og:description\" content=\"Gallery RED ist eine f\u00fchrende internationale Galerie f\u00fcr zeitgen\u00f6ssische Kunst mit Sitz in Palma de Mallorca. Mit zehn Ausstellungsr\u00e4umen in...\" \/>\n<meta property=\"og:url\" content=\"https:\/\/t-golf.club\/de\/allianzen\/gallery-red-allianz\/\" \/>\n<meta property=\"og:site_name\" content=\"T Golf\" \/>\n<meta property=\"og:image\" content=\"https:\/\/t-golf.club\/wp-content\/uploads\/2025\/05\/DSC07306.jpg\" \/>\n\t<meta property=\"og:image:width\" content=\"800\" \/>\n\t<meta property=\"og:image:height\" content=\"875\" \/>\n\t<meta property=\"og:image:type\" content=\"image\/jpeg\" \/>\n<meta name=\"twitter:card\" content=\"summary_large_image\" \/>\n<meta name=\"twitter:label1\" content=\"Est. reading time\" \/>\n\t<meta name=\"twitter:data1\" content=\"3 minutes\" \/>\n<script type=\"application\/ld+json\" class=\"yoast-schema-graph\">{\"@context\":\"https:\\\/\\\/schema.org\",\"@graph\":[{\"@type\":\"WebPage\",\"@id\":\"https:\\\/\\\/t-golf.club\\\/de\\\/allianzen\\\/gallery-red-allianz\\\/\",\"url\":\"https:\\\/\\\/t-golf.club\\\/de\\\/allianzen\\\/gallery-red-allianz\\\/\",\"name\":\"Gallery Red Allianz - T Golf\",\"isPartOf\":{\"@id\":\"https:\\\/\\\/t-golf.club\\\/de\\\/#website\"},\"primaryImageOfPage\":{\"@id\":\"https:\\\/\\\/t-golf.club\\\/de\\\/allianzen\\\/gallery-red-allianz\\\/#primaryimage\"},\"image\":{\"@id\":\"https:\\\/\\\/t-golf.club\\\/de\\\/allianzen\\\/gallery-red-allianz\\\/#primaryimage\"},\"thumbnailUrl\":\"https:\\\/\\\/t-golf.club\\\/wp-content\\\/uploads\\\/2025\\\/05\\\/DSC07306.jpg\",\"datePublished\":\"2025-05-23T08:16:15+00:00\",\"breadcrumb\":{\"@id\":\"https:\\\/\\\/t-golf.club\\\/de\\\/allianzen\\\/gallery-red-allianz\\\/#breadcrumb\"},\"inLanguage\":\"de-DE\",\"potentialAction\":[{\"@type\":\"ReadAction\",\"target\":[\"https:\\\/\\\/t-golf.club\\\/de\\\/allianzen\\\/gallery-red-allianz\\\/\"]}]},{\"@type\":\"ImageObject\",\"inLanguage\":\"de-DE\",\"@id\":\"https:\\\/\\\/t-golf.club\\\/de\\\/allianzen\\\/gallery-red-allianz\\\/#primaryimage\",\"url\":\"https:\\\/\\\/t-golf.club\\\/wp-content\\\/uploads\\\/2025\\\/05\\\/DSC07306.jpg\",\"contentUrl\":\"https:\\\/\\\/t-golf.club\\\/wp-content\\\/uploads\\\/2025\\\/05\\\/DSC07306.jpg\",\"width\":800,\"height\":875},{\"@type\":\"BreadcrumbList\",\"@id\":\"https:\\\/\\\/t-golf.club\\\/de\\\/allianzen\\\/gallery-red-allianz\\\/#breadcrumb\",\"itemListElement\":[{\"@type\":\"ListItem\",\"position\":1,\"name\":\"Home\",\"item\":\"https:\\\/\\\/t-golf.club\\\/de\\\/\"},{\"@type\":\"ListItem\",\"position\":2,\"name\":\"Allianzen\",\"item\":\"https:\\\/\\\/t-golf.club\\\/de\\\/allianzen\\\/\"},{\"@type\":\"ListItem\",\"position\":3,\"name\":\"Gallery Red Allianz\"}]},{\"@type\":\"WebSite\",\"@id\":\"https:\\\/\\\/t-golf.club\\\/de\\\/#website\",\"url\":\"https:\\\/\\\/t-golf.club\\\/de\\\/\",\"name\":\"T Golf\",\"description\":\"\",\"inLanguage\":\"de-DE\"}]}<\/script>","yoast_head_json":{"title":"Gallery Red Allianz - T Golf","robots":{"index":"index","follow":"follow","max-snippet":"max-snippet:-1","max-image-preview":"max-image-preview:large","max-video-preview":"max-video-preview:-1"},"canonical":"https:\/\/t-golf.club\/de\/allianzen\/gallery-red-allianz\/","og_locale":"de_DE","og_type":"article","og_title":"Gallery Red Allianz - T Golf","og_description":"Gallery RED ist eine f\u00fchrende internationale Galerie f\u00fcr zeitgen\u00f6ssische Kunst mit Sitz in Palma de Mallorca. Mit zehn Ausstellungsr\u00e4umen in...","og_url":"https:\/\/t-golf.club\/de\/allianzen\/gallery-red-allianz\/","og_site_name":"T Golf","og_image":[{"width":800,"height":875,"url":"https:\/\/t-golf.club\/wp-content\/uploads\/2025\/05\/DSC07306.jpg","type":"image\/jpeg"}],"twitter_card":"summary_large_image","twitter_misc":{"Est. reading time":"3 minutes"},"schema":{"@context":"https:\/\/schema.org","@graph":[{"@type":"WebPage","@id":"https:\/\/t-golf.club\/de\/allianzen\/gallery-red-allianz\/","url":"https:\/\/t-golf.club\/de\/allianzen\/gallery-red-allianz\/","name":"Gallery Red Allianz - T Golf","isPartOf":{"@id":"https:\/\/t-golf.club\/de\/#website"},"primaryImageOfPage":{"@id":"https:\/\/t-golf.club\/de\/allianzen\/gallery-red-allianz\/#primaryimage"},"image":{"@id":"https:\/\/t-golf.club\/de\/allianzen\/gallery-red-allianz\/#primaryimage"},"thumbnailUrl":"https:\/\/t-golf.club\/wp-content\/uploads\/2025\/05\/DSC07306.jpg","datePublished":"2025-05-23T08:16:15+00:00","breadcrumb":{"@id":"https:\/\/t-golf.club\/de\/allianzen\/gallery-red-allianz\/#breadcrumb"},"inLanguage":"de-DE","potentialAction":[{"@type":"ReadAction","target":["https:\/\/t-golf.club\/de\/allianzen\/gallery-red-allianz\/"]}]},{"@type":"ImageObject","inLanguage":"de-DE","@id":"https:\/\/t-golf.club\/de\/allianzen\/gallery-red-allianz\/#primaryimage","url":"https:\/\/t-golf.club\/wp-content\/uploads\/2025\/05\/DSC07306.jpg","contentUrl":"https:\/\/t-golf.club\/wp-content\/uploads\/2025\/05\/DSC07306.jpg","width":800,"height":875},{"@type":"BreadcrumbList","@id":"https:\/\/t-golf.club\/de\/allianzen\/gallery-red-allianz\/#breadcrumb","itemListElement":[{"@type":"ListItem","position":1,"name":"Home","item":"https:\/\/t-golf.club\/de\/"},{"@type":"ListItem","position":2,"name":"Allianzen","item":"https:\/\/t-golf.club\/de\/allianzen\/"},{"@type":"ListItem","position":3,"name":"Gallery Red Allianz"}]},{"@type":"WebSite","@id":"https:\/\/t-golf.club\/de\/#website","url":"https:\/\/t-golf.club\/de\/","name":"T Golf","description":"","inLanguage":"de-DE"}]}},"_links":{"self":[{"href":"https:\/\/t-golf.club\/de\/wp-json\/wp\/v2\/pages\/58055","targetHints":{"allow":["GET"]}}],"collection":[{"href":"https:\/\/t-golf.club\/de\/wp-json\/wp\/v2\/pages"}],"about":[{"href":"https:\/\/t-golf.club\/de\/wp-json\/wp\/v2\/types\/page"}],"author":[{"embeddable":true,"href":"https:\/\/t-golf.club\/de\/wp-json\/wp\/v2\/users\/268"}],"replies":[{"embeddable":true,"href":"https:\/\/t-golf.club\/de\/wp-json\/wp\/v2\/comments?post=58055"}],"version-history":[{"count":1,"href":"https:\/\/t-golf.club\/de\/wp-json\/wp\/v2\/pages\/58055\/revisions"}],"predecessor-version":[{"id":58056,"href":"https:\/\/t-golf.club\/de\/wp-json\/wp\/v2\/pages\/58055\/revisions\/58056"}],"up":[{"embeddable":true,"href":"https:\/\/t-golf.club\/de\/wp-json\/wp\/v2\/pages\/7198"}],"wp:featuredmedia":[{"embeddable":true,"href":"https:\/\/t-golf.club\/de\/wp-json\/wp\/v2\/media\/58017"}],"wp:attachment":[{"href":"https:\/\/t-golf.club\/de\/wp-json\/wp\/v2\/media?parent=58055"}],"curies":[{"name":"wp","href":"https:\/\/api.w.org\/{rel}","templated":true}]}}