{"id":4659,"date":"2020-12-17T09:48:36","date_gmt":"2020-12-17T09:48:36","guid":{"rendered":"https:\/\/t-golf.club\/?page_id=4659"},"modified":"2020-12-17T11:15:19","modified_gmt":"2020-12-17T11:15:19","slug":"challenge-tour-grand-final-2021","status":"publish","type":"page","link":"https:\/\/t-golf.club\/de\/challenge-tour-grand-final-2021\/","title":{"rendered":"Challenge Tour Grand Final 2021"},"content":{"rendered":"<p>ANK\u00dcNDIGUNG <\/p>\n<p>Der T-Golf &#038; Country Club wird erneut Gastgeber des Challenge Tour Grand Final sein, wenn das Finale der Road to Mallorca im Jahr 2021 auf die Baleareninsel zur\u00fcckkehrt.<\/p>\n<p><img loading=\"lazy\" decoding=\"async\" src=\"\/wp-content\/uploads\/2020\/12\/Foto-Announcement.jpg\" alt=\"\" width=\"993\" height=\"558\" class=\"alignnone size-full wp-image-4634\" srcset=\"https:\/\/t-golf.club\/wp-content\/uploads\/2020\/12\/Foto-Announcement.jpg 993w, https:\/\/t-golf.club\/wp-content\/uploads\/2020\/12\/Foto-Announcement-768x432.jpg 768w\" sizes=\"auto, (max-width: 993px) 100vw, 993px\" \/><\/p>\n<p>Der Veranstaltungsort, 15 km von der Hauptstadt Palma entfernt, war letzte Woche erfolgreicher Austragungsort des gro\u00dfen Finales 2020, als Ondrej Lieser der erste Golfer aus der Tschechischen Republik wurde, der das Event gewann und zur Road to Mallorca Nummer 1 gekr\u00f6nt wurde.<\/p>\n<p>Gespielt vor der Kulisse des Tramuntana Gebirges, wird das Challenge Tour Grand Final 2021 die letzte Station auf dem saison\u00fcbergreifenden Road to Mallorca International Schedule sein, bei dem die besten 45 Spieler um einen Platz auf der European Tour f\u00fcr die Saison 2022 gegeneinander antreten werden.<\/p>\n<p>Jamie Hodges, Head of Challenge Tour, sagte: &#8220;Der T-Golf &#038; Country Club hat sich in diesem Jahr als fantastischer Austragungsort erwiesen und die Entscheidung zu treffen, 2021 wieder zur\u00fcckzukehren, ist dadurch sehr einfach gefallen. Der Golfplatz war in einem tadellosen Zustand und ich habe unglaublich viel positives Feedback von den Spielern erhalten. Ich muss Heiner Tamsen, dem Besitzer des T-Golf &#038; Country Club, Borja Ochoa, dem General Manager, und allen Mitarbeitern danken, die sich so gut und in \u00dcbereinstimmung mit unseren Covid-19-Protokollen um uns gek\u00fcmmert haben. Wir freuen uns darauf, wieder eng mit dem T-Golf-Team zusammen zu arbeiten, um auf dem Erfolg dieses Jahres aufzubauen, und k\u00f6nnen es kaum erwarten, zum gro\u00dfen Finale der Challenge Tour 2021 zur\u00fcckzukehren.&#8221;<\/p>\n<p>Borja Ochoa, General Manager von T-Golf &#038; Country Club, sagte: &#8220;Nachdem das Challenge Tour Grand Final 2020 nun hinter uns liegt, kann ich ohne Zweifel sagen, dass die Durchf\u00fchrung des Events nicht h\u00e4tte lohnender sein k\u00f6nnen. Unser Team hat es sehr genossen, das Privileg zu haben, in diesem Jahr mit der European Challenge Tour zusammenzuarbeiten, und das die Kr\u00f6nung von Ondrej Lieser, zum Road to Mallorca, als Number One damit den Gipfel erreichte. Wir sind nun ebenso stolz darauf, als Austragungsort f\u00fcr das Challenge Tour Grand Final f\u00fcr 2021 ausgew\u00e4hlt worden zu sein. Unser gesamtes Team freut sich darauf, wieder zusammenzuarbeiten und zum Erfolg der Veranstaltung beizutragen.&#8221;<\/p>\n<p>Bernardino Jaume, Pr\u00e4sident der Federaci\u00f3n Balear de Golf, sagte: &#8220;Wir hatten das Vergn\u00fcgen, das zweite Jahr in Folge das Challenge Tour Grand Final auf der Insel Mallorca durchzuf\u00fchren, und jetzt, wo es vorbei ist, kann ich ohne Zweifel sagen, dass es mit gro\u00dfem Erfolg endete. Seit der Herr Tamsen den T Golf &#038; Country Club \u00fcbernommen hat, hat der Golfplatz sein fr\u00fcheres Design wiedererlangt und die Spieler haben einen fantastischen Platz in ausgezeichnetem Zustand genossen. Ich m\u00f6chte mich bei allen f\u00fcr die Hilfe und Bereitschaft bedanken, die uns bei der Realisierung der Challenge Tour Grand Final entgegengebracht wurde. Die lokalen Verwaltungen sind ein entscheidender Teil dieser Veranstaltung und sowohl die Balearenregierung als auch der Consell de Mallorca haben uns gro\u00dfartig unterst\u00fctzt. Die European Challenge Tour, die Mitarbeiter des T Golf &#038; Country Club und alle freiwilligen Helfer haben grossartig zusammengearbeitet, um dieses Event auf die Beine zu stellen und wir freuen uns darauf, dies im n\u00e4chsten Jahr wieder zu tun.&#8221;<\/p>\n<p>Die Termine f\u00fcr das Challenge Tour Grand Final 2021 und der vollst\u00e4ndige Zeitplan f\u00fcr die Road to Mallorca International werden Anfang 2021 bekannt gegeben.<\/p>\n","protected":false},"excerpt":{"rendered":"<p>ANK\u00dcNDIGUNG Der T-Golf &#038; Country Club wird erneut Gastgeber des Challenge Tour Grand Final sein, wenn das Finale der Road&#8230;<\/p>\n","protected":false},"author":4,"featured_media":4416,"parent":0,"menu_order":106,"comment_status":"closed","ping_status":"closed","template":"views\/legal.blade.php","meta":{"_acf_changed":false,"footnotes":""},"class_list":["post-4659","page","type-page","status-publish","has-post-thumbnail","hentry"],"acf":{"wp_nav_image":null},"yoast_head":"<title>Challenge Tour Grand Final 2021 - T Golf<\/title>\n<meta name=\"robots\" content=\"index, follow, max-snippet:-1, max-image-preview:large, max-video-preview:-1\" \/>\n<link rel=\"canonical\" href=\"https:\/\/t-golf.club\/de\/challenge-tour-grand-final-2021\/\" \/>\n<meta property=\"og:locale\" content=\"de_DE\" \/>\n<meta property=\"og:type\" content=\"article\" \/>\n<meta property=\"og:title\" content=\"Challenge Tour Grand Final 2021 - T Golf\" \/>\n<meta property=\"og:description\" content=\"ANK\u00dcNDIGUNG Der T-Golf &#038; Country Club wird erneut Gastgeber des Challenge Tour Grand Final sein, wenn das Finale der Road...\" \/>\n<meta property=\"og:url\" content=\"https:\/\/t-golf.club\/de\/challenge-tour-grand-final-2021\/\" \/>\n<meta property=\"og:site_name\" content=\"T Golf\" \/>\n<meta property=\"article:modified_time\" content=\"2020-12-17T11:15:19+00:00\" \/>\n<meta property=\"og:image\" content=\"https:\/\/t-golf.club\/wp-content\/uploads\/2020\/05\/1229648912.jpg\" \/>\n\t<meta property=\"og:image:width\" content=\"1200\" \/>\n\t<meta property=\"og:image:height\" content=\"799\" \/>\n\t<meta property=\"og:image:type\" content=\"image\/jpeg\" \/>\n<meta name=\"twitter:card\" content=\"summary_large_image\" \/>\n<meta name=\"twitter:label1\" content=\"Est. reading time\" \/>\n\t<meta name=\"twitter:data1\" content=\"3 minutes\" \/>\n<script type=\"application\/ld+json\" class=\"yoast-schema-graph\">{\"@context\":\"https:\/\/schema.org\",\"@graph\":[{\"@type\":\"WebPage\",\"@id\":\"https:\/\/t-golf.club\/de\/challenge-tour-grand-final-2021\/\",\"url\":\"https:\/\/t-golf.club\/de\/challenge-tour-grand-final-2021\/\",\"name\":\"Challenge Tour Grand Final 2021 - T Golf\",\"isPartOf\":{\"@id\":\"https:\/\/t-golf.club\/de\/#website\"},\"primaryImageOfPage\":{\"@id\":\"https:\/\/t-golf.club\/de\/challenge-tour-grand-final-2021\/#primaryimage\"},\"image\":{\"@id\":\"https:\/\/t-golf.club\/de\/challenge-tour-grand-final-2021\/#primaryimage\"},\"thumbnailUrl\":\"https:\/\/t-golf.club\/wp-content\/uploads\/2020\/05\/1229648912.jpg\",\"datePublished\":\"2020-12-17T09:48:36+00:00\",\"dateModified\":\"2020-12-17T11:15:19+00:00\",\"breadcrumb\":{\"@id\":\"https:\/\/t-golf.club\/de\/challenge-tour-grand-final-2021\/#breadcrumb\"},\"inLanguage\":\"de-DE\",\"potentialAction\":[{\"@type\":\"ReadAction\",\"target\":[\"https:\/\/t-golf.club\/de\/challenge-tour-grand-final-2021\/\"]}]},{\"@type\":\"ImageObject\",\"inLanguage\":\"de-DE\",\"@id\":\"https:\/\/t-golf.club\/de\/challenge-tour-grand-final-2021\/#primaryimage\",\"url\":\"https:\/\/t-golf.club\/wp-content\/uploads\/2020\/05\/1229648912.jpg\",\"contentUrl\":\"https:\/\/t-golf.club\/wp-content\/uploads\/2020\/05\/1229648912.jpg\",\"width\":1200,\"height\":799},{\"@type\":\"BreadcrumbList\",\"@id\":\"https:\/\/t-golf.club\/de\/challenge-tour-grand-final-2021\/#breadcrumb\",\"itemListElement\":[{\"@type\":\"ListItem\",\"position\":1,\"name\":\"Home\",\"item\":\"https:\/\/t-golf.club\/de\/\"},{\"@type\":\"ListItem\",\"position\":2,\"name\":\"Challenge Tour Grand Final 2021\"}]},{\"@type\":\"WebSite\",\"@id\":\"https:\/\/t-golf.club\/de\/#website\",\"url\":\"https:\/\/t-golf.club\/de\/\",\"name\":\"T Golf\",\"description\":\"\",\"inLanguage\":\"de-DE\"}]}<\/script>","yoast_head_json":{"title":"Challenge Tour Grand Final 2021 - T Golf","robots":{"index":"index","follow":"follow","max-snippet":"max-snippet:-1","max-image-preview":"max-image-preview:large","max-video-preview":"max-video-preview:-1"},"canonical":"https:\/\/t-golf.club\/de\/challenge-tour-grand-final-2021\/","og_locale":"de_DE","og_type":"article","og_title":"Challenge Tour Grand Final 2021 - T Golf","og_description":"ANK\u00dcNDIGUNG Der T-Golf &#038; Country Club wird erneut Gastgeber des Challenge Tour Grand Final sein, wenn das Finale der Road...","og_url":"https:\/\/t-golf.club\/de\/challenge-tour-grand-final-2021\/","og_site_name":"T Golf","article_modified_time":"2020-12-17T11:15:19+00:00","og_image":[{"width":1200,"height":799,"url":"https:\/\/t-golf.club\/wp-content\/uploads\/2020\/05\/1229648912.jpg","type":"image\/jpeg"}],"twitter_card":"summary_large_image","twitter_misc":{"Est. reading time":"3 minutes"},"schema":{"@context":"https:\/\/schema.org","@graph":[{"@type":"WebPage","@id":"https:\/\/t-golf.club\/de\/challenge-tour-grand-final-2021\/","url":"https:\/\/t-golf.club\/de\/challenge-tour-grand-final-2021\/","name":"Challenge Tour Grand Final 2021 - T Golf","isPartOf":{"@id":"https:\/\/t-golf.club\/de\/#website"},"primaryImageOfPage":{"@id":"https:\/\/t-golf.club\/de\/challenge-tour-grand-final-2021\/#primaryimage"},"image":{"@id":"https:\/\/t-golf.club\/de\/challenge-tour-grand-final-2021\/#primaryimage"},"thumbnailUrl":"https:\/\/t-golf.club\/wp-content\/uploads\/2020\/05\/1229648912.jpg","datePublished":"2020-12-17T09:48:36+00:00","dateModified":"2020-12-17T11:15:19+00:00","breadcrumb":{"@id":"https:\/\/t-golf.club\/de\/challenge-tour-grand-final-2021\/#breadcrumb"},"inLanguage":"de-DE","potentialAction":[{"@type":"ReadAction","target":["https:\/\/t-golf.club\/de\/challenge-tour-grand-final-2021\/"]}]},{"@type":"ImageObject","inLanguage":"de-DE","@id":"https:\/\/t-golf.club\/de\/challenge-tour-grand-final-2021\/#primaryimage","url":"https:\/\/t-golf.club\/wp-content\/uploads\/2020\/05\/1229648912.jpg","contentUrl":"https:\/\/t-golf.club\/wp-content\/uploads\/2020\/05\/1229648912.jpg","width":1200,"height":799},{"@type":"BreadcrumbList","@id":"https:\/\/t-golf.club\/de\/challenge-tour-grand-final-2021\/#breadcrumb","itemListElement":[{"@type":"ListItem","position":1,"name":"Home","item":"https:\/\/t-golf.club\/de\/"},{"@type":"ListItem","position":2,"name":"Challenge Tour Grand Final 2021"}]},{"@type":"WebSite","@id":"https:\/\/t-golf.club\/de\/#website","url":"https:\/\/t-golf.club\/de\/","name":"T Golf","description":"","inLanguage":"de-DE"}]}},"_links":{"self":[{"href":"https:\/\/t-golf.club\/de\/wp-json\/wp\/v2\/pages\/4659","targetHints":{"allow":["GET"]}}],"collection":[{"href":"https:\/\/t-golf.club\/de\/wp-json\/wp\/v2\/pages"}],"about":[{"href":"https:\/\/t-golf.club\/de\/wp-json\/wp\/v2\/types\/page"}],"author":[{"embeddable":true,"href":"https:\/\/t-golf.club\/de\/wp-json\/wp\/v2\/users\/4"}],"replies":[{"embeddable":true,"href":"https:\/\/t-golf.club\/de\/wp-json\/wp\/v2\/comments?post=4659"}],"version-history":[{"count":2,"href":"https:\/\/t-golf.club\/de\/wp-json\/wp\/v2\/pages\/4659\/revisions"}],"predecessor-version":[{"id":4667,"href":"https:\/\/t-golf.club\/de\/wp-json\/wp\/v2\/pages\/4659\/revisions\/4667"}],"wp:featuredmedia":[{"embeddable":true,"href":"https:\/\/t-golf.club\/de\/wp-json\/wp\/v2\/media\/4416"}],"wp:attachment":[{"href":"https:\/\/t-golf.club\/de\/wp-json\/wp\/v2\/media?parent=4659"}],"curies":[{"name":"wp","href":"https:\/\/api.w.org\/{rel}","templated":true}]}}