{"id":37720,"date":"2024-03-20T14:49:18","date_gmt":"2024-03-20T14:49:18","guid":{"rendered":"https:\/\/t-golf.club\/members-contact\/"},"modified":"2024-03-20T15:34:43","modified_gmt":"2024-03-20T15:34:43","slug":"members-contact","status":"publish","type":"page","link":"https:\/\/t-golf.club\/de\/members-contact\/","title":{"rendered":"Member&#8217;s Contact"},"content":{"rendered":"","protected":false},"excerpt":{"rendered":"","protected":false},"author":275,"featured_media":12887,"parent":0,"menu_order":0,"comment_status":"closed","ping_status":"closed","template":"views\/flexible-member.blade.php","meta":{"_acf_changed":false,"footnotes":""},"class_list":["post-37720","page","type-page","status-publish","has-post-thumbnail","hentry"],"acf":{"size":"large","subtitle":"","link_back":"","hero":{"size":"large","subtitle":"","link_back":""},"content":[{"acf_fc_layout":"content","title":"Liebe Mitglieder des T Clubs,","text_large":"","text":"<p>mein Name ist <strong>Elena Schmidkunz<\/strong>, und es ist mir eine Ehre Ihre Ansprechpartnerin zu sein. In meiner Funktion als <strong>Members Relationship Manager<\/strong> ist es meine Aufgabe und meine Leidenschaft, mich um Ihr Wohlbefinden und Ihre Anliegen zu k\u00fcmmern.<span class=\"Apple-converted-space\">\u00a0<\/span><\/p>\n<p>Ob Sie Unterst\u00fctzung bei Buchungen ben\u00f6tigen oder einfach nur ein offenes Ohr, ich stehe Ihnen gerne zur Verf\u00fcgung. Mein Ziel ist es sicherzustellen, dass Ihre Erfahrung im T Club nicht nur au\u00dfergew\u00f6hnlich, sondern auch unvergesslich ist.<\/p>\n<p>Wir suchen st\u00e4ndig nach Wegen, um Ihr Mitgliedschaftserlebnis zu verbessern. Ihre Vorschl\u00e4ge, Kommentare oder Ideen sind uns wichtig, um den Club noch attraktiver zu gestalten. Z\u00f6gern Sie bitte nicht, sie mit mir zu teilen.<span class=\"Apple-converted-space\">\u00a0<\/span><\/p>\n<p>Meine T\u00fcr steht immer offen, sodass ich versuchen werde, Sie in jeder Situation zu helfen. Gemeinsam werden wir unvergessliche Erinnerungen schaffen und den Gemeinschaftsgeist im T Club st\u00e4rken. Ich freue darauf, Sie alle pers\u00f6nlich kennenzulernen und Sie auf dieser aufregenden Reise als Mitglieder unseres Clubs zu begleiten.<span class=\"Apple-converted-space\">\u00a0<\/span><\/p>\n<p>Mit den besten Gr\u00fcssen<\/p>\n<p>Elena Schmidkunz<\/p>\n","link":"","cards":false,"image":37706,"sidebar":[{"acf_fc_layout":"contact","text_intro":"","image":false,"title":"<big>Elena Schmidkunz<\/big>","text":"<p><big><a href=\"mailto:members@t-golf.club\" target=\"_blank\" rel=\"noopener\">members@t-golf.club<\/a><br \/>\n<a href=\"tel:+34971130148\" target=\"_blank\" rel=\"noopener\">+34 971 130 148<\/a><\/big><\/p>\n"}],"background_color":"white"}],"wp_nav_image":false},"yoast_head":"<title>Member&#039;s Contact - T Golf<\/title>\n<meta name=\"robots\" content=\"index, follow, max-snippet:-1, max-image-preview:large, max-video-preview:-1\" \/>\n<link rel=\"canonical\" href=\"https:\/\/t-golf.club\/de\/members-contact\/\" \/>\n<meta property=\"og:locale\" content=\"de_DE\" \/>\n<meta property=\"og:type\" content=\"article\" \/>\n<meta property=\"og:title\" content=\"Member&#039;s Contact - T Golf\" \/>\n<meta property=\"og:url\" content=\"https:\/\/t-golf.club\/de\/members-contact\/\" \/>\n<meta property=\"og:site_name\" content=\"T Golf\" \/>\n<meta property=\"article:modified_time\" content=\"2024-03-20T15:34:43+00:00\" \/>\n<meta property=\"og:image\" content=\"https:\/\/t-golf.club\/wp-content\/uploads\/2022\/05\/TGolf-8th-Hole-with-bridge-scaled.jpg\" \/>\n\t<meta property=\"og:image:width\" content=\"2560\" \/>\n\t<meta property=\"og:image:height\" content=\"1920\" \/>\n\t<meta property=\"og:image:type\" content=\"image\/jpeg\" \/>\n<meta name=\"twitter:card\" content=\"summary_large_image\" \/>\n<meta name=\"twitter:label1\" content=\"Est. reading time\" \/>\n\t<meta name=\"twitter:data1\" content=\"2 minutes\" \/>\n<script type=\"application\/ld+json\" class=\"yoast-schema-graph\">{\"@context\":\"https:\\\/\\\/schema.org\",\"@graph\":[{\"@type\":\"WebPage\",\"@id\":\"https:\\\/\\\/t-golf.club\\\/de\\\/members-contact\\\/\",\"url\":\"https:\\\/\\\/t-golf.club\\\/de\\\/members-contact\\\/\",\"name\":\"Member's Contact - T Golf\",\"isPartOf\":{\"@id\":\"https:\\\/\\\/t-golf.club\\\/de\\\/#website\"},\"primaryImageOfPage\":{\"@id\":\"https:\\\/\\\/t-golf.club\\\/de\\\/members-contact\\\/#primaryimage\"},\"image\":{\"@id\":\"https:\\\/\\\/t-golf.club\\\/de\\\/members-contact\\\/#primaryimage\"},\"thumbnailUrl\":\"https:\\\/\\\/t-golf.club\\\/wp-content\\\/uploads\\\/2022\\\/05\\\/TGolf-8th-Hole-with-bridge-scaled.jpg\",\"datePublished\":\"2024-03-20T14:49:18+00:00\",\"dateModified\":\"2024-03-20T15:34:43+00:00\",\"breadcrumb\":{\"@id\":\"https:\\\/\\\/t-golf.club\\\/de\\\/members-contact\\\/#breadcrumb\"},\"inLanguage\":\"de-DE\",\"potentialAction\":[{\"@type\":\"ReadAction\",\"target\":[\"https:\\\/\\\/t-golf.club\\\/de\\\/members-contact\\\/\"]}]},{\"@type\":\"ImageObject\",\"inLanguage\":\"de-DE\",\"@id\":\"https:\\\/\\\/t-golf.club\\\/de\\\/members-contact\\\/#primaryimage\",\"url\":\"https:\\\/\\\/t-golf.club\\\/wp-content\\\/uploads\\\/2022\\\/05\\\/TGolf-8th-Hole-with-bridge-scaled.jpg\",\"contentUrl\":\"https:\\\/\\\/t-golf.club\\\/wp-content\\\/uploads\\\/2022\\\/05\\\/TGolf-8th-Hole-with-bridge-scaled.jpg\",\"width\":2560,\"height\":1920},{\"@type\":\"BreadcrumbList\",\"@id\":\"https:\\\/\\\/t-golf.club\\\/de\\\/members-contact\\\/#breadcrumb\",\"itemListElement\":[{\"@type\":\"ListItem\",\"position\":1,\"name\":\"Home\",\"item\":\"https:\\\/\\\/t-golf.club\\\/de\\\/\"},{\"@type\":\"ListItem\",\"position\":2,\"name\":\"Member&#8217;s Contact\"}]},{\"@type\":\"WebSite\",\"@id\":\"https:\\\/\\\/t-golf.club\\\/de\\\/#website\",\"url\":\"https:\\\/\\\/t-golf.club\\\/de\\\/\",\"name\":\"T Golf\",\"description\":\"\",\"inLanguage\":\"de-DE\"}]}<\/script>","yoast_head_json":{"title":"Member's Contact - T Golf","robots":{"index":"index","follow":"follow","max-snippet":"max-snippet:-1","max-image-preview":"max-image-preview:large","max-video-preview":"max-video-preview:-1"},"canonical":"https:\/\/t-golf.club\/de\/members-contact\/","og_locale":"de_DE","og_type":"article","og_title":"Member's Contact - T Golf","og_url":"https:\/\/t-golf.club\/de\/members-contact\/","og_site_name":"T Golf","article_modified_time":"2024-03-20T15:34:43+00:00","og_image":[{"width":2560,"height":1920,"url":"https:\/\/t-golf.club\/wp-content\/uploads\/2022\/05\/TGolf-8th-Hole-with-bridge-scaled.jpg","type":"image\/jpeg"}],"twitter_card":"summary_large_image","twitter_misc":{"Est. reading time":"2 minutes"},"schema":{"@context":"https:\/\/schema.org","@graph":[{"@type":"WebPage","@id":"https:\/\/t-golf.club\/de\/members-contact\/","url":"https:\/\/t-golf.club\/de\/members-contact\/","name":"Member's Contact - T Golf","isPartOf":{"@id":"https:\/\/t-golf.club\/de\/#website"},"primaryImageOfPage":{"@id":"https:\/\/t-golf.club\/de\/members-contact\/#primaryimage"},"image":{"@id":"https:\/\/t-golf.club\/de\/members-contact\/#primaryimage"},"thumbnailUrl":"https:\/\/t-golf.club\/wp-content\/uploads\/2022\/05\/TGolf-8th-Hole-with-bridge-scaled.jpg","datePublished":"2024-03-20T14:49:18+00:00","dateModified":"2024-03-20T15:34:43+00:00","breadcrumb":{"@id":"https:\/\/t-golf.club\/de\/members-contact\/#breadcrumb"},"inLanguage":"de-DE","potentialAction":[{"@type":"ReadAction","target":["https:\/\/t-golf.club\/de\/members-contact\/"]}]},{"@type":"ImageObject","inLanguage":"de-DE","@id":"https:\/\/t-golf.club\/de\/members-contact\/#primaryimage","url":"https:\/\/t-golf.club\/wp-content\/uploads\/2022\/05\/TGolf-8th-Hole-with-bridge-scaled.jpg","contentUrl":"https:\/\/t-golf.club\/wp-content\/uploads\/2022\/05\/TGolf-8th-Hole-with-bridge-scaled.jpg","width":2560,"height":1920},{"@type":"BreadcrumbList","@id":"https:\/\/t-golf.club\/de\/members-contact\/#breadcrumb","itemListElement":[{"@type":"ListItem","position":1,"name":"Home","item":"https:\/\/t-golf.club\/de\/"},{"@type":"ListItem","position":2,"name":"Member&#8217;s Contact"}]},{"@type":"WebSite","@id":"https:\/\/t-golf.club\/de\/#website","url":"https:\/\/t-golf.club\/de\/","name":"T Golf","description":"","inLanguage":"de-DE"}]}},"_links":{"self":[{"href":"https:\/\/t-golf.club\/de\/wp-json\/wp\/v2\/pages\/37720","targetHints":{"allow":["GET"]}}],"collection":[{"href":"https:\/\/t-golf.club\/de\/wp-json\/wp\/v2\/pages"}],"about":[{"href":"https:\/\/t-golf.club\/de\/wp-json\/wp\/v2\/types\/page"}],"author":[{"embeddable":true,"href":"https:\/\/t-golf.club\/de\/wp-json\/wp\/v2\/users\/275"}],"replies":[{"embeddable":true,"href":"https:\/\/t-golf.club\/de\/wp-json\/wp\/v2\/comments?post=37720"}],"version-history":[{"count":1,"href":"https:\/\/t-golf.club\/de\/wp-json\/wp\/v2\/pages\/37720\/revisions"}],"predecessor-version":[{"id":37722,"href":"https:\/\/t-golf.club\/de\/wp-json\/wp\/v2\/pages\/37720\/revisions\/37722"}],"wp:featuredmedia":[{"embeddable":true,"href":"https:\/\/t-golf.club\/de\/wp-json\/wp\/v2\/media\/12887"}],"wp:attachment":[{"href":"https:\/\/t-golf.club\/de\/wp-json\/wp\/v2\/media?parent=37720"}],"curies":[{"name":"wp","href":"https:\/\/api.w.org\/{rel}","templated":true}]}}