{"id":3671,"date":"2020-09-21T12:29:53","date_gmt":"2020-09-21T12:29:53","guid":{"rendered":"https:\/\/t-golf.club\/?page_id=3671"},"modified":"2020-10-15T15:05:03","modified_gmt":"2020-10-15T15:05:03","slug":"landing-oktober-verlosung-resident","status":"publish","type":"page","link":"https:\/\/t-golf.club\/de\/landing-oktober-verlosung-resident\/","title":{"rendered":"Landing Oktober Verlosung Resident"},"content":{"rendered":"<p>Sind Sie Resident auf den Balearen? Wenn ja, dann registrieren Sie sich hier, um unsere lokalen Angebote zu erhalten und an unserer September Verlosung f\u00fcr eine Greenfee teilzunehmen.<\/p>\n","protected":false},"excerpt":{"rendered":"<p>Sind Sie Resident auf den Balearen? Wenn ja, dann registrieren Sie sich hier, um unsere lokalen Angebote zu erhalten und&#8230;<\/p>\n","protected":false},"author":1,"featured_media":3664,"parent":0,"menu_order":109,"comment_status":"closed","ping_status":"closed","template":"views\/newsletter.blade.php","meta":{"_acf_changed":false,"footnotes":""},"class_list":["post-3671","page","type-page","status-publish","has-post-thumbnail","hentry"],"acf":{"title":"Sind Sie Resident auf den Balearen? Wenn ja, dann registrieren Sie sich hier, um unsere lokalen Angebote zu erhalten und an unserer Oktober Verlosung f\u00fcr eine Greenfee teilzunehmen.","text":"Um an unserer Oktober Verlosung einer 18-Loch-Greenfee teilnehmen zu k\u00f6nnen, muss der Golfer die folgenden Daten ausf\u00fcllen:","legal_text":"<p>Gem\u00e4\u00df den Bestimmungen der Datenschutz-Grundverordnung (DSGVO, EG 679\/2016 und dem ( spanischen ) Staatsgrundgesetz 3\/2018 vom 5. Dezember, \u00fcber Schutz personenbezogener Daten und Gew\u00e4hrleistung digitaler Rechte, stellen wir die folgenden Informationen zur Verarbeitung Ihrer pers\u00f6nlichen Daten zur Verf\u00fcgung:<\/p>\n<p><strong>VERANTWORTLICHER:<\/strong> T GOLF &amp; COUNTRY CLUB PONIENTE, S.A.U., mit Steueridentnummer: A07044050, Anschrift: CTRA CALA FIGUERA S\/N, 07181, CALVIA Telefon 971130148, E-Mail: info@t-golf.club.<\/p>\n<p><strong>ZWECK:<\/strong> Im T GOLF &amp; COUNTRY CLUB PONIENTE, S.A.U. Wir verarbeiten die Informationen, die Sie uns zur Verf\u00fcgung stellen, damit Sie an unserem Gewinnspiel teilnehmen k\u00f6nnen. Die angegebenen personenbezogenen Daten werden aufbewahrt, solange ihre ausdr\u00fcckliche Zustimmung beibehalten wird und keine L\u00f6schung verlangt wird. In jedem Fall werden Ihre personenbezogenen Daten so lange aufbewahrt, wie sie f\u00fcr den angegebenen Zweck n\u00fctzlich sind, und in jedem Fall w\u00e4hrend der gesetzlichen Fristen und f\u00fcr die Zeit, die erforderlich ist, um m\u00f6gliche Verantwortlichkeiten aus der Behandlung wahrzunehmen.<\/p>\n<p><strong>GESETZLICHE BERECHTIGUNG: <\/strong>Grundlage f\u00fcr die Verarbeitung Ihrer personenbezogenen Daten ist Ihre Einwilligung f\u00fcr einen oder mehrere spezifische Zwecke, im Einklang mit den Bestimmungen in der DSGVO EG 679\/2006 (ART. 6.1. A) und dem (spanischen) Staatsgrundgesetz 3\/2018 vom 5. Dezember (LOPDPGDD). Es gelten die Artikel 20 und 21 des Gesetzes 9\/2014 vom 9. Mai, Allgemeines \u00fcber Telekommunikation und das Gesetz der Dienste der Informationsgesellschaft 34\/2002, Artikel 20 und 21. Das voraussichtliche Angebot von Produkten und Dienstleistungen basiert auf der ihm erteilten Zustimmung. es fordert in keinem Fall den Widerruf dieser Einwilligung, um den Kaufvertrag f\u00fcr das Produkt und \/ oder die Erbringung der Dienstleistung zu konditionieren. Es besteht die Verpflichtung, personenbezogene Daten zur Verf\u00fcgung zu stellen und eine Einwilligung zur Verwaltung der Versendung von Werbeinformationen und kommerzieller Prospektion bereitzustellen.<\/p>\n<p><strong>EMPF\u00c4NGER:<\/strong> Wir setzen Sie dar\u00fcber in Kenntnis, dass Ihre Daten in FACEBOOK INC , der Firma FACEBOOK INC1601 Willow Road Menlo Park, CA 94025, United States of America, zugeh\u00f6rig, in \u00dcbereinstimmung mit dem Abkommen EU-U.S. Privacy Shield f\u00fcr die Verwahrung Ihrer personenbezogenen Daten gespeichert werden k\u00f6nnen. Dar\u00fcber hinaus kann das Unternehmen in den F\u00e4llen, in denen eine gesetzliche Verpflichtung besteht, personenbezogene Daten abtreten oder weitergeben, um seinen gesetzlichen Verpflichtungen gegen\u00fcber den \u00f6ffentlichen Verwaltungen nachzukommen. Entscheidungen \u00fcber Angemessenheit, Garantien, verbindliche Unternehmensregeln oder spezifische anwendbare Situationen werden nicht getroffen.<\/p>\n<p><strong>RECHTE: <\/strong>Interessierte Personen haben das Recht auf Zugang zu ihren personenbezogenen Daten zu erhalten sowie die Berichtigung unrichtiger Daten oder gegebenenfalls die L\u00f6schung zu verlangen, wenn die Daten f\u00fcr den Zweck, f\u00fcr den sie erhoben wurden, nicht mehr ben\u00f6tigt werden. Unter bestimmten Umst\u00e4nden k\u00f6nnen interessierte Personen die eingeschr\u00e4nkte Verarbeitung ihrer Daten beantragen. In diesem Fall behalten wir sie nur f\u00fcr die Erhebung von oder Verteidigung gegen Anspr\u00fcche. Ebenso k\u00f6nnen die interessierten Parteien aus Gr\u00fcnden im Zusammenhang mit ihrer besonderen Situation der Verarbeitung ihrer Daten widersprechen. In diesem Fall werden ihre personenbezogenen Daten nicht mehr zu den Zwecken verarbeitet, f\u00fcr die sie Widerspruch eingelegt haben. Sofern technisch m\u00f6glich, kann die interessierte Person die \u00dcbertragbarkeit ihrer Daten einem anderen Verantwortliche f\u00fcr Datenverarbeitung beantragen. Um diese Rechte geltend zu machen, k\u00f6nnen sich interessierte Personen gem\u00e4\u00df den geltenden Gesetzen mit einem Schreiben per Post an T GOLF &amp; COUNTRY CLUB PONIENTE, S.A.U.., CTRA CALA FIGUERA S\/N, 07181, CALVIA, oder an die E-Mail-Adresse info@t-golf.club wenden. In beiden F\u00e4llen ist eine Kopie des Personalausweises (DNI) beizuf\u00fcgen. Sie haben das Recht, eine Beschwerde bei der Kontrollbeh\u00f6rde einzureichen: Spanische Agentur f\u00fcr Datenschutz (Agencia Espa\u00f1ola de Protecci\u00f3n Datos, www.agpd.es). Herkunft der personenbezogenen Daten: der Interessierte selbst.<\/p>\n","list":"fea928ca3e","tag":"october-residents"},"yoast_head":"<title>Landing Oktober Verlosung Resident - T Golf<\/title>\n<meta name=\"robots\" content=\"index, follow, max-snippet:-1, max-image-preview:large, max-video-preview:-1\" \/>\n<link rel=\"canonical\" href=\"https:\/\/t-golf.club\/de\/landing-oktober-verlosung-resident\/\" \/>\n<meta property=\"og:locale\" content=\"de_DE\" \/>\n<meta property=\"og:type\" content=\"article\" \/>\n<meta property=\"og:title\" content=\"Landing Oktober Verlosung Resident - T Golf\" \/>\n<meta property=\"og:description\" content=\"Sind Sie Resident auf den Balearen? Wenn ja, dann registrieren Sie sich hier, um unsere lokalen Angebote zu erhalten und...\" \/>\n<meta property=\"og:url\" content=\"https:\/\/t-golf.club\/de\/landing-oktober-verlosung-resident\/\" \/>\n<meta property=\"og:site_name\" content=\"T Golf\" \/>\n<meta property=\"article:modified_time\" content=\"2020-10-15T15:05:03+00:00\" \/>\n<meta property=\"og:image\" content=\"https:\/\/t-golf.club\/wp-content\/uploads\/2020\/09\/HEADER-IMG-landing-sorteo.jpg\" \/>\n\t<meta property=\"og:image:width\" content=\"1440\" \/>\n\t<meta property=\"og:image:height\" content=\"690\" \/>\n\t<meta property=\"og:image:type\" content=\"image\/jpeg\" \/>\n<meta name=\"twitter:card\" content=\"summary_large_image\" \/>\n<script type=\"application\/ld+json\" class=\"yoast-schema-graph\">{\"@context\":\"https:\\\/\\\/schema.org\",\"@graph\":[{\"@type\":\"WebPage\",\"@id\":\"https:\\\/\\\/t-golf.club\\\/de\\\/landing-oktober-verlosung-resident\\\/\",\"url\":\"https:\\\/\\\/t-golf.club\\\/de\\\/landing-oktober-verlosung-resident\\\/\",\"name\":\"Landing Oktober Verlosung Resident - T Golf\",\"isPartOf\":{\"@id\":\"https:\\\/\\\/t-golf.club\\\/de\\\/#website\"},\"primaryImageOfPage\":{\"@id\":\"https:\\\/\\\/t-golf.club\\\/de\\\/landing-oktober-verlosung-resident\\\/#primaryimage\"},\"image\":{\"@id\":\"https:\\\/\\\/t-golf.club\\\/de\\\/landing-oktober-verlosung-resident\\\/#primaryimage\"},\"thumbnailUrl\":\"https:\\\/\\\/t-golf.club\\\/wp-content\\\/uploads\\\/2020\\\/09\\\/HEADER-IMG-landing-sorteo.jpg\",\"datePublished\":\"2020-09-21T12:29:53+00:00\",\"dateModified\":\"2020-10-15T15:05:03+00:00\",\"breadcrumb\":{\"@id\":\"https:\\\/\\\/t-golf.club\\\/de\\\/landing-oktober-verlosung-resident\\\/#breadcrumb\"},\"inLanguage\":\"de-DE\",\"potentialAction\":[{\"@type\":\"ReadAction\",\"target\":[\"https:\\\/\\\/t-golf.club\\\/de\\\/landing-oktober-verlosung-resident\\\/\"]}]},{\"@type\":\"ImageObject\",\"inLanguage\":\"de-DE\",\"@id\":\"https:\\\/\\\/t-golf.club\\\/de\\\/landing-oktober-verlosung-resident\\\/#primaryimage\",\"url\":\"https:\\\/\\\/t-golf.club\\\/wp-content\\\/uploads\\\/2020\\\/09\\\/HEADER-IMG-landing-sorteo.jpg\",\"contentUrl\":\"https:\\\/\\\/t-golf.club\\\/wp-content\\\/uploads\\\/2020\\\/09\\\/HEADER-IMG-landing-sorteo.jpg\",\"width\":1440,\"height\":690},{\"@type\":\"BreadcrumbList\",\"@id\":\"https:\\\/\\\/t-golf.club\\\/de\\\/landing-oktober-verlosung-resident\\\/#breadcrumb\",\"itemListElement\":[{\"@type\":\"ListItem\",\"position\":1,\"name\":\"Home\",\"item\":\"https:\\\/\\\/t-golf.club\\\/de\\\/\"},{\"@type\":\"ListItem\",\"position\":2,\"name\":\"Landing Oktober Verlosung Resident\"}]},{\"@type\":\"WebSite\",\"@id\":\"https:\\\/\\\/t-golf.club\\\/de\\\/#website\",\"url\":\"https:\\\/\\\/t-golf.club\\\/de\\\/\",\"name\":\"T Golf\",\"description\":\"\",\"inLanguage\":\"de-DE\"}]}<\/script>","yoast_head_json":{"title":"Landing Oktober Verlosung Resident - T Golf","robots":{"index":"index","follow":"follow","max-snippet":"max-snippet:-1","max-image-preview":"max-image-preview:large","max-video-preview":"max-video-preview:-1"},"canonical":"https:\/\/t-golf.club\/de\/landing-oktober-verlosung-resident\/","og_locale":"de_DE","og_type":"article","og_title":"Landing Oktober Verlosung Resident - T Golf","og_description":"Sind Sie Resident auf den Balearen? Wenn ja, dann registrieren Sie sich hier, um unsere lokalen Angebote zu erhalten und...","og_url":"https:\/\/t-golf.club\/de\/landing-oktober-verlosung-resident\/","og_site_name":"T Golf","article_modified_time":"2020-10-15T15:05:03+00:00","og_image":[{"width":1440,"height":690,"url":"https:\/\/t-golf.club\/wp-content\/uploads\/2020\/09\/HEADER-IMG-landing-sorteo.jpg","type":"image\/jpeg"}],"twitter_card":"summary_large_image","schema":{"@context":"https:\/\/schema.org","@graph":[{"@type":"WebPage","@id":"https:\/\/t-golf.club\/de\/landing-oktober-verlosung-resident\/","url":"https:\/\/t-golf.club\/de\/landing-oktober-verlosung-resident\/","name":"Landing Oktober Verlosung Resident - T Golf","isPartOf":{"@id":"https:\/\/t-golf.club\/de\/#website"},"primaryImageOfPage":{"@id":"https:\/\/t-golf.club\/de\/landing-oktober-verlosung-resident\/#primaryimage"},"image":{"@id":"https:\/\/t-golf.club\/de\/landing-oktober-verlosung-resident\/#primaryimage"},"thumbnailUrl":"https:\/\/t-golf.club\/wp-content\/uploads\/2020\/09\/HEADER-IMG-landing-sorteo.jpg","datePublished":"2020-09-21T12:29:53+00:00","dateModified":"2020-10-15T15:05:03+00:00","breadcrumb":{"@id":"https:\/\/t-golf.club\/de\/landing-oktober-verlosung-resident\/#breadcrumb"},"inLanguage":"de-DE","potentialAction":[{"@type":"ReadAction","target":["https:\/\/t-golf.club\/de\/landing-oktober-verlosung-resident\/"]}]},{"@type":"ImageObject","inLanguage":"de-DE","@id":"https:\/\/t-golf.club\/de\/landing-oktober-verlosung-resident\/#primaryimage","url":"https:\/\/t-golf.club\/wp-content\/uploads\/2020\/09\/HEADER-IMG-landing-sorteo.jpg","contentUrl":"https:\/\/t-golf.club\/wp-content\/uploads\/2020\/09\/HEADER-IMG-landing-sorteo.jpg","width":1440,"height":690},{"@type":"BreadcrumbList","@id":"https:\/\/t-golf.club\/de\/landing-oktober-verlosung-resident\/#breadcrumb","itemListElement":[{"@type":"ListItem","position":1,"name":"Home","item":"https:\/\/t-golf.club\/de\/"},{"@type":"ListItem","position":2,"name":"Landing Oktober Verlosung Resident"}]},{"@type":"WebSite","@id":"https:\/\/t-golf.club\/de\/#website","url":"https:\/\/t-golf.club\/de\/","name":"T Golf","description":"","inLanguage":"de-DE"}]}},"_links":{"self":[{"href":"https:\/\/t-golf.club\/de\/wp-json\/wp\/v2\/pages\/3671","targetHints":{"allow":["GET"]}}],"collection":[{"href":"https:\/\/t-golf.club\/de\/wp-json\/wp\/v2\/pages"}],"about":[{"href":"https:\/\/t-golf.club\/de\/wp-json\/wp\/v2\/types\/page"}],"author":[{"embeddable":true,"href":"https:\/\/t-golf.club\/de\/wp-json\/wp\/v2\/users\/1"}],"replies":[{"embeddable":true,"href":"https:\/\/t-golf.club\/de\/wp-json\/wp\/v2\/comments?post=3671"}],"version-history":[{"count":5,"href":"https:\/\/t-golf.club\/de\/wp-json\/wp\/v2\/pages\/3671\/revisions"}],"predecessor-version":[{"id":4033,"href":"https:\/\/t-golf.club\/de\/wp-json\/wp\/v2\/pages\/3671\/revisions\/4033"}],"wp:featuredmedia":[{"embeddable":true,"href":"https:\/\/t-golf.club\/de\/wp-json\/wp\/v2\/media\/3664"}],"wp:attachment":[{"href":"https:\/\/t-golf.club\/de\/wp-json\/wp\/v2\/media?parent=3671"}],"curies":[{"name":"wp","href":"https:\/\/api.w.org\/{rel}","templated":true}]}}